{"id":61126,"date":"2025-01-18T21:55:31","date_gmt":"2025-01-18T20:55:31","guid":{"rendered":"https:\/\/www.industrialwood.nl\/?post_type=product&#038;p=61126"},"modified":"2026-01-09T13:57:52","modified_gmt":"2026-01-09T12:57:52","slug":"vase-ornament-nila-holz-schwarz-l-kopie","status":"publish","type":"product","link":"https:\/\/www.industrialwood.nl\/de\/vase-ornament-nila-holz-schwarz-l-kopie\/","title":{"rendered":"Vase | Ornament | Nila | Holz | Wei\u00df | L"},"content":{"rendered":"","protected":false},"excerpt":{"rendered":"<p>Darf ich Ihnen das <strong>Vasenornament Nila L<\/strong> vorstellen? Dieses wundersch\u00f6ne <strong>Holzornament<\/strong> in schlichtem Wei\u00df ist die ultimative Erg\u00e4nzung f\u00fcr Ihre Einrichtung. Mit seiner besonderen offenen Form zieht es sofort alle Blicke auf sich. Perfekt f\u00fcr einen japanischen oder skandinavischen Stil, aber eigentlich passt sie \u00fcberall hin, von einer ruhigen Ton-Sur-Ton-Atmosph\u00e4re bis hin zu einer verspielten Ecke.    Und das Beste daran? Sie m\u00fcssen nicht einmal Blumen hineinstellen! Diese Vase ist so h\u00fcbsch, dass sie selbst ein Kunstwerk ist. Stellen Sie sie auf Ihren Schrank, Ihren Tisch oder Ihre Fensterbank und freuen Sie sich \u00fcber die vielen Komplimente, die Sie bekommen. \ud83e\udd0d  <\/p>\n<ul>\n<li>Handgefertigt aus Holz, so dass jedes St\u00fcck ein Unikat ist!<\/li>\n<li>Teil der exklusiven <a href=\"https:\/\/www.industrialwood.nl\/?s=nila&amp;jet_ajax_search_settings=%7B%22search_source%22%3A%22product%22%7D&amp;post_type=product?s=nila&amp;jet_ajax_search_settings=%7B%22search_source%22%3A%22product%22%7D&amp;post_type=product\">Nila-Kollektion<\/a>, auch in einer <a href=\"https:\/\/www.industrialwood.nl\/vaas-ornament-nila-hout-wit-m\/\">M-Variante<\/a> erh\u00e4ltlich<\/li>\n<li>Passt \u00fcberall: Japanisch, skandinavisch, ton-sur-ton&#8230; alles geht!<\/li>\n<\/ul>\n<p><strong><br \/>\nMa\u00dfe<\/strong>: 18 x 6 x 31 cm<br \/>\n<strong>Material<\/strong>: Holz<br \/>\n<strong>Farbe<\/strong>: Wei\u00df<\/p>\n","protected":false},"featured_media":61128,"comment_status":"open","ping_status":"closed","template":"","meta":[],"product_brand":[],"product_cat":[400,418,402,424,420,395,391,422,387,396],"product_tag":[],"seizoen":[543,545,544,546],"bloemensoort":[],"samenstelling":[],"shop-per-kamer":[552,549],"indooroutdoor":[555],"vorm":[563,561],"duurzaam":[565],"productafmetingen":[569],"stijl":[574,571,575,573,572],"merk":[576],"materiaal":[609],"materiaal-schaaltje":[],"geur":[],"product-type":[],"beoordeling":[640,641,642],"uitsparingen":[],"houtsoort":[],"breedte":[],"badplanken-lengte":[],"kleur":[659],"class_list":{"0":"post-61126","1":"product","2":"type-product","3":"status-publish","4":"has-post-thumbnail","6":"product_cat-boheme-wohnzimmer","7":"product_cat-hotel-chic-wohnzimmer","8":"product_cat-japandi-wohnzimmer","9":"product_cat-landwohnzimmer","10":"product_cat-modernes-wohnzimmer","11":"product_cat-naturliche-tone","12":"product_cat-ornamente","13":"product_cat-skandinavisches-wohnzimmer","14":"product_cat-vasen-topfe","15":"product_cat-wohnzimmer","16":"seizoen-lente-de","17":"seizoen-herfst-de","18":"seizoen-zomer-de","19":"seizoen-winter-de","20":"shop-per-kamer-hal-de","21":"shop-per-kamer-woonkamer-de","22":"indooroutdoor-indoor-de","23":"vorm-organisch-de","24":"vorm-rechthoek-de","25":"duurzaam-ja-de","26":"productafmetingen-l-de","27":"stijl-bohemian-de","28":"stijl-hotel-chique-de","29":"stijl-japandi-de","30":"stijl-modern-de","31":"stijl-scandinavisch-de","32":"merk-industrialwood-de","33":"materiaal-hout-de","34":"beoordeling-three-star-de","35":"beoordeling-four-star-de","36":"beoordeling-five-star-de","37":"kleur-wit-de","39":"first","40":"outofstock","41":"taxable","42":"shipping-taxable","43":"purchasable","44":"product-type-simple"},"supplier_id":null,"supplier_sku":"","barcode":null,"atum_controlled":true,"out_stock_date":"2026-01-29 18:25:36","out_stock_threshold":null,"inheritable":false,"inbound_stock":0,"stock_on_hold":0,"sold_today":0,"sales_last_days":0,"reserved_stock":0,"customer_returns":0,"warehouse_damage":0,"lost_in_post":0,"other_logs":0,"out_stock_days":39,"lost_sales":0,"has_location":false,"update_date":"2026-03-10T01:36:25","atum_locations":[],"atum_stock_status":"outofstock","restock_status":false,"low_stock_amount":"","sales_update_date":"2026-03-10T01:36:25","calc_backorders":null,"_links":{"self":[{"href":"https:\/\/www.industrialwood.nl\/de\/wp-json\/wp\/v2\/product\/61126","targetHints":{"allow":["GET"]}}],"collection":[{"href":"https:\/\/www.industrialwood.nl\/de\/wp-json\/wp\/v2\/product"}],"about":[{"href":"https:\/\/www.industrialwood.nl\/de\/wp-json\/wp\/v2\/types\/product"}],"replies":[{"embeddable":true,"href":"https:\/\/www.industrialwood.nl\/de\/wp-json\/wp\/v2\/comments?post=61126"}],"wp:featuredmedia":[{"embeddable":true,"href":"https:\/\/www.industrialwood.nl\/de\/wp-json\/wp\/v2\/media\/61128"}],"wp:attachment":[{"href":"https:\/\/www.industrialwood.nl\/de\/wp-json\/wp\/v2\/media?parent=61126"}],"wp:term":[{"taxonomy":"product_brand","embeddable":true,"href":"https:\/\/www.industrialwood.nl\/de\/wp-json\/wp\/v2\/product_brand?post=61126"},{"taxonomy":"product_cat","embeddable":true,"href":"https:\/\/www.industrialwood.nl\/de\/wp-json\/wp\/v2\/product_cat?post=61126"},{"taxonomy":"product_tag","embeddable":true,"href":"https:\/\/www.industrialwood.nl\/de\/wp-json\/wp\/v2\/product_tag?post=61126"},{"taxonomy":"seizoen","embeddable":true,"href":"https:\/\/www.industrialwood.nl\/de\/wp-json\/wp\/v2\/seizoen?post=61126"},{"taxonomy":"bloemensoort","embeddable":true,"href":"https:\/\/www.industrialwood.nl\/de\/wp-json\/wp\/v2\/bloemensoort?post=61126"},{"taxonomy":"samenstelling","embeddable":true,"href":"https:\/\/www.industrialwood.nl\/de\/wp-json\/wp\/v2\/samenstelling?post=61126"},{"taxonomy":"shop-per-kamer","embeddable":true,"href":"https:\/\/www.industrialwood.nl\/de\/wp-json\/wp\/v2\/shop-per-kamer?post=61126"},{"taxonomy":"indooroutdoor","embeddable":true,"href":"https:\/\/www.industrialwood.nl\/de\/wp-json\/wp\/v2\/indooroutdoor?post=61126"},{"taxonomy":"vorm","embeddable":true,"href":"https:\/\/www.industrialwood.nl\/de\/wp-json\/wp\/v2\/vorm?post=61126"},{"taxonomy":"duurzaam","embeddable":true,"href":"https:\/\/www.industrialwood.nl\/de\/wp-json\/wp\/v2\/duurzaam?post=61126"},{"taxonomy":"productafmetingen","embeddable":true,"href":"https:\/\/www.industrialwood.nl\/de\/wp-json\/wp\/v2\/productafmetingen?post=61126"},{"taxonomy":"stijl","embeddable":true,"href":"https:\/\/www.industrialwood.nl\/de\/wp-json\/wp\/v2\/stijl?post=61126"},{"taxonomy":"merk","embeddable":true,"href":"https:\/\/www.industrialwood.nl\/de\/wp-json\/wp\/v2\/merk?post=61126"},{"taxonomy":"materiaal","embeddable":true,"href":"https:\/\/www.industrialwood.nl\/de\/wp-json\/wp\/v2\/materiaal?post=61126"},{"taxonomy":"materiaal-schaaltje","embeddable":true,"href":"https:\/\/www.industrialwood.nl\/de\/wp-json\/wp\/v2\/materiaal-schaaltje?post=61126"},{"taxonomy":"geur","embeddable":true,"href":"https:\/\/www.industrialwood.nl\/de\/wp-json\/wp\/v2\/geur?post=61126"},{"taxonomy":"product-type","embeddable":true,"href":"https:\/\/www.industrialwood.nl\/de\/wp-json\/wp\/v2\/product-type?post=61126"},{"taxonomy":"beoordeling","embeddable":true,"href":"https:\/\/www.industrialwood.nl\/de\/wp-json\/wp\/v2\/beoordeling?post=61126"},{"taxonomy":"uitsparingen","embeddable":true,"href":"https:\/\/www.industrialwood.nl\/de\/wp-json\/wp\/v2\/uitsparingen?post=61126"},{"taxonomy":"houtsoort","embeddable":true,"href":"https:\/\/www.industrialwood.nl\/de\/wp-json\/wp\/v2\/houtsoort?post=61126"},{"taxonomy":"breedte","embeddable":true,"href":"https:\/\/www.industrialwood.nl\/de\/wp-json\/wp\/v2\/breedte?post=61126"},{"taxonomy":"badplanken-lengte","embeddable":true,"href":"https:\/\/www.industrialwood.nl\/de\/wp-json\/wp\/v2\/badplanken-lengte?post=61126"},{"taxonomy":"kleur","embeddable":true,"href":"https:\/\/www.industrialwood.nl\/de\/wp-json\/wp\/v2\/kleur?post=61126"}],"curies":[{"name":"wp","href":"https:\/\/api.w.org\/{rel}","templated":true}]}}