{"id":60675,"date":"2025-01-01T16:38:35","date_gmt":"2025-01-01T15:38:35","guid":{"rendered":"https:\/\/www.industrialwood.nl\/?post_type=product&#038;p=60675"},"modified":"2026-03-12T11:59:25","modified_gmt":"2026-03-12T10:59:25","slug":"seidenzweig-eremurus-spray-vidar-creme-kopie","status":"publish","type":"product","link":"https:\/\/www.industrialwood.nl\/de\/seidenzweig-eremurus-spray-vidar-creme-kopie\/","title":{"rendered":"Seidenzweig | Olive"},"content":{"rendered":"","protected":false},"excerpt":{"rendered":"<p> <strong> \ud83e\uded2 Bringen Sie den Charme eines sonnenverw\u00f6hnten Olivenhains direkt in Ihr Wohnzimmer mit diesem wundersch\u00f6nen <\/strong> <strong>Olivenzweig aus Seide. Die <\/strong>tiefgr\u00fcnen Bl\u00e4tter und die zarten Oliven lassen diesen Zweig wie einen echten aussehen &#8211; niemand kann den Unterschied erkennen. Perfekt f\u00fcr jeden Einrichtungsstil, wie z.B. Japandi, ton-sur-ton oder einen Hauch von mediterraner Ruhe. Mit seinen reichen Details und seinem eleganten Aussehen ist dieser Zweig ein Blickfang in jeder Vase. Und das Beste daran? Dieser Olivenzweig bleibt ewig sch\u00f6n, ohne Wasser oder Pflege. Holen Sie sich die Sonne, die Ruhe und den Luxus des Mittelmeers ins Haus. Bestellen Sie Ihren seidenen Olivenzweig jetzt und genie\u00dfen Sie ihn das ganze Jahr \u00fcber! \ud83c\udf3f<\/p>\n<ul>\n<li><strong>Immer frisch<\/strong> &#8211; Keine verwelkten Bl\u00e4tter mehr<\/li>\n<li>Der Eisendraht in den Stielen der Seidenblumen dient dazu, den <strong>Zweig in eine sch\u00f6ne Form<\/strong> <strong>zu biegen, so <\/strong>dass Sie ihn immer wieder in verschiedenen Vasengr\u00f6\u00dfen verwenden k\u00f6nnen.<\/li>\n<li>Wundersch\u00f6n in unserer <strong>Krug-Vase<\/strong><\/li>\n<\/ul>\n","protected":false},"featured_media":60677,"comment_status":"open","ping_status":"closed","template":"","meta":[],"product_brand":[],"product_cat":[400,418,402,424,420,395,428,422,396],"product_tag":[],"seizoen":[543,545,544,546],"bloemensoort":[],"samenstelling":[677],"shop-per-kamer":[552,549],"indooroutdoor":[555],"vorm":[],"duurzaam":[565],"productafmetingen":[],"stijl":[574,571,575,573,572],"merk":[],"materiaal":[],"materiaal-schaaltje":[],"geur":[],"product-type":[],"beoordeling":[640,641,642],"uitsparingen":[],"houtsoort":[],"breedte":[],"badplanken-lengte":[],"kleur":[662],"class_list":{"0":"post-60675","1":"product","2":"type-product","3":"status-publish","4":"has-post-thumbnail","6":"product_cat-boheme-wohnzimmer","7":"product_cat-hotel-chic-wohnzimmer","8":"product_cat-japandi-wohnzimmer","9":"product_cat-landwohnzimmer","10":"product_cat-modernes-wohnzimmer","11":"product_cat-naturliche-tone","12":"product_cat-seidenblumen","13":"product_cat-skandinavisches-wohnzimmer","14":"product_cat-wohnzimmer","15":"seizoen-lente-de","16":"seizoen-herfst-de","17":"seizoen-zomer-de","18":"seizoen-winter-de","19":"samenstelling-lose-blumen","20":"shop-per-kamer-hal-de","21":"shop-per-kamer-woonkamer-de","22":"indooroutdoor-indoor-de","23":"duurzaam-ja-de","24":"stijl-bohemian-de","25":"stijl-hotel-chique-de","26":"stijl-japandi-de","27":"stijl-modern-de","28":"stijl-scandinavisch-de","29":"beoordeling-three-star-de","30":"beoordeling-four-star-de","31":"beoordeling-five-star-de","32":"kleur-groen-de","34":"first","35":"outofstock","36":"taxable","37":"shipping-taxable","38":"purchasable","39":"product-type-simple"},"supplier_id":null,"supplier_sku":"","barcode":null,"atum_controlled":true,"out_stock_date":"2025-03-26 08:15:04","out_stock_threshold":null,"inheritable":false,"inbound_stock":0,"stock_on_hold":0,"sold_today":0,"sales_last_days":0,"reserved_stock":0,"customer_returns":0,"warehouse_damage":0,"lost_in_post":0,"other_logs":0,"out_stock_days":348,"lost_sales":0,"has_location":false,"update_date":"2026-03-10T01:35:47","atum_locations":[],"atum_stock_status":"outofstock","restock_status":false,"low_stock_amount":"","sales_update_date":"2026-03-10T01:35:47","calc_backorders":null,"_links":{"self":[{"href":"https:\/\/www.industrialwood.nl\/de\/wp-json\/wp\/v2\/product\/60675","targetHints":{"allow":["GET"]}}],"collection":[{"href":"https:\/\/www.industrialwood.nl\/de\/wp-json\/wp\/v2\/product"}],"about":[{"href":"https:\/\/www.industrialwood.nl\/de\/wp-json\/wp\/v2\/types\/product"}],"replies":[{"embeddable":true,"href":"https:\/\/www.industrialwood.nl\/de\/wp-json\/wp\/v2\/comments?post=60675"}],"wp:featuredmedia":[{"embeddable":true,"href":"https:\/\/www.industrialwood.nl\/de\/wp-json\/wp\/v2\/media\/60677"}],"wp:attachment":[{"href":"https:\/\/www.industrialwood.nl\/de\/wp-json\/wp\/v2\/media?parent=60675"}],"wp:term":[{"taxonomy":"product_brand","embeddable":true,"href":"https:\/\/www.industrialwood.nl\/de\/wp-json\/wp\/v2\/product_brand?post=60675"},{"taxonomy":"product_cat","embeddable":true,"href":"https:\/\/www.industrialwood.nl\/de\/wp-json\/wp\/v2\/product_cat?post=60675"},{"taxonomy":"product_tag","embeddable":true,"href":"https:\/\/www.industrialwood.nl\/de\/wp-json\/wp\/v2\/product_tag?post=60675"},{"taxonomy":"seizoen","embeddable":true,"href":"https:\/\/www.industrialwood.nl\/de\/wp-json\/wp\/v2\/seizoen?post=60675"},{"taxonomy":"bloemensoort","embeddable":true,"href":"https:\/\/www.industrialwood.nl\/de\/wp-json\/wp\/v2\/bloemensoort?post=60675"},{"taxonomy":"samenstelling","embeddable":true,"href":"https:\/\/www.industrialwood.nl\/de\/wp-json\/wp\/v2\/samenstelling?post=60675"},{"taxonomy":"shop-per-kamer","embeddable":true,"href":"https:\/\/www.industrialwood.nl\/de\/wp-json\/wp\/v2\/shop-per-kamer?post=60675"},{"taxonomy":"indooroutdoor","embeddable":true,"href":"https:\/\/www.industrialwood.nl\/de\/wp-json\/wp\/v2\/indooroutdoor?post=60675"},{"taxonomy":"vorm","embeddable":true,"href":"https:\/\/www.industrialwood.nl\/de\/wp-json\/wp\/v2\/vorm?post=60675"},{"taxonomy":"duurzaam","embeddable":true,"href":"https:\/\/www.industrialwood.nl\/de\/wp-json\/wp\/v2\/duurzaam?post=60675"},{"taxonomy":"productafmetingen","embeddable":true,"href":"https:\/\/www.industrialwood.nl\/de\/wp-json\/wp\/v2\/productafmetingen?post=60675"},{"taxonomy":"stijl","embeddable":true,"href":"https:\/\/www.industrialwood.nl\/de\/wp-json\/wp\/v2\/stijl?post=60675"},{"taxonomy":"merk","embeddable":true,"href":"https:\/\/www.industrialwood.nl\/de\/wp-json\/wp\/v2\/merk?post=60675"},{"taxonomy":"materiaal","embeddable":true,"href":"https:\/\/www.industrialwood.nl\/de\/wp-json\/wp\/v2\/materiaal?post=60675"},{"taxonomy":"materiaal-schaaltje","embeddable":true,"href":"https:\/\/www.industrialwood.nl\/de\/wp-json\/wp\/v2\/materiaal-schaaltje?post=60675"},{"taxonomy":"geur","embeddable":true,"href":"https:\/\/www.industrialwood.nl\/de\/wp-json\/wp\/v2\/geur?post=60675"},{"taxonomy":"product-type","embeddable":true,"href":"https:\/\/www.industrialwood.nl\/de\/wp-json\/wp\/v2\/product-type?post=60675"},{"taxonomy":"beoordeling","embeddable":true,"href":"https:\/\/www.industrialwood.nl\/de\/wp-json\/wp\/v2\/beoordeling?post=60675"},{"taxonomy":"uitsparingen","embeddable":true,"href":"https:\/\/www.industrialwood.nl\/de\/wp-json\/wp\/v2\/uitsparingen?post=60675"},{"taxonomy":"houtsoort","embeddable":true,"href":"https:\/\/www.industrialwood.nl\/de\/wp-json\/wp\/v2\/houtsoort?post=60675"},{"taxonomy":"breedte","embeddable":true,"href":"https:\/\/www.industrialwood.nl\/de\/wp-json\/wp\/v2\/breedte?post=60675"},{"taxonomy":"badplanken-lengte","embeddable":true,"href":"https:\/\/www.industrialwood.nl\/de\/wp-json\/wp\/v2\/badplanken-lengte?post=60675"},{"taxonomy":"kleur","embeddable":true,"href":"https:\/\/www.industrialwood.nl\/de\/wp-json\/wp\/v2\/kleur?post=60675"}],"curies":[{"name":"wp","href":"https:\/\/api.w.org\/{rel}","templated":true}]}}