{"id":60369,"date":"2025-01-10T19:02:18","date_gmt":"2025-01-10T18:02:18","guid":{"rendered":"https:\/\/www.industrialwood.nl\/?post_type=product&#038;p=60369"},"modified":"2026-01-28T15:54:32","modified_gmt":"2026-01-28T14:54:32","slug":"ornament-papua-muscheln-l-kopie","status":"publish","type":"product","link":"https:\/\/www.industrialwood.nl\/de\/ornament-papua-muscheln-l-kopie\/","title":{"rendered":"Ornament | Papua Muscheln | M | Offener Kreis"},"content":{"rendered":"","protected":false},"excerpt":{"rendered":"<p>\ud83d\udc1a Verleihen Sie Ihrer Einrichtung einen Hauch von tropischem Flair mit diesem <strong>Papua-Muschelornament <\/strong>. Der offene Kreis, der reichlich mit Muscheln verziert ist, ist ein echter Blickfang. Das schlichte und doch kraftvolle Design schafft einen stilvollen, nat\u00fcrlichen Look in jedem Raum. Egal, ob Sie einen b\u00f6hmischen, japamischen oder minimalistischen Stil m\u00f6gen, dieses Ornament passt immer perfekt! Dank der sch\u00f6nen Muscheln und des stabilen Metallst\u00e4nders ist dieses Ornament nicht nur ein Statement, sondern bringt auch Ruhe und Harmonie in Ihre Einrichtung. Und wollen Sie variieren? Dieses Ornament ist in einer <strong>geschlossenen <a href=\"https:\/\/www.industrialwood.nl\/ornament-papua-schelp\/\">S-Variante<\/a><\/strong> und einer <a href=\"https:\/\/www.industrialwood.nl\/ornament-papua-schelpen-l\/\"><strong>L-Variante<\/strong> <\/a>f\u00fcr den ultimativen Muschel-Look in Ihrem Zuhause \ud83e\udd0d     <\/p>\n<ul>\n<li>Handgefertigt aus nat\u00fcrlichen Muscheln f\u00fcr ein luxuri\u00f6ses und authentisches Aussehen<\/li>\n<li>Erh\u00e4ltlich in drei Varianten<a href=\"https:\/\/www.industrialwood.nl\/ornament-papua-schelp\/\">(S<\/a>, M und <a href=\"https:\/\/www.industrialwood.nl\/ornament-papua-schelpen-l\/\">L)<\/a> f\u00fcr flexibles Styling<\/li>\n<li>Perfekt, um Ihrem Interieur einen exotischen Touch zu verleihen<\/li>\n<\/ul>\n<p>&nbsp;<\/p>\n<ul>\n<li style=\"list-style-type: none;\">\n<\/li>\n<\/ul>\n<p><strong>Ma\u00dfe<\/strong>: 31 x 12 x 40 cm<br \/>\n<strong>Material<\/strong>: Metall und Muscheln<br \/>\n<strong>Farbe<\/strong>: Beige | Wei\u00df<\/p>\n","protected":false},"featured_media":60371,"comment_status":"open","ping_status":"closed","template":"","meta":[],"product_brand":[],"product_cat":[393,400,401,479,418,404,402,424,481,420,395,391,483,482,422,396],"product_tag":[],"seizoen":[543,545,544,546],"bloemensoort":[],"samenstelling":[],"shop-per-kamer":[551,552,549],"indooroutdoor":[555],"vorm":[557],"duurzaam":[565],"productafmetingen":[569,570],"stijl":[574,571,575,573,572],"merk":[597],"materiaal":[619],"materiaal-schaaltje":[],"geur":[],"product-type":[],"beoordeling":[640,641,642],"uitsparingen":[],"houtsoort":[],"breedte":[],"badplanken-lengte":[],"kleur":[657,659],"class_list":{"0":"post-60369","1":"product","2":"type-product","3":"status-publish","4":"has-post-thumbnail","6":"product_cat-badezimmer","7":"product_cat-boheme-wohnzimmer","8":"product_cat-bohmisches-badezimmer","9":"product_cat-hotel-chic-badezimmer","10":"product_cat-hotel-chic-wohnzimmer","11":"product_cat-japandi-badezimmer","12":"product_cat-japandi-wohnzimmer","13":"product_cat-landwohnzimmer","14":"product_cat-modernes-badezimmer","15":"product_cat-modernes-wohnzimmer","16":"product_cat-naturliche-tone","17":"product_cat-ornamente","18":"product_cat-rustikales-badezimmer","19":"product_cat-skandinavisches-badezimmer","20":"product_cat-skandinavisches-wohnzimmer","21":"product_cat-wohnzimmer","22":"seizoen-lente-de","23":"seizoen-herfst-de","24":"seizoen-zomer-de","25":"seizoen-winter-de","26":"shop-per-kamer-badkamer-de","27":"shop-per-kamer-hal-de","28":"shop-per-kamer-woonkamer-de","29":"indooroutdoor-indoor-de","30":"vorm-rond-de","31":"duurzaam-ja-de","32":"productafmetingen-l-de","33":"productafmetingen-xl-de","34":"stijl-bohemian-de","35":"stijl-hotel-chique-de","36":"stijl-japandi-de","37":"stijl-modern-de","38":"stijl-scandinavisch-de","39":"merk-pole-to-pole-de","40":"materiaal-schelp-de","41":"beoordeling-three-star-de","42":"beoordeling-four-star-de","43":"beoordeling-five-star-de","44":"kleur-beige-de","45":"kleur-wit-de","47":"first","48":"outofstock","49":"taxable","50":"shipping-taxable","51":"purchasable","52":"product-type-simple"},"supplier_id":null,"supplier_sku":"","barcode":null,"atum_controlled":true,"out_stock_date":"2026-03-14 10:29:36","out_stock_threshold":null,"inheritable":false,"inbound_stock":0,"stock_on_hold":1,"sold_today":0,"sales_last_days":2,"reserved_stock":0,"customer_returns":0,"warehouse_damage":0,"lost_in_post":0,"other_logs":0,"out_stock_days":24,"lost_sales":479,"has_location":false,"update_date":"2026-04-07T19:13:05","atum_locations":[],"atum_stock_status":"instock","restock_status":true,"low_stock_amount":"","sales_update_date":"2026-04-07T19:13:05","calc_backorders":null,"_links":{"self":[{"href":"https:\/\/www.industrialwood.nl\/de\/wp-json\/wp\/v2\/product\/60369","targetHints":{"allow":["GET"]}}],"collection":[{"href":"https:\/\/www.industrialwood.nl\/de\/wp-json\/wp\/v2\/product"}],"about":[{"href":"https:\/\/www.industrialwood.nl\/de\/wp-json\/wp\/v2\/types\/product"}],"replies":[{"embeddable":true,"href":"https:\/\/www.industrialwood.nl\/de\/wp-json\/wp\/v2\/comments?post=60369"}],"wp:featuredmedia":[{"embeddable":true,"href":"https:\/\/www.industrialwood.nl\/de\/wp-json\/wp\/v2\/media\/60371"}],"wp:attachment":[{"href":"https:\/\/www.industrialwood.nl\/de\/wp-json\/wp\/v2\/media?parent=60369"}],"wp:term":[{"taxonomy":"product_brand","embeddable":true,"href":"https:\/\/www.industrialwood.nl\/de\/wp-json\/wp\/v2\/product_brand?post=60369"},{"taxonomy":"product_cat","embeddable":true,"href":"https:\/\/www.industrialwood.nl\/de\/wp-json\/wp\/v2\/product_cat?post=60369"},{"taxonomy":"product_tag","embeddable":true,"href":"https:\/\/www.industrialwood.nl\/de\/wp-json\/wp\/v2\/product_tag?post=60369"},{"taxonomy":"seizoen","embeddable":true,"href":"https:\/\/www.industrialwood.nl\/de\/wp-json\/wp\/v2\/seizoen?post=60369"},{"taxonomy":"bloemensoort","embeddable":true,"href":"https:\/\/www.industrialwood.nl\/de\/wp-json\/wp\/v2\/bloemensoort?post=60369"},{"taxonomy":"samenstelling","embeddable":true,"href":"https:\/\/www.industrialwood.nl\/de\/wp-json\/wp\/v2\/samenstelling?post=60369"},{"taxonomy":"shop-per-kamer","embeddable":true,"href":"https:\/\/www.industrialwood.nl\/de\/wp-json\/wp\/v2\/shop-per-kamer?post=60369"},{"taxonomy":"indooroutdoor","embeddable":true,"href":"https:\/\/www.industrialwood.nl\/de\/wp-json\/wp\/v2\/indooroutdoor?post=60369"},{"taxonomy":"vorm","embeddable":true,"href":"https:\/\/www.industrialwood.nl\/de\/wp-json\/wp\/v2\/vorm?post=60369"},{"taxonomy":"duurzaam","embeddable":true,"href":"https:\/\/www.industrialwood.nl\/de\/wp-json\/wp\/v2\/duurzaam?post=60369"},{"taxonomy":"productafmetingen","embeddable":true,"href":"https:\/\/www.industrialwood.nl\/de\/wp-json\/wp\/v2\/productafmetingen?post=60369"},{"taxonomy":"stijl","embeddable":true,"href":"https:\/\/www.industrialwood.nl\/de\/wp-json\/wp\/v2\/stijl?post=60369"},{"taxonomy":"merk","embeddable":true,"href":"https:\/\/www.industrialwood.nl\/de\/wp-json\/wp\/v2\/merk?post=60369"},{"taxonomy":"materiaal","embeddable":true,"href":"https:\/\/www.industrialwood.nl\/de\/wp-json\/wp\/v2\/materiaal?post=60369"},{"taxonomy":"materiaal-schaaltje","embeddable":true,"href":"https:\/\/www.industrialwood.nl\/de\/wp-json\/wp\/v2\/materiaal-schaaltje?post=60369"},{"taxonomy":"geur","embeddable":true,"href":"https:\/\/www.industrialwood.nl\/de\/wp-json\/wp\/v2\/geur?post=60369"},{"taxonomy":"product-type","embeddable":true,"href":"https:\/\/www.industrialwood.nl\/de\/wp-json\/wp\/v2\/product-type?post=60369"},{"taxonomy":"beoordeling","embeddable":true,"href":"https:\/\/www.industrialwood.nl\/de\/wp-json\/wp\/v2\/beoordeling?post=60369"},{"taxonomy":"uitsparingen","embeddable":true,"href":"https:\/\/www.industrialwood.nl\/de\/wp-json\/wp\/v2\/uitsparingen?post=60369"},{"taxonomy":"houtsoort","embeddable":true,"href":"https:\/\/www.industrialwood.nl\/de\/wp-json\/wp\/v2\/houtsoort?post=60369"},{"taxonomy":"breedte","embeddable":true,"href":"https:\/\/www.industrialwood.nl\/de\/wp-json\/wp\/v2\/breedte?post=60369"},{"taxonomy":"badplanken-lengte","embeddable":true,"href":"https:\/\/www.industrialwood.nl\/de\/wp-json\/wp\/v2\/badplanken-lengte?post=60369"},{"taxonomy":"kleur","embeddable":true,"href":"https:\/\/www.industrialwood.nl\/de\/wp-json\/wp\/v2\/kleur?post=60369"}],"curies":[{"name":"wp","href":"https:\/\/api.w.org\/{rel}","templated":true}]}}