{"id":59613,"date":"2025-01-02T08:25:58","date_gmt":"2025-01-02T07:25:58","guid":{"rendered":"https:\/\/www.industrialwood.nl\/?post_type=product&#038;p=59613"},"modified":"2026-03-12T11:38:46","modified_gmt":"2026-03-12T10:38:46","slug":"seidentulpen-seide-5-blumen-weis-kopie-kopie","status":"publish","type":"product","link":"https:\/\/www.industrialwood.nl\/de\/seidentulpen-seide-5-blumen-weis-kopie-kopie\/","title":{"rendered":"Seidentulpen | Seide | 6 Blumen | Papageientulpen | Hellrosa"},"content":{"rendered":"","protected":false},"excerpt":{"rendered":"<p>Machen Sie Ihr Interieur mit diesen <strong>zartrosa Seidentulpen<\/strong> absolut fr\u00fchlingsfest! Diese sch\u00f6nen Blumen sind nicht nur eine Augenweide, sondern tragen auch eine sch\u00f6ne Bedeutung: Liebe, Bewunderung und Sanftheit. Wussten Sie, dass Papageientulpen f\u00fcr ihre gezackten Bl\u00fctenbl\u00e4tter und ihr fast k\u00f6nigliches Aussehen bekannt sind? <\/p>\n<p>Der Strau\u00df besteht aus <strong>6 blassrosa Tulpen<\/strong>, die alle offen sind. Dadurch kommt die sch\u00f6ne gezackte Kante der Bl\u00fctenbl\u00e4tter perfekt zur Geltung und der Strau\u00df wirkt \u00fcppiger und voller. Und das Beste daran? Diese Seidentulpen brauchen kein Wasser, verwelken nie und bleiben immer in perfekter Bl\u00fcte. Ein luxuri\u00f6ser Blickfang, den Sie das ganze Jahr \u00fcber genie\u00dfen k\u00f6nnen!    <\/p>\n<ul>\n<li>Luxuri\u00f6ser Look dank der gezackten Bl\u00fctenbl\u00e4tter \ud83c\udf38<\/li>\n<li>6 Seidentulpen, alle ge\u00f6ffnet f\u00fcr einen vollen und fr\u00f6hlichen Look<\/li>\n<li>Wartungsfrei &#8211; kein Wasser erforderlich, immer sch\u00f6n\ud83d\udca7<\/li>\n<\/ul>\n<p>&nbsp;<\/p>\n<p><i>Auch in anderen Farben und Gr\u00f6\u00dfen erh\u00e4ltlich!<\/i><\/p>\n<p><strong>Abmessungen<\/strong>: 51 cm<br \/>\n<strong>Material<\/strong>: Silikon<br \/>\n<strong>Farbe<\/strong>: Hellrosa (Mix)<\/p>\n","protected":false},"featured_media":59664,"comment_status":"open","ping_status":"closed","template":"","meta":[],"product_brand":[],"product_cat":[400,686,418,402,424,420,395,428,422,396],"product_tag":[],"seizoen":[543,545,544,546],"bloemensoort":[],"samenstelling":[],"shop-per-kamer":[549],"indooroutdoor":[555],"vorm":[],"duurzaam":[565],"productafmetingen":[],"stijl":[],"merk":[576],"materiaal":[],"materiaal-schaaltje":[],"geur":[],"product-type":[],"beoordeling":[640,641,642],"uitsparingen":[],"houtsoort":[],"breedte":[],"badplanken-lengte":[],"kleur":[668],"class_list":{"0":"post-59613","1":"product","2":"type-product","3":"status-publish","4":"has-post-thumbnail","6":"product_cat-boheme-wohnzimmer","7":"product_cat-geschenk","8":"product_cat-hotel-chic-wohnzimmer","9":"product_cat-japandi-wohnzimmer","10":"product_cat-landwohnzimmer","11":"product_cat-modernes-wohnzimmer","12":"product_cat-naturliche-tone","13":"product_cat-seidenblumen","14":"product_cat-skandinavisches-wohnzimmer","15":"product_cat-wohnzimmer","16":"seizoen-lente-de","17":"seizoen-herfst-de","18":"seizoen-zomer-de","19":"seizoen-winter-de","20":"shop-per-kamer-woonkamer-de","21":"indooroutdoor-indoor-de","22":"duurzaam-ja-de","23":"merk-industrialwood-de","24":"beoordeling-three-star-de","25":"beoordeling-four-star-de","26":"beoordeling-five-star-de","27":"kleur-roze-de","29":"first","30":"outofstock","31":"taxable","32":"shipping-taxable","33":"purchasable","34":"product-type-simple"},"supplier_id":null,"supplier_sku":"","barcode":null,"atum_controlled":true,"out_stock_date":"2025-05-12 21:53:35","out_stock_threshold":null,"inheritable":false,"inbound_stock":0,"stock_on_hold":0,"sold_today":0,"sales_last_days":0,"reserved_stock":0,"customer_returns":0,"warehouse_damage":0,"lost_in_post":0,"other_logs":0,"out_stock_days":301,"lost_sales":0,"has_location":false,"update_date":"2026-03-31T12:36:32","atum_locations":[],"atum_stock_status":"outofstock","restock_status":false,"low_stock_amount":"","sales_update_date":"2026-03-10T01:35:51","calc_backorders":null,"_links":{"self":[{"href":"https:\/\/www.industrialwood.nl\/de\/wp-json\/wp\/v2\/product\/59613","targetHints":{"allow":["GET"]}}],"collection":[{"href":"https:\/\/www.industrialwood.nl\/de\/wp-json\/wp\/v2\/product"}],"about":[{"href":"https:\/\/www.industrialwood.nl\/de\/wp-json\/wp\/v2\/types\/product"}],"replies":[{"embeddable":true,"href":"https:\/\/www.industrialwood.nl\/de\/wp-json\/wp\/v2\/comments?post=59613"}],"wp:featuredmedia":[{"embeddable":true,"href":"https:\/\/www.industrialwood.nl\/de\/wp-json\/wp\/v2\/media\/59664"}],"wp:attachment":[{"href":"https:\/\/www.industrialwood.nl\/de\/wp-json\/wp\/v2\/media?parent=59613"}],"wp:term":[{"taxonomy":"product_brand","embeddable":true,"href":"https:\/\/www.industrialwood.nl\/de\/wp-json\/wp\/v2\/product_brand?post=59613"},{"taxonomy":"product_cat","embeddable":true,"href":"https:\/\/www.industrialwood.nl\/de\/wp-json\/wp\/v2\/product_cat?post=59613"},{"taxonomy":"product_tag","embeddable":true,"href":"https:\/\/www.industrialwood.nl\/de\/wp-json\/wp\/v2\/product_tag?post=59613"},{"taxonomy":"seizoen","embeddable":true,"href":"https:\/\/www.industrialwood.nl\/de\/wp-json\/wp\/v2\/seizoen?post=59613"},{"taxonomy":"bloemensoort","embeddable":true,"href":"https:\/\/www.industrialwood.nl\/de\/wp-json\/wp\/v2\/bloemensoort?post=59613"},{"taxonomy":"samenstelling","embeddable":true,"href":"https:\/\/www.industrialwood.nl\/de\/wp-json\/wp\/v2\/samenstelling?post=59613"},{"taxonomy":"shop-per-kamer","embeddable":true,"href":"https:\/\/www.industrialwood.nl\/de\/wp-json\/wp\/v2\/shop-per-kamer?post=59613"},{"taxonomy":"indooroutdoor","embeddable":true,"href":"https:\/\/www.industrialwood.nl\/de\/wp-json\/wp\/v2\/indooroutdoor?post=59613"},{"taxonomy":"vorm","embeddable":true,"href":"https:\/\/www.industrialwood.nl\/de\/wp-json\/wp\/v2\/vorm?post=59613"},{"taxonomy":"duurzaam","embeddable":true,"href":"https:\/\/www.industrialwood.nl\/de\/wp-json\/wp\/v2\/duurzaam?post=59613"},{"taxonomy":"productafmetingen","embeddable":true,"href":"https:\/\/www.industrialwood.nl\/de\/wp-json\/wp\/v2\/productafmetingen?post=59613"},{"taxonomy":"stijl","embeddable":true,"href":"https:\/\/www.industrialwood.nl\/de\/wp-json\/wp\/v2\/stijl?post=59613"},{"taxonomy":"merk","embeddable":true,"href":"https:\/\/www.industrialwood.nl\/de\/wp-json\/wp\/v2\/merk?post=59613"},{"taxonomy":"materiaal","embeddable":true,"href":"https:\/\/www.industrialwood.nl\/de\/wp-json\/wp\/v2\/materiaal?post=59613"},{"taxonomy":"materiaal-schaaltje","embeddable":true,"href":"https:\/\/www.industrialwood.nl\/de\/wp-json\/wp\/v2\/materiaal-schaaltje?post=59613"},{"taxonomy":"geur","embeddable":true,"href":"https:\/\/www.industrialwood.nl\/de\/wp-json\/wp\/v2\/geur?post=59613"},{"taxonomy":"product-type","embeddable":true,"href":"https:\/\/www.industrialwood.nl\/de\/wp-json\/wp\/v2\/product-type?post=59613"},{"taxonomy":"beoordeling","embeddable":true,"href":"https:\/\/www.industrialwood.nl\/de\/wp-json\/wp\/v2\/beoordeling?post=59613"},{"taxonomy":"uitsparingen","embeddable":true,"href":"https:\/\/www.industrialwood.nl\/de\/wp-json\/wp\/v2\/uitsparingen?post=59613"},{"taxonomy":"houtsoort","embeddable":true,"href":"https:\/\/www.industrialwood.nl\/de\/wp-json\/wp\/v2\/houtsoort?post=59613"},{"taxonomy":"breedte","embeddable":true,"href":"https:\/\/www.industrialwood.nl\/de\/wp-json\/wp\/v2\/breedte?post=59613"},{"taxonomy":"badplanken-lengte","embeddable":true,"href":"https:\/\/www.industrialwood.nl\/de\/wp-json\/wp\/v2\/badplanken-lengte?post=59613"},{"taxonomy":"kleur","embeddable":true,"href":"https:\/\/www.industrialwood.nl\/de\/wp-json\/wp\/v2\/kleur?post=59613"}],"curies":[{"name":"wp","href":"https:\/\/api.w.org\/{rel}","templated":true}]}}