{"id":59606,"date":"2025-01-01T16:59:12","date_gmt":"2025-01-01T15:59:12","guid":{"rendered":"https:\/\/www.industrialwood.nl\/?post_type=product&#038;p=59606"},"modified":"2026-01-06T15:32:46","modified_gmt":"2026-01-06T14:32:46","slug":"vase-artisch-sand-s-kopie","status":"publish","type":"product","link":"https:\/\/www.industrialwood.nl\/de\/vase-artisch-sand-s-kopie\/","title":{"rendered":"Vase | Artisch | Sand | M"},"content":{"rendered":"","protected":false},"excerpt":{"rendered":"<p>Verleihen Sie Ihrer Einrichtung ein stilvolles Upgrade mit dieser sch\u00f6nen <strong>Vase artic sand<\/strong>. Dank der neutralen Beiget\u00f6ne und der luxuri\u00f6sen matten Oberfl\u00e4che passt diese Vase m\u00fchelos in jeden Wohnstil: von modern und minimalistisch bis hin zu japandisch und skandinavisch. Ob Sie sie auf einem Esstisch, einem Sideboard oder einer Fensterbank platzieren, diese Vase ist immer eine elegante Erg\u00e4nzung Ihrer Einrichtung. Diese stilvolle Artic-Vase ist in drei Gr\u00f6\u00dfen erh\u00e4ltlich und auch in anderen trendigen Farben. Kombinieren Sie verschiedene Gr\u00f6\u00dfen f\u00fcr einen spielerischen Effekt oder lassen Sie eine Vase als Prunkst\u00fcck erstrahlen. Verleihen Sie Ihrem Interieur mit dieser braunen Vase m\u00fchelos einen Hauch von Klasse und W\u00e4rme. Bestellen Sie noch heute und genie\u00dfen Sie zeitlose Eleganz! \ud83e\udd0e\u2728       <\/p>\n<p><strong>Merkmale:<\/strong><\/p>\n<ul>\n<li>Neutraler Erdton: Leicht mit jedem Wohnstil zu kombinieren, z.B. Japandi<\/li>\n<li>Perfekt f\u00fcr Seidenblumen oder Zweige<\/li>\n<li>Zeitloses Design, vielseitig einsetzbar<\/li>\n<\/ul>\n<p>&nbsp;<\/p>\n<p><em>Wischen Sie die Vase einfach mit einem trockenen Tuch ab. F\u00fcr hartn\u00e4ckige Flecken k\u00f6nnen Sie ein leicht feuchtes Tuch verwenden. Vermeiden Sie es, die Vase zu schrubben oder in die Sp\u00fclmaschine zu stellen, damit die luxuri\u00f6se matte Oberfl\u00e4che sch\u00f6n bleibt.  <\/em><\/p>\n<p><em>Auch in <a href=\"https:\/\/www.industrialwood.nl\/de\/suchergebnisse-10\/?q=artic\" target=\"_blank\" rel=\"noopener\">anderen Farben<\/a> und in einer <a href=\"https:\/\/www.industrialwood.nl\/vaas-artic-sand-s\/\">S-<\/a> und <a href=\"https:\/\/www.industrialwood.nl\/vaas-artic-sand-l\/\">L-Variante<\/a> erh\u00e4ltlich!<\/em><\/p>\n<p><strong>Ma\u00dfe<\/strong>: 25 x 35 cm<br \/>\n<strong>Material<\/strong>: Glas<br \/>\n<strong>Farbe<\/strong>: Sand<\/p>\n","protected":false},"featured_media":59600,"comment_status":"open","ping_status":"closed","template":"","meta":[],"product_brand":[],"product_cat":[400,418,402,424,420,395,422,387,396],"product_tag":[],"seizoen":[543,545,544,546],"bloemensoort":[],"samenstelling":[],"shop-per-kamer":[552,549],"indooroutdoor":[555],"vorm":[557],"duurzaam":[565],"productafmetingen":[568],"stijl":[574,571,575,573,572],"merk":[588],"materiaal":[608],"materiaal-schaaltje":[],"geur":[],"product-type":[],"beoordeling":[640,641,642],"uitsparingen":[],"houtsoort":[],"breedte":[],"badplanken-lengte":[],"kleur":[657,663,666],"class_list":{"0":"post-59606","1":"product","2":"type-product","3":"status-publish","4":"has-post-thumbnail","6":"product_cat-boheme-wohnzimmer","7":"product_cat-hotel-chic-wohnzimmer","8":"product_cat-japandi-wohnzimmer","9":"product_cat-landwohnzimmer","10":"product_cat-modernes-wohnzimmer","11":"product_cat-naturliche-tone","12":"product_cat-skandinavisches-wohnzimmer","13":"product_cat-vasen-topfe","14":"product_cat-wohnzimmer","15":"seizoen-lente-de","16":"seizoen-herfst-de","17":"seizoen-zomer-de","18":"seizoen-winter-de","19":"shop-per-kamer-hal-de","20":"shop-per-kamer-woonkamer-de","21":"indooroutdoor-indoor-de","22":"vorm-rond-de","23":"duurzaam-ja-de","24":"productafmetingen-m-de","25":"stijl-bohemian-de","26":"stijl-hotel-chique-de","27":"stijl-japandi-de","28":"stijl-modern-de","29":"stijl-scandinavisch-de","30":"merk-vase-the-world-de","31":"materiaal-glas-de","32":"beoordeling-three-star-de","33":"beoordeling-four-star-de","34":"beoordeling-five-star-de","35":"kleur-beige-de","36":"kleur-bruin-de","37":"kleur-taupe-de","39":"first","40":"instock","41":"taxable","42":"shipping-taxable","43":"purchasable","44":"product-type-simple"},"supplier_id":null,"supplier_sku":"","barcode":null,"atum_controlled":true,"out_stock_date":null,"out_stock_threshold":null,"inheritable":false,"inbound_stock":0,"stock_on_hold":0,"sold_today":0,"sales_last_days":1,"reserved_stock":0,"customer_returns":0,"warehouse_damage":0,"lost_in_post":0,"other_logs":0,"out_stock_days":0,"lost_sales":0,"has_location":false,"update_date":"2026-04-14T19:52:49","atum_locations":[],"atum_stock_status":"instock","restock_status":false,"low_stock_amount":"","sales_update_date":"2026-04-14T19:52:49","calc_backorders":null,"_links":{"self":[{"href":"https:\/\/www.industrialwood.nl\/de\/wp-json\/wp\/v2\/product\/59606","targetHints":{"allow":["GET"]}}],"collection":[{"href":"https:\/\/www.industrialwood.nl\/de\/wp-json\/wp\/v2\/product"}],"about":[{"href":"https:\/\/www.industrialwood.nl\/de\/wp-json\/wp\/v2\/types\/product"}],"replies":[{"embeddable":true,"href":"https:\/\/www.industrialwood.nl\/de\/wp-json\/wp\/v2\/comments?post=59606"}],"wp:featuredmedia":[{"embeddable":true,"href":"https:\/\/www.industrialwood.nl\/de\/wp-json\/wp\/v2\/media\/59600"}],"wp:attachment":[{"href":"https:\/\/www.industrialwood.nl\/de\/wp-json\/wp\/v2\/media?parent=59606"}],"wp:term":[{"taxonomy":"product_brand","embeddable":true,"href":"https:\/\/www.industrialwood.nl\/de\/wp-json\/wp\/v2\/product_brand?post=59606"},{"taxonomy":"product_cat","embeddable":true,"href":"https:\/\/www.industrialwood.nl\/de\/wp-json\/wp\/v2\/product_cat?post=59606"},{"taxonomy":"product_tag","embeddable":true,"href":"https:\/\/www.industrialwood.nl\/de\/wp-json\/wp\/v2\/product_tag?post=59606"},{"taxonomy":"seizoen","embeddable":true,"href":"https:\/\/www.industrialwood.nl\/de\/wp-json\/wp\/v2\/seizoen?post=59606"},{"taxonomy":"bloemensoort","embeddable":true,"href":"https:\/\/www.industrialwood.nl\/de\/wp-json\/wp\/v2\/bloemensoort?post=59606"},{"taxonomy":"samenstelling","embeddable":true,"href":"https:\/\/www.industrialwood.nl\/de\/wp-json\/wp\/v2\/samenstelling?post=59606"},{"taxonomy":"shop-per-kamer","embeddable":true,"href":"https:\/\/www.industrialwood.nl\/de\/wp-json\/wp\/v2\/shop-per-kamer?post=59606"},{"taxonomy":"indooroutdoor","embeddable":true,"href":"https:\/\/www.industrialwood.nl\/de\/wp-json\/wp\/v2\/indooroutdoor?post=59606"},{"taxonomy":"vorm","embeddable":true,"href":"https:\/\/www.industrialwood.nl\/de\/wp-json\/wp\/v2\/vorm?post=59606"},{"taxonomy":"duurzaam","embeddable":true,"href":"https:\/\/www.industrialwood.nl\/de\/wp-json\/wp\/v2\/duurzaam?post=59606"},{"taxonomy":"productafmetingen","embeddable":true,"href":"https:\/\/www.industrialwood.nl\/de\/wp-json\/wp\/v2\/productafmetingen?post=59606"},{"taxonomy":"stijl","embeddable":true,"href":"https:\/\/www.industrialwood.nl\/de\/wp-json\/wp\/v2\/stijl?post=59606"},{"taxonomy":"merk","embeddable":true,"href":"https:\/\/www.industrialwood.nl\/de\/wp-json\/wp\/v2\/merk?post=59606"},{"taxonomy":"materiaal","embeddable":true,"href":"https:\/\/www.industrialwood.nl\/de\/wp-json\/wp\/v2\/materiaal?post=59606"},{"taxonomy":"materiaal-schaaltje","embeddable":true,"href":"https:\/\/www.industrialwood.nl\/de\/wp-json\/wp\/v2\/materiaal-schaaltje?post=59606"},{"taxonomy":"geur","embeddable":true,"href":"https:\/\/www.industrialwood.nl\/de\/wp-json\/wp\/v2\/geur?post=59606"},{"taxonomy":"product-type","embeddable":true,"href":"https:\/\/www.industrialwood.nl\/de\/wp-json\/wp\/v2\/product-type?post=59606"},{"taxonomy":"beoordeling","embeddable":true,"href":"https:\/\/www.industrialwood.nl\/de\/wp-json\/wp\/v2\/beoordeling?post=59606"},{"taxonomy":"uitsparingen","embeddable":true,"href":"https:\/\/www.industrialwood.nl\/de\/wp-json\/wp\/v2\/uitsparingen?post=59606"},{"taxonomy":"houtsoort","embeddable":true,"href":"https:\/\/www.industrialwood.nl\/de\/wp-json\/wp\/v2\/houtsoort?post=59606"},{"taxonomy":"breedte","embeddable":true,"href":"https:\/\/www.industrialwood.nl\/de\/wp-json\/wp\/v2\/breedte?post=59606"},{"taxonomy":"badplanken-lengte","embeddable":true,"href":"https:\/\/www.industrialwood.nl\/de\/wp-json\/wp\/v2\/badplanken-lengte?post=59606"},{"taxonomy":"kleur","embeddable":true,"href":"https:\/\/www.industrialwood.nl\/de\/wp-json\/wp\/v2\/kleur?post=59606"}],"curies":[{"name":"wp","href":"https:\/\/api.w.org\/{rel}","templated":true}]}}