{"id":59598,"date":"2025-01-01T17:00:26","date_gmt":"2025-01-01T16:00:26","guid":{"rendered":"https:\/\/www.industrialwood.nl\/?post_type=product&#038;p=59598"},"modified":"2026-01-06T15:29:40","modified_gmt":"2026-01-06T14:29:40","slug":"vase-artisch-matt-beige-s-kopie-3","status":"publish","type":"product","link":"https:\/\/www.industrialwood.nl\/de\/vase-artisch-matt-beige-s-kopie-3\/","title":{"rendered":"Vase | Artisch | Sand | S"},"content":{"rendered":"","protected":false},"excerpt":{"rendered":"<p>Diese sch\u00f6ne <strong>Artic Sand Vase <\/strong>ist ein echter Blickfang in Ihrer Einrichtung. Dank ihres neutralen Farbtons passt sie m\u00fchelos zu jedem Wohnstil, von modern und minimalistisch bis hin zu japandisch und skandinavisch. Die luxuri\u00f6se matte Oberfl\u00e4che verleiht der Vase einen schicken Look und sorgt daf\u00fcr, dass Seidenblumen, Trockenblumen und dekorative Zweige gleicherma\u00dfen gut zur Geltung kommen. Ganz gleich, ob Sie sie auf einen Esstisch, ein Sideboard oder eine Fensterbank stellen, diese Vase verleiht Ihrem Raum sofort eine warme und stilvolle Note.   <\/p>\n<p>Diese sandfarbene Vase ist in drei Gr\u00f6\u00dfen und auch in anderen trendigen Farben erh\u00e4ltlich. Kombinieren Sie die verschiedenen Gr\u00f6\u00dfen f\u00fcr einen spielerischen Effekt oder lassen Sie sie als stilvolles Dekorationsst\u00fcck alleine gl\u00e4nzen. Verleihen Sie Ihrer Einrichtung ein schickes Upgrade mit dieser zeitlosen sandfarbenen Vase. Bestellen Sie jetzt und genie\u00dfen Sie pure Eleganz! \ud83e\udd0e\u2728    <\/p>\n<p><strong>Merkmale:<\/strong><\/p>\n<ul>\n<li>Luxuri\u00f6ses, gl\u00e4nzendes Finish f\u00fcr ein schickes Aussehen<\/li>\n<li>Perfekt f\u00fcr Seidenblumen oder Zweige<\/li>\n<li>Zeitloses Design, vielseitig einsetzbar<\/li>\n<\/ul>\n<p>&nbsp;<\/p>\n<p><em>Halten Sie die Vase einfach sauber, indem Sie sie regelm\u00e4\u00dfig mit einem trockenen Tuch abwischen. F\u00fcr hartn\u00e4ckige Flecken k\u00f6nnen Sie ein leicht feuchtes Tuch verwenden. Vermeiden Sie Schrubben oder die Sp\u00fclmaschine, um die matte Oberfl\u00e4che zu erhalten.  <\/em><\/p>\n<p><em>Auch in <a href=\"https:\/\/www.industrialwood.nl\/de\/suchergebnisse-10\/?q=artic\" target=\"_blank\" rel=\"noopener\">anderen Farben<\/a> und in einer <a href=\"https:\/\/www.industrialwood.nl\/vaas-artic-sand-m\/\" target=\"_blank\" rel=\"noopener\">M-<\/a> und <a href=\"https:\/\/www.industrialwood.nl\/vaas-artic-sand-l\/\" target=\"_blank\" rel=\"noopener\">L-Variante<\/a> erh\u00e4ltlich!<\/em><\/p>\n<p><strong>Ma\u00dfe<\/strong>: 21 x 29 cm<br \/>\n<strong>Material<\/strong>: Glas<br \/>\n<strong>Farbe<\/strong>: Sand<\/p>\n","protected":false},"featured_media":59602,"comment_status":"open","ping_status":"closed","template":"","meta":[],"product_brand":[],"product_cat":[400,418,402,424,420,395,422,387,396],"product_tag":[],"seizoen":[543,545,544,546],"bloemensoort":[],"samenstelling":[],"shop-per-kamer":[552,549],"indooroutdoor":[555],"vorm":[557],"duurzaam":[565],"productafmetingen":[567],"stijl":[574,571,575,573,572],"merk":[588],"materiaal":[608],"materiaal-schaaltje":[],"geur":[],"product-type":[],"beoordeling":[640,641,642],"uitsparingen":[],"houtsoort":[],"breedte":[],"badplanken-lengte":[],"kleur":[657,663,666],"class_list":{"0":"post-59598","1":"product","2":"type-product","3":"status-publish","4":"has-post-thumbnail","6":"product_cat-boheme-wohnzimmer","7":"product_cat-hotel-chic-wohnzimmer","8":"product_cat-japandi-wohnzimmer","9":"product_cat-landwohnzimmer","10":"product_cat-modernes-wohnzimmer","11":"product_cat-naturliche-tone","12":"product_cat-skandinavisches-wohnzimmer","13":"product_cat-vasen-topfe","14":"product_cat-wohnzimmer","15":"seizoen-lente-de","16":"seizoen-herfst-de","17":"seizoen-zomer-de","18":"seizoen-winter-de","19":"shop-per-kamer-hal-de","20":"shop-per-kamer-woonkamer-de","21":"indooroutdoor-indoor-de","22":"vorm-rond-de","23":"duurzaam-ja-de","24":"productafmetingen-s-de","25":"stijl-bohemian-de","26":"stijl-hotel-chique-de","27":"stijl-japandi-de","28":"stijl-modern-de","29":"stijl-scandinavisch-de","30":"merk-vase-the-world-de","31":"materiaal-glas-de","32":"beoordeling-three-star-de","33":"beoordeling-four-star-de","34":"beoordeling-five-star-de","35":"kleur-beige-de","36":"kleur-bruin-de","37":"kleur-taupe-de","39":"first","40":"instock","41":"taxable","42":"shipping-taxable","43":"purchasable","44":"product-type-simple"},"supplier_id":null,"supplier_sku":"","barcode":null,"atum_controlled":true,"out_stock_date":null,"out_stock_threshold":null,"inheritable":false,"inbound_stock":0,"stock_on_hold":1,"sold_today":0,"sales_last_days":1,"reserved_stock":0,"customer_returns":0,"warehouse_damage":0,"lost_in_post":0,"other_logs":0,"out_stock_days":0,"lost_sales":0,"has_location":false,"update_date":"2026-04-21T20:09:14","atum_locations":[],"atum_stock_status":"instock","restock_status":false,"low_stock_amount":"","sales_update_date":"2026-04-21T20:09:14","calc_backorders":null,"_links":{"self":[{"href":"https:\/\/www.industrialwood.nl\/de\/wp-json\/wp\/v2\/product\/59598","targetHints":{"allow":["GET"]}}],"collection":[{"href":"https:\/\/www.industrialwood.nl\/de\/wp-json\/wp\/v2\/product"}],"about":[{"href":"https:\/\/www.industrialwood.nl\/de\/wp-json\/wp\/v2\/types\/product"}],"replies":[{"embeddable":true,"href":"https:\/\/www.industrialwood.nl\/de\/wp-json\/wp\/v2\/comments?post=59598"}],"wp:featuredmedia":[{"embeddable":true,"href":"https:\/\/www.industrialwood.nl\/de\/wp-json\/wp\/v2\/media\/59602"}],"wp:attachment":[{"href":"https:\/\/www.industrialwood.nl\/de\/wp-json\/wp\/v2\/media?parent=59598"}],"wp:term":[{"taxonomy":"product_brand","embeddable":true,"href":"https:\/\/www.industrialwood.nl\/de\/wp-json\/wp\/v2\/product_brand?post=59598"},{"taxonomy":"product_cat","embeddable":true,"href":"https:\/\/www.industrialwood.nl\/de\/wp-json\/wp\/v2\/product_cat?post=59598"},{"taxonomy":"product_tag","embeddable":true,"href":"https:\/\/www.industrialwood.nl\/de\/wp-json\/wp\/v2\/product_tag?post=59598"},{"taxonomy":"seizoen","embeddable":true,"href":"https:\/\/www.industrialwood.nl\/de\/wp-json\/wp\/v2\/seizoen?post=59598"},{"taxonomy":"bloemensoort","embeddable":true,"href":"https:\/\/www.industrialwood.nl\/de\/wp-json\/wp\/v2\/bloemensoort?post=59598"},{"taxonomy":"samenstelling","embeddable":true,"href":"https:\/\/www.industrialwood.nl\/de\/wp-json\/wp\/v2\/samenstelling?post=59598"},{"taxonomy":"shop-per-kamer","embeddable":true,"href":"https:\/\/www.industrialwood.nl\/de\/wp-json\/wp\/v2\/shop-per-kamer?post=59598"},{"taxonomy":"indooroutdoor","embeddable":true,"href":"https:\/\/www.industrialwood.nl\/de\/wp-json\/wp\/v2\/indooroutdoor?post=59598"},{"taxonomy":"vorm","embeddable":true,"href":"https:\/\/www.industrialwood.nl\/de\/wp-json\/wp\/v2\/vorm?post=59598"},{"taxonomy":"duurzaam","embeddable":true,"href":"https:\/\/www.industrialwood.nl\/de\/wp-json\/wp\/v2\/duurzaam?post=59598"},{"taxonomy":"productafmetingen","embeddable":true,"href":"https:\/\/www.industrialwood.nl\/de\/wp-json\/wp\/v2\/productafmetingen?post=59598"},{"taxonomy":"stijl","embeddable":true,"href":"https:\/\/www.industrialwood.nl\/de\/wp-json\/wp\/v2\/stijl?post=59598"},{"taxonomy":"merk","embeddable":true,"href":"https:\/\/www.industrialwood.nl\/de\/wp-json\/wp\/v2\/merk?post=59598"},{"taxonomy":"materiaal","embeddable":true,"href":"https:\/\/www.industrialwood.nl\/de\/wp-json\/wp\/v2\/materiaal?post=59598"},{"taxonomy":"materiaal-schaaltje","embeddable":true,"href":"https:\/\/www.industrialwood.nl\/de\/wp-json\/wp\/v2\/materiaal-schaaltje?post=59598"},{"taxonomy":"geur","embeddable":true,"href":"https:\/\/www.industrialwood.nl\/de\/wp-json\/wp\/v2\/geur?post=59598"},{"taxonomy":"product-type","embeddable":true,"href":"https:\/\/www.industrialwood.nl\/de\/wp-json\/wp\/v2\/product-type?post=59598"},{"taxonomy":"beoordeling","embeddable":true,"href":"https:\/\/www.industrialwood.nl\/de\/wp-json\/wp\/v2\/beoordeling?post=59598"},{"taxonomy":"uitsparingen","embeddable":true,"href":"https:\/\/www.industrialwood.nl\/de\/wp-json\/wp\/v2\/uitsparingen?post=59598"},{"taxonomy":"houtsoort","embeddable":true,"href":"https:\/\/www.industrialwood.nl\/de\/wp-json\/wp\/v2\/houtsoort?post=59598"},{"taxonomy":"breedte","embeddable":true,"href":"https:\/\/www.industrialwood.nl\/de\/wp-json\/wp\/v2\/breedte?post=59598"},{"taxonomy":"badplanken-lengte","embeddable":true,"href":"https:\/\/www.industrialwood.nl\/de\/wp-json\/wp\/v2\/badplanken-lengte?post=59598"},{"taxonomy":"kleur","embeddable":true,"href":"https:\/\/www.industrialwood.nl\/de\/wp-json\/wp\/v2\/kleur?post=59598"}],"curies":[{"name":"wp","href":"https:\/\/api.w.org\/{rel}","templated":true}]}}