{"id":59593,"date":"2025-01-01T17:30:23","date_gmt":"2025-01-01T16:30:23","guid":{"rendered":"https:\/\/www.industrialwood.nl\/?post_type=product&#038;p=59593"},"modified":"2026-03-03T09:26:24","modified_gmt":"2026-03-03T08:26:24","slug":"vase-lesse-smokey-taupe-m-kopie-2","status":"publish","type":"product","link":"https:\/\/www.industrialwood.nl\/de\/vase-lesse-smokey-taupe-m-kopie-2\/","title":{"rendered":"Vase | Lesse | Smokey Black | M"},"content":{"rendered":"","protected":false},"excerpt":{"rendered":"<p>Die <strong>Vase Lesse<\/strong> in rauchigem Schwarz ist der Blickfang f\u00fcr Ihr Interieur. Diese Glasvase kombiniert eine moderne Form mit einem geheimnisvollen rauchig-schwarzen Farbton. Perfekt als Vase f\u00fcr (Seiden-)Blumen oder als stilvolles Dekorationsobjekt auf einem Tisch, in einem Schrank oder auf einem Sideboard. Die Vase ist in zwei Gr\u00f6\u00dfen erh\u00e4ltlich und strahlt in jedem Raum pure Klasse aus. Dank der tiefdunklen, rauchschwarzen Farbe passt diese Vase m\u00fchelos in verschiedene Einrichtungsstile wie modern, industriell oder minimalistisch. Entscheiden Sie sich f\u00fcr zeitlose Klasse und pure Eleganz mit der <strong>Lesse Vase smokey black<\/strong>. Bestellen Sie jetzt und geben Sie Ihrem Wohnraum ein stilvolles Upgrade! \ud83d\udda4\u2728      <\/p>\n<ul>\n<li>Auch in einer gr\u00f6\u00dferen <a href=\"https:\/\/www.industrialwood.nl\/vaas-lesse-smokey-black-l\/\">L-Variante<\/a> und in der Farbe <a href=\"https:\/\/www.industrialwood.nl\/vaas-lesse-smokey-taupe-m\/\">Smokey Taupe<\/a> erh\u00e4ltlich<\/li>\n<li>Vielseitiges Design: geeignet als Vase oder Dekorationsobjekt<\/li>\n<li>Zeitlose Farbe smokey black: passt perfekt zu verschiedenen Einrichtungsstilen<\/li>\n<\/ul>\n<p>&nbsp;<\/p>\n<p><em>Die Lesse Vase smokey black ist mundgeblasen, was jedes St\u00fcck zu einem Unikat macht. Kleine Unvollkommenheiten, wie eine Luftblase oder ein subtiler Streifen, unterstreichen die authentische Handarbeit und verleihen der Vase Charakter. <\/em><\/p>\n<p><strong>Ma\u00dfe<\/strong>: 19 x 24 cm<br \/>\n<strong>Material<\/strong>: Glas<br \/>\n<strong>Farbe<\/strong>: Rauchiges Schwarz<\/p>\n","protected":false},"featured_media":59584,"comment_status":"open","ping_status":"closed","template":"","meta":[],"product_brand":[],"product_cat":[400,418,402,424,420,740,422,427,738,414,387,396],"product_tag":[],"seizoen":[543,545,544,546],"bloemensoort":[],"samenstelling":[],"shop-per-kamer":[552,549],"indooroutdoor":[555],"vorm":[563,557],"duurzaam":[565],"productafmetingen":[568],"stijl":[574,571,575,573,572],"merk":[588],"materiaal":[608],"materiaal-schaaltje":[],"geur":[],"product-type":[],"beoordeling":[640,641,642],"uitsparingen":[],"houtsoort":[],"breedte":[],"badplanken-lengte":[],"kleur":[656],"class_list":{"0":"post-59593","1":"product","2":"type-product","3":"status-publish","4":"has-post-thumbnail","6":"product_cat-boheme-wohnzimmer","7":"product_cat-hotel-chic-wohnzimmer","8":"product_cat-japandi-wohnzimmer","9":"product_cat-landwohnzimmer","10":"product_cat-modernes-wohnzimmer","11":"product_cat-schwarzer-freitag-2","12":"product_cat-skandinavisches-wohnzimmer","13":"product_cat-smokey-black","14":"product_cat-tasmanische-vasen","15":"product_cat-teelichthalter","16":"product_cat-vasen-topfe","17":"product_cat-wohnzimmer","18":"seizoen-lente-de","19":"seizoen-herfst-de","20":"seizoen-zomer-de","21":"seizoen-winter-de","22":"shop-per-kamer-hal-de","23":"shop-per-kamer-woonkamer-de","24":"indooroutdoor-indoor-de","25":"vorm-organisch-de","26":"vorm-rond-de","27":"duurzaam-ja-de","28":"productafmetingen-m-de","29":"stijl-bohemian-de","30":"stijl-hotel-chique-de","31":"stijl-japandi-de","32":"stijl-modern-de","33":"stijl-scandinavisch-de","34":"merk-vase-the-world-de","35":"materiaal-glas-de","36":"beoordeling-three-star-de","37":"beoordeling-four-star-de","38":"beoordeling-five-star-de","39":"kleur-zwart-de","41":"first","42":"instock","43":"taxable","44":"shipping-taxable","45":"purchasable","46":"product-type-simple"},"supplier_id":null,"supplier_sku":"","barcode":null,"atum_controlled":true,"out_stock_date":null,"out_stock_threshold":null,"inheritable":false,"inbound_stock":0,"stock_on_hold":1,"sold_today":0,"sales_last_days":0,"reserved_stock":0,"customer_returns":0,"warehouse_damage":0,"lost_in_post":0,"other_logs":0,"out_stock_days":0,"lost_sales":0,"has_location":false,"update_date":"2026-04-18T15:34:36","atum_locations":[],"atum_stock_status":"instock","restock_status":false,"low_stock_amount":"","sales_update_date":"2026-04-18T15:34:36","calc_backorders":null,"_links":{"self":[{"href":"https:\/\/www.industrialwood.nl\/de\/wp-json\/wp\/v2\/product\/59593","targetHints":{"allow":["GET"]}}],"collection":[{"href":"https:\/\/www.industrialwood.nl\/de\/wp-json\/wp\/v2\/product"}],"about":[{"href":"https:\/\/www.industrialwood.nl\/de\/wp-json\/wp\/v2\/types\/product"}],"replies":[{"embeddable":true,"href":"https:\/\/www.industrialwood.nl\/de\/wp-json\/wp\/v2\/comments?post=59593"}],"wp:featuredmedia":[{"embeddable":true,"href":"https:\/\/www.industrialwood.nl\/de\/wp-json\/wp\/v2\/media\/59584"}],"wp:attachment":[{"href":"https:\/\/www.industrialwood.nl\/de\/wp-json\/wp\/v2\/media?parent=59593"}],"wp:term":[{"taxonomy":"product_brand","embeddable":true,"href":"https:\/\/www.industrialwood.nl\/de\/wp-json\/wp\/v2\/product_brand?post=59593"},{"taxonomy":"product_cat","embeddable":true,"href":"https:\/\/www.industrialwood.nl\/de\/wp-json\/wp\/v2\/product_cat?post=59593"},{"taxonomy":"product_tag","embeddable":true,"href":"https:\/\/www.industrialwood.nl\/de\/wp-json\/wp\/v2\/product_tag?post=59593"},{"taxonomy":"seizoen","embeddable":true,"href":"https:\/\/www.industrialwood.nl\/de\/wp-json\/wp\/v2\/seizoen?post=59593"},{"taxonomy":"bloemensoort","embeddable":true,"href":"https:\/\/www.industrialwood.nl\/de\/wp-json\/wp\/v2\/bloemensoort?post=59593"},{"taxonomy":"samenstelling","embeddable":true,"href":"https:\/\/www.industrialwood.nl\/de\/wp-json\/wp\/v2\/samenstelling?post=59593"},{"taxonomy":"shop-per-kamer","embeddable":true,"href":"https:\/\/www.industrialwood.nl\/de\/wp-json\/wp\/v2\/shop-per-kamer?post=59593"},{"taxonomy":"indooroutdoor","embeddable":true,"href":"https:\/\/www.industrialwood.nl\/de\/wp-json\/wp\/v2\/indooroutdoor?post=59593"},{"taxonomy":"vorm","embeddable":true,"href":"https:\/\/www.industrialwood.nl\/de\/wp-json\/wp\/v2\/vorm?post=59593"},{"taxonomy":"duurzaam","embeddable":true,"href":"https:\/\/www.industrialwood.nl\/de\/wp-json\/wp\/v2\/duurzaam?post=59593"},{"taxonomy":"productafmetingen","embeddable":true,"href":"https:\/\/www.industrialwood.nl\/de\/wp-json\/wp\/v2\/productafmetingen?post=59593"},{"taxonomy":"stijl","embeddable":true,"href":"https:\/\/www.industrialwood.nl\/de\/wp-json\/wp\/v2\/stijl?post=59593"},{"taxonomy":"merk","embeddable":true,"href":"https:\/\/www.industrialwood.nl\/de\/wp-json\/wp\/v2\/merk?post=59593"},{"taxonomy":"materiaal","embeddable":true,"href":"https:\/\/www.industrialwood.nl\/de\/wp-json\/wp\/v2\/materiaal?post=59593"},{"taxonomy":"materiaal-schaaltje","embeddable":true,"href":"https:\/\/www.industrialwood.nl\/de\/wp-json\/wp\/v2\/materiaal-schaaltje?post=59593"},{"taxonomy":"geur","embeddable":true,"href":"https:\/\/www.industrialwood.nl\/de\/wp-json\/wp\/v2\/geur?post=59593"},{"taxonomy":"product-type","embeddable":true,"href":"https:\/\/www.industrialwood.nl\/de\/wp-json\/wp\/v2\/product-type?post=59593"},{"taxonomy":"beoordeling","embeddable":true,"href":"https:\/\/www.industrialwood.nl\/de\/wp-json\/wp\/v2\/beoordeling?post=59593"},{"taxonomy":"uitsparingen","embeddable":true,"href":"https:\/\/www.industrialwood.nl\/de\/wp-json\/wp\/v2\/uitsparingen?post=59593"},{"taxonomy":"houtsoort","embeddable":true,"href":"https:\/\/www.industrialwood.nl\/de\/wp-json\/wp\/v2\/houtsoort?post=59593"},{"taxonomy":"breedte","embeddable":true,"href":"https:\/\/www.industrialwood.nl\/de\/wp-json\/wp\/v2\/breedte?post=59593"},{"taxonomy":"badplanken-lengte","embeddable":true,"href":"https:\/\/www.industrialwood.nl\/de\/wp-json\/wp\/v2\/badplanken-lengte?post=59593"},{"taxonomy":"kleur","embeddable":true,"href":"https:\/\/www.industrialwood.nl\/de\/wp-json\/wp\/v2\/kleur?post=59593"}],"curies":[{"name":"wp","href":"https:\/\/api.w.org\/{rel}","templated":true}]}}