{"id":59547,"date":"2025-01-01T20:05:06","date_gmt":"2025-01-01T19:05:06","guid":{"rendered":"https:\/\/www.industrialwood.nl\/kerzenhalter-tasman-beige-xs\/"},"modified":"2026-01-08T08:52:30","modified_gmt":"2026-01-08T07:52:30","slug":"kerzenhalter-tasman-beige-xs","status":"publish","type":"product","link":"https:\/\/www.industrialwood.nl\/de\/kerzenhalter-tasman-beige-xs\/","title":{"rendered":"Teelichthalter | Tasman | Matt | Beige | XS"},"content":{"rendered":"","protected":false},"excerpt":{"rendered":"<p><strong>NEUE VARIANTE!<\/strong>\u2728 <strong><br \/>\n Dieser<\/strong> <strong>mattbeige Tasman Teelichthalter<\/strong> ist das neueste Must-Have f\u00fcr Ihr Zuhause! Diese Vasen gibt es in zwei Gr\u00f6\u00dfen: die XS-Variante als stilvoller Teelichthalter und die M-Variante, die Sie sowohl als Vase f\u00fcr (Seiden-)Blumen als auch als Teelichthalter verwenden k\u00f6nnen. Der sch\u00f6ne, neutrale, hellbeige Farbton strahlt Ruhe und W\u00e4rme aus und passt zu jeder Einrichtung, vor allem zu trendigen Interieurs wie dem Japandi, Scandi-Chic und Ton-Sur-Ton-Stil.<\/p>\n<p>Ob Sie nun mit einer brennenden Kerze eine gem\u00fctliche Atmosph\u00e4re schaffen oder einfach nur sein stilvolles Design genie\u00dfen, der beigefarbene Teelichthalter Tasman bringt immer W\u00e4rme und Eleganz in Ihr Zuhause.<\/p>\n<ul>\n<li>Zeitloses mattes Beige: Passt perfekt zu neutralen und warmen Farbt\u00f6nen<\/li>\n<li>Auch in einer <a href=\"https:\/\/www.industrialwood.nl\/waxinelichthouder-tasman-beige-xs\/\">M-Variante<\/a> erh\u00e4ltlich, perfekt als Set!<\/li>\n<\/ul>\n<p>&nbsp;<\/p>\n<p><strong>Ma\u00dfe<\/strong>: 12,5 x 11,5 cm<br \/>\n<strong>Material<\/strong>: Glas<br \/>\n<strong>Farbe<\/strong>: Beige (Elfenbein)<\/p>\n","protected":false},"featured_media":59542,"comment_status":"open","ping_status":"closed","template":"","meta":[],"product_brand":[],"product_cat":[400,418,402,424,420,395,740,422,738,414,387,396],"product_tag":[],"seizoen":[543,545,544,546],"bloemensoort":[],"samenstelling":[],"shop-per-kamer":[552,549],"indooroutdoor":[555],"vorm":[563,557],"duurzaam":[565],"productafmetingen":[566],"stijl":[574,571,575,573,572],"merk":[588],"materiaal":[608],"materiaal-schaaltje":[],"geur":[],"product-type":[],"beoordeling":[640,641,642],"uitsparingen":[],"houtsoort":[],"breedte":[],"badplanken-lengte":[],"kleur":[657],"class_list":{"0":"post-59547","1":"product","2":"type-product","3":"status-publish","4":"has-post-thumbnail","6":"product_cat-boheme-wohnzimmer","7":"product_cat-hotel-chic-wohnzimmer","8":"product_cat-japandi-wohnzimmer","9":"product_cat-landwohnzimmer","10":"product_cat-modernes-wohnzimmer","11":"product_cat-naturliche-tone","12":"product_cat-schwarzer-freitag-2","13":"product_cat-skandinavisches-wohnzimmer","14":"product_cat-tasmanische-vasen","15":"product_cat-teelichthalter","16":"product_cat-vasen-topfe","17":"product_cat-wohnzimmer","18":"seizoen-lente-de","19":"seizoen-herfst-de","20":"seizoen-zomer-de","21":"seizoen-winter-de","22":"shop-per-kamer-hal-de","23":"shop-per-kamer-woonkamer-de","24":"indooroutdoor-indoor-de","25":"vorm-organisch-de","26":"vorm-rond-de","27":"duurzaam-ja-de","28":"productafmetingen-xs-de","29":"stijl-bohemian-de","30":"stijl-hotel-chique-de","31":"stijl-japandi-de","32":"stijl-modern-de","33":"stijl-scandinavisch-de","34":"merk-vase-the-world-de","35":"materiaal-glas-de","36":"beoordeling-three-star-de","37":"beoordeling-four-star-de","38":"beoordeling-five-star-de","39":"kleur-beige-de","41":"first","42":"instock","43":"taxable","44":"shipping-taxable","45":"purchasable","46":"product-type-simple"},"supplier_id":null,"supplier_sku":"","barcode":null,"atum_controlled":true,"out_stock_date":null,"out_stock_threshold":null,"inheritable":false,"inbound_stock":0,"stock_on_hold":2,"sold_today":0,"sales_last_days":5,"reserved_stock":0,"customer_returns":0,"warehouse_damage":0,"lost_in_post":0,"other_logs":0,"out_stock_days":0,"lost_sales":0,"has_location":false,"update_date":"2026-04-18T15:34:35","atum_locations":[],"atum_stock_status":"instock","restock_status":false,"low_stock_amount":"","sales_update_date":"2026-04-18T15:34:35","calc_backorders":null,"_links":{"self":[{"href":"https:\/\/www.industrialwood.nl\/de\/wp-json\/wp\/v2\/product\/59547","targetHints":{"allow":["GET"]}}],"collection":[{"href":"https:\/\/www.industrialwood.nl\/de\/wp-json\/wp\/v2\/product"}],"about":[{"href":"https:\/\/www.industrialwood.nl\/de\/wp-json\/wp\/v2\/types\/product"}],"replies":[{"embeddable":true,"href":"https:\/\/www.industrialwood.nl\/de\/wp-json\/wp\/v2\/comments?post=59547"}],"wp:featuredmedia":[{"embeddable":true,"href":"https:\/\/www.industrialwood.nl\/de\/wp-json\/wp\/v2\/media\/59542"}],"wp:attachment":[{"href":"https:\/\/www.industrialwood.nl\/de\/wp-json\/wp\/v2\/media?parent=59547"}],"wp:term":[{"taxonomy":"product_brand","embeddable":true,"href":"https:\/\/www.industrialwood.nl\/de\/wp-json\/wp\/v2\/product_brand?post=59547"},{"taxonomy":"product_cat","embeddable":true,"href":"https:\/\/www.industrialwood.nl\/de\/wp-json\/wp\/v2\/product_cat?post=59547"},{"taxonomy":"product_tag","embeddable":true,"href":"https:\/\/www.industrialwood.nl\/de\/wp-json\/wp\/v2\/product_tag?post=59547"},{"taxonomy":"seizoen","embeddable":true,"href":"https:\/\/www.industrialwood.nl\/de\/wp-json\/wp\/v2\/seizoen?post=59547"},{"taxonomy":"bloemensoort","embeddable":true,"href":"https:\/\/www.industrialwood.nl\/de\/wp-json\/wp\/v2\/bloemensoort?post=59547"},{"taxonomy":"samenstelling","embeddable":true,"href":"https:\/\/www.industrialwood.nl\/de\/wp-json\/wp\/v2\/samenstelling?post=59547"},{"taxonomy":"shop-per-kamer","embeddable":true,"href":"https:\/\/www.industrialwood.nl\/de\/wp-json\/wp\/v2\/shop-per-kamer?post=59547"},{"taxonomy":"indooroutdoor","embeddable":true,"href":"https:\/\/www.industrialwood.nl\/de\/wp-json\/wp\/v2\/indooroutdoor?post=59547"},{"taxonomy":"vorm","embeddable":true,"href":"https:\/\/www.industrialwood.nl\/de\/wp-json\/wp\/v2\/vorm?post=59547"},{"taxonomy":"duurzaam","embeddable":true,"href":"https:\/\/www.industrialwood.nl\/de\/wp-json\/wp\/v2\/duurzaam?post=59547"},{"taxonomy":"productafmetingen","embeddable":true,"href":"https:\/\/www.industrialwood.nl\/de\/wp-json\/wp\/v2\/productafmetingen?post=59547"},{"taxonomy":"stijl","embeddable":true,"href":"https:\/\/www.industrialwood.nl\/de\/wp-json\/wp\/v2\/stijl?post=59547"},{"taxonomy":"merk","embeddable":true,"href":"https:\/\/www.industrialwood.nl\/de\/wp-json\/wp\/v2\/merk?post=59547"},{"taxonomy":"materiaal","embeddable":true,"href":"https:\/\/www.industrialwood.nl\/de\/wp-json\/wp\/v2\/materiaal?post=59547"},{"taxonomy":"materiaal-schaaltje","embeddable":true,"href":"https:\/\/www.industrialwood.nl\/de\/wp-json\/wp\/v2\/materiaal-schaaltje?post=59547"},{"taxonomy":"geur","embeddable":true,"href":"https:\/\/www.industrialwood.nl\/de\/wp-json\/wp\/v2\/geur?post=59547"},{"taxonomy":"product-type","embeddable":true,"href":"https:\/\/www.industrialwood.nl\/de\/wp-json\/wp\/v2\/product-type?post=59547"},{"taxonomy":"beoordeling","embeddable":true,"href":"https:\/\/www.industrialwood.nl\/de\/wp-json\/wp\/v2\/beoordeling?post=59547"},{"taxonomy":"uitsparingen","embeddable":true,"href":"https:\/\/www.industrialwood.nl\/de\/wp-json\/wp\/v2\/uitsparingen?post=59547"},{"taxonomy":"houtsoort","embeddable":true,"href":"https:\/\/www.industrialwood.nl\/de\/wp-json\/wp\/v2\/houtsoort?post=59547"},{"taxonomy":"breedte","embeddable":true,"href":"https:\/\/www.industrialwood.nl\/de\/wp-json\/wp\/v2\/breedte?post=59547"},{"taxonomy":"badplanken-lengte","embeddable":true,"href":"https:\/\/www.industrialwood.nl\/de\/wp-json\/wp\/v2\/badplanken-lengte?post=59547"},{"taxonomy":"kleur","embeddable":true,"href":"https:\/\/www.industrialwood.nl\/de\/wp-json\/wp\/v2\/kleur?post=59547"}],"curies":[{"name":"wp","href":"https:\/\/api.w.org\/{rel}","templated":true}]}}