{"id":57789,"date":"2024-11-29T13:12:13","date_gmt":"2024-11-29T12:12:13","guid":{"rendered":"https:\/\/www.industrialwood.nl\/?post_type=product&#038;p=57789"},"modified":"2026-01-09T15:19:25","modified_gmt":"2026-01-09T14:19:25","slug":"ornament-muschelhalskette-braun-kopie-kopie","status":"publish","type":"product","link":"https:\/\/www.industrialwood.nl\/de\/ornament-muschelhalskette-braun-kopie-kopie\/","title":{"rendered":"Ornament | Muscheln | Turm | Wei\u00df"},"content":{"rendered":"","protected":false},"excerpt":{"rendered":"<p>Dieser wundersch\u00f6ne <strong>Muschelturm<\/strong> von <strong>Pole to Pole<\/strong> auf einem schwarzen Metallst\u00e4nder bringt einen Hauch von nat\u00fcrlicher Eleganz in Ihren Wohnbereich. Das handgefertigte Design mit geflochtenen Muscheln und einem verspielten Stroh-Finish schafft einen exotischen und warmen Look. Perfekt f\u00fcr Ihre Fensterbank, auf einem Schrank oder als Blickfang in Ihrem Wohnzimmer. Kombinieren Sie das Ornament mit anderen nat\u00fcrlichen Accessoires f\u00fcr einen stilvollen Boho, K\u00fcsten- oder Japandi-Look. Das zeitlose wei\u00dfe Design macht es zu einem vielseitigen St\u00fcck, das in jede Einrichtung passt.    <\/p>\n<p><strong>Merkmale<\/strong>:<\/p>\n<ul>\n<li>Handgefertigt mit echten Kaurimuscheln<\/li>\n<li>Symbolisiert Gl\u00fcck und Schutz<\/li>\n<li>H\u00fcbsch kombiniert mit dem passenden <a href=\"https:\/\/www.industrialwood.nl\/ornament-schelpenketting-wit\/\">wei\u00dfen Muschelornament<\/a><\/li>\n<\/ul>\n<p>&nbsp;<\/p>\n<p><strong>Ma\u00dfe<\/strong>: 9,5 x 8,5 x 52 cm<br \/>\n<strong>Material<\/strong>: Metall und Muscheln<br \/>\n<strong>Farbe<\/strong>: Wei\u00df<\/p>\n","protected":false},"featured_media":57813,"comment_status":"open","ping_status":"closed","template":"","meta":[],"product_brand":[],"product_cat":[393,399,400,401,479,419,418,404,403,402,395,391,482,423,422,405,396],"product_tag":[],"seizoen":[543,545,544,546],"bloemensoort":[],"samenstelling":[],"shop-per-kamer":[551,552,553,549],"indooroutdoor":[555],"vorm":[557],"duurzaam":[565],"productafmetingen":[567],"stijl":[574,571,575,572],"merk":[597],"materiaal":[619],"materiaal-schaaltje":[],"geur":[],"product-type":[],"beoordeling":[640,641,642],"uitsparingen":[],"houtsoort":[],"breedte":[],"badplanken-lengte":[],"kleur":[659],"class_list":{"0":"post-57789","1":"product","2":"type-product","3":"status-publish","4":"has-post-thumbnail","6":"product_cat-badezimmer","7":"product_cat-boheme-schlafzimmer","8":"product_cat-boheme-wohnzimmer","9":"product_cat-bohmisches-badezimmer","10":"product_cat-hotel-chic-badezimmer","11":"product_cat-hotel-chic-schlafzimmer","12":"product_cat-hotel-chic-wohnzimmer","13":"product_cat-japandi-badezimmer","14":"product_cat-japandi-schlafzimmer","15":"product_cat-japandi-wohnzimmer","16":"product_cat-naturliche-tone","17":"product_cat-ornamente","18":"product_cat-skandinavisches-badezimmer","19":"product_cat-skandinavisches-schlafzimmer","20":"product_cat-skandinavisches-wohnzimmer","21":"product_cat-verkauf","22":"product_cat-wohnzimmer","23":"seizoen-lente-de","24":"seizoen-herfst-de","25":"seizoen-zomer-de","26":"seizoen-winter-de","27":"shop-per-kamer-badkamer-de","28":"shop-per-kamer-hal-de","29":"shop-per-kamer-slaapkamer-de","30":"shop-per-kamer-woonkamer-de","31":"indooroutdoor-indoor-de","32":"vorm-rond-de","33":"duurzaam-ja-de","34":"productafmetingen-s-de","35":"stijl-bohemian-de","36":"stijl-hotel-chique-de","37":"stijl-japandi-de","38":"stijl-scandinavisch-de","39":"merk-pole-to-pole-de","40":"materiaal-schelp-de","41":"beoordeling-three-star-de","42":"beoordeling-four-star-de","43":"beoordeling-five-star-de","44":"kleur-wit-de","46":"first","47":"instock","48":"sale","49":"taxable","50":"shipping-taxable","51":"purchasable","52":"product-type-simple"},"supplier_id":null,"supplier_sku":"","barcode":null,"atum_controlled":true,"out_stock_date":null,"out_stock_threshold":null,"inheritable":false,"inbound_stock":0,"stock_on_hold":0,"sold_today":0,"sales_last_days":0,"reserved_stock":0,"customer_returns":0,"warehouse_damage":0,"lost_in_post":0,"other_logs":0,"out_stock_days":0,"lost_sales":0,"has_location":false,"update_date":"2026-04-14T19:52:49","atum_locations":[],"atum_stock_status":"instock","restock_status":false,"low_stock_amount":"","sales_update_date":"2026-04-14T19:52:49","calc_backorders":null,"_links":{"self":[{"href":"https:\/\/www.industrialwood.nl\/de\/wp-json\/wp\/v2\/product\/57789","targetHints":{"allow":["GET"]}}],"collection":[{"href":"https:\/\/www.industrialwood.nl\/de\/wp-json\/wp\/v2\/product"}],"about":[{"href":"https:\/\/www.industrialwood.nl\/de\/wp-json\/wp\/v2\/types\/product"}],"replies":[{"embeddable":true,"href":"https:\/\/www.industrialwood.nl\/de\/wp-json\/wp\/v2\/comments?post=57789"}],"wp:featuredmedia":[{"embeddable":true,"href":"https:\/\/www.industrialwood.nl\/de\/wp-json\/wp\/v2\/media\/57813"}],"wp:attachment":[{"href":"https:\/\/www.industrialwood.nl\/de\/wp-json\/wp\/v2\/media?parent=57789"}],"wp:term":[{"taxonomy":"product_brand","embeddable":true,"href":"https:\/\/www.industrialwood.nl\/de\/wp-json\/wp\/v2\/product_brand?post=57789"},{"taxonomy":"product_cat","embeddable":true,"href":"https:\/\/www.industrialwood.nl\/de\/wp-json\/wp\/v2\/product_cat?post=57789"},{"taxonomy":"product_tag","embeddable":true,"href":"https:\/\/www.industrialwood.nl\/de\/wp-json\/wp\/v2\/product_tag?post=57789"},{"taxonomy":"seizoen","embeddable":true,"href":"https:\/\/www.industrialwood.nl\/de\/wp-json\/wp\/v2\/seizoen?post=57789"},{"taxonomy":"bloemensoort","embeddable":true,"href":"https:\/\/www.industrialwood.nl\/de\/wp-json\/wp\/v2\/bloemensoort?post=57789"},{"taxonomy":"samenstelling","embeddable":true,"href":"https:\/\/www.industrialwood.nl\/de\/wp-json\/wp\/v2\/samenstelling?post=57789"},{"taxonomy":"shop-per-kamer","embeddable":true,"href":"https:\/\/www.industrialwood.nl\/de\/wp-json\/wp\/v2\/shop-per-kamer?post=57789"},{"taxonomy":"indooroutdoor","embeddable":true,"href":"https:\/\/www.industrialwood.nl\/de\/wp-json\/wp\/v2\/indooroutdoor?post=57789"},{"taxonomy":"vorm","embeddable":true,"href":"https:\/\/www.industrialwood.nl\/de\/wp-json\/wp\/v2\/vorm?post=57789"},{"taxonomy":"duurzaam","embeddable":true,"href":"https:\/\/www.industrialwood.nl\/de\/wp-json\/wp\/v2\/duurzaam?post=57789"},{"taxonomy":"productafmetingen","embeddable":true,"href":"https:\/\/www.industrialwood.nl\/de\/wp-json\/wp\/v2\/productafmetingen?post=57789"},{"taxonomy":"stijl","embeddable":true,"href":"https:\/\/www.industrialwood.nl\/de\/wp-json\/wp\/v2\/stijl?post=57789"},{"taxonomy":"merk","embeddable":true,"href":"https:\/\/www.industrialwood.nl\/de\/wp-json\/wp\/v2\/merk?post=57789"},{"taxonomy":"materiaal","embeddable":true,"href":"https:\/\/www.industrialwood.nl\/de\/wp-json\/wp\/v2\/materiaal?post=57789"},{"taxonomy":"materiaal-schaaltje","embeddable":true,"href":"https:\/\/www.industrialwood.nl\/de\/wp-json\/wp\/v2\/materiaal-schaaltje?post=57789"},{"taxonomy":"geur","embeddable":true,"href":"https:\/\/www.industrialwood.nl\/de\/wp-json\/wp\/v2\/geur?post=57789"},{"taxonomy":"product-type","embeddable":true,"href":"https:\/\/www.industrialwood.nl\/de\/wp-json\/wp\/v2\/product-type?post=57789"},{"taxonomy":"beoordeling","embeddable":true,"href":"https:\/\/www.industrialwood.nl\/de\/wp-json\/wp\/v2\/beoordeling?post=57789"},{"taxonomy":"uitsparingen","embeddable":true,"href":"https:\/\/www.industrialwood.nl\/de\/wp-json\/wp\/v2\/uitsparingen?post=57789"},{"taxonomy":"houtsoort","embeddable":true,"href":"https:\/\/www.industrialwood.nl\/de\/wp-json\/wp\/v2\/houtsoort?post=57789"},{"taxonomy":"breedte","embeddable":true,"href":"https:\/\/www.industrialwood.nl\/de\/wp-json\/wp\/v2\/breedte?post=57789"},{"taxonomy":"badplanken-lengte","embeddable":true,"href":"https:\/\/www.industrialwood.nl\/de\/wp-json\/wp\/v2\/badplanken-lengte?post=57789"},{"taxonomy":"kleur","embeddable":true,"href":"https:\/\/www.industrialwood.nl\/de\/wp-json\/wp\/v2\/kleur?post=57789"}],"curies":[{"name":"wp","href":"https:\/\/api.w.org\/{rel}","templated":true}]}}