{"id":57704,"date":"2024-11-28T14:01:48","date_gmt":"2024-11-28T13:01:48","guid":{"rendered":"https:\/\/www.industrialwood.nl\/?post_type=product&#038;p=57704"},"modified":"2026-01-07T16:46:02","modified_gmt":"2026-01-07T15:46:02","slug":"kerzenleuchter-gegenwart-bauer-schwarz-l-kopie-2","status":"publish","type":"product","link":"https:\/\/www.industrialwood.nl\/de\/kerzenleuchter-gegenwart-bauer-schwarz-l-kopie-2\/","title":{"rendered":"Kerzenleuchter | Gegenwart | Bauer | Schokoladenbraun | L"},"content":{"rendered":"","protected":false},"excerpt":{"rendered":"<p><strong>G\u00dcNSTIG IM PREIS!  <\/strong>Sind Sie auf der Suche nach dem einen Must-Have, um Ihrer Einrichtung das gewisse Etwas zu verleihen? Dieser <strong>Kerzenhalter aus Glas<\/strong> in der Trendfarbe Schokoladenbraun von <strong>Present Time<\/strong> ist die perfekte Erg\u00e4nzung! Mit seinem eleganten Design und dem warmen braunen Farbton stehlen Sie Ihnen garantiert die Show. Er ist in zwei Gr\u00f6\u00dfen erh\u00e4ltlich. Kombinieren Sie ihn f\u00fcr einen verspielten und mehrschichtigen Effekt.   <\/p>\n<p>Egal, ob Sie sich f\u00fcr ein modernes, Boho oder skandinavisches Interieur entscheiden: dieser Kerzenst\u00e4nder passt immer. Stellen Sie ihn auf ein h\u00fcbsches Tablett, Ihren Esstisch oder in einen offenen Schrank und erzeugen Sie sofort eine stimmungsvolle Atmosph\u00e4re. Kombinieren Sie ihn mit einer rustikalen Kerze und voil\u00e0: sofortige Gem\u00fctlichkeit! Auch als originelles Geschenk geeignet. Verleihen Sie Ihrer Einrichtung ein trendiges Upgrade mit diesem Kerzenhalter aus Glas in Schokoladenbraun!    <\/p>\n<ul>\n<li>Erh\u00e4ltlich in 2 stilvollen Farben: <a href=\"https:\/\/www.industrialwood.nl\/kandelaar-present-time-pawn-zwart-l\/\" target=\"_blank\" rel=\"noopener\">Schwarz<\/a> und Schokoladenbraun, perfekt f\u00fcr jede Einrichtung<\/li>\n<li>Elegantes und zeitloses Design: Hergestellt aus hochwertigem Glas mit modernem Look<\/li>\n<\/ul>\n<p>&nbsp;<\/p>\n<p><strong>Ma\u00dfe<\/strong>: 11 x 30,5 cm<br \/>\n<strong>Material<\/strong>: Glas<br \/>\n<strong>Farbe<\/strong>: Schokoladenbraun (rauchiges Taupe)<\/p>\n","protected":false},"featured_media":57684,"comment_status":"open","ping_status":"closed","template":"","meta":[],"product_brand":[],"product_cat":[400,418,402,413,420,740,422,405,396,390],"product_tag":[],"seizoen":[543,545,544,546],"bloemensoort":[],"samenstelling":[],"shop-per-kamer":[552,549],"indooroutdoor":[555],"vorm":[563,557],"duurzaam":[565],"productafmetingen":[569],"stijl":[574,571,575,573,572],"merk":[599],"materiaal":[608],"materiaal-schaaltje":[],"geur":[],"product-type":[],"beoordeling":[640,641,642],"uitsparingen":[],"houtsoort":[],"breedte":[],"badplanken-lengte":[],"kleur":[663],"class_list":{"0":"post-57704","1":"product","2":"type-product","3":"status-publish","4":"has-post-thumbnail","6":"product_cat-boheme-wohnzimmer","7":"product_cat-hotel-chic-wohnzimmer","8":"product_cat-japandi-wohnzimmer","9":"product_cat-kerzenstander-kerzenleuchter","10":"product_cat-modernes-wohnzimmer","11":"product_cat-schwarzer-freitag-2","12":"product_cat-skandinavisches-wohnzimmer","13":"product_cat-verkauf","14":"product_cat-wohnzimmer","15":"product_cat-zuruck-zu-schwarz","16":"seizoen-lente-de","17":"seizoen-herfst-de","18":"seizoen-zomer-de","19":"seizoen-winter-de","20":"shop-per-kamer-hal-de","21":"shop-per-kamer-woonkamer-de","22":"indooroutdoor-indoor-de","23":"vorm-organisch-de","24":"vorm-rond-de","25":"duurzaam-ja-de","26":"productafmetingen-l-de","27":"stijl-bohemian-de","28":"stijl-hotel-chique-de","29":"stijl-japandi-de","30":"stijl-modern-de","31":"stijl-scandinavisch-de","32":"merk-present-time-de","33":"materiaal-glas-de","34":"beoordeling-three-star-de","35":"beoordeling-four-star-de","36":"beoordeling-five-star-de","37":"kleur-bruin-de","39":"first","40":"outofstock","41":"sale","42":"taxable","43":"shipping-taxable","44":"purchasable","45":"product-type-simple"},"supplier_id":null,"supplier_sku":"","barcode":null,"atum_controlled":true,"out_stock_date":"2026-01-23 20:15:54","out_stock_threshold":null,"inheritable":false,"inbound_stock":0,"stock_on_hold":0,"sold_today":0,"sales_last_days":0,"reserved_stock":0,"customer_returns":0,"warehouse_damage":0,"lost_in_post":0,"other_logs":0,"out_stock_days":45,"lost_sales":0,"has_location":false,"update_date":"2026-03-10T01:36:23","atum_locations":[],"atum_stock_status":"outofstock","restock_status":false,"low_stock_amount":"","sales_update_date":"2026-03-10T01:36:23","calc_backorders":null,"_links":{"self":[{"href":"https:\/\/www.industrialwood.nl\/de\/wp-json\/wp\/v2\/product\/57704","targetHints":{"allow":["GET"]}}],"collection":[{"href":"https:\/\/www.industrialwood.nl\/de\/wp-json\/wp\/v2\/product"}],"about":[{"href":"https:\/\/www.industrialwood.nl\/de\/wp-json\/wp\/v2\/types\/product"}],"replies":[{"embeddable":true,"href":"https:\/\/www.industrialwood.nl\/de\/wp-json\/wp\/v2\/comments?post=57704"}],"wp:featuredmedia":[{"embeddable":true,"href":"https:\/\/www.industrialwood.nl\/de\/wp-json\/wp\/v2\/media\/57684"}],"wp:attachment":[{"href":"https:\/\/www.industrialwood.nl\/de\/wp-json\/wp\/v2\/media?parent=57704"}],"wp:term":[{"taxonomy":"product_brand","embeddable":true,"href":"https:\/\/www.industrialwood.nl\/de\/wp-json\/wp\/v2\/product_brand?post=57704"},{"taxonomy":"product_cat","embeddable":true,"href":"https:\/\/www.industrialwood.nl\/de\/wp-json\/wp\/v2\/product_cat?post=57704"},{"taxonomy":"product_tag","embeddable":true,"href":"https:\/\/www.industrialwood.nl\/de\/wp-json\/wp\/v2\/product_tag?post=57704"},{"taxonomy":"seizoen","embeddable":true,"href":"https:\/\/www.industrialwood.nl\/de\/wp-json\/wp\/v2\/seizoen?post=57704"},{"taxonomy":"bloemensoort","embeddable":true,"href":"https:\/\/www.industrialwood.nl\/de\/wp-json\/wp\/v2\/bloemensoort?post=57704"},{"taxonomy":"samenstelling","embeddable":true,"href":"https:\/\/www.industrialwood.nl\/de\/wp-json\/wp\/v2\/samenstelling?post=57704"},{"taxonomy":"shop-per-kamer","embeddable":true,"href":"https:\/\/www.industrialwood.nl\/de\/wp-json\/wp\/v2\/shop-per-kamer?post=57704"},{"taxonomy":"indooroutdoor","embeddable":true,"href":"https:\/\/www.industrialwood.nl\/de\/wp-json\/wp\/v2\/indooroutdoor?post=57704"},{"taxonomy":"vorm","embeddable":true,"href":"https:\/\/www.industrialwood.nl\/de\/wp-json\/wp\/v2\/vorm?post=57704"},{"taxonomy":"duurzaam","embeddable":true,"href":"https:\/\/www.industrialwood.nl\/de\/wp-json\/wp\/v2\/duurzaam?post=57704"},{"taxonomy":"productafmetingen","embeddable":true,"href":"https:\/\/www.industrialwood.nl\/de\/wp-json\/wp\/v2\/productafmetingen?post=57704"},{"taxonomy":"stijl","embeddable":true,"href":"https:\/\/www.industrialwood.nl\/de\/wp-json\/wp\/v2\/stijl?post=57704"},{"taxonomy":"merk","embeddable":true,"href":"https:\/\/www.industrialwood.nl\/de\/wp-json\/wp\/v2\/merk?post=57704"},{"taxonomy":"materiaal","embeddable":true,"href":"https:\/\/www.industrialwood.nl\/de\/wp-json\/wp\/v2\/materiaal?post=57704"},{"taxonomy":"materiaal-schaaltje","embeddable":true,"href":"https:\/\/www.industrialwood.nl\/de\/wp-json\/wp\/v2\/materiaal-schaaltje?post=57704"},{"taxonomy":"geur","embeddable":true,"href":"https:\/\/www.industrialwood.nl\/de\/wp-json\/wp\/v2\/geur?post=57704"},{"taxonomy":"product-type","embeddable":true,"href":"https:\/\/www.industrialwood.nl\/de\/wp-json\/wp\/v2\/product-type?post=57704"},{"taxonomy":"beoordeling","embeddable":true,"href":"https:\/\/www.industrialwood.nl\/de\/wp-json\/wp\/v2\/beoordeling?post=57704"},{"taxonomy":"uitsparingen","embeddable":true,"href":"https:\/\/www.industrialwood.nl\/de\/wp-json\/wp\/v2\/uitsparingen?post=57704"},{"taxonomy":"houtsoort","embeddable":true,"href":"https:\/\/www.industrialwood.nl\/de\/wp-json\/wp\/v2\/houtsoort?post=57704"},{"taxonomy":"breedte","embeddable":true,"href":"https:\/\/www.industrialwood.nl\/de\/wp-json\/wp\/v2\/breedte?post=57704"},{"taxonomy":"badplanken-lengte","embeddable":true,"href":"https:\/\/www.industrialwood.nl\/de\/wp-json\/wp\/v2\/badplanken-lengte?post=57704"},{"taxonomy":"kleur","embeddable":true,"href":"https:\/\/www.industrialwood.nl\/de\/wp-json\/wp\/v2\/kleur?post=57704"}],"curies":[{"name":"wp","href":"https:\/\/api.w.org\/{rel}","templated":true}]}}