{"id":57702,"date":"2024-11-28T13:56:53","date_gmt":"2024-11-28T12:56:53","guid":{"rendered":"https:\/\/www.industrialwood.nl\/?post_type=product&#038;p=57702"},"modified":"2025-02-18T08:55:11","modified_gmt":"2025-02-18T07:55:11","slug":"kerzenleuchter-gegenwart-bauer-schwarz-xl-kopie","status":"publish","type":"product","link":"https:\/\/www.industrialwood.nl\/de\/kerzenleuchter-gegenwart-bauer-schwarz-xl-kopie\/","title":{"rendered":"Kerzenleuchter | Gegenwart | Bauer | Schokoladenbraun | XL"},"content":{"rendered":"","protected":false},"excerpt":{"rendered":"<p><strong>G\u00dcNSTIG IM PREIS!  <\/strong>M\u00f6chten Sie Ihrer Einrichtung einen warmen und stilvollen Touch verleihen? Dann ist dieser <strong>Glas-Kerzenhalter<\/strong> in der Trendfarbe Schokoladenbraun von <strong>Present Time<\/strong> genau das Richtige f\u00fcr Sie! Die luxuri\u00f6sen Glaswaren und das elegante Design machen ihn zu einem echten Blickfang in jedem Raum. Er ist in zwei Gr\u00f6\u00dfen erh\u00e4ltlich, die sich perfekt f\u00fcr einen verspielten Effekt kombinieren lassen. Dieser Kerzenhalter passt wunderbar zu modernen, skandinavischen und Boho-Einrichtungen. Verwenden Sie ihn mit einer Kerze f\u00fcr eine gem\u00fctliche Atmosph\u00e4re oder stellen Sie ihn als Dekoration in Ihren Schrank, auf den Tisch oder auf ein Tablett. Der tiefbraune Farbton verleiht W\u00e4rme und vervollst\u00e4ndigt Ihr Styling. Auch eine tolle Geschenkidee!   <\/p>\n<ul>\n<li>Erh\u00e4ltlich in 2 stilvollen Farben: <a href=\"https:\/\/www.industrialwood.nl\/kandelaar-present-time-pawn-zwart-xl\/\">Schwarz<\/a> und Schokoladenbraun, perfekt f\u00fcr jede Einrichtung<\/li>\n<li>Auch in einer passenden kleineren L-Variante erh\u00e4ltlich<\/li>\n<li>Elegantes und zeitloses Design: Aus hochwertigem Glas mit organischer Optik<\/li>\n<\/ul>\n<p>&nbsp;<\/p>\n<p><strong>Abmessungen<\/strong>: 11 x 39 cm<br \/>\n<strong>Material<\/strong>: Glas<br \/>\n<strong>Farbe<\/strong>: Schokoladenbraun (rauchiges Taupe)<\/p>\n","protected":false},"featured_media":57678,"comment_status":"open","ping_status":"closed","template":"","meta":[],"product_brand":[],"product_cat":[400,418,402,413,420,395,422,396],"product_tag":[],"seizoen":[543,545,544,546],"bloemensoort":[],"samenstelling":[],"shop-per-kamer":[552,549],"indooroutdoor":[555],"vorm":[563,557],"duurzaam":[565],"productafmetingen":[570],"stijl":[574,571,575,573,572],"merk":[599],"materiaal":[608],"materiaal-schaaltje":[],"geur":[],"product-type":[],"beoordeling":[640,641,642],"uitsparingen":[],"houtsoort":[],"breedte":[],"badplanken-lengte":[],"kleur":[663],"class_list":{"0":"post-57702","1":"product","2":"type-product","3":"status-publish","4":"has-post-thumbnail","6":"product_cat-boheme-wohnzimmer","7":"product_cat-hotel-chic-wohnzimmer","8":"product_cat-japandi-wohnzimmer","9":"product_cat-kerzenstander-kerzenleuchter","10":"product_cat-modernes-wohnzimmer","11":"product_cat-naturliche-tone","12":"product_cat-skandinavisches-wohnzimmer","13":"product_cat-wohnzimmer","14":"seizoen-lente-de","15":"seizoen-herfst-de","16":"seizoen-zomer-de","17":"seizoen-winter-de","18":"shop-per-kamer-hal-de","19":"shop-per-kamer-woonkamer-de","20":"indooroutdoor-indoor-de","21":"vorm-organisch-de","22":"vorm-rond-de","23":"duurzaam-ja-de","24":"productafmetingen-xl-de","25":"stijl-bohemian-de","26":"stijl-hotel-chique-de","27":"stijl-japandi-de","28":"stijl-modern-de","29":"stijl-scandinavisch-de","30":"merk-present-time-de","31":"materiaal-glas-de","32":"beoordeling-three-star-de","33":"beoordeling-four-star-de","34":"beoordeling-five-star-de","35":"kleur-bruin-de","37":"first","38":"outofstock","39":"taxable","40":"shipping-taxable","41":"purchasable","42":"product-type-simple"},"supplier_id":null,"supplier_sku":"","barcode":null,"atum_controlled":true,"out_stock_date":"2025-05-25 16:23:04","out_stock_threshold":null,"inheritable":false,"inbound_stock":0,"stock_on_hold":0,"sold_today":0,"sales_last_days":0,"reserved_stock":0,"customer_returns":0,"warehouse_damage":0,"lost_in_post":0,"other_logs":0,"out_stock_days":288,"lost_sales":0,"has_location":false,"update_date":"2026-03-10T01:36:07","atum_locations":[],"atum_stock_status":"outofstock","restock_status":false,"low_stock_amount":"","sales_update_date":"2026-03-10T01:36:07","calc_backorders":null,"_links":{"self":[{"href":"https:\/\/www.industrialwood.nl\/de\/wp-json\/wp\/v2\/product\/57702","targetHints":{"allow":["GET"]}}],"collection":[{"href":"https:\/\/www.industrialwood.nl\/de\/wp-json\/wp\/v2\/product"}],"about":[{"href":"https:\/\/www.industrialwood.nl\/de\/wp-json\/wp\/v2\/types\/product"}],"replies":[{"embeddable":true,"href":"https:\/\/www.industrialwood.nl\/de\/wp-json\/wp\/v2\/comments?post=57702"}],"wp:featuredmedia":[{"embeddable":true,"href":"https:\/\/www.industrialwood.nl\/de\/wp-json\/wp\/v2\/media\/57678"}],"wp:attachment":[{"href":"https:\/\/www.industrialwood.nl\/de\/wp-json\/wp\/v2\/media?parent=57702"}],"wp:term":[{"taxonomy":"product_brand","embeddable":true,"href":"https:\/\/www.industrialwood.nl\/de\/wp-json\/wp\/v2\/product_brand?post=57702"},{"taxonomy":"product_cat","embeddable":true,"href":"https:\/\/www.industrialwood.nl\/de\/wp-json\/wp\/v2\/product_cat?post=57702"},{"taxonomy":"product_tag","embeddable":true,"href":"https:\/\/www.industrialwood.nl\/de\/wp-json\/wp\/v2\/product_tag?post=57702"},{"taxonomy":"seizoen","embeddable":true,"href":"https:\/\/www.industrialwood.nl\/de\/wp-json\/wp\/v2\/seizoen?post=57702"},{"taxonomy":"bloemensoort","embeddable":true,"href":"https:\/\/www.industrialwood.nl\/de\/wp-json\/wp\/v2\/bloemensoort?post=57702"},{"taxonomy":"samenstelling","embeddable":true,"href":"https:\/\/www.industrialwood.nl\/de\/wp-json\/wp\/v2\/samenstelling?post=57702"},{"taxonomy":"shop-per-kamer","embeddable":true,"href":"https:\/\/www.industrialwood.nl\/de\/wp-json\/wp\/v2\/shop-per-kamer?post=57702"},{"taxonomy":"indooroutdoor","embeddable":true,"href":"https:\/\/www.industrialwood.nl\/de\/wp-json\/wp\/v2\/indooroutdoor?post=57702"},{"taxonomy":"vorm","embeddable":true,"href":"https:\/\/www.industrialwood.nl\/de\/wp-json\/wp\/v2\/vorm?post=57702"},{"taxonomy":"duurzaam","embeddable":true,"href":"https:\/\/www.industrialwood.nl\/de\/wp-json\/wp\/v2\/duurzaam?post=57702"},{"taxonomy":"productafmetingen","embeddable":true,"href":"https:\/\/www.industrialwood.nl\/de\/wp-json\/wp\/v2\/productafmetingen?post=57702"},{"taxonomy":"stijl","embeddable":true,"href":"https:\/\/www.industrialwood.nl\/de\/wp-json\/wp\/v2\/stijl?post=57702"},{"taxonomy":"merk","embeddable":true,"href":"https:\/\/www.industrialwood.nl\/de\/wp-json\/wp\/v2\/merk?post=57702"},{"taxonomy":"materiaal","embeddable":true,"href":"https:\/\/www.industrialwood.nl\/de\/wp-json\/wp\/v2\/materiaal?post=57702"},{"taxonomy":"materiaal-schaaltje","embeddable":true,"href":"https:\/\/www.industrialwood.nl\/de\/wp-json\/wp\/v2\/materiaal-schaaltje?post=57702"},{"taxonomy":"geur","embeddable":true,"href":"https:\/\/www.industrialwood.nl\/de\/wp-json\/wp\/v2\/geur?post=57702"},{"taxonomy":"product-type","embeddable":true,"href":"https:\/\/www.industrialwood.nl\/de\/wp-json\/wp\/v2\/product-type?post=57702"},{"taxonomy":"beoordeling","embeddable":true,"href":"https:\/\/www.industrialwood.nl\/de\/wp-json\/wp\/v2\/beoordeling?post=57702"},{"taxonomy":"uitsparingen","embeddable":true,"href":"https:\/\/www.industrialwood.nl\/de\/wp-json\/wp\/v2\/uitsparingen?post=57702"},{"taxonomy":"houtsoort","embeddable":true,"href":"https:\/\/www.industrialwood.nl\/de\/wp-json\/wp\/v2\/houtsoort?post=57702"},{"taxonomy":"breedte","embeddable":true,"href":"https:\/\/www.industrialwood.nl\/de\/wp-json\/wp\/v2\/breedte?post=57702"},{"taxonomy":"badplanken-lengte","embeddable":true,"href":"https:\/\/www.industrialwood.nl\/de\/wp-json\/wp\/v2\/badplanken-lengte?post=57702"},{"taxonomy":"kleur","embeddable":true,"href":"https:\/\/www.industrialwood.nl\/de\/wp-json\/wp\/v2\/kleur?post=57702"}],"curies":[{"name":"wp","href":"https:\/\/api.w.org\/{rel}","templated":true}]}}