{"id":56824,"date":"2024-11-16T23:21:12","date_gmt":"2024-11-16T22:21:12","guid":{"rendered":"https:\/\/www.industrialwood.nl\/amsterdam-house-cato-led-sparkle-champagne\/"},"modified":"2026-01-12T11:26:37","modified_gmt":"2026-01-12T10:26:37","slug":"amsterdam-house-cato-led-sparkle-champagne","status":"publish","type":"product","link":"https:\/\/www.industrialwood.nl\/de\/amsterdam-house-cato-led-sparkle-champagne\/","title":{"rendered":"Amsterdam House | Cato | LED | Sparkle Champagne"},"content":{"rendered":"","protected":false},"excerpt":{"rendered":"<p><strong>LIMITED EDITION \u2728<br \/>\n<\/strong>Holen Sie sich den Zauber von Amsterdam in Ihr Zuhause mit diesem einzigartigen <strong>Deko-Haus<\/strong>! Mit einem funkelnden <strong>, champagnerfarbenen<\/strong> Glitzerdach und warmen <strong>LED-Lichtern<\/strong> ist dieses H\u00e4uschen ein echter Blickfang in Ihrer Weihnachtsdekoration. Stellen Sie es auf Ihre Fensterbank, Ihren Tisch oder neben Ihre Weihnachtsdekoration und lassen Sie die gem\u00fctlichen Lichter durch die kleinen Fenster leuchten. Erh\u00e4ltlich in 2 Varianten, so dass Sie Ihre eigene kleine Kanalhaus-Kollektion zusammenstellen k\u00f6nnen. Dieses H\u00e4uschen ist nicht nur eine stimmungsvolle Erg\u00e4nzung f\u00fcr Ihre eigene Einrichtung, sondern auch ein tolles <strong>Geschenk<\/strong>, mit dem Sie jemanden \u00fcberraschen k\u00f6nnen.   <\/p>\n<ul>\n<li>Glitzerndes champagnerfarbenes Glitzerdach f\u00fcr einen luxuri\u00f6sen Look<\/li>\n<li>Auch in der <a href=\"https:\/\/www.industrialwood.nl\/amsterdams-huisje-loes-led-sparkle-champagne\/\"> Variante &#8216;Loes&#8217;<\/a> erh\u00e4ltlich<\/li>\n<li>Inkl. batteriebetriebener LED-Beleuchtung <\/li>\n<\/ul>\n<p>&nbsp;<\/p>\n<p><em>Diese Amsterdamer H\u00e4user sind <strong>in limitierter Auflage erh\u00e4ltlich<\/strong>, also weg = weg! Warten Sie nicht zu lange und holen Sie sich Ihr Schmuckst\u00fcck, bevor sie weg sind. <\/em><\/p>\n<p><strong>Ma\u00dfe<\/strong>: 7,5 x 6,5 x 18 cm<br \/>\n<strong>Material<\/strong>: Keramik<br \/>\n<strong>Farbe<\/strong>: Wei\u00df | Funkelndes Champagner<\/p>\n","protected":false},"featured_media":56785,"comment_status":"open","ping_status":"closed","template":"","meta":[],"product_brand":[],"product_cat":[400,686,418,402,424,420,395,391,422,531,396],"product_tag":[],"seizoen":[543,545,544,546],"bloemensoort":[],"samenstelling":[],"shop-per-kamer":[552,549],"indooroutdoor":[555],"vorm":[562,560,561],"duurzaam":[565],"productafmetingen":[569,568,567],"stijl":[574,571,575,573,572],"merk":[576],"materiaal":[611],"materiaal-schaaltje":[],"geur":[],"product-type":[],"beoordeling":[640,641,642],"uitsparingen":[],"houtsoort":[],"breedte":[],"badplanken-lengte":[],"kleur":[661,659],"class_list":{"0":"post-56824","1":"product","2":"type-product","3":"status-publish","4":"has-post-thumbnail","6":"product_cat-boheme-wohnzimmer","7":"product_cat-geschenk","8":"product_cat-hotel-chic-wohnzimmer","9":"product_cat-japandi-wohnzimmer","10":"product_cat-landwohnzimmer","11":"product_cat-modernes-wohnzimmer","12":"product_cat-naturliche-tone","13":"product_cat-ornamente","14":"product_cat-skandinavisches-wohnzimmer","15":"product_cat-weihnachten","16":"product_cat-wohnzimmer","17":"seizoen-lente-de","18":"seizoen-herfst-de","19":"seizoen-zomer-de","20":"seizoen-winter-de","21":"shop-per-kamer-hal-de","22":"shop-per-kamer-woonkamer-de","23":"indooroutdoor-indoor-de","24":"vorm-recht-de","25":"vorm-vierkant-de","26":"vorm-rechthoek-de","27":"duurzaam-ja-de","28":"productafmetingen-l-de","29":"productafmetingen-m-de","30":"productafmetingen-s-de","31":"stijl-bohemian-de","32":"stijl-hotel-chique-de","33":"stijl-japandi-de","34":"stijl-modern-de","35":"stijl-scandinavisch-de","36":"merk-industrialwood-de","37":"materiaal-keramiek-de","38":"beoordeling-three-star-de","39":"beoordeling-four-star-de","40":"beoordeling-five-star-de","41":"kleur-champagne-de","42":"kleur-wit-de","44":"first","45":"instock","46":"taxable","47":"shipping-taxable","48":"purchasable","49":"product-type-simple"},"supplier_id":null,"supplier_sku":"","barcode":null,"atum_controlled":true,"out_stock_date":null,"out_stock_threshold":null,"inheritable":false,"inbound_stock":0,"stock_on_hold":0,"sold_today":0,"sales_last_days":0,"reserved_stock":0,"customer_returns":0,"warehouse_damage":0,"lost_in_post":0,"other_logs":0,"out_stock_days":0,"lost_sales":0,"has_location":false,"update_date":"2026-04-18T15:34:36","atum_locations":[],"atum_stock_status":"instock","restock_status":false,"low_stock_amount":"","sales_update_date":"2026-04-18T15:34:36","calc_backorders":null,"_links":{"self":[{"href":"https:\/\/www.industrialwood.nl\/de\/wp-json\/wp\/v2\/product\/56824","targetHints":{"allow":["GET"]}}],"collection":[{"href":"https:\/\/www.industrialwood.nl\/de\/wp-json\/wp\/v2\/product"}],"about":[{"href":"https:\/\/www.industrialwood.nl\/de\/wp-json\/wp\/v2\/types\/product"}],"replies":[{"embeddable":true,"href":"https:\/\/www.industrialwood.nl\/de\/wp-json\/wp\/v2\/comments?post=56824"}],"wp:featuredmedia":[{"embeddable":true,"href":"https:\/\/www.industrialwood.nl\/de\/wp-json\/wp\/v2\/media\/56785"}],"wp:attachment":[{"href":"https:\/\/www.industrialwood.nl\/de\/wp-json\/wp\/v2\/media?parent=56824"}],"wp:term":[{"taxonomy":"product_brand","embeddable":true,"href":"https:\/\/www.industrialwood.nl\/de\/wp-json\/wp\/v2\/product_brand?post=56824"},{"taxonomy":"product_cat","embeddable":true,"href":"https:\/\/www.industrialwood.nl\/de\/wp-json\/wp\/v2\/product_cat?post=56824"},{"taxonomy":"product_tag","embeddable":true,"href":"https:\/\/www.industrialwood.nl\/de\/wp-json\/wp\/v2\/product_tag?post=56824"},{"taxonomy":"seizoen","embeddable":true,"href":"https:\/\/www.industrialwood.nl\/de\/wp-json\/wp\/v2\/seizoen?post=56824"},{"taxonomy":"bloemensoort","embeddable":true,"href":"https:\/\/www.industrialwood.nl\/de\/wp-json\/wp\/v2\/bloemensoort?post=56824"},{"taxonomy":"samenstelling","embeddable":true,"href":"https:\/\/www.industrialwood.nl\/de\/wp-json\/wp\/v2\/samenstelling?post=56824"},{"taxonomy":"shop-per-kamer","embeddable":true,"href":"https:\/\/www.industrialwood.nl\/de\/wp-json\/wp\/v2\/shop-per-kamer?post=56824"},{"taxonomy":"indooroutdoor","embeddable":true,"href":"https:\/\/www.industrialwood.nl\/de\/wp-json\/wp\/v2\/indooroutdoor?post=56824"},{"taxonomy":"vorm","embeddable":true,"href":"https:\/\/www.industrialwood.nl\/de\/wp-json\/wp\/v2\/vorm?post=56824"},{"taxonomy":"duurzaam","embeddable":true,"href":"https:\/\/www.industrialwood.nl\/de\/wp-json\/wp\/v2\/duurzaam?post=56824"},{"taxonomy":"productafmetingen","embeddable":true,"href":"https:\/\/www.industrialwood.nl\/de\/wp-json\/wp\/v2\/productafmetingen?post=56824"},{"taxonomy":"stijl","embeddable":true,"href":"https:\/\/www.industrialwood.nl\/de\/wp-json\/wp\/v2\/stijl?post=56824"},{"taxonomy":"merk","embeddable":true,"href":"https:\/\/www.industrialwood.nl\/de\/wp-json\/wp\/v2\/merk?post=56824"},{"taxonomy":"materiaal","embeddable":true,"href":"https:\/\/www.industrialwood.nl\/de\/wp-json\/wp\/v2\/materiaal?post=56824"},{"taxonomy":"materiaal-schaaltje","embeddable":true,"href":"https:\/\/www.industrialwood.nl\/de\/wp-json\/wp\/v2\/materiaal-schaaltje?post=56824"},{"taxonomy":"geur","embeddable":true,"href":"https:\/\/www.industrialwood.nl\/de\/wp-json\/wp\/v2\/geur?post=56824"},{"taxonomy":"product-type","embeddable":true,"href":"https:\/\/www.industrialwood.nl\/de\/wp-json\/wp\/v2\/product-type?post=56824"},{"taxonomy":"beoordeling","embeddable":true,"href":"https:\/\/www.industrialwood.nl\/de\/wp-json\/wp\/v2\/beoordeling?post=56824"},{"taxonomy":"uitsparingen","embeddable":true,"href":"https:\/\/www.industrialwood.nl\/de\/wp-json\/wp\/v2\/uitsparingen?post=56824"},{"taxonomy":"houtsoort","embeddable":true,"href":"https:\/\/www.industrialwood.nl\/de\/wp-json\/wp\/v2\/houtsoort?post=56824"},{"taxonomy":"breedte","embeddable":true,"href":"https:\/\/www.industrialwood.nl\/de\/wp-json\/wp\/v2\/breedte?post=56824"},{"taxonomy":"badplanken-lengte","embeddable":true,"href":"https:\/\/www.industrialwood.nl\/de\/wp-json\/wp\/v2\/badplanken-lengte?post=56824"},{"taxonomy":"kleur","embeddable":true,"href":"https:\/\/www.industrialwood.nl\/de\/wp-json\/wp\/v2\/kleur?post=56824"}],"curies":[{"name":"wp","href":"https:\/\/api.w.org\/{rel}","templated":true}]}}