{"id":56661,"date":"2024-11-14T11:51:05","date_gmt":"2024-11-14T10:51:05","guid":{"rendered":"https:\/\/www.industrialwood.nl\/vase-sarai-roya-s\/"},"modified":"2026-03-29T11:27:18","modified_gmt":"2026-03-29T09:27:18","slug":"vase-sarai-roya-s","status":"publish","type":"product","link":"https:\/\/www.industrialwood.nl\/de\/vase-sarai-roya-s\/","title":{"rendered":"Vase | Roya | Beige | M"},"content":{"rendered":"","protected":false},"excerpt":{"rendered":"<p>Verleihen Sie Ihrer Einrichtung einen raffinierten, modernen Look mit der <strong>beigen Vase Roya<\/strong>! Diese elegante, l\u00e4ngliche Vase besticht durch ihre dezenten Streifen und ihre zeitlose Form. Roya ist aus hochwertiger Keramik gefertigt und in zwei Gr\u00f6\u00dfen erh\u00e4ltlich. Sie bietet die perfekte Kombination aus Stil und Vielseitigkeit. Stellen Sie diese Vase mit ein paar dekorativen Zweigen auf oder lassen Sie sie solo als echten Blickfang erstrahlen. Mit ihrem ruhigen Beigeton und den stilvollen Linien passt die Vase Roya m\u00fchelos zu jedem Wohnstil, von minimalistisch bis hin zum Boh\u00e8me-Chic. Kombinieren Sie beide Gr\u00f6\u00dfen f\u00fcr einen verspielten Effekt oder lassen Sie eine Vase auf einem Sideboard, Couchtisch oder Fensterbrett erstrahlen.    <\/p>\n<p><strong>Merkmale<\/strong>:<\/p>\n<ul>\n<li>Hergestellt aus hochwertiger Keramik f\u00fcr ein luxuri\u00f6ses Aussehen<\/li>\n<li>Auch in einer S- und <a href=\"https:\/\/www.industrialwood.nl\/vaas-roya-beige-l\/\">L-Variante<\/a> erh\u00e4ltlich<\/li>\n<li>Stilvolles Beige, das zu jedem Wohnstil passt<\/li>\n<\/ul>\n<p>&nbsp;<\/p>\n<p><strong>Abmessungen<\/strong>: 12 x 12 x 33,5<br \/>\n<strong>Material<\/strong>: T\u00f6pferei<br \/>\n<strong>Farbe<\/strong>: Beige<\/p>\n","protected":false},"featured_media":56656,"comment_status":"open","ping_status":"closed","template":"","meta":[],"product_brand":[],"product_cat":[400,418,402,424,420,395,422,387,396],"product_tag":[],"seizoen":[543,545,544,546],"bloemensoort":[],"samenstelling":[],"shop-per-kamer":[552,549],"indooroutdoor":[555],"vorm":[563,557],"duurzaam":[565],"productafmetingen":[568],"stijl":[574,571,575,573,572],"merk":[576],"materiaal":[611],"materiaal-schaaltje":[],"geur":[],"product-type":[],"beoordeling":[640,641,642],"uitsparingen":[],"houtsoort":[],"breedte":[],"badplanken-lengte":[],"kleur":[657],"class_list":{"0":"post-56661","1":"product","2":"type-product","3":"status-publish","4":"has-post-thumbnail","6":"product_cat-boheme-wohnzimmer","7":"product_cat-hotel-chic-wohnzimmer","8":"product_cat-japandi-wohnzimmer","9":"product_cat-landwohnzimmer","10":"product_cat-modernes-wohnzimmer","11":"product_cat-naturliche-tone","12":"product_cat-skandinavisches-wohnzimmer","13":"product_cat-vasen-topfe","14":"product_cat-wohnzimmer","15":"seizoen-lente-de","16":"seizoen-herfst-de","17":"seizoen-zomer-de","18":"seizoen-winter-de","19":"shop-per-kamer-hal-de","20":"shop-per-kamer-woonkamer-de","21":"indooroutdoor-indoor-de","22":"vorm-organisch-de","23":"vorm-rond-de","24":"duurzaam-ja-de","25":"productafmetingen-m-de","26":"stijl-bohemian-de","27":"stijl-hotel-chique-de","28":"stijl-japandi-de","29":"stijl-modern-de","30":"stijl-scandinavisch-de","31":"merk-industrialwood-de","32":"materiaal-keramiek-de","33":"beoordeling-three-star-de","34":"beoordeling-four-star-de","35":"beoordeling-five-star-de","36":"kleur-beige-de","38":"first","39":"instock","40":"taxable","41":"shipping-taxable","42":"purchasable","43":"product-type-simple"},"supplier_id":null,"supplier_sku":"","barcode":null,"atum_controlled":true,"out_stock_date":null,"out_stock_threshold":null,"inheritable":false,"inbound_stock":0,"stock_on_hold":1,"sold_today":0,"sales_last_days":7,"reserved_stock":0,"customer_returns":0,"warehouse_damage":0,"lost_in_post":0,"other_logs":0,"out_stock_days":0,"lost_sales":0,"has_location":false,"update_date":"2026-04-18T08:10:32","atum_locations":[],"atum_stock_status":"instock","restock_status":true,"low_stock_amount":"","sales_update_date":"2026-04-18T08:10:32","calc_backorders":null,"_links":{"self":[{"href":"https:\/\/www.industrialwood.nl\/de\/wp-json\/wp\/v2\/product\/56661","targetHints":{"allow":["GET"]}}],"collection":[{"href":"https:\/\/www.industrialwood.nl\/de\/wp-json\/wp\/v2\/product"}],"about":[{"href":"https:\/\/www.industrialwood.nl\/de\/wp-json\/wp\/v2\/types\/product"}],"replies":[{"embeddable":true,"href":"https:\/\/www.industrialwood.nl\/de\/wp-json\/wp\/v2\/comments?post=56661"}],"wp:featuredmedia":[{"embeddable":true,"href":"https:\/\/www.industrialwood.nl\/de\/wp-json\/wp\/v2\/media\/56656"}],"wp:attachment":[{"href":"https:\/\/www.industrialwood.nl\/de\/wp-json\/wp\/v2\/media?parent=56661"}],"wp:term":[{"taxonomy":"product_brand","embeddable":true,"href":"https:\/\/www.industrialwood.nl\/de\/wp-json\/wp\/v2\/product_brand?post=56661"},{"taxonomy":"product_cat","embeddable":true,"href":"https:\/\/www.industrialwood.nl\/de\/wp-json\/wp\/v2\/product_cat?post=56661"},{"taxonomy":"product_tag","embeddable":true,"href":"https:\/\/www.industrialwood.nl\/de\/wp-json\/wp\/v2\/product_tag?post=56661"},{"taxonomy":"seizoen","embeddable":true,"href":"https:\/\/www.industrialwood.nl\/de\/wp-json\/wp\/v2\/seizoen?post=56661"},{"taxonomy":"bloemensoort","embeddable":true,"href":"https:\/\/www.industrialwood.nl\/de\/wp-json\/wp\/v2\/bloemensoort?post=56661"},{"taxonomy":"samenstelling","embeddable":true,"href":"https:\/\/www.industrialwood.nl\/de\/wp-json\/wp\/v2\/samenstelling?post=56661"},{"taxonomy":"shop-per-kamer","embeddable":true,"href":"https:\/\/www.industrialwood.nl\/de\/wp-json\/wp\/v2\/shop-per-kamer?post=56661"},{"taxonomy":"indooroutdoor","embeddable":true,"href":"https:\/\/www.industrialwood.nl\/de\/wp-json\/wp\/v2\/indooroutdoor?post=56661"},{"taxonomy":"vorm","embeddable":true,"href":"https:\/\/www.industrialwood.nl\/de\/wp-json\/wp\/v2\/vorm?post=56661"},{"taxonomy":"duurzaam","embeddable":true,"href":"https:\/\/www.industrialwood.nl\/de\/wp-json\/wp\/v2\/duurzaam?post=56661"},{"taxonomy":"productafmetingen","embeddable":true,"href":"https:\/\/www.industrialwood.nl\/de\/wp-json\/wp\/v2\/productafmetingen?post=56661"},{"taxonomy":"stijl","embeddable":true,"href":"https:\/\/www.industrialwood.nl\/de\/wp-json\/wp\/v2\/stijl?post=56661"},{"taxonomy":"merk","embeddable":true,"href":"https:\/\/www.industrialwood.nl\/de\/wp-json\/wp\/v2\/merk?post=56661"},{"taxonomy":"materiaal","embeddable":true,"href":"https:\/\/www.industrialwood.nl\/de\/wp-json\/wp\/v2\/materiaal?post=56661"},{"taxonomy":"materiaal-schaaltje","embeddable":true,"href":"https:\/\/www.industrialwood.nl\/de\/wp-json\/wp\/v2\/materiaal-schaaltje?post=56661"},{"taxonomy":"geur","embeddable":true,"href":"https:\/\/www.industrialwood.nl\/de\/wp-json\/wp\/v2\/geur?post=56661"},{"taxonomy":"product-type","embeddable":true,"href":"https:\/\/www.industrialwood.nl\/de\/wp-json\/wp\/v2\/product-type?post=56661"},{"taxonomy":"beoordeling","embeddable":true,"href":"https:\/\/www.industrialwood.nl\/de\/wp-json\/wp\/v2\/beoordeling?post=56661"},{"taxonomy":"uitsparingen","embeddable":true,"href":"https:\/\/www.industrialwood.nl\/de\/wp-json\/wp\/v2\/uitsparingen?post=56661"},{"taxonomy":"houtsoort","embeddable":true,"href":"https:\/\/www.industrialwood.nl\/de\/wp-json\/wp\/v2\/houtsoort?post=56661"},{"taxonomy":"breedte","embeddable":true,"href":"https:\/\/www.industrialwood.nl\/de\/wp-json\/wp\/v2\/breedte?post=56661"},{"taxonomy":"badplanken-lengte","embeddable":true,"href":"https:\/\/www.industrialwood.nl\/de\/wp-json\/wp\/v2\/badplanken-lengte?post=56661"},{"taxonomy":"kleur","embeddable":true,"href":"https:\/\/www.industrialwood.nl\/de\/wp-json\/wp\/v2\/kleur?post=56661"}],"curies":[{"name":"wp","href":"https:\/\/api.w.org\/{rel}","templated":true}]}}