{"id":55727,"date":"2024-10-27T15:29:05","date_gmt":"2024-10-27T14:29:05","guid":{"rendered":"https:\/\/www.industrialwood.nl\/weihnachtskugel-papier-ornament-sparkle-beige\/"},"modified":"2025-10-27T15:29:06","modified_gmt":"2025-10-27T14:29:06","slug":"weihnachtskugel-papier-ornament-sparkle-beige","status":"publish","type":"product","link":"https:\/\/www.industrialwood.nl\/de\/weihnachtskugel-papier-ornament-sparkle-beige\/","title":{"rendered":"Weihnachtskugel | Papier | Ornament | Sparkle Beige"},"content":{"rendered":"","protected":false},"excerpt":{"rendered":"<p>Schaffen Sie eine gem\u00fctliche Atmosph\u00e4re w\u00e4hrend der Wintertage mit dieser <strong>Kugel<\/strong> in Form eines <strong>Weihnachtsbaums<\/strong>! Aus hochwertigem Papier in einem warmen Beigeton gefertigt, ist diese Kugel nicht nur eine sch\u00f6ne Erg\u00e4nzung Ihrer Weihnachtsdekoration, sondern auch eine umweltbewusste Wahl. Only Natural ist bekannt f\u00fcr seine einzigartigen handgefertigten Produkte aus dem sch\u00f6nen Indien, bei denen das Wohl der Menschen und der Umwelt im Mittelpunkt steht. Mit dieser Kugel setzen wir diesen Ethos fort, denn jedes Detail wird von Kunsthandwerkern, die ihr Handwerk mit Liebe aus\u00fcben, handgefertigt. Der dezente Glitzer verleiht dieser Kugel einen Hauch von Magie und l\u00e4sst sie in der Weihnachtszeit in einem warmen Licht erstrahlen. Diese Christbaumkugel ist nicht nur eine Dekoration, sondern auch ein Statement f\u00fcr Ihr Engagement f\u00fcr Stil und Nachhaltigkeit. Wundersch\u00f6n im Weihnachtsbaum, aber auch sehr sch\u00f6n in einem Tannenzweig oder als Dekoration auf einer Schale.  <\/p>\n<p><em>Sie sind ausklappbar und dank eines cleveren Magnetverschlusses leicht aufzustellen!<br \/>\n<\/em><br \/>\n<strong>Abmessungen<\/strong>: 20 cm<br \/>\n<strong>Material<\/strong>: Papier<br \/>\n<strong>Farbe<\/strong>: Beige<\/p>\n","protected":false},"featured_media":42000,"comment_status":"open","ping_status":"closed","template":"","meta":[],"product_brand":[],"product_cat":[395,405,531],"product_tag":[],"seizoen":[545,546],"bloemensoort":[],"samenstelling":[],"shop-per-kamer":[549],"indooroutdoor":[555],"vorm":[563,557],"duurzaam":[565],"productafmetingen":[567,566],"stijl":[574,571,575,573,572],"merk":[576],"materiaal":[612],"materiaal-schaaltje":[],"geur":[],"product-type":[],"beoordeling":[640,641,642],"uitsparingen":[],"houtsoort":[],"breedte":[],"badplanken-lengte":[],"kleur":[657,666],"class_list":{"0":"post-55727","1":"product","2":"type-product","3":"status-publish","4":"has-post-thumbnail","6":"product_cat-naturliche-tone","7":"product_cat-verkauf","8":"product_cat-weihnachten","9":"seizoen-herfst-de","10":"seizoen-winter-de","11":"shop-per-kamer-woonkamer-de","12":"indooroutdoor-indoor-de","13":"vorm-organisch-de","14":"vorm-rond-de","15":"duurzaam-ja-de","16":"productafmetingen-s-de","17":"productafmetingen-xs-de","18":"stijl-bohemian-de","19":"stijl-hotel-chique-de","20":"stijl-japandi-de","21":"stijl-modern-de","22":"stijl-scandinavisch-de","23":"merk-industrialwood-de","24":"materiaal-papier-de","25":"beoordeling-three-star-de","26":"beoordeling-four-star-de","27":"beoordeling-five-star-de","28":"kleur-beige-de","29":"kleur-taupe-de","31":"first","32":"outofstock","33":"sale","34":"taxable","35":"shipping-taxable","36":"purchasable","37":"product-type-simple"},"supplier_id":null,"supplier_sku":"","barcode":null,"atum_controlled":true,"out_stock_date":"2025-12-06 19:23:24","out_stock_threshold":null,"inheritable":false,"inbound_stock":0,"stock_on_hold":0,"sold_today":0,"sales_last_days":0,"reserved_stock":0,"customer_returns":0,"warehouse_damage":0,"lost_in_post":0,"other_logs":0,"out_stock_days":93,"lost_sales":0,"has_location":false,"update_date":"2026-03-10T01:36:10","atum_locations":[],"atum_stock_status":"outofstock","restock_status":false,"low_stock_amount":"","sales_update_date":"2026-03-10T01:36:10","calc_backorders":null,"_links":{"self":[{"href":"https:\/\/www.industrialwood.nl\/de\/wp-json\/wp\/v2\/product\/55727","targetHints":{"allow":["GET"]}}],"collection":[{"href":"https:\/\/www.industrialwood.nl\/de\/wp-json\/wp\/v2\/product"}],"about":[{"href":"https:\/\/www.industrialwood.nl\/de\/wp-json\/wp\/v2\/types\/product"}],"replies":[{"embeddable":true,"href":"https:\/\/www.industrialwood.nl\/de\/wp-json\/wp\/v2\/comments?post=55727"}],"wp:featuredmedia":[{"embeddable":true,"href":"https:\/\/www.industrialwood.nl\/de\/wp-json\/wp\/v2\/media\/42000"}],"wp:attachment":[{"href":"https:\/\/www.industrialwood.nl\/de\/wp-json\/wp\/v2\/media?parent=55727"}],"wp:term":[{"taxonomy":"product_brand","embeddable":true,"href":"https:\/\/www.industrialwood.nl\/de\/wp-json\/wp\/v2\/product_brand?post=55727"},{"taxonomy":"product_cat","embeddable":true,"href":"https:\/\/www.industrialwood.nl\/de\/wp-json\/wp\/v2\/product_cat?post=55727"},{"taxonomy":"product_tag","embeddable":true,"href":"https:\/\/www.industrialwood.nl\/de\/wp-json\/wp\/v2\/product_tag?post=55727"},{"taxonomy":"seizoen","embeddable":true,"href":"https:\/\/www.industrialwood.nl\/de\/wp-json\/wp\/v2\/seizoen?post=55727"},{"taxonomy":"bloemensoort","embeddable":true,"href":"https:\/\/www.industrialwood.nl\/de\/wp-json\/wp\/v2\/bloemensoort?post=55727"},{"taxonomy":"samenstelling","embeddable":true,"href":"https:\/\/www.industrialwood.nl\/de\/wp-json\/wp\/v2\/samenstelling?post=55727"},{"taxonomy":"shop-per-kamer","embeddable":true,"href":"https:\/\/www.industrialwood.nl\/de\/wp-json\/wp\/v2\/shop-per-kamer?post=55727"},{"taxonomy":"indooroutdoor","embeddable":true,"href":"https:\/\/www.industrialwood.nl\/de\/wp-json\/wp\/v2\/indooroutdoor?post=55727"},{"taxonomy":"vorm","embeddable":true,"href":"https:\/\/www.industrialwood.nl\/de\/wp-json\/wp\/v2\/vorm?post=55727"},{"taxonomy":"duurzaam","embeddable":true,"href":"https:\/\/www.industrialwood.nl\/de\/wp-json\/wp\/v2\/duurzaam?post=55727"},{"taxonomy":"productafmetingen","embeddable":true,"href":"https:\/\/www.industrialwood.nl\/de\/wp-json\/wp\/v2\/productafmetingen?post=55727"},{"taxonomy":"stijl","embeddable":true,"href":"https:\/\/www.industrialwood.nl\/de\/wp-json\/wp\/v2\/stijl?post=55727"},{"taxonomy":"merk","embeddable":true,"href":"https:\/\/www.industrialwood.nl\/de\/wp-json\/wp\/v2\/merk?post=55727"},{"taxonomy":"materiaal","embeddable":true,"href":"https:\/\/www.industrialwood.nl\/de\/wp-json\/wp\/v2\/materiaal?post=55727"},{"taxonomy":"materiaal-schaaltje","embeddable":true,"href":"https:\/\/www.industrialwood.nl\/de\/wp-json\/wp\/v2\/materiaal-schaaltje?post=55727"},{"taxonomy":"geur","embeddable":true,"href":"https:\/\/www.industrialwood.nl\/de\/wp-json\/wp\/v2\/geur?post=55727"},{"taxonomy":"product-type","embeddable":true,"href":"https:\/\/www.industrialwood.nl\/de\/wp-json\/wp\/v2\/product-type?post=55727"},{"taxonomy":"beoordeling","embeddable":true,"href":"https:\/\/www.industrialwood.nl\/de\/wp-json\/wp\/v2\/beoordeling?post=55727"},{"taxonomy":"uitsparingen","embeddable":true,"href":"https:\/\/www.industrialwood.nl\/de\/wp-json\/wp\/v2\/uitsparingen?post=55727"},{"taxonomy":"houtsoort","embeddable":true,"href":"https:\/\/www.industrialwood.nl\/de\/wp-json\/wp\/v2\/houtsoort?post=55727"},{"taxonomy":"breedte","embeddable":true,"href":"https:\/\/www.industrialwood.nl\/de\/wp-json\/wp\/v2\/breedte?post=55727"},{"taxonomy":"badplanken-lengte","embeddable":true,"href":"https:\/\/www.industrialwood.nl\/de\/wp-json\/wp\/v2\/badplanken-lengte?post=55727"},{"taxonomy":"kleur","embeddable":true,"href":"https:\/\/www.industrialwood.nl\/de\/wp-json\/wp\/v2\/kleur?post=55727"}],"curies":[{"name":"wp","href":"https:\/\/api.w.org\/{rel}","templated":true}]}}