{"id":55715,"date":"2024-10-27T15:31:15","date_gmt":"2024-10-27T14:31:15","guid":{"rendered":"https:\/\/www.industrialwood.nl\/weihnachtsaufhaenger-volkswagen-bus-gruen\/"},"modified":"2026-03-12T11:59:07","modified_gmt":"2026-03-12T10:59:07","slug":"weihnachtsaufhaenger-volkswagen-bus-gruen","status":"publish","type":"product","link":"https:\/\/www.industrialwood.nl\/de\/weihnachtsaufhaenger-volkswagen-bus-gruen\/","title":{"rendered":"Weihnachtsaufh\u00e4nger | Volkswagen Bus | Gr\u00fcn"},"content":{"rendered":"","protected":false},"excerpt":{"rendered":"<p>Die gem\u00fctlichste Zeit des Jahres ist nicht komplett ohne sch\u00f6ne Weihnachtsdekoration in Ihrem Zuhause. Dekorieren Sie Ihr Interieur mit h\u00fcbschen Weihnachtsanh\u00e4ngern wie diesen. Dieser auff\u00e4llige Weihnachtsanh\u00e4nger in Form eines Volkswagen Busses zieht die Aufmerksamkeit auf sich. Dieser Weihnachtsanh\u00e4nger ist aus Glas gefertigt. Sie ist mundgeblasen und sorgf\u00e4ltig von Hand bemalt und verziert. Jeder Anh\u00e4nger ist einzigartig!<\/p>\n<p><em>Tipp: Sch\u00f6n im Weihnachtsbaum, an einem Zweig, auf einer dekorativen Schale oder legen Sie den Anh\u00e4nger als Dekoration auf Ihren sch\u00f6n gedeckten Tisch! Hervorragend zu kombinieren mit Weihnachtsanh\u00e4nger | Volkswagen Bus | Rot<\/em><\/p>\n<p><strong>Ma\u00dfe:<\/strong> 9 x 4 x 6 cm<br \/>\n<strong>Material:<\/strong> Glas<br \/>\n<strong>Farbe:<\/strong> Gr\u00fcn<\/p>\n","protected":false},"featured_media":39459,"comment_status":"open","ping_status":"closed","template":"","meta":[],"product_brand":[],"product_cat":[405,531],"product_tag":[],"seizoen":[545,546],"bloemensoort":[],"samenstelling":[],"shop-per-kamer":[549],"indooroutdoor":[555],"vorm":[563],"duurzaam":[565],"productafmetingen":[567,566],"stijl":[574,571,575,573,572],"merk":[584],"materiaal":[608],"materiaal-schaaltje":[],"geur":[],"product-type":[],"beoordeling":[640,641,642],"uitsparingen":[],"houtsoort":[],"breedte":[],"badplanken-lengte":[],"kleur":[662],"class_list":{"0":"post-55715","1":"product","2":"type-product","3":"status-publish","4":"has-post-thumbnail","6":"product_cat-verkauf","7":"product_cat-weihnachten","8":"seizoen-herfst-de","9":"seizoen-winter-de","10":"shop-per-kamer-woonkamer-de","11":"indooroutdoor-indoor-de","12":"vorm-organisch-de","13":"duurzaam-ja-de","14":"productafmetingen-s-de","15":"productafmetingen-xs-de","16":"stijl-bohemian-de","17":"stijl-hotel-chique-de","18":"stijl-japandi-de","19":"stijl-modern-de","20":"stijl-scandinavisch-de","21":"merk-diga-colmore-de","22":"materiaal-glas-de","23":"beoordeling-three-star-de","24":"beoordeling-four-star-de","25":"beoordeling-five-star-de","26":"kleur-groen-de","28":"first","29":"outofstock","30":"sale","31":"taxable","32":"shipping-taxable","33":"purchasable","34":"product-type-simple"},"supplier_id":null,"supplier_sku":"","barcode":null,"atum_controlled":true,"out_stock_date":"2025-11-22 17:43:18","out_stock_threshold":null,"inheritable":false,"inbound_stock":0,"stock_on_hold":0,"sold_today":0,"sales_last_days":0,"reserved_stock":0,"customer_returns":0,"warehouse_damage":0,"lost_in_post":0,"other_logs":0,"out_stock_days":107,"lost_sales":0,"has_location":false,"update_date":"2026-03-10T01:36:09","atum_locations":[],"atum_stock_status":"outofstock","restock_status":false,"low_stock_amount":"","sales_update_date":"2026-03-10T01:36:09","calc_backorders":null,"_links":{"self":[{"href":"https:\/\/www.industrialwood.nl\/de\/wp-json\/wp\/v2\/product\/55715","targetHints":{"allow":["GET"]}}],"collection":[{"href":"https:\/\/www.industrialwood.nl\/de\/wp-json\/wp\/v2\/product"}],"about":[{"href":"https:\/\/www.industrialwood.nl\/de\/wp-json\/wp\/v2\/types\/product"}],"replies":[{"embeddable":true,"href":"https:\/\/www.industrialwood.nl\/de\/wp-json\/wp\/v2\/comments?post=55715"}],"wp:featuredmedia":[{"embeddable":true,"href":"https:\/\/www.industrialwood.nl\/de\/wp-json\/wp\/v2\/media\/39459"}],"wp:attachment":[{"href":"https:\/\/www.industrialwood.nl\/de\/wp-json\/wp\/v2\/media?parent=55715"}],"wp:term":[{"taxonomy":"product_brand","embeddable":true,"href":"https:\/\/www.industrialwood.nl\/de\/wp-json\/wp\/v2\/product_brand?post=55715"},{"taxonomy":"product_cat","embeddable":true,"href":"https:\/\/www.industrialwood.nl\/de\/wp-json\/wp\/v2\/product_cat?post=55715"},{"taxonomy":"product_tag","embeddable":true,"href":"https:\/\/www.industrialwood.nl\/de\/wp-json\/wp\/v2\/product_tag?post=55715"},{"taxonomy":"seizoen","embeddable":true,"href":"https:\/\/www.industrialwood.nl\/de\/wp-json\/wp\/v2\/seizoen?post=55715"},{"taxonomy":"bloemensoort","embeddable":true,"href":"https:\/\/www.industrialwood.nl\/de\/wp-json\/wp\/v2\/bloemensoort?post=55715"},{"taxonomy":"samenstelling","embeddable":true,"href":"https:\/\/www.industrialwood.nl\/de\/wp-json\/wp\/v2\/samenstelling?post=55715"},{"taxonomy":"shop-per-kamer","embeddable":true,"href":"https:\/\/www.industrialwood.nl\/de\/wp-json\/wp\/v2\/shop-per-kamer?post=55715"},{"taxonomy":"indooroutdoor","embeddable":true,"href":"https:\/\/www.industrialwood.nl\/de\/wp-json\/wp\/v2\/indooroutdoor?post=55715"},{"taxonomy":"vorm","embeddable":true,"href":"https:\/\/www.industrialwood.nl\/de\/wp-json\/wp\/v2\/vorm?post=55715"},{"taxonomy":"duurzaam","embeddable":true,"href":"https:\/\/www.industrialwood.nl\/de\/wp-json\/wp\/v2\/duurzaam?post=55715"},{"taxonomy":"productafmetingen","embeddable":true,"href":"https:\/\/www.industrialwood.nl\/de\/wp-json\/wp\/v2\/productafmetingen?post=55715"},{"taxonomy":"stijl","embeddable":true,"href":"https:\/\/www.industrialwood.nl\/de\/wp-json\/wp\/v2\/stijl?post=55715"},{"taxonomy":"merk","embeddable":true,"href":"https:\/\/www.industrialwood.nl\/de\/wp-json\/wp\/v2\/merk?post=55715"},{"taxonomy":"materiaal","embeddable":true,"href":"https:\/\/www.industrialwood.nl\/de\/wp-json\/wp\/v2\/materiaal?post=55715"},{"taxonomy":"materiaal-schaaltje","embeddable":true,"href":"https:\/\/www.industrialwood.nl\/de\/wp-json\/wp\/v2\/materiaal-schaaltje?post=55715"},{"taxonomy":"geur","embeddable":true,"href":"https:\/\/www.industrialwood.nl\/de\/wp-json\/wp\/v2\/geur?post=55715"},{"taxonomy":"product-type","embeddable":true,"href":"https:\/\/www.industrialwood.nl\/de\/wp-json\/wp\/v2\/product-type?post=55715"},{"taxonomy":"beoordeling","embeddable":true,"href":"https:\/\/www.industrialwood.nl\/de\/wp-json\/wp\/v2\/beoordeling?post=55715"},{"taxonomy":"uitsparingen","embeddable":true,"href":"https:\/\/www.industrialwood.nl\/de\/wp-json\/wp\/v2\/uitsparingen?post=55715"},{"taxonomy":"houtsoort","embeddable":true,"href":"https:\/\/www.industrialwood.nl\/de\/wp-json\/wp\/v2\/houtsoort?post=55715"},{"taxonomy":"breedte","embeddable":true,"href":"https:\/\/www.industrialwood.nl\/de\/wp-json\/wp\/v2\/breedte?post=55715"},{"taxonomy":"badplanken-lengte","embeddable":true,"href":"https:\/\/www.industrialwood.nl\/de\/wp-json\/wp\/v2\/badplanken-lengte?post=55715"},{"taxonomy":"kleur","embeddable":true,"href":"https:\/\/www.industrialwood.nl\/de\/wp-json\/wp\/v2\/kleur?post=55715"}],"curies":[{"name":"wp","href":"https:\/\/api.w.org\/{rel}","templated":true}]}}