{"id":55710,"date":"2024-10-27T15:34:03","date_gmt":"2024-10-27T14:34:03","guid":{"rendered":"https:\/\/www.industrialwood.nl\/weihnachts-anhaenger-luxe-parfum\/"},"modified":"2026-03-12T11:59:07","modified_gmt":"2026-03-12T10:59:07","slug":"weihnachts-anhaenger-luxe-parfum","status":"publish","type":"product","link":"https:\/\/www.industrialwood.nl\/de\/weihnachts-anhaenger-luxe-parfum\/","title":{"rendered":"Weihnachts-Anh\u00e4nger | Luxe Parfum"},"content":{"rendered":"","protected":false},"excerpt":{"rendered":"<p>Die gem\u00fctlichste Zeit des Jahres ist nicht komplett ohne sch\u00f6ne Weihnachtsdekoration in Ihrem Zuhause. Dekorieren Sie Ihr Interieur mit h\u00fcbschen Weihnachtsanh\u00e4ngern wie diesen. Dieser auff\u00e4llige Weihnachtsanh\u00e4nger in Form von Luxe Perfume ist ein echter Hingucker. Dieser Weihnachtsanh\u00e4nger ist aus Glas gefertigt. Sie ist mundgeblasen und sorgf\u00e4ltig von Hand bemalt und verziert. Jeder Anh\u00e4nger ist einzigartig!<\/p>\n<p><em>Tipp: Sch\u00f6n im Weihnachtsbaum, an einem Zweig, auf einer dekorativen Schale oder legen Sie den Anh\u00e4nger als Dekoration auf Ihren sch\u00f6n gedeckten Tisch! Auch sch\u00f6n zu kombinieren mit Weihnachts-Anh\u00e4nger | Louboutin Absatzschuh und Weihnachts-Anh\u00e4nger | Champagner | Gold<\/em><\/p>\n<p><strong>Ma\u00dfe<\/strong>: 5 x 2 x 9 cm<br \/>\n<strong>Material<\/strong>: Glas<br \/>\n<strong>Farbe<\/strong>: Schwarz | Gold<\/p>\n","protected":false},"featured_media":39617,"comment_status":"open","ping_status":"closed","template":"","meta":[],"product_brand":[],"product_cat":[405,531],"product_tag":[],"seizoen":[545,546],"bloemensoort":[],"samenstelling":[],"shop-per-kamer":[549],"indooroutdoor":[555],"vorm":[563],"duurzaam":[565],"productafmetingen":[567,566],"stijl":[574,571,575,573,572],"merk":[598],"materiaal":[616],"materiaal-schaaltje":[],"geur":[],"product-type":[],"beoordeling":[640,641,642],"uitsparingen":[],"houtsoort":[],"breedte":[],"badplanken-lengte":[],"kleur":[658,656],"class_list":{"0":"post-55710","1":"product","2":"type-product","3":"status-publish","4":"has-post-thumbnail","6":"product_cat-verkauf","7":"product_cat-weihnachten","8":"seizoen-herfst-de","9":"seizoen-winter-de","10":"shop-per-kamer-woonkamer-de","11":"indooroutdoor-indoor-de","12":"vorm-organisch-de","13":"duurzaam-ja-de","14":"productafmetingen-s-de","15":"productafmetingen-xs-de","16":"stijl-bohemian-de","17":"stijl-hotel-chique-de","18":"stijl-japandi-de","19":"stijl-modern-de","20":"stijl-scandinavisch-de","21":"merk-kersten-de","22":"materiaal-stof-de","23":"beoordeling-three-star-de","24":"beoordeling-four-star-de","25":"beoordeling-five-star-de","26":"kleur-goud-de","27":"kleur-zwart-de","29":"first","30":"outofstock","31":"sale","32":"taxable","33":"shipping-taxable","34":"purchasable","35":"product-type-simple"},"supplier_id":null,"supplier_sku":"","barcode":null,"atum_controlled":true,"out_stock_date":"2025-11-22 17:43:19","out_stock_threshold":null,"inheritable":false,"inbound_stock":0,"stock_on_hold":0,"sold_today":0,"sales_last_days":0,"reserved_stock":0,"customer_returns":0,"warehouse_damage":0,"lost_in_post":0,"other_logs":0,"out_stock_days":107,"lost_sales":0,"has_location":false,"update_date":"2026-03-10T01:36:09","atum_locations":[],"atum_stock_status":"outofstock","restock_status":false,"low_stock_amount":"","sales_update_date":"2026-03-10T01:36:09","calc_backorders":null,"_links":{"self":[{"href":"https:\/\/www.industrialwood.nl\/de\/wp-json\/wp\/v2\/product\/55710","targetHints":{"allow":["GET"]}}],"collection":[{"href":"https:\/\/www.industrialwood.nl\/de\/wp-json\/wp\/v2\/product"}],"about":[{"href":"https:\/\/www.industrialwood.nl\/de\/wp-json\/wp\/v2\/types\/product"}],"replies":[{"embeddable":true,"href":"https:\/\/www.industrialwood.nl\/de\/wp-json\/wp\/v2\/comments?post=55710"}],"wp:featuredmedia":[{"embeddable":true,"href":"https:\/\/www.industrialwood.nl\/de\/wp-json\/wp\/v2\/media\/39617"}],"wp:attachment":[{"href":"https:\/\/www.industrialwood.nl\/de\/wp-json\/wp\/v2\/media?parent=55710"}],"wp:term":[{"taxonomy":"product_brand","embeddable":true,"href":"https:\/\/www.industrialwood.nl\/de\/wp-json\/wp\/v2\/product_brand?post=55710"},{"taxonomy":"product_cat","embeddable":true,"href":"https:\/\/www.industrialwood.nl\/de\/wp-json\/wp\/v2\/product_cat?post=55710"},{"taxonomy":"product_tag","embeddable":true,"href":"https:\/\/www.industrialwood.nl\/de\/wp-json\/wp\/v2\/product_tag?post=55710"},{"taxonomy":"seizoen","embeddable":true,"href":"https:\/\/www.industrialwood.nl\/de\/wp-json\/wp\/v2\/seizoen?post=55710"},{"taxonomy":"bloemensoort","embeddable":true,"href":"https:\/\/www.industrialwood.nl\/de\/wp-json\/wp\/v2\/bloemensoort?post=55710"},{"taxonomy":"samenstelling","embeddable":true,"href":"https:\/\/www.industrialwood.nl\/de\/wp-json\/wp\/v2\/samenstelling?post=55710"},{"taxonomy":"shop-per-kamer","embeddable":true,"href":"https:\/\/www.industrialwood.nl\/de\/wp-json\/wp\/v2\/shop-per-kamer?post=55710"},{"taxonomy":"indooroutdoor","embeddable":true,"href":"https:\/\/www.industrialwood.nl\/de\/wp-json\/wp\/v2\/indooroutdoor?post=55710"},{"taxonomy":"vorm","embeddable":true,"href":"https:\/\/www.industrialwood.nl\/de\/wp-json\/wp\/v2\/vorm?post=55710"},{"taxonomy":"duurzaam","embeddable":true,"href":"https:\/\/www.industrialwood.nl\/de\/wp-json\/wp\/v2\/duurzaam?post=55710"},{"taxonomy":"productafmetingen","embeddable":true,"href":"https:\/\/www.industrialwood.nl\/de\/wp-json\/wp\/v2\/productafmetingen?post=55710"},{"taxonomy":"stijl","embeddable":true,"href":"https:\/\/www.industrialwood.nl\/de\/wp-json\/wp\/v2\/stijl?post=55710"},{"taxonomy":"merk","embeddable":true,"href":"https:\/\/www.industrialwood.nl\/de\/wp-json\/wp\/v2\/merk?post=55710"},{"taxonomy":"materiaal","embeddable":true,"href":"https:\/\/www.industrialwood.nl\/de\/wp-json\/wp\/v2\/materiaal?post=55710"},{"taxonomy":"materiaal-schaaltje","embeddable":true,"href":"https:\/\/www.industrialwood.nl\/de\/wp-json\/wp\/v2\/materiaal-schaaltje?post=55710"},{"taxonomy":"geur","embeddable":true,"href":"https:\/\/www.industrialwood.nl\/de\/wp-json\/wp\/v2\/geur?post=55710"},{"taxonomy":"product-type","embeddable":true,"href":"https:\/\/www.industrialwood.nl\/de\/wp-json\/wp\/v2\/product-type?post=55710"},{"taxonomy":"beoordeling","embeddable":true,"href":"https:\/\/www.industrialwood.nl\/de\/wp-json\/wp\/v2\/beoordeling?post=55710"},{"taxonomy":"uitsparingen","embeddable":true,"href":"https:\/\/www.industrialwood.nl\/de\/wp-json\/wp\/v2\/uitsparingen?post=55710"},{"taxonomy":"houtsoort","embeddable":true,"href":"https:\/\/www.industrialwood.nl\/de\/wp-json\/wp\/v2\/houtsoort?post=55710"},{"taxonomy":"breedte","embeddable":true,"href":"https:\/\/www.industrialwood.nl\/de\/wp-json\/wp\/v2\/breedte?post=55710"},{"taxonomy":"badplanken-lengte","embeddable":true,"href":"https:\/\/www.industrialwood.nl\/de\/wp-json\/wp\/v2\/badplanken-lengte?post=55710"},{"taxonomy":"kleur","embeddable":true,"href":"https:\/\/www.industrialwood.nl\/de\/wp-json\/wp\/v2\/kleur?post=55710"}],"curies":[{"name":"wp","href":"https:\/\/api.w.org\/{rel}","templated":true}]}}