{"id":55306,"date":"2024-10-31T12:19:25","date_gmt":"2024-10-31T11:19:25","guid":{"rendered":"https:\/\/www.industrialwood.nl\/?post_type=product&#038;p=55306"},"modified":"2026-03-12T11:59:05","modified_gmt":"2026-03-12T10:59:05","slug":"vase-jada-gold-s-kopie","status":"publish","type":"product","link":"https:\/\/www.industrialwood.nl\/de\/vase-jada-gold-s-kopie\/","title":{"rendered":"Vase | Jada | Gold | M"},"content":{"rendered":"","protected":false},"excerpt":{"rendered":"<p>Setzen Sie ein Zeichen mit der <strong>goldenen Vase Jada<\/strong>! Dieser stilvolle Blickfang bringt sofort W\u00e4rme und Luxus in Ihr Zuhause. Perfekt f\u00fcr sich allein, aber auch sch\u00f6n in Kombination mit ein paar h\u00fcbschen Zweigen oder Blumen. Sie ist in drei Gr\u00f6\u00dfen erh\u00e4ltlich, so dass Sie sie spielerisch kombinieren k\u00f6nnen. Jede Vase ist handgefertigt, was bedeutet, dass kleine Unregelm\u00e4\u00dfigkeiten m\u00f6glich sind &#8211; ein Zeichen f\u00fcr einzigartige Handwerkskunst. Keine zwei Jada Vasen sind genau gleich, so dass Sie ein wahres Unikat in Ihrem Zuhause haben. <strong>Merkmale<\/strong>:    <\/p>\n<ul>\n<li>Auch in Gr\u00f6\u00dfe S und Gr\u00f6\u00dfe L erh\u00e4ltlich<\/li>\n<li>Vielseitig einsetzbar, auch eine perfekte Gr\u00f6\u00dfe f\u00fcr die Fensterbank<\/li>\n<\/ul>\n<p>&nbsp;<\/p>\n<p><strong>Ma\u00dfe<\/strong>: 31 x 9 x 31 cm<br \/>\n<strong>Material<\/strong>: T\u00f6pferei<br \/>\n<strong>Farbe<\/strong>: Gold<\/p>\n","protected":false},"featured_media":55301,"comment_status":"open","ping_status":"closed","template":"","meta":[],"product_brand":[],"product_cat":[400,411,418,402,420,422,387,396],"product_tag":[],"seizoen":[543,545,544,546],"bloemensoort":[],"samenstelling":[],"shop-per-kamer":[552,549],"indooroutdoor":[555],"vorm":[558,557],"duurzaam":[565],"productafmetingen":[568],"stijl":[574,571,575,573,572],"merk":[576],"materiaal":[611],"materiaal-schaaltje":[],"geur":[],"product-type":[],"beoordeling":[640,641,642],"uitsparingen":[],"houtsoort":[],"breedte":[],"badplanken-lengte":[],"kleur":[658],"class_list":{"0":"post-55306","1":"product","2":"type-product","3":"status-publish","4":"has-post-thumbnail","6":"product_cat-boheme-wohnzimmer","7":"product_cat-goldene-stunde","8":"product_cat-hotel-chic-wohnzimmer","9":"product_cat-japandi-wohnzimmer","10":"product_cat-modernes-wohnzimmer","11":"product_cat-skandinavisches-wohnzimmer","12":"product_cat-vasen-topfe","13":"product_cat-wohnzimmer","14":"seizoen-lente-de","15":"seizoen-herfst-de","16":"seizoen-zomer-de","17":"seizoen-winter-de","18":"shop-per-kamer-hal-de","19":"shop-per-kamer-woonkamer-de","20":"indooroutdoor-indoor-de","21":"vorm-ovaal-de","22":"vorm-rond-de","23":"duurzaam-ja-de","24":"productafmetingen-m-de","25":"stijl-bohemian-de","26":"stijl-hotel-chique-de","27":"stijl-japandi-de","28":"stijl-modern-de","29":"stijl-scandinavisch-de","30":"merk-industrialwood-de","31":"materiaal-keramiek-de","32":"beoordeling-three-star-de","33":"beoordeling-four-star-de","34":"beoordeling-five-star-de","35":"kleur-goud-de","37":"first","38":"outofstock","39":"taxable","40":"shipping-taxable","41":"purchasable","42":"product-type-simple"},"supplier_id":null,"supplier_sku":"","barcode":null,"atum_controlled":true,"out_stock_date":"2025-07-03 12:50:59","out_stock_threshold":null,"inheritable":false,"inbound_stock":0,"stock_on_hold":0,"sold_today":0,"sales_last_days":0,"reserved_stock":0,"customer_returns":0,"warehouse_damage":0,"lost_in_post":0,"other_logs":0,"out_stock_days":249,"lost_sales":0,"has_location":false,"update_date":"2026-03-10T01:35:50","atum_locations":[],"atum_stock_status":"outofstock","restock_status":false,"low_stock_amount":"","sales_update_date":"2026-03-10T01:35:50","calc_backorders":null,"_links":{"self":[{"href":"https:\/\/www.industrialwood.nl\/de\/wp-json\/wp\/v2\/product\/55306","targetHints":{"allow":["GET"]}}],"collection":[{"href":"https:\/\/www.industrialwood.nl\/de\/wp-json\/wp\/v2\/product"}],"about":[{"href":"https:\/\/www.industrialwood.nl\/de\/wp-json\/wp\/v2\/types\/product"}],"replies":[{"embeddable":true,"href":"https:\/\/www.industrialwood.nl\/de\/wp-json\/wp\/v2\/comments?post=55306"}],"wp:featuredmedia":[{"embeddable":true,"href":"https:\/\/www.industrialwood.nl\/de\/wp-json\/wp\/v2\/media\/55301"}],"wp:attachment":[{"href":"https:\/\/www.industrialwood.nl\/de\/wp-json\/wp\/v2\/media?parent=55306"}],"wp:term":[{"taxonomy":"product_brand","embeddable":true,"href":"https:\/\/www.industrialwood.nl\/de\/wp-json\/wp\/v2\/product_brand?post=55306"},{"taxonomy":"product_cat","embeddable":true,"href":"https:\/\/www.industrialwood.nl\/de\/wp-json\/wp\/v2\/product_cat?post=55306"},{"taxonomy":"product_tag","embeddable":true,"href":"https:\/\/www.industrialwood.nl\/de\/wp-json\/wp\/v2\/product_tag?post=55306"},{"taxonomy":"seizoen","embeddable":true,"href":"https:\/\/www.industrialwood.nl\/de\/wp-json\/wp\/v2\/seizoen?post=55306"},{"taxonomy":"bloemensoort","embeddable":true,"href":"https:\/\/www.industrialwood.nl\/de\/wp-json\/wp\/v2\/bloemensoort?post=55306"},{"taxonomy":"samenstelling","embeddable":true,"href":"https:\/\/www.industrialwood.nl\/de\/wp-json\/wp\/v2\/samenstelling?post=55306"},{"taxonomy":"shop-per-kamer","embeddable":true,"href":"https:\/\/www.industrialwood.nl\/de\/wp-json\/wp\/v2\/shop-per-kamer?post=55306"},{"taxonomy":"indooroutdoor","embeddable":true,"href":"https:\/\/www.industrialwood.nl\/de\/wp-json\/wp\/v2\/indooroutdoor?post=55306"},{"taxonomy":"vorm","embeddable":true,"href":"https:\/\/www.industrialwood.nl\/de\/wp-json\/wp\/v2\/vorm?post=55306"},{"taxonomy":"duurzaam","embeddable":true,"href":"https:\/\/www.industrialwood.nl\/de\/wp-json\/wp\/v2\/duurzaam?post=55306"},{"taxonomy":"productafmetingen","embeddable":true,"href":"https:\/\/www.industrialwood.nl\/de\/wp-json\/wp\/v2\/productafmetingen?post=55306"},{"taxonomy":"stijl","embeddable":true,"href":"https:\/\/www.industrialwood.nl\/de\/wp-json\/wp\/v2\/stijl?post=55306"},{"taxonomy":"merk","embeddable":true,"href":"https:\/\/www.industrialwood.nl\/de\/wp-json\/wp\/v2\/merk?post=55306"},{"taxonomy":"materiaal","embeddable":true,"href":"https:\/\/www.industrialwood.nl\/de\/wp-json\/wp\/v2\/materiaal?post=55306"},{"taxonomy":"materiaal-schaaltje","embeddable":true,"href":"https:\/\/www.industrialwood.nl\/de\/wp-json\/wp\/v2\/materiaal-schaaltje?post=55306"},{"taxonomy":"geur","embeddable":true,"href":"https:\/\/www.industrialwood.nl\/de\/wp-json\/wp\/v2\/geur?post=55306"},{"taxonomy":"product-type","embeddable":true,"href":"https:\/\/www.industrialwood.nl\/de\/wp-json\/wp\/v2\/product-type?post=55306"},{"taxonomy":"beoordeling","embeddable":true,"href":"https:\/\/www.industrialwood.nl\/de\/wp-json\/wp\/v2\/beoordeling?post=55306"},{"taxonomy":"uitsparingen","embeddable":true,"href":"https:\/\/www.industrialwood.nl\/de\/wp-json\/wp\/v2\/uitsparingen?post=55306"},{"taxonomy":"houtsoort","embeddable":true,"href":"https:\/\/www.industrialwood.nl\/de\/wp-json\/wp\/v2\/houtsoort?post=55306"},{"taxonomy":"breedte","embeddable":true,"href":"https:\/\/www.industrialwood.nl\/de\/wp-json\/wp\/v2\/breedte?post=55306"},{"taxonomy":"badplanken-lengte","embeddable":true,"href":"https:\/\/www.industrialwood.nl\/de\/wp-json\/wp\/v2\/badplanken-lengte?post=55306"},{"taxonomy":"kleur","embeddable":true,"href":"https:\/\/www.industrialwood.nl\/de\/wp-json\/wp\/v2\/kleur?post=55306"}],"curies":[{"name":"wp","href":"https:\/\/api.w.org\/{rel}","templated":true}]}}