{"id":55183,"date":"2024-10-29T21:44:23","date_gmt":"2024-10-29T20:44:23","guid":{"rendered":"https:\/\/www.industrialwood.nl\/vase-lightliving-pacengo-veliko-s\/"},"modified":"2026-01-13T12:04:08","modified_gmt":"2026-01-13T11:04:08","slug":"vase-lightliving-pacengo-veliko-s","status":"publish","type":"product","link":"https:\/\/www.industrialwood.nl\/de\/vase-lightliving-pacengo-veliko-s\/","title":{"rendered":"Vase | Light&amp;Living | Pacengo | Veliko | S"},"content":{"rendered":"","protected":false},"excerpt":{"rendered":"<p><strong>NEU: <\/strong>Lernen Sie die <strong>Veliko Vase<\/strong> von <strong>Light&amp;Living<\/strong> kennen &#8211; eine frische, moderne Variante der beliebten Pacengo Vase, jetzt mit einer wundersch\u00f6nen <strong>organischen Form<\/strong>! Diese Vase strahlt mit ihren weichen Linien und ihrer subtilen Textur Raffinesse und Stil aus, perfekt f\u00fcr jedes Interieur. Ganz gleich, ob Sie sich f\u00fcr die <strong>schlanke hohe<\/strong> Version oder die <strong>robuste breite<\/strong> Version entscheiden, die Veliko Vase setzt in jedem Raum ein markantes Zeichen. Lassen Sie Ihrer Kreativit\u00e4t freien Lauf: Kombinieren Sie sie mit Zweigen oder Blumen oder entscheiden Sie sich f\u00fcr einen minimalistischen Look und lassen Sie die Veliko als Einzelst\u00fcck erstrahlen. Ideal f\u00fcr Liebhaber einzigartiger, moderner Wohnaccessoires, die einfach ein bisschen anders sind.   <\/p>\n<p><strong>Merkmale<\/strong>:<\/p>\n<ul>\n<li>Einzigartige organische Form f\u00fcr einen weichen Look<\/li>\n<li>Erneuertes Design!<\/li>\n<\/ul>\n<p>&nbsp;<\/p>\n<p><strong>Ma\u00dfe<\/strong>: 26,5 x 25,5 x 27 cm<br \/>\n<strong>Material<\/strong>: Glas<br \/>\n<strong>Farbe<\/strong>: Braun<\/p>\n","protected":false},"featured_media":55178,"comment_status":"open","ping_status":"closed","template":"","meta":[],"product_brand":[],"product_cat":[400,418,402,424,420,395,422,387,396],"product_tag":[],"seizoen":[543,545,544,546],"bloemensoort":[],"samenstelling":[],"shop-per-kamer":[552,549],"indooroutdoor":[555],"vorm":[563],"duurzaam":[565],"productafmetingen":[567],"stijl":[574,571,575,573,572],"merk":[580],"materiaal":[608],"materiaal-schaaltje":[],"geur":[],"product-type":[],"beoordeling":[640,641,642],"uitsparingen":[],"houtsoort":[],"breedte":[],"badplanken-lengte":[],"kleur":[657,663],"class_list":{"0":"post-55183","1":"product","2":"type-product","3":"status-publish","4":"has-post-thumbnail","6":"product_cat-boheme-wohnzimmer","7":"product_cat-hotel-chic-wohnzimmer","8":"product_cat-japandi-wohnzimmer","9":"product_cat-landwohnzimmer","10":"product_cat-modernes-wohnzimmer","11":"product_cat-naturliche-tone","12":"product_cat-skandinavisches-wohnzimmer","13":"product_cat-vasen-topfe","14":"product_cat-wohnzimmer","15":"seizoen-lente-de","16":"seizoen-herfst-de","17":"seizoen-zomer-de","18":"seizoen-winter-de","19":"shop-per-kamer-hal-de","20":"shop-per-kamer-woonkamer-de","21":"indooroutdoor-indoor-de","22":"vorm-organisch-de","23":"duurzaam-ja-de","24":"productafmetingen-s-de","25":"stijl-bohemian-de","26":"stijl-hotel-chique-de","27":"stijl-japandi-de","28":"stijl-modern-de","29":"stijl-scandinavisch-de","30":"merk-lightliving-de","31":"materiaal-glas-de","32":"beoordeling-three-star-de","33":"beoordeling-four-star-de","34":"beoordeling-five-star-de","35":"kleur-beige-de","36":"kleur-bruin-de","38":"first","39":"outofstock","40":"taxable","41":"shipping-taxable","42":"purchasable","43":"product-type-simple"},"supplier_id":null,"supplier_sku":"","barcode":null,"atum_controlled":true,"out_stock_date":"2026-01-14 14:53:47","out_stock_threshold":null,"inheritable":false,"inbound_stock":0,"stock_on_hold":1,"sold_today":0,"sales_last_days":0,"reserved_stock":0,"customer_returns":0,"warehouse_damage":0,"lost_in_post":0,"other_logs":0,"out_stock_days":54,"lost_sales":0,"has_location":false,"update_date":"2026-03-10T01:36:21","atum_locations":[],"atum_stock_status":"outofstock","restock_status":false,"low_stock_amount":"","sales_update_date":"2026-03-10T01:36:21","calc_backorders":null,"_links":{"self":[{"href":"https:\/\/www.industrialwood.nl\/de\/wp-json\/wp\/v2\/product\/55183","targetHints":{"allow":["GET"]}}],"collection":[{"href":"https:\/\/www.industrialwood.nl\/de\/wp-json\/wp\/v2\/product"}],"about":[{"href":"https:\/\/www.industrialwood.nl\/de\/wp-json\/wp\/v2\/types\/product"}],"replies":[{"embeddable":true,"href":"https:\/\/www.industrialwood.nl\/de\/wp-json\/wp\/v2\/comments?post=55183"}],"wp:featuredmedia":[{"embeddable":true,"href":"https:\/\/www.industrialwood.nl\/de\/wp-json\/wp\/v2\/media\/55178"}],"wp:attachment":[{"href":"https:\/\/www.industrialwood.nl\/de\/wp-json\/wp\/v2\/media?parent=55183"}],"wp:term":[{"taxonomy":"product_brand","embeddable":true,"href":"https:\/\/www.industrialwood.nl\/de\/wp-json\/wp\/v2\/product_brand?post=55183"},{"taxonomy":"product_cat","embeddable":true,"href":"https:\/\/www.industrialwood.nl\/de\/wp-json\/wp\/v2\/product_cat?post=55183"},{"taxonomy":"product_tag","embeddable":true,"href":"https:\/\/www.industrialwood.nl\/de\/wp-json\/wp\/v2\/product_tag?post=55183"},{"taxonomy":"seizoen","embeddable":true,"href":"https:\/\/www.industrialwood.nl\/de\/wp-json\/wp\/v2\/seizoen?post=55183"},{"taxonomy":"bloemensoort","embeddable":true,"href":"https:\/\/www.industrialwood.nl\/de\/wp-json\/wp\/v2\/bloemensoort?post=55183"},{"taxonomy":"samenstelling","embeddable":true,"href":"https:\/\/www.industrialwood.nl\/de\/wp-json\/wp\/v2\/samenstelling?post=55183"},{"taxonomy":"shop-per-kamer","embeddable":true,"href":"https:\/\/www.industrialwood.nl\/de\/wp-json\/wp\/v2\/shop-per-kamer?post=55183"},{"taxonomy":"indooroutdoor","embeddable":true,"href":"https:\/\/www.industrialwood.nl\/de\/wp-json\/wp\/v2\/indooroutdoor?post=55183"},{"taxonomy":"vorm","embeddable":true,"href":"https:\/\/www.industrialwood.nl\/de\/wp-json\/wp\/v2\/vorm?post=55183"},{"taxonomy":"duurzaam","embeddable":true,"href":"https:\/\/www.industrialwood.nl\/de\/wp-json\/wp\/v2\/duurzaam?post=55183"},{"taxonomy":"productafmetingen","embeddable":true,"href":"https:\/\/www.industrialwood.nl\/de\/wp-json\/wp\/v2\/productafmetingen?post=55183"},{"taxonomy":"stijl","embeddable":true,"href":"https:\/\/www.industrialwood.nl\/de\/wp-json\/wp\/v2\/stijl?post=55183"},{"taxonomy":"merk","embeddable":true,"href":"https:\/\/www.industrialwood.nl\/de\/wp-json\/wp\/v2\/merk?post=55183"},{"taxonomy":"materiaal","embeddable":true,"href":"https:\/\/www.industrialwood.nl\/de\/wp-json\/wp\/v2\/materiaal?post=55183"},{"taxonomy":"materiaal-schaaltje","embeddable":true,"href":"https:\/\/www.industrialwood.nl\/de\/wp-json\/wp\/v2\/materiaal-schaaltje?post=55183"},{"taxonomy":"geur","embeddable":true,"href":"https:\/\/www.industrialwood.nl\/de\/wp-json\/wp\/v2\/geur?post=55183"},{"taxonomy":"product-type","embeddable":true,"href":"https:\/\/www.industrialwood.nl\/de\/wp-json\/wp\/v2\/product-type?post=55183"},{"taxonomy":"beoordeling","embeddable":true,"href":"https:\/\/www.industrialwood.nl\/de\/wp-json\/wp\/v2\/beoordeling?post=55183"},{"taxonomy":"uitsparingen","embeddable":true,"href":"https:\/\/www.industrialwood.nl\/de\/wp-json\/wp\/v2\/uitsparingen?post=55183"},{"taxonomy":"houtsoort","embeddable":true,"href":"https:\/\/www.industrialwood.nl\/de\/wp-json\/wp\/v2\/houtsoort?post=55183"},{"taxonomy":"breedte","embeddable":true,"href":"https:\/\/www.industrialwood.nl\/de\/wp-json\/wp\/v2\/breedte?post=55183"},{"taxonomy":"badplanken-lengte","embeddable":true,"href":"https:\/\/www.industrialwood.nl\/de\/wp-json\/wp\/v2\/badplanken-lengte?post=55183"},{"taxonomy":"kleur","embeddable":true,"href":"https:\/\/www.industrialwood.nl\/de\/wp-json\/wp\/v2\/kleur?post=55183"}],"curies":[{"name":"wp","href":"https:\/\/api.w.org\/{rel}","templated":true}]}}