{"id":54405,"date":"2024-05-27T09:22:27","date_gmt":"2024-05-27T07:22:27","guid":{"rendered":"https:\/\/www.industrialwood.nl\/?post_type=product&#038;p=54405"},"modified":"2026-01-09T16:17:39","modified_gmt":"2026-01-09T15:17:39","slug":"seidenzweig-blute-braun-xl-kopie","status":"publish","type":"product","link":"https:\/\/www.industrialwood.nl\/de\/seidenzweig-blute-braun-xl-kopie\/","title":{"rendered":"Seidenzweig | Bl\u00fcte | Beige | XL"},"content":{"rendered":"","protected":false},"excerpt":{"rendered":"<p>Verleihen Sie Ihrer Einrichtung einen raffinierten Touch mit unserem <strong>XL-Seidenbl\u00fctenzweig<\/strong> in einem sch\u00f6nen Beigeton. Dieser extralange Zweig von <strong>126 cm<\/strong> ist der Blickfang f\u00fcr hohe Vasen und gr\u00f6\u00dfere R\u00e4ume. Die subtilen beigen Bl\u00fcten verleihen einen weichen, eleganten Look, der perfekt zu einem nat\u00fcrlichen und beruhigenden Wohnstil passt. Die hochwertigen Seidenblumen sind nicht nur naturgetreu, sondern dank der flexiblen Stiele auch leicht zu formen. So k\u00f6nnen Sie den Zweig leicht an Ihren Stil und Ihre Lieblingsvase anpassen. Ideal, um eine luxuri\u00f6se, \u00fcppige Atmosph\u00e4re zu schaffen, ohne dass Sie sich um die Pflege k\u00fcmmern m\u00fcssen.     <\/p>\n<p>Einige Vorteile auf einen Blick:<\/p>\n<ul>\n<li>Der Seidenzweig bleibt <strong>\u00fcber Jahre hinweg sch\u00f6n<\/strong>.<\/li>\n<li>Der Eisendraht in den Stielen der Seidenblumen dient dazu, die Blume <strong>in eine sch\u00f6ne Form<\/strong> <strong>zu biegen, so <\/strong>dass Sie sie immer wieder in verschiedenen Vasengr\u00f6\u00dfen verwenden k\u00f6nnen.<\/li>\n<li>Extra-gro\u00dfe XL-Variante<\/li>\n<\/ul>\n<p>&nbsp;<\/p>\n<p><em>Der Zweig steht in der <a href=\"https:\/\/www.industrialwood.nl\/vaas-elias-smokey-taupe\/\">Elias Vase in rauchigem Taupe<\/a>. Bitte beachten Sie, dass der Zweig keine Vase enth\u00e4lt.<\/em><\/p>\n","protected":false},"featured_media":54395,"comment_status":"open","ping_status":"closed","template":"","meta":[],"product_brand":[],"product_cat":[399,400,419,418,403,402,425,424,421,420,395,428,423,422,396],"product_tag":[],"seizoen":[543,545,544,546],"bloemensoort":[],"samenstelling":[677],"shop-per-kamer":[551,552,550,553,549],"indooroutdoor":[555],"vorm":[],"duurzaam":[565],"productafmetingen":[570],"stijl":[574,571,575,573,572],"merk":[],"materiaal":[],"materiaal-schaaltje":[],"geur":[],"product-type":[],"beoordeling":[640,641,642],"uitsparingen":[],"houtsoort":[],"breedte":[],"badplanken-lengte":[],"kleur":[657],"class_list":{"0":"post-54405","1":"product","2":"type-product","3":"status-publish","4":"has-post-thumbnail","6":"product_cat-boheme-schlafzimmer","7":"product_cat-boheme-wohnzimmer","8":"product_cat-hotel-chic-schlafzimmer","9":"product_cat-hotel-chic-wohnzimmer","10":"product_cat-japandi-schlafzimmer","11":"product_cat-japandi-wohnzimmer","12":"product_cat-land-schlafzimmer","13":"product_cat-landwohnzimmer","14":"product_cat-modernes-schlafzimmer","15":"product_cat-modernes-wohnzimmer","16":"product_cat-naturliche-tone","17":"product_cat-seidenblumen","18":"product_cat-skandinavisches-schlafzimmer","19":"product_cat-skandinavisches-wohnzimmer","20":"product_cat-wohnzimmer","21":"seizoen-lente-de","22":"seizoen-herfst-de","23":"seizoen-zomer-de","24":"seizoen-winter-de","25":"samenstelling-lose-blumen","26":"shop-per-kamer-badkamer-de","27":"shop-per-kamer-hal-de","28":"shop-per-kamer-keuken-de","29":"shop-per-kamer-slaapkamer-de","30":"shop-per-kamer-woonkamer-de","31":"indooroutdoor-indoor-de","32":"duurzaam-ja-de","33":"productafmetingen-xl-de","34":"stijl-bohemian-de","35":"stijl-hotel-chique-de","36":"stijl-japandi-de","37":"stijl-modern-de","38":"stijl-scandinavisch-de","39":"beoordeling-three-star-de","40":"beoordeling-four-star-de","41":"beoordeling-five-star-de","42":"kleur-beige-de","44":"first","45":"instock","46":"taxable","47":"shipping-taxable","48":"purchasable","49":"product-type-simple"},"supplier_id":null,"supplier_sku":"","barcode":null,"atum_controlled":true,"out_stock_date":null,"out_stock_threshold":null,"inheritable":false,"inbound_stock":0,"stock_on_hold":2,"sold_today":0,"sales_last_days":0,"reserved_stock":0,"customer_returns":0,"warehouse_damage":0,"lost_in_post":0,"other_logs":0,"out_stock_days":0,"lost_sales":0,"has_location":false,"update_date":"2026-04-21T20:09:16","atum_locations":[],"atum_stock_status":"instock","restock_status":false,"low_stock_amount":"","sales_update_date":"2026-04-21T20:09:16","calc_backorders":null,"_links":{"self":[{"href":"https:\/\/www.industrialwood.nl\/de\/wp-json\/wp\/v2\/product\/54405","targetHints":{"allow":["GET"]}}],"collection":[{"href":"https:\/\/www.industrialwood.nl\/de\/wp-json\/wp\/v2\/product"}],"about":[{"href":"https:\/\/www.industrialwood.nl\/de\/wp-json\/wp\/v2\/types\/product"}],"replies":[{"embeddable":true,"href":"https:\/\/www.industrialwood.nl\/de\/wp-json\/wp\/v2\/comments?post=54405"}],"wp:featuredmedia":[{"embeddable":true,"href":"https:\/\/www.industrialwood.nl\/de\/wp-json\/wp\/v2\/media\/54395"}],"wp:attachment":[{"href":"https:\/\/www.industrialwood.nl\/de\/wp-json\/wp\/v2\/media?parent=54405"}],"wp:term":[{"taxonomy":"product_brand","embeddable":true,"href":"https:\/\/www.industrialwood.nl\/de\/wp-json\/wp\/v2\/product_brand?post=54405"},{"taxonomy":"product_cat","embeddable":true,"href":"https:\/\/www.industrialwood.nl\/de\/wp-json\/wp\/v2\/product_cat?post=54405"},{"taxonomy":"product_tag","embeddable":true,"href":"https:\/\/www.industrialwood.nl\/de\/wp-json\/wp\/v2\/product_tag?post=54405"},{"taxonomy":"seizoen","embeddable":true,"href":"https:\/\/www.industrialwood.nl\/de\/wp-json\/wp\/v2\/seizoen?post=54405"},{"taxonomy":"bloemensoort","embeddable":true,"href":"https:\/\/www.industrialwood.nl\/de\/wp-json\/wp\/v2\/bloemensoort?post=54405"},{"taxonomy":"samenstelling","embeddable":true,"href":"https:\/\/www.industrialwood.nl\/de\/wp-json\/wp\/v2\/samenstelling?post=54405"},{"taxonomy":"shop-per-kamer","embeddable":true,"href":"https:\/\/www.industrialwood.nl\/de\/wp-json\/wp\/v2\/shop-per-kamer?post=54405"},{"taxonomy":"indooroutdoor","embeddable":true,"href":"https:\/\/www.industrialwood.nl\/de\/wp-json\/wp\/v2\/indooroutdoor?post=54405"},{"taxonomy":"vorm","embeddable":true,"href":"https:\/\/www.industrialwood.nl\/de\/wp-json\/wp\/v2\/vorm?post=54405"},{"taxonomy":"duurzaam","embeddable":true,"href":"https:\/\/www.industrialwood.nl\/de\/wp-json\/wp\/v2\/duurzaam?post=54405"},{"taxonomy":"productafmetingen","embeddable":true,"href":"https:\/\/www.industrialwood.nl\/de\/wp-json\/wp\/v2\/productafmetingen?post=54405"},{"taxonomy":"stijl","embeddable":true,"href":"https:\/\/www.industrialwood.nl\/de\/wp-json\/wp\/v2\/stijl?post=54405"},{"taxonomy":"merk","embeddable":true,"href":"https:\/\/www.industrialwood.nl\/de\/wp-json\/wp\/v2\/merk?post=54405"},{"taxonomy":"materiaal","embeddable":true,"href":"https:\/\/www.industrialwood.nl\/de\/wp-json\/wp\/v2\/materiaal?post=54405"},{"taxonomy":"materiaal-schaaltje","embeddable":true,"href":"https:\/\/www.industrialwood.nl\/de\/wp-json\/wp\/v2\/materiaal-schaaltje?post=54405"},{"taxonomy":"geur","embeddable":true,"href":"https:\/\/www.industrialwood.nl\/de\/wp-json\/wp\/v2\/geur?post=54405"},{"taxonomy":"product-type","embeddable":true,"href":"https:\/\/www.industrialwood.nl\/de\/wp-json\/wp\/v2\/product-type?post=54405"},{"taxonomy":"beoordeling","embeddable":true,"href":"https:\/\/www.industrialwood.nl\/de\/wp-json\/wp\/v2\/beoordeling?post=54405"},{"taxonomy":"uitsparingen","embeddable":true,"href":"https:\/\/www.industrialwood.nl\/de\/wp-json\/wp\/v2\/uitsparingen?post=54405"},{"taxonomy":"houtsoort","embeddable":true,"href":"https:\/\/www.industrialwood.nl\/de\/wp-json\/wp\/v2\/houtsoort?post=54405"},{"taxonomy":"breedte","embeddable":true,"href":"https:\/\/www.industrialwood.nl\/de\/wp-json\/wp\/v2\/breedte?post=54405"},{"taxonomy":"badplanken-lengte","embeddable":true,"href":"https:\/\/www.industrialwood.nl\/de\/wp-json\/wp\/v2\/badplanken-lengte?post=54405"},{"taxonomy":"kleur","embeddable":true,"href":"https:\/\/www.industrialwood.nl\/de\/wp-json\/wp\/v2\/kleur?post=54405"}],"curies":[{"name":"wp","href":"https:\/\/api.w.org\/{rel}","templated":true}]}}