{"id":53955,"date":"2025-10-27T15:26:40","date_gmt":"2025-10-27T14:26:40","guid":{"rendered":"https:\/\/www.industrialwood.nl\/weihnachtsbaum-tischlampe-lightliving-led-matt-gruen-s\/"},"modified":"2026-01-06T16:19:19","modified_gmt":"2026-01-06T15:19:19","slug":"weihnachtsbaum-tischlampe-lightliving-led-matt-gruen-s","status":"publish","type":"product","link":"https:\/\/www.industrialwood.nl\/de\/weihnachtsbaum-tischlampe-lightliving-led-matt-gruen-s\/","title":{"rendered":"Weihnachtsbaum | Tischlampe | Light&amp;Living | LED | Matt Gr\u00fcn | S"},"content":{"rendered":"","protected":false},"excerpt":{"rendered":"<p>Bringen Sie einen Hauch von weihnachtlichem Gr\u00fcn in Ihr Zuhause mit dieser stilvollen <strong>LED-Weihnachtsbaumlampe<\/strong> von <strong>Light&amp;Living<\/strong>! Dieser mattgr\u00fcne Baum schafft sofort eine festliche Atmosph\u00e4re, perfekt f\u00fcr dunkle Winterabende. Das Glasdesign in Kombination mit dem goldenen Sockel strahlt Luxus aus und das warme LED-Licht vervollst\u00e4ndigt es. Stellen Sie ihn auf Ihren Tisch, die Fensterbank oder in eine gem\u00fctliche Ecke und genie\u00dfen Sie die behagliche Weihnachtsstimmung. Ideal zum Mischen mit anderen Farben und Gr\u00f6\u00dfen von Weihnachtsbaumlichtern!   <\/p>\n<ul>\n<li>Sch\u00f6n kombiniert mit der L-Variante und in verschiedenen Farben erh\u00e4ltlich<\/li>\n<li>Ben\u00f6tigt 2 x AAA-Batterien (nicht enthalten)<\/li>\n<li>Stilvoller transparenter gr\u00fcner Farbton, perfekt f\u00fcr jeden Raum<\/li>\n<\/ul>\n<p>&nbsp;<\/p>\n<p><strong>Ma\u00dfe<\/strong>: 12 x 18 cm<br \/>\n<strong>Material<\/strong>: Glas<br \/>\n<strong>Farbe<\/strong>: Gr\u00fcn (matt)<\/p>\n","protected":false},"featured_media":39287,"comment_status":"open","ping_status":"closed","template":"","meta":[],"product_brand":[],"product_cat":[400,418,402,424,420,740,422,531,396],"product_tag":[],"seizoen":[545,546],"bloemensoort":[],"samenstelling":[],"shop-per-kamer":[551,552,550,553,549],"indooroutdoor":[555],"vorm":[564],"duurzaam":[565],"productafmetingen":[567],"stijl":[574,571,575,573,572],"merk":[580],"materiaal":[608],"materiaal-schaaltje":[],"geur":[],"product-type":[],"beoordeling":[640,641,642],"uitsparingen":[],"houtsoort":[],"breedte":[],"badplanken-lengte":[],"kleur":[662],"class_list":{"0":"post-53955","1":"product","2":"type-product","3":"status-publish","4":"has-post-thumbnail","6":"product_cat-boheme-wohnzimmer","7":"product_cat-hotel-chic-wohnzimmer","8":"product_cat-japandi-wohnzimmer","9":"product_cat-landwohnzimmer","10":"product_cat-modernes-wohnzimmer","11":"product_cat-schwarzer-freitag-2","12":"product_cat-skandinavisches-wohnzimmer","13":"product_cat-weihnachten","14":"product_cat-wohnzimmer","15":"seizoen-herfst-de","16":"seizoen-winter-de","17":"shop-per-kamer-badkamer-de","18":"shop-per-kamer-hal-de","19":"shop-per-kamer-keuken-de","20":"shop-per-kamer-slaapkamer-de","21":"shop-per-kamer-woonkamer-de","22":"indooroutdoor-indoor-de","23":"vorm-driehoek-de","24":"duurzaam-ja-de","25":"productafmetingen-s-de","26":"stijl-bohemian-de","27":"stijl-hotel-chique-de","28":"stijl-japandi-de","29":"stijl-modern-de","30":"stijl-scandinavisch-de","31":"merk-lightliving-de","32":"materiaal-glas-de","33":"beoordeling-three-star-de","34":"beoordeling-four-star-de","35":"beoordeling-five-star-de","36":"kleur-groen-de","38":"first","39":"instock","40":"taxable","41":"shipping-taxable","42":"purchasable","43":"product-type-simple"},"supplier_id":null,"supplier_sku":"","barcode":null,"atum_controlled":true,"out_stock_date":null,"out_stock_threshold":null,"inheritable":false,"inbound_stock":0,"stock_on_hold":0,"sold_today":0,"sales_last_days":0,"reserved_stock":0,"customer_returns":0,"warehouse_damage":0,"lost_in_post":0,"other_logs":0,"out_stock_days":0,"lost_sales":0,"has_location":false,"update_date":"2026-03-10T01:36:18","atum_locations":[],"atum_stock_status":"instock","restock_status":false,"low_stock_amount":"","sales_update_date":"2026-03-10T01:36:18","calc_backorders":null,"_links":{"self":[{"href":"https:\/\/www.industrialwood.nl\/de\/wp-json\/wp\/v2\/product\/53955","targetHints":{"allow":["GET"]}}],"collection":[{"href":"https:\/\/www.industrialwood.nl\/de\/wp-json\/wp\/v2\/product"}],"about":[{"href":"https:\/\/www.industrialwood.nl\/de\/wp-json\/wp\/v2\/types\/product"}],"replies":[{"embeddable":true,"href":"https:\/\/www.industrialwood.nl\/de\/wp-json\/wp\/v2\/comments?post=53955"}],"wp:featuredmedia":[{"embeddable":true,"href":"https:\/\/www.industrialwood.nl\/de\/wp-json\/wp\/v2\/media\/39287"}],"wp:attachment":[{"href":"https:\/\/www.industrialwood.nl\/de\/wp-json\/wp\/v2\/media?parent=53955"}],"wp:term":[{"taxonomy":"product_brand","embeddable":true,"href":"https:\/\/www.industrialwood.nl\/de\/wp-json\/wp\/v2\/product_brand?post=53955"},{"taxonomy":"product_cat","embeddable":true,"href":"https:\/\/www.industrialwood.nl\/de\/wp-json\/wp\/v2\/product_cat?post=53955"},{"taxonomy":"product_tag","embeddable":true,"href":"https:\/\/www.industrialwood.nl\/de\/wp-json\/wp\/v2\/product_tag?post=53955"},{"taxonomy":"seizoen","embeddable":true,"href":"https:\/\/www.industrialwood.nl\/de\/wp-json\/wp\/v2\/seizoen?post=53955"},{"taxonomy":"bloemensoort","embeddable":true,"href":"https:\/\/www.industrialwood.nl\/de\/wp-json\/wp\/v2\/bloemensoort?post=53955"},{"taxonomy":"samenstelling","embeddable":true,"href":"https:\/\/www.industrialwood.nl\/de\/wp-json\/wp\/v2\/samenstelling?post=53955"},{"taxonomy":"shop-per-kamer","embeddable":true,"href":"https:\/\/www.industrialwood.nl\/de\/wp-json\/wp\/v2\/shop-per-kamer?post=53955"},{"taxonomy":"indooroutdoor","embeddable":true,"href":"https:\/\/www.industrialwood.nl\/de\/wp-json\/wp\/v2\/indooroutdoor?post=53955"},{"taxonomy":"vorm","embeddable":true,"href":"https:\/\/www.industrialwood.nl\/de\/wp-json\/wp\/v2\/vorm?post=53955"},{"taxonomy":"duurzaam","embeddable":true,"href":"https:\/\/www.industrialwood.nl\/de\/wp-json\/wp\/v2\/duurzaam?post=53955"},{"taxonomy":"productafmetingen","embeddable":true,"href":"https:\/\/www.industrialwood.nl\/de\/wp-json\/wp\/v2\/productafmetingen?post=53955"},{"taxonomy":"stijl","embeddable":true,"href":"https:\/\/www.industrialwood.nl\/de\/wp-json\/wp\/v2\/stijl?post=53955"},{"taxonomy":"merk","embeddable":true,"href":"https:\/\/www.industrialwood.nl\/de\/wp-json\/wp\/v2\/merk?post=53955"},{"taxonomy":"materiaal","embeddable":true,"href":"https:\/\/www.industrialwood.nl\/de\/wp-json\/wp\/v2\/materiaal?post=53955"},{"taxonomy":"materiaal-schaaltje","embeddable":true,"href":"https:\/\/www.industrialwood.nl\/de\/wp-json\/wp\/v2\/materiaal-schaaltje?post=53955"},{"taxonomy":"geur","embeddable":true,"href":"https:\/\/www.industrialwood.nl\/de\/wp-json\/wp\/v2\/geur?post=53955"},{"taxonomy":"product-type","embeddable":true,"href":"https:\/\/www.industrialwood.nl\/de\/wp-json\/wp\/v2\/product-type?post=53955"},{"taxonomy":"beoordeling","embeddable":true,"href":"https:\/\/www.industrialwood.nl\/de\/wp-json\/wp\/v2\/beoordeling?post=53955"},{"taxonomy":"uitsparingen","embeddable":true,"href":"https:\/\/www.industrialwood.nl\/de\/wp-json\/wp\/v2\/uitsparingen?post=53955"},{"taxonomy":"houtsoort","embeddable":true,"href":"https:\/\/www.industrialwood.nl\/de\/wp-json\/wp\/v2\/houtsoort?post=53955"},{"taxonomy":"breedte","embeddable":true,"href":"https:\/\/www.industrialwood.nl\/de\/wp-json\/wp\/v2\/breedte?post=53955"},{"taxonomy":"badplanken-lengte","embeddable":true,"href":"https:\/\/www.industrialwood.nl\/de\/wp-json\/wp\/v2\/badplanken-lengte?post=53955"},{"taxonomy":"kleur","embeddable":true,"href":"https:\/\/www.industrialwood.nl\/de\/wp-json\/wp\/v2\/kleur?post=53955"}],"curies":[{"name":"wp","href":"https:\/\/api.w.org\/{rel}","templated":true}]}}