{"id":53859,"date":"2024-05-27T09:30:09","date_gmt":"2024-05-27T07:30:09","guid":{"rendered":"https:\/\/www.industrialwood.nl\/?post_type=product&#038;p=53859"},"modified":"2026-01-07T18:30:46","modified_gmt":"2026-01-07T17:30:46","slug":"seidenzweig-blute-grau-kopie","status":"publish","type":"product","link":"https:\/\/www.industrialwood.nl\/de\/seidenzweig-blute-grau-kopie\/","title":{"rendered":"Seidenzweig | Bl\u00fcte | Orange"},"content":{"rendered":"","protected":false},"excerpt":{"rendered":"<p>Bringen Sie Atmosph\u00e4re in Ihr Zuhause mit diesem sch\u00f6nen <strong>Orangenbl\u00fctenzweig<\/strong>! Kein \u00c4rger mit dem Verwelken, nur der stilvolle Touch, den Sie suchen. Dieser Zweig ist super detailliert und verleiht Ihrer Einrichtung einen fr\u00f6hlichen und warmen Look. Das kr\u00e4ftige Orange sorgt f\u00fcr eine verspielte Atmosph\u00e4re und passt perfekt in jede Einrichtung, egal ob Sie sich f\u00fcr modern oder klassisch entscheiden. Stellen Sie ein paar dieser Zweige in eine sch\u00f6ne Vase oder kombinieren Sie sie mit anderen Zweigen f\u00fcr einen vollen, auff\u00e4lligen Strau\u00df. Ideal f\u00fcr endloses Vergn\u00fcgen! Die perfekte Farbe f\u00fcr den Herbst. Die Vase enth\u00e4lt 6 Bl\u00fctenzweige, jeder Zweig ist 85 cm lang. Die Zweige werden einzeln verkauft!       <\/p>\n<p><strong>Merkmale:<\/strong><\/p>\n<ul>\n<li>Passt wunderbar in jeden Raum, vom Wohnzimmer bis zum Schlafzimmer<\/li>\n<li>Der Seidenzweig bleibt <strong>jahrelang sch\u00f6n<\/strong><\/li>\n<li>Der Eisendraht in den Stielen der Seidenblumen dient dazu, die <strong>Blume in eine sch\u00f6ne Form<\/strong> <strong>zu biegen, so <\/strong>dass Sie sie in verschiedenen Vasengr\u00f6\u00dfen verwenden k\u00f6nnen.<\/li>\n<\/ul>\n<p><em>F\u00fcr diesen Strau\u00df wurde die <a href=\"https:\/\/www.industrialwood.nl\/winkel\/vazenpotten\/vaas-jana-smokey-black\/\">Jana Vase<\/a> verwendet. Bitte beachten Sie, dass der Strau\u00df keine Vase enth\u00e4lt.<\/em><\/p>\n","protected":false},"featured_media":53857,"comment_status":"open","ping_status":"closed","template":"","meta":[],"product_brand":[],"product_cat":[399,400,419,418,403,402,425,424,421,420,428,423,422,396],"product_tag":[],"seizoen":[543,545,544,546],"bloemensoort":[],"samenstelling":[677],"shop-per-kamer":[551,552,550,553,549],"indooroutdoor":[555],"vorm":[],"duurzaam":[565],"productafmetingen":[],"stijl":[574,571,575,573,572],"merk":[],"materiaal":[],"materiaal-schaaltje":[],"geur":[],"product-type":[],"beoordeling":[640,641,642],"uitsparingen":[],"houtsoort":[],"breedte":[],"badplanken-lengte":[],"kleur":[667],"class_list":{"0":"post-53859","1":"product","2":"type-product","3":"status-publish","4":"has-post-thumbnail","6":"product_cat-boheme-schlafzimmer","7":"product_cat-boheme-wohnzimmer","8":"product_cat-hotel-chic-schlafzimmer","9":"product_cat-hotel-chic-wohnzimmer","10":"product_cat-japandi-schlafzimmer","11":"product_cat-japandi-wohnzimmer","12":"product_cat-land-schlafzimmer","13":"product_cat-landwohnzimmer","14":"product_cat-modernes-schlafzimmer","15":"product_cat-modernes-wohnzimmer","16":"product_cat-seidenblumen","17":"product_cat-skandinavisches-schlafzimmer","18":"product_cat-skandinavisches-wohnzimmer","19":"product_cat-wohnzimmer","20":"seizoen-lente-de","21":"seizoen-herfst-de","22":"seizoen-zomer-de","23":"seizoen-winter-de","24":"samenstelling-lose-blumen","25":"shop-per-kamer-badkamer-de","26":"shop-per-kamer-hal-de","27":"shop-per-kamer-keuken-de","28":"shop-per-kamer-slaapkamer-de","29":"shop-per-kamer-woonkamer-de","30":"indooroutdoor-indoor-de","31":"duurzaam-ja-de","32":"stijl-bohemian-de","33":"stijl-hotel-chique-de","34":"stijl-japandi-de","35":"stijl-modern-de","36":"stijl-scandinavisch-de","37":"beoordeling-three-star-de","38":"beoordeling-four-star-de","39":"beoordeling-five-star-de","40":"kleur-oranje-de","42":"first","43":"instock","44":"taxable","45":"shipping-taxable","46":"purchasable","47":"product-type-simple"},"supplier_id":null,"supplier_sku":"","barcode":null,"atum_controlled":true,"out_stock_date":null,"out_stock_threshold":null,"inheritable":false,"inbound_stock":0,"stock_on_hold":0,"sold_today":0,"sales_last_days":0,"reserved_stock":0,"customer_returns":0,"warehouse_damage":0,"lost_in_post":0,"other_logs":0,"out_stock_days":0,"lost_sales":0,"has_location":false,"update_date":"2026-04-14T19:52:51","atum_locations":[],"atum_stock_status":"instock","restock_status":false,"low_stock_amount":"","sales_update_date":"2026-04-14T19:52:51","calc_backorders":null,"_links":{"self":[{"href":"https:\/\/www.industrialwood.nl\/de\/wp-json\/wp\/v2\/product\/53859","targetHints":{"allow":["GET"]}}],"collection":[{"href":"https:\/\/www.industrialwood.nl\/de\/wp-json\/wp\/v2\/product"}],"about":[{"href":"https:\/\/www.industrialwood.nl\/de\/wp-json\/wp\/v2\/types\/product"}],"replies":[{"embeddable":true,"href":"https:\/\/www.industrialwood.nl\/de\/wp-json\/wp\/v2\/comments?post=53859"}],"wp:featuredmedia":[{"embeddable":true,"href":"https:\/\/www.industrialwood.nl\/de\/wp-json\/wp\/v2\/media\/53857"}],"wp:attachment":[{"href":"https:\/\/www.industrialwood.nl\/de\/wp-json\/wp\/v2\/media?parent=53859"}],"wp:term":[{"taxonomy":"product_brand","embeddable":true,"href":"https:\/\/www.industrialwood.nl\/de\/wp-json\/wp\/v2\/product_brand?post=53859"},{"taxonomy":"product_cat","embeddable":true,"href":"https:\/\/www.industrialwood.nl\/de\/wp-json\/wp\/v2\/product_cat?post=53859"},{"taxonomy":"product_tag","embeddable":true,"href":"https:\/\/www.industrialwood.nl\/de\/wp-json\/wp\/v2\/product_tag?post=53859"},{"taxonomy":"seizoen","embeddable":true,"href":"https:\/\/www.industrialwood.nl\/de\/wp-json\/wp\/v2\/seizoen?post=53859"},{"taxonomy":"bloemensoort","embeddable":true,"href":"https:\/\/www.industrialwood.nl\/de\/wp-json\/wp\/v2\/bloemensoort?post=53859"},{"taxonomy":"samenstelling","embeddable":true,"href":"https:\/\/www.industrialwood.nl\/de\/wp-json\/wp\/v2\/samenstelling?post=53859"},{"taxonomy":"shop-per-kamer","embeddable":true,"href":"https:\/\/www.industrialwood.nl\/de\/wp-json\/wp\/v2\/shop-per-kamer?post=53859"},{"taxonomy":"indooroutdoor","embeddable":true,"href":"https:\/\/www.industrialwood.nl\/de\/wp-json\/wp\/v2\/indooroutdoor?post=53859"},{"taxonomy":"vorm","embeddable":true,"href":"https:\/\/www.industrialwood.nl\/de\/wp-json\/wp\/v2\/vorm?post=53859"},{"taxonomy":"duurzaam","embeddable":true,"href":"https:\/\/www.industrialwood.nl\/de\/wp-json\/wp\/v2\/duurzaam?post=53859"},{"taxonomy":"productafmetingen","embeddable":true,"href":"https:\/\/www.industrialwood.nl\/de\/wp-json\/wp\/v2\/productafmetingen?post=53859"},{"taxonomy":"stijl","embeddable":true,"href":"https:\/\/www.industrialwood.nl\/de\/wp-json\/wp\/v2\/stijl?post=53859"},{"taxonomy":"merk","embeddable":true,"href":"https:\/\/www.industrialwood.nl\/de\/wp-json\/wp\/v2\/merk?post=53859"},{"taxonomy":"materiaal","embeddable":true,"href":"https:\/\/www.industrialwood.nl\/de\/wp-json\/wp\/v2\/materiaal?post=53859"},{"taxonomy":"materiaal-schaaltje","embeddable":true,"href":"https:\/\/www.industrialwood.nl\/de\/wp-json\/wp\/v2\/materiaal-schaaltje?post=53859"},{"taxonomy":"geur","embeddable":true,"href":"https:\/\/www.industrialwood.nl\/de\/wp-json\/wp\/v2\/geur?post=53859"},{"taxonomy":"product-type","embeddable":true,"href":"https:\/\/www.industrialwood.nl\/de\/wp-json\/wp\/v2\/product-type?post=53859"},{"taxonomy":"beoordeling","embeddable":true,"href":"https:\/\/www.industrialwood.nl\/de\/wp-json\/wp\/v2\/beoordeling?post=53859"},{"taxonomy":"uitsparingen","embeddable":true,"href":"https:\/\/www.industrialwood.nl\/de\/wp-json\/wp\/v2\/uitsparingen?post=53859"},{"taxonomy":"houtsoort","embeddable":true,"href":"https:\/\/www.industrialwood.nl\/de\/wp-json\/wp\/v2\/houtsoort?post=53859"},{"taxonomy":"breedte","embeddable":true,"href":"https:\/\/www.industrialwood.nl\/de\/wp-json\/wp\/v2\/breedte?post=53859"},{"taxonomy":"badplanken-lengte","embeddable":true,"href":"https:\/\/www.industrialwood.nl\/de\/wp-json\/wp\/v2\/badplanken-lengte?post=53859"},{"taxonomy":"kleur","embeddable":true,"href":"https:\/\/www.industrialwood.nl\/de\/wp-json\/wp\/v2\/kleur?post=53859"}],"curies":[{"name":"wp","href":"https:\/\/api.w.org\/{rel}","templated":true}]}}