{"id":53718,"date":"2024-10-11T10:23:37","date_gmt":"2024-10-11T08:23:37","guid":{"rendered":"https:\/\/www.industrialwood.nl\/led-kerze-engel-schwarz-l\/"},"modified":"2026-01-13T10:19:02","modified_gmt":"2026-01-13T09:19:02","slug":"led-kerze-engel-schwarz-l","status":"publish","type":"product","link":"https:\/\/www.industrialwood.nl\/de\/led-kerze-engel-schwarz-l\/","title":{"rendered":"LED Kerze | Engel | Schwarz | L"},"content":{"rendered":"","protected":false},"excerpt":{"rendered":"<p>Suchen Sie nach einer einzigartigen und stimmungsvollen Erg\u00e4nzung f\u00fcr Ihre Einrichtung? Diese <strong>LED-Echtwachs-Engelskerze<\/strong> vereint W\u00e4rme und Komfort in einem sch\u00f6nen Design! Mit ihrer <strong>Dimmfunktion<\/strong> und dem <strong>Timer<\/strong> ist diese Kerze perfekt f\u00fcr einen stimmungsvollen Moment, ohne dass Sie sich um sie k\u00fcmmern m\u00fcssen. Schalten Sie die Kerze einfach an und stellen Sie den Timer so ein, dass sie nach einer bestimmten Zeit automatisch erlischt &#8211; perfekt f\u00fcr gem\u00fctliche Abende. Sie wollen es noch einfacher? Bestellen Sie die <strong>optionale <a href=\"https:\/\/www.industrialwood.nl\/afstandsbediening-led-engel\/\">Fernbedienung<\/a><\/strong> dazu, mit der Sie die Kerze ganz einfach von Ihrem Sessel aus bedienen k\u00f6nnen. Sie k\u00f6nnen das Licht ein- und ausschalten oder dimmen, ohne aufstehen zu m\u00fcssen. Erh\u00e4ltlich in verschiedenen Farben! Hinweis: Ohne 2x AA-Batterie und Fernbedienung.       <\/p>\n<p><strong>Merkmale:<\/strong><\/p>\n<ul>\n<li>Timer-Funktion f\u00fcr automatische Abschaltung<\/li>\n<li>Dimmfunktion f\u00fcr perfektes Ambiente<\/li>\n<li>Optional mit Fernbedienung (nicht im Lieferumfang enthalten)<\/li>\n<li>Auch in <a href=\"https:\/\/www.industrialwood.nl\/led-kaars-engel-taupe-l\/\">Taupe<\/a> und <a href=\"https:\/\/www.industrialwood.nl\/led-kaars-engel-wit-l\/\">Wei\u00df<\/a> erh\u00e4ltlich<\/li>\n<\/ul>\n<p>&nbsp;<\/p>\n<p><strong>Ma\u00dfe<\/strong>: 15 x 8 x 11 cm<br \/>\n<strong>Material<\/strong>: Wachs<br \/>\n<strong>Farbe<\/strong>: Schwarz<\/p>\n","protected":false},"featured_media":54114,"comment_status":"open","ping_status":"closed","template":"","meta":[],"product_brand":[],"product_cat":[400,418,402,413,424,744,420,740,422,531,396,390],"product_tag":[],"seizoen":[543,545,544,546],"bloemensoort":[],"samenstelling":[],"shop-per-kamer":[552,549],"indooroutdoor":[555],"vorm":[563,557],"duurzaam":[565],"productafmetingen":[569],"stijl":[574,571,575,573,572],"merk":[600],"materiaal":[615],"materiaal-schaaltje":[],"geur":[],"product-type":[],"beoordeling":[640,641,642],"uitsparingen":[],"houtsoort":[],"breedte":[],"badplanken-lengte":[],"kleur":[656],"class_list":{"0":"post-53718","1":"product","2":"type-product","3":"status-publish","4":"has-post-thumbnail","6":"product_cat-boheme-wohnzimmer","7":"product_cat-hotel-chic-wohnzimmer","8":"product_cat-japandi-wohnzimmer","9":"product_cat-kerzenstander-kerzenleuchter","10":"product_cat-landwohnzimmer","11":"product_cat-led-kerzen","12":"product_cat-modernes-wohnzimmer","13":"product_cat-schwarzer-freitag-2","14":"product_cat-skandinavisches-wohnzimmer","15":"product_cat-weihnachten","16":"product_cat-wohnzimmer","17":"product_cat-zuruck-zu-schwarz","18":"seizoen-lente-de","19":"seizoen-herfst-de","20":"seizoen-zomer-de","21":"seizoen-winter-de","22":"shop-per-kamer-hal-de","23":"shop-per-kamer-woonkamer-de","24":"indooroutdoor-indoor-de","25":"vorm-organisch-de","26":"vorm-rond-de","27":"duurzaam-ja-de","28":"productafmetingen-l-de","29":"stijl-bohemian-de","30":"stijl-hotel-chique-de","31":"stijl-japandi-de","32":"stijl-modern-de","33":"stijl-scandinavisch-de","34":"merk-countryfield-de","35":"materiaal-wax-de","36":"beoordeling-three-star-de","37":"beoordeling-four-star-de","38":"beoordeling-five-star-de","39":"kleur-zwart-de","41":"first","42":"instock","43":"taxable","44":"shipping-taxable","45":"purchasable","46":"product-type-simple"},"supplier_id":null,"supplier_sku":"","barcode":null,"atum_controlled":true,"out_stock_date":null,"out_stock_threshold":null,"inheritable":false,"inbound_stock":0,"stock_on_hold":0,"sold_today":0,"sales_last_days":0,"reserved_stock":0,"customer_returns":0,"warehouse_damage":0,"lost_in_post":0,"other_logs":0,"out_stock_days":0,"lost_sales":0,"has_location":false,"update_date":"2026-04-18T15:34:37","atum_locations":[],"atum_stock_status":"instock","restock_status":false,"low_stock_amount":"","sales_update_date":"2026-04-18T15:34:37","calc_backorders":null,"_links":{"self":[{"href":"https:\/\/www.industrialwood.nl\/de\/wp-json\/wp\/v2\/product\/53718","targetHints":{"allow":["GET"]}}],"collection":[{"href":"https:\/\/www.industrialwood.nl\/de\/wp-json\/wp\/v2\/product"}],"about":[{"href":"https:\/\/www.industrialwood.nl\/de\/wp-json\/wp\/v2\/types\/product"}],"replies":[{"embeddable":true,"href":"https:\/\/www.industrialwood.nl\/de\/wp-json\/wp\/v2\/comments?post=53718"}],"wp:featuredmedia":[{"embeddable":true,"href":"https:\/\/www.industrialwood.nl\/de\/wp-json\/wp\/v2\/media\/54114"}],"wp:attachment":[{"href":"https:\/\/www.industrialwood.nl\/de\/wp-json\/wp\/v2\/media?parent=53718"}],"wp:term":[{"taxonomy":"product_brand","embeddable":true,"href":"https:\/\/www.industrialwood.nl\/de\/wp-json\/wp\/v2\/product_brand?post=53718"},{"taxonomy":"product_cat","embeddable":true,"href":"https:\/\/www.industrialwood.nl\/de\/wp-json\/wp\/v2\/product_cat?post=53718"},{"taxonomy":"product_tag","embeddable":true,"href":"https:\/\/www.industrialwood.nl\/de\/wp-json\/wp\/v2\/product_tag?post=53718"},{"taxonomy":"seizoen","embeddable":true,"href":"https:\/\/www.industrialwood.nl\/de\/wp-json\/wp\/v2\/seizoen?post=53718"},{"taxonomy":"bloemensoort","embeddable":true,"href":"https:\/\/www.industrialwood.nl\/de\/wp-json\/wp\/v2\/bloemensoort?post=53718"},{"taxonomy":"samenstelling","embeddable":true,"href":"https:\/\/www.industrialwood.nl\/de\/wp-json\/wp\/v2\/samenstelling?post=53718"},{"taxonomy":"shop-per-kamer","embeddable":true,"href":"https:\/\/www.industrialwood.nl\/de\/wp-json\/wp\/v2\/shop-per-kamer?post=53718"},{"taxonomy":"indooroutdoor","embeddable":true,"href":"https:\/\/www.industrialwood.nl\/de\/wp-json\/wp\/v2\/indooroutdoor?post=53718"},{"taxonomy":"vorm","embeddable":true,"href":"https:\/\/www.industrialwood.nl\/de\/wp-json\/wp\/v2\/vorm?post=53718"},{"taxonomy":"duurzaam","embeddable":true,"href":"https:\/\/www.industrialwood.nl\/de\/wp-json\/wp\/v2\/duurzaam?post=53718"},{"taxonomy":"productafmetingen","embeddable":true,"href":"https:\/\/www.industrialwood.nl\/de\/wp-json\/wp\/v2\/productafmetingen?post=53718"},{"taxonomy":"stijl","embeddable":true,"href":"https:\/\/www.industrialwood.nl\/de\/wp-json\/wp\/v2\/stijl?post=53718"},{"taxonomy":"merk","embeddable":true,"href":"https:\/\/www.industrialwood.nl\/de\/wp-json\/wp\/v2\/merk?post=53718"},{"taxonomy":"materiaal","embeddable":true,"href":"https:\/\/www.industrialwood.nl\/de\/wp-json\/wp\/v2\/materiaal?post=53718"},{"taxonomy":"materiaal-schaaltje","embeddable":true,"href":"https:\/\/www.industrialwood.nl\/de\/wp-json\/wp\/v2\/materiaal-schaaltje?post=53718"},{"taxonomy":"geur","embeddable":true,"href":"https:\/\/www.industrialwood.nl\/de\/wp-json\/wp\/v2\/geur?post=53718"},{"taxonomy":"product-type","embeddable":true,"href":"https:\/\/www.industrialwood.nl\/de\/wp-json\/wp\/v2\/product-type?post=53718"},{"taxonomy":"beoordeling","embeddable":true,"href":"https:\/\/www.industrialwood.nl\/de\/wp-json\/wp\/v2\/beoordeling?post=53718"},{"taxonomy":"uitsparingen","embeddable":true,"href":"https:\/\/www.industrialwood.nl\/de\/wp-json\/wp\/v2\/uitsparingen?post=53718"},{"taxonomy":"houtsoort","embeddable":true,"href":"https:\/\/www.industrialwood.nl\/de\/wp-json\/wp\/v2\/houtsoort?post=53718"},{"taxonomy":"breedte","embeddable":true,"href":"https:\/\/www.industrialwood.nl\/de\/wp-json\/wp\/v2\/breedte?post=53718"},{"taxonomy":"badplanken-lengte","embeddable":true,"href":"https:\/\/www.industrialwood.nl\/de\/wp-json\/wp\/v2\/badplanken-lengte?post=53718"},{"taxonomy":"kleur","embeddable":true,"href":"https:\/\/www.industrialwood.nl\/de\/wp-json\/wp\/v2\/kleur?post=53718"}],"curies":[{"name":"wp","href":"https:\/\/api.w.org\/{rel}","templated":true}]}}