{"id":52723,"date":"2024-09-29T12:58:09","date_gmt":"2024-09-29T10:58:09","guid":{"rendered":"https:\/\/www.industrialwood.nl\/weinkuehler-schale-gold\/"},"modified":"2024-09-29T12:58:09","modified_gmt":"2024-09-29T10:58:09","slug":"weinkuehler-schale-gold","status":"publish","type":"product","link":"https:\/\/www.industrialwood.nl\/de\/weinkuehler-schale-gold\/","title":{"rendered":"Weink\u00fchler | Schale | Gold"},"content":{"rendered":"","protected":false},"excerpt":{"rendered":"<p>Suchen Sie den perfekten <strong>Weink\u00fchler<\/strong>, der Ihre Getr\u00e4nke nicht nur k\u00fchl h\u00e4lt, sondern auch noch luxuri\u00f6s aussieht?<br \/>\nDieser stilvolle Weink\u00fchler aus hochwertigem Metall ist genau das, was Sie brauchen!<br \/>\nF\u00fcllen Sie den K\u00fchler mit Eisw\u00fcrfeln, um Ihren Wein oder Champagner lange Zeit k\u00fchl zu halten.<br \/>\nDas robuste Material und das einzigartige Finish sorgen f\u00fcr einen eleganten Look, der in jeder Umgebung hervorsticht.<br \/>\nDank der robusten Metallkonstruktion bleiben Ihre Getr\u00e4nke wunderbar frisch, und der sch\u00f6ne goldene Farbton macht diesen Weink\u00fchler zu einem echten Blickfang auf dem Tisch.      <strong>Merkmale:<\/strong><\/p>\n<ul>\n<li>Hergestellt aus hochwertigem Metall f\u00fcr optimale Qualit\u00e4t<\/li>\n<li>Luxuri\u00f6ses, goldenes Finish f\u00fcr einen eleganten Look<\/li>\n<li>Perfekte Gr\u00f6\u00dfe f\u00fcr eine Flasche mit Eisw\u00fcrfeln!<\/li>\n<\/ul>\n<p>&nbsp;<\/p>\n<p><strong>Ma\u00dfe<\/strong>: 26 x 22 x 19 cm <strong>Material<\/strong>: Metall <strong>Farbe<\/strong>: Gold<\/p>\n","protected":false},"featured_media":52714,"comment_status":"open","ping_status":"closed","template":"","meta":[],"product_brand":[],"product_cat":[392,412,400,411,480,418,402,502,505,420,507,422,396],"product_tag":[],"seizoen":[543,545,544,546],"bloemensoort":[],"samenstelling":[],"shop-per-kamer":[552,549],"indooroutdoor":[555],"vorm":[557],"duurzaam":[565],"productafmetingen":[569,568],"stijl":[574,571,575,573,572],"merk":[584],"materiaal":[614],"materiaal-schaaltje":[],"geur":[],"product-type":[],"beoordeling":[640,641,642],"uitsparingen":[],"houtsoort":[],"breedte":[],"badplanken-lengte":[],"kleur":[658],"class_list":{"0":"post-52723","1":"product","2":"type-product","3":"status-publish","4":"has-post-thumbnail","6":"product_cat-andere","7":"product_cat-boheme-kuche","8":"product_cat-boheme-wohnzimmer","9":"product_cat-goldene-stunde","10":"product_cat-hotel-chic-kuche","11":"product_cat-hotel-chic-wohnzimmer","12":"product_cat-japandi-wohnzimmer","13":"product_cat-japandische-kuche","14":"product_cat-moderne-kuche","15":"product_cat-modernes-wohnzimmer","16":"product_cat-skandinavische-kuche","17":"product_cat-skandinavisches-wohnzimmer","18":"product_cat-wohnzimmer","19":"seizoen-lente-de","20":"seizoen-herfst-de","21":"seizoen-zomer-de","22":"seizoen-winter-de","23":"shop-per-kamer-hal-de","24":"shop-per-kamer-woonkamer-de","25":"indooroutdoor-indoor-de","26":"vorm-rond-de","27":"duurzaam-ja-de","28":"productafmetingen-l-de","29":"productafmetingen-m-de","30":"stijl-bohemian-de","31":"stijl-hotel-chique-de","32":"stijl-japandi-de","33":"stijl-modern-de","34":"stijl-scandinavisch-de","35":"merk-diga-colmore-de","36":"materiaal-metaal-de","37":"beoordeling-three-star-de","38":"beoordeling-four-star-de","39":"beoordeling-five-star-de","40":"kleur-goud-de","42":"first","43":"outofstock","44":"taxable","45":"shipping-taxable","46":"purchasable","47":"product-type-simple"},"supplier_id":null,"supplier_sku":"","barcode":null,"atum_controlled":true,"out_stock_date":"2024-12-16 20:42:29","out_stock_threshold":null,"inheritable":false,"inbound_stock":0,"stock_on_hold":0,"sold_today":0,"sales_last_days":0,"reserved_stock":0,"customer_returns":0,"warehouse_damage":0,"lost_in_post":0,"other_logs":0,"out_stock_days":448,"lost_sales":0,"has_location":false,"update_date":"2026-03-10T01:35:50","atum_locations":[],"atum_stock_status":"outofstock","restock_status":false,"low_stock_amount":"","sales_update_date":"2026-03-10T01:35:50","calc_backorders":null,"_links":{"self":[{"href":"https:\/\/www.industrialwood.nl\/de\/wp-json\/wp\/v2\/product\/52723","targetHints":{"allow":["GET"]}}],"collection":[{"href":"https:\/\/www.industrialwood.nl\/de\/wp-json\/wp\/v2\/product"}],"about":[{"href":"https:\/\/www.industrialwood.nl\/de\/wp-json\/wp\/v2\/types\/product"}],"replies":[{"embeddable":true,"href":"https:\/\/www.industrialwood.nl\/de\/wp-json\/wp\/v2\/comments?post=52723"}],"wp:featuredmedia":[{"embeddable":true,"href":"https:\/\/www.industrialwood.nl\/de\/wp-json\/wp\/v2\/media\/52714"}],"wp:attachment":[{"href":"https:\/\/www.industrialwood.nl\/de\/wp-json\/wp\/v2\/media?parent=52723"}],"wp:term":[{"taxonomy":"product_brand","embeddable":true,"href":"https:\/\/www.industrialwood.nl\/de\/wp-json\/wp\/v2\/product_brand?post=52723"},{"taxonomy":"product_cat","embeddable":true,"href":"https:\/\/www.industrialwood.nl\/de\/wp-json\/wp\/v2\/product_cat?post=52723"},{"taxonomy":"product_tag","embeddable":true,"href":"https:\/\/www.industrialwood.nl\/de\/wp-json\/wp\/v2\/product_tag?post=52723"},{"taxonomy":"seizoen","embeddable":true,"href":"https:\/\/www.industrialwood.nl\/de\/wp-json\/wp\/v2\/seizoen?post=52723"},{"taxonomy":"bloemensoort","embeddable":true,"href":"https:\/\/www.industrialwood.nl\/de\/wp-json\/wp\/v2\/bloemensoort?post=52723"},{"taxonomy":"samenstelling","embeddable":true,"href":"https:\/\/www.industrialwood.nl\/de\/wp-json\/wp\/v2\/samenstelling?post=52723"},{"taxonomy":"shop-per-kamer","embeddable":true,"href":"https:\/\/www.industrialwood.nl\/de\/wp-json\/wp\/v2\/shop-per-kamer?post=52723"},{"taxonomy":"indooroutdoor","embeddable":true,"href":"https:\/\/www.industrialwood.nl\/de\/wp-json\/wp\/v2\/indooroutdoor?post=52723"},{"taxonomy":"vorm","embeddable":true,"href":"https:\/\/www.industrialwood.nl\/de\/wp-json\/wp\/v2\/vorm?post=52723"},{"taxonomy":"duurzaam","embeddable":true,"href":"https:\/\/www.industrialwood.nl\/de\/wp-json\/wp\/v2\/duurzaam?post=52723"},{"taxonomy":"productafmetingen","embeddable":true,"href":"https:\/\/www.industrialwood.nl\/de\/wp-json\/wp\/v2\/productafmetingen?post=52723"},{"taxonomy":"stijl","embeddable":true,"href":"https:\/\/www.industrialwood.nl\/de\/wp-json\/wp\/v2\/stijl?post=52723"},{"taxonomy":"merk","embeddable":true,"href":"https:\/\/www.industrialwood.nl\/de\/wp-json\/wp\/v2\/merk?post=52723"},{"taxonomy":"materiaal","embeddable":true,"href":"https:\/\/www.industrialwood.nl\/de\/wp-json\/wp\/v2\/materiaal?post=52723"},{"taxonomy":"materiaal-schaaltje","embeddable":true,"href":"https:\/\/www.industrialwood.nl\/de\/wp-json\/wp\/v2\/materiaal-schaaltje?post=52723"},{"taxonomy":"geur","embeddable":true,"href":"https:\/\/www.industrialwood.nl\/de\/wp-json\/wp\/v2\/geur?post=52723"},{"taxonomy":"product-type","embeddable":true,"href":"https:\/\/www.industrialwood.nl\/de\/wp-json\/wp\/v2\/product-type?post=52723"},{"taxonomy":"beoordeling","embeddable":true,"href":"https:\/\/www.industrialwood.nl\/de\/wp-json\/wp\/v2\/beoordeling?post=52723"},{"taxonomy":"uitsparingen","embeddable":true,"href":"https:\/\/www.industrialwood.nl\/de\/wp-json\/wp\/v2\/uitsparingen?post=52723"},{"taxonomy":"houtsoort","embeddable":true,"href":"https:\/\/www.industrialwood.nl\/de\/wp-json\/wp\/v2\/houtsoort?post=52723"},{"taxonomy":"breedte","embeddable":true,"href":"https:\/\/www.industrialwood.nl\/de\/wp-json\/wp\/v2\/breedte?post=52723"},{"taxonomy":"badplanken-lengte","embeddable":true,"href":"https:\/\/www.industrialwood.nl\/de\/wp-json\/wp\/v2\/badplanken-lengte?post=52723"},{"taxonomy":"kleur","embeddable":true,"href":"https:\/\/www.industrialwood.nl\/de\/wp-json\/wp\/v2\/kleur?post=52723"}],"curies":[{"name":"wp","href":"https:\/\/api.w.org\/{rel}","templated":true}]}}