{"id":51201,"date":"2024-09-13T09:16:49","date_gmt":"2024-09-13T07:16:49","guid":{"rendered":"https:\/\/www.industrialwood.nl\/?post_type=product&#038;p=51201"},"modified":"2026-02-01T13:28:36","modified_gmt":"2026-02-01T12:28:36","slug":"vase-biyang-lightliving-metallische-bronze-s-kopie","status":"publish","type":"product","link":"https:\/\/www.industrialwood.nl\/de\/vase-biyang-lightliving-metallische-bronze-s-kopie\/","title":{"rendered":"Vase | Biyang | Light&amp;Living | Metallic Hellgold | Klein"},"content":{"rendered":"","protected":false},"excerpt":{"rendered":"<p>Verleihen Sie Ihrer Einrichtung ein schickes Upgrade mit dieser hellgoldenen <strong>Kugelvase Biyang<\/strong> von <strong>Light &amp; Living<\/strong>. Die auff\u00e4llige Struktur aus goldfarbenen Kugeln schafft ein verspieltes und luxuri\u00f6ses Design, das ideal ist, um die Blicke auf sich zu ziehen. Diese Vase ist nicht nur mit (Seiden-)Blumen sch\u00f6n, sondern auch ohne Blumen ein stilvolles Statement. Sie passt zu fast jedem Einrichtungsstil und ist ein echter Blickfang in jedem Raum. Ein Muss f\u00fcr Liebhaber von Luxus und einzigartigem Design! Auch bekannt als die beliebte Weihnachtskugelvase.     <\/p>\n<p><strong>Merkmale:<\/strong><\/p>\n<ul>\n<li>Einzigartiges kugelf\u00f6rmiges Design<\/li>\n<li>Gl\u00e4nzende Bronzeoberfl\u00e4che<\/li>\n<li>Hohe Qualit\u00e4t von Light &amp; Living<\/li>\n<\/ul>\n<p><strong>Ma\u00dfe<\/strong>: 14 x 17,5 cm<br \/>\n<strong>Material<\/strong>: Keramik<br \/>\n<strong>Farbe<\/strong>: Metallic Hellgold<\/p>\n","protected":false},"featured_media":51199,"comment_status":"open","ping_status":"closed","template":"","meta":[],"product_brand":[],"product_cat":[418,420,395,387,531,396],"product_tag":[],"seizoen":[543,545,544,546],"bloemensoort":[],"samenstelling":[],"shop-per-kamer":[552,549],"indooroutdoor":[555],"vorm":[563,557],"duurzaam":[565],"productafmetingen":[567],"stijl":[571,573],"merk":[580],"materiaal":[611],"materiaal-schaaltje":[],"geur":[],"product-type":[],"beoordeling":[640,641,642],"uitsparingen":[],"houtsoort":[],"breedte":[],"badplanken-lengte":[],"kleur":[658],"class_list":{"0":"post-51201","1":"product","2":"type-product","3":"status-publish","4":"has-post-thumbnail","6":"product_cat-hotel-chic-wohnzimmer","7":"product_cat-modernes-wohnzimmer","8":"product_cat-naturliche-tone","9":"product_cat-vasen-topfe","10":"product_cat-weihnachten","11":"product_cat-wohnzimmer","12":"seizoen-lente-de","13":"seizoen-herfst-de","14":"seizoen-zomer-de","15":"seizoen-winter-de","16":"shop-per-kamer-hal-de","17":"shop-per-kamer-woonkamer-de","18":"indooroutdoor-indoor-de","19":"vorm-organisch-de","20":"vorm-rond-de","21":"duurzaam-ja-de","22":"productafmetingen-s-de","23":"stijl-hotel-chique-de","24":"stijl-modern-de","25":"merk-lightliving-de","26":"materiaal-keramiek-de","27":"beoordeling-three-star-de","28":"beoordeling-four-star-de","29":"beoordeling-five-star-de","30":"kleur-goud-de","32":"first","33":"outofstock","34":"taxable","35":"shipping-taxable","36":"purchasable","37":"product-type-simple"},"supplier_id":null,"supplier_sku":"","barcode":null,"atum_controlled":true,"out_stock_date":"2026-03-16 13:44:16","out_stock_threshold":null,"inheritable":false,"inbound_stock":0,"stock_on_hold":1,"sold_today":0,"sales_last_days":1,"reserved_stock":0,"customer_returns":0,"warehouse_damage":0,"lost_in_post":0,"other_logs":0,"out_stock_days":17,"lost_sales":68,"has_location":false,"update_date":"2026-04-02T21:18:44","atum_locations":[],"atum_stock_status":"outofstock","restock_status":false,"low_stock_amount":"","sales_update_date":"2026-04-02T12:13:34","calc_backorders":null,"_links":{"self":[{"href":"https:\/\/www.industrialwood.nl\/de\/wp-json\/wp\/v2\/product\/51201","targetHints":{"allow":["GET"]}}],"collection":[{"href":"https:\/\/www.industrialwood.nl\/de\/wp-json\/wp\/v2\/product"}],"about":[{"href":"https:\/\/www.industrialwood.nl\/de\/wp-json\/wp\/v2\/types\/product"}],"replies":[{"embeddable":true,"href":"https:\/\/www.industrialwood.nl\/de\/wp-json\/wp\/v2\/comments?post=51201"}],"wp:featuredmedia":[{"embeddable":true,"href":"https:\/\/www.industrialwood.nl\/de\/wp-json\/wp\/v2\/media\/51199"}],"wp:attachment":[{"href":"https:\/\/www.industrialwood.nl\/de\/wp-json\/wp\/v2\/media?parent=51201"}],"wp:term":[{"taxonomy":"product_brand","embeddable":true,"href":"https:\/\/www.industrialwood.nl\/de\/wp-json\/wp\/v2\/product_brand?post=51201"},{"taxonomy":"product_cat","embeddable":true,"href":"https:\/\/www.industrialwood.nl\/de\/wp-json\/wp\/v2\/product_cat?post=51201"},{"taxonomy":"product_tag","embeddable":true,"href":"https:\/\/www.industrialwood.nl\/de\/wp-json\/wp\/v2\/product_tag?post=51201"},{"taxonomy":"seizoen","embeddable":true,"href":"https:\/\/www.industrialwood.nl\/de\/wp-json\/wp\/v2\/seizoen?post=51201"},{"taxonomy":"bloemensoort","embeddable":true,"href":"https:\/\/www.industrialwood.nl\/de\/wp-json\/wp\/v2\/bloemensoort?post=51201"},{"taxonomy":"samenstelling","embeddable":true,"href":"https:\/\/www.industrialwood.nl\/de\/wp-json\/wp\/v2\/samenstelling?post=51201"},{"taxonomy":"shop-per-kamer","embeddable":true,"href":"https:\/\/www.industrialwood.nl\/de\/wp-json\/wp\/v2\/shop-per-kamer?post=51201"},{"taxonomy":"indooroutdoor","embeddable":true,"href":"https:\/\/www.industrialwood.nl\/de\/wp-json\/wp\/v2\/indooroutdoor?post=51201"},{"taxonomy":"vorm","embeddable":true,"href":"https:\/\/www.industrialwood.nl\/de\/wp-json\/wp\/v2\/vorm?post=51201"},{"taxonomy":"duurzaam","embeddable":true,"href":"https:\/\/www.industrialwood.nl\/de\/wp-json\/wp\/v2\/duurzaam?post=51201"},{"taxonomy":"productafmetingen","embeddable":true,"href":"https:\/\/www.industrialwood.nl\/de\/wp-json\/wp\/v2\/productafmetingen?post=51201"},{"taxonomy":"stijl","embeddable":true,"href":"https:\/\/www.industrialwood.nl\/de\/wp-json\/wp\/v2\/stijl?post=51201"},{"taxonomy":"merk","embeddable":true,"href":"https:\/\/www.industrialwood.nl\/de\/wp-json\/wp\/v2\/merk?post=51201"},{"taxonomy":"materiaal","embeddable":true,"href":"https:\/\/www.industrialwood.nl\/de\/wp-json\/wp\/v2\/materiaal?post=51201"},{"taxonomy":"materiaal-schaaltje","embeddable":true,"href":"https:\/\/www.industrialwood.nl\/de\/wp-json\/wp\/v2\/materiaal-schaaltje?post=51201"},{"taxonomy":"geur","embeddable":true,"href":"https:\/\/www.industrialwood.nl\/de\/wp-json\/wp\/v2\/geur?post=51201"},{"taxonomy":"product-type","embeddable":true,"href":"https:\/\/www.industrialwood.nl\/de\/wp-json\/wp\/v2\/product-type?post=51201"},{"taxonomy":"beoordeling","embeddable":true,"href":"https:\/\/www.industrialwood.nl\/de\/wp-json\/wp\/v2\/beoordeling?post=51201"},{"taxonomy":"uitsparingen","embeddable":true,"href":"https:\/\/www.industrialwood.nl\/de\/wp-json\/wp\/v2\/uitsparingen?post=51201"},{"taxonomy":"houtsoort","embeddable":true,"href":"https:\/\/www.industrialwood.nl\/de\/wp-json\/wp\/v2\/houtsoort?post=51201"},{"taxonomy":"breedte","embeddable":true,"href":"https:\/\/www.industrialwood.nl\/de\/wp-json\/wp\/v2\/breedte?post=51201"},{"taxonomy":"badplanken-lengte","embeddable":true,"href":"https:\/\/www.industrialwood.nl\/de\/wp-json\/wp\/v2\/badplanken-lengte?post=51201"},{"taxonomy":"kleur","embeddable":true,"href":"https:\/\/www.industrialwood.nl\/de\/wp-json\/wp\/v2\/kleur?post=51201"}],"curies":[{"name":"wp","href":"https:\/\/api.w.org\/{rel}","templated":true}]}}