{"id":49820,"date":"2024-08-24T13:00:36","date_gmt":"2024-08-24T11:00:36","guid":{"rendered":"https:\/\/www.industrialwood.nl\/spiegel-j-line-holz\/"},"modified":"2024-08-24T13:00:36","modified_gmt":"2024-08-24T11:00:36","slug":"spiegel-j-line-holz","status":"publish","type":"product","link":"https:\/\/www.industrialwood.nl\/de\/spiegel-j-line-holz\/","title":{"rendered":"Spiegel | J-Line | Holz"},"content":{"rendered":"","protected":false},"excerpt":{"rendered":"<p>Verleihen Sie Ihrer Einrichtung einen warmen, nat\u00fcrlichen Look mit diesem sch\u00f6nen Spiegel aus hochwertigem Paulownia-Holz. Das einzigartige, rustikale Design verleiht jedem Raum sofort Charakter, w\u00e4hrend der runde Holzrahmen f\u00fcr einen zeitlosen Look sorgt. Was macht Paulownia-Holz so besonders? Diese Art von Holz ist nicht nur leicht, sondern auch au\u00dfergew\u00f6hnlich stark und langlebig. Paulownia-Holz ist bekannt f\u00fcr seine sch\u00f6ne, feine Maserung und elegante Textur, die ihm ein luxuri\u00f6ses, nat\u00fcrliches Aussehen verleiht. Ob Sie ihn im Flur, im Wohnzimmer oder im Schlafzimmer aufh\u00e4ngen, dieser Spiegel ist ein echter Blickfang, der jeden Raum m\u00fchelos aufhellt.  <strong>Merkmale:<\/strong><\/p>\n<ul>\n<li>Hergestellt aus starkem und leichtem Paulownia-Holz<\/li>\n<li>Einzigartiges, rustikales Design<\/li>\n<li>Zeitlose Erg\u00e4nzung f\u00fcr jede Einrichtung<\/li>\n<\/ul>\n<p>&nbsp;<\/p>\n<p><strong>Ma\u00dfe<\/strong>: 66 x 4 x 66 cm <strong>Material<\/strong>: Paulownia Holz | Glas <strong>Farbe<\/strong>: Naturbraun<\/p>\n","protected":false},"featured_media":49819,"comment_status":"open","ping_status":"closed","template":"","meta":[],"product_brand":[],"product_cat":[392,400,402,424,395,422,396],"product_tag":[],"seizoen":[543,545,544,546],"bloemensoort":[],"samenstelling":[],"shop-per-kamer":[552,549],"indooroutdoor":[555],"vorm":[557],"duurzaam":[565],"productafmetingen":[569,568,570],"stijl":[574,575,572],"merk":[578],"materiaal":[609],"materiaal-schaaltje":[],"geur":[],"product-type":[],"beoordeling":[640,641,642],"uitsparingen":[],"houtsoort":[],"breedte":[],"badplanken-lengte":[],"kleur":[663,655],"class_list":{"0":"post-49820","1":"product","2":"type-product","3":"status-publish","4":"has-post-thumbnail","6":"product_cat-andere","7":"product_cat-boheme-wohnzimmer","8":"product_cat-japandi-wohnzimmer","9":"product_cat-landwohnzimmer","10":"product_cat-naturliche-tone","11":"product_cat-skandinavisches-wohnzimmer","12":"product_cat-wohnzimmer","13":"seizoen-lente-de","14":"seizoen-herfst-de","15":"seizoen-zomer-de","16":"seizoen-winter-de","17":"shop-per-kamer-hal-de","18":"shop-per-kamer-woonkamer-de","19":"indooroutdoor-indoor-de","20":"vorm-rond-de","21":"duurzaam-ja-de","22":"productafmetingen-l-de","23":"productafmetingen-m-de","24":"productafmetingen-xl-de","25":"stijl-bohemian-de","26":"stijl-japandi-de","27":"stijl-scandinavisch-de","28":"merk-j-line-de","29":"materiaal-hout-de","30":"beoordeling-three-star-de","31":"beoordeling-four-star-de","32":"beoordeling-five-star-de","33":"kleur-bruin-de","34":"kleur-natuurlijk-de","36":"first","37":"instock","38":"taxable","39":"shipping-taxable","40":"purchasable","41":"product-type-simple"},"supplier_id":null,"supplier_sku":"","barcode":null,"atum_controlled":false,"out_stock_date":null,"out_stock_threshold":null,"inheritable":false,"inbound_stock":null,"stock_on_hold":0,"sold_today":0,"sales_last_days":0,"reserved_stock":null,"customer_returns":null,"warehouse_damage":null,"lost_in_post":null,"other_logs":null,"out_stock_days":0,"lost_sales":0,"has_location":false,"update_date":"2026-03-10T01:36:04","atum_locations":[],"atum_stock_status":"instock","restock_status":false,"low_stock_amount":"","sales_update_date":"2026-03-10T01:36:04","calc_backorders":null,"_links":{"self":[{"href":"https:\/\/www.industrialwood.nl\/de\/wp-json\/wp\/v2\/product\/49820","targetHints":{"allow":["GET"]}}],"collection":[{"href":"https:\/\/www.industrialwood.nl\/de\/wp-json\/wp\/v2\/product"}],"about":[{"href":"https:\/\/www.industrialwood.nl\/de\/wp-json\/wp\/v2\/types\/product"}],"replies":[{"embeddable":true,"href":"https:\/\/www.industrialwood.nl\/de\/wp-json\/wp\/v2\/comments?post=49820"}],"wp:featuredmedia":[{"embeddable":true,"href":"https:\/\/www.industrialwood.nl\/de\/wp-json\/wp\/v2\/media\/49819"}],"wp:attachment":[{"href":"https:\/\/www.industrialwood.nl\/de\/wp-json\/wp\/v2\/media?parent=49820"}],"wp:term":[{"taxonomy":"product_brand","embeddable":true,"href":"https:\/\/www.industrialwood.nl\/de\/wp-json\/wp\/v2\/product_brand?post=49820"},{"taxonomy":"product_cat","embeddable":true,"href":"https:\/\/www.industrialwood.nl\/de\/wp-json\/wp\/v2\/product_cat?post=49820"},{"taxonomy":"product_tag","embeddable":true,"href":"https:\/\/www.industrialwood.nl\/de\/wp-json\/wp\/v2\/product_tag?post=49820"},{"taxonomy":"seizoen","embeddable":true,"href":"https:\/\/www.industrialwood.nl\/de\/wp-json\/wp\/v2\/seizoen?post=49820"},{"taxonomy":"bloemensoort","embeddable":true,"href":"https:\/\/www.industrialwood.nl\/de\/wp-json\/wp\/v2\/bloemensoort?post=49820"},{"taxonomy":"samenstelling","embeddable":true,"href":"https:\/\/www.industrialwood.nl\/de\/wp-json\/wp\/v2\/samenstelling?post=49820"},{"taxonomy":"shop-per-kamer","embeddable":true,"href":"https:\/\/www.industrialwood.nl\/de\/wp-json\/wp\/v2\/shop-per-kamer?post=49820"},{"taxonomy":"indooroutdoor","embeddable":true,"href":"https:\/\/www.industrialwood.nl\/de\/wp-json\/wp\/v2\/indooroutdoor?post=49820"},{"taxonomy":"vorm","embeddable":true,"href":"https:\/\/www.industrialwood.nl\/de\/wp-json\/wp\/v2\/vorm?post=49820"},{"taxonomy":"duurzaam","embeddable":true,"href":"https:\/\/www.industrialwood.nl\/de\/wp-json\/wp\/v2\/duurzaam?post=49820"},{"taxonomy":"productafmetingen","embeddable":true,"href":"https:\/\/www.industrialwood.nl\/de\/wp-json\/wp\/v2\/productafmetingen?post=49820"},{"taxonomy":"stijl","embeddable":true,"href":"https:\/\/www.industrialwood.nl\/de\/wp-json\/wp\/v2\/stijl?post=49820"},{"taxonomy":"merk","embeddable":true,"href":"https:\/\/www.industrialwood.nl\/de\/wp-json\/wp\/v2\/merk?post=49820"},{"taxonomy":"materiaal","embeddable":true,"href":"https:\/\/www.industrialwood.nl\/de\/wp-json\/wp\/v2\/materiaal?post=49820"},{"taxonomy":"materiaal-schaaltje","embeddable":true,"href":"https:\/\/www.industrialwood.nl\/de\/wp-json\/wp\/v2\/materiaal-schaaltje?post=49820"},{"taxonomy":"geur","embeddable":true,"href":"https:\/\/www.industrialwood.nl\/de\/wp-json\/wp\/v2\/geur?post=49820"},{"taxonomy":"product-type","embeddable":true,"href":"https:\/\/www.industrialwood.nl\/de\/wp-json\/wp\/v2\/product-type?post=49820"},{"taxonomy":"beoordeling","embeddable":true,"href":"https:\/\/www.industrialwood.nl\/de\/wp-json\/wp\/v2\/beoordeling?post=49820"},{"taxonomy":"uitsparingen","embeddable":true,"href":"https:\/\/www.industrialwood.nl\/de\/wp-json\/wp\/v2\/uitsparingen?post=49820"},{"taxonomy":"houtsoort","embeddable":true,"href":"https:\/\/www.industrialwood.nl\/de\/wp-json\/wp\/v2\/houtsoort?post=49820"},{"taxonomy":"breedte","embeddable":true,"href":"https:\/\/www.industrialwood.nl\/de\/wp-json\/wp\/v2\/breedte?post=49820"},{"taxonomy":"badplanken-lengte","embeddable":true,"href":"https:\/\/www.industrialwood.nl\/de\/wp-json\/wp\/v2\/badplanken-lengte?post=49820"},{"taxonomy":"kleur","embeddable":true,"href":"https:\/\/www.industrialwood.nl\/de\/wp-json\/wp\/v2\/kleur?post=49820"}],"curies":[{"name":"wp","href":"https:\/\/api.w.org\/{rel}","templated":true}]}}