{"id":49810,"date":"2024-08-24T11:51:20","date_gmt":"2024-08-24T09:51:20","guid":{"rendered":"https:\/\/www.industrialwood.nl\/lampenfuss-lightliving-jamiro-schwarz\/"},"modified":"2026-03-12T11:48:46","modified_gmt":"2026-03-12T10:48:46","slug":"lampenfuss-lightliving-jamiro-schwarz","status":"publish","type":"product","link":"https:\/\/www.industrialwood.nl\/de\/lampenfuss-lightliving-jamiro-schwarz\/","title":{"rendered":"Lampenfu\u00df | Light&amp;Living | Jamiro | Schwarz"},"content":{"rendered":"<p>Die horizontale, ovale Form dieses Lampenfu\u00dfes ist ideal, um einen Blickfang zu schaffen, ohne zu viel Platz einzunehmen.<br \/>\nW\u00e4hlen Sie einen passenden Lampenschirm mit E27-Fassung und eine sch\u00f6ne Lichtquelle, um den Look zu vollenden.<br \/>\nDenken Sie zum Beispiel an einen ovalen Lampenschirm, um diesen Lampenfu\u00df auf einer Fensterbank oder einem Beistelltisch zu platzieren.<br \/>\nDas schlichte Design passt gut in eine moderne Einrichtung.<br \/>\nDer Lampenfu\u00df hat eine Gr\u00f6\u00dfe von 37x13x29 cm.<br \/>\nLight &amp; Living hat eine gro\u00dfe Auswahl an Lampenf\u00fc\u00dfen und passenden Schirmen, aus denen Sie Ihre eigene Lieblingslampe zusammenstellen k\u00f6nnen.       <\/p>\n<table>\n<tbody>\n<tr>\n<td>Material<\/td>\n<td>Metall<\/td>\n<\/tr>\n<tr>\n<td>Farbe<\/td>\n<td>Schwarz<\/td>\n<\/tr>\n<tr>\n<td>Form<\/td>\n<td>Oval<\/td>\n<\/tr>\n<\/tbody>\n<\/table>\n","protected":false},"excerpt":{"rendered":"<p>Entdecken Sie diesen stilvollen horizontalen <strong>Jamiro Lampenfu\u00df<\/strong> von <strong>Light &amp; Living<\/strong>.<br \/>\nMit seinem schlichten, modernen Design verleiht dieser Lampenfu\u00df jeder Einrichtung einen modernen Touch.<br \/>\nDie schwarze, ovale Form sorgt f\u00fcr einen spielerischen Effekt und macht diesen Lampenfu\u00df zum Beispiel perfekt f\u00fcr ein Sideboard oder einen breiten Nachttisch.<br \/>\nKombinieren Sie ihn mit einem sch\u00f6nen Lampenschirm f\u00fcr den letzten Schliff.<br \/>\nDieser Lampenfu\u00df ist auch in einer vertikalen Version und als Stehlampe erh\u00e4ltlich, so dass Sie die perfekte Kombination in Ihrem Zuhause schaffen k\u00f6nnen.      <strong>Merkmale:<\/strong><\/p>\n<ul>\n<li>Stilvolle horizontale Form<\/li>\n<li>Hergestellt aus robustem Metall<\/li>\n<li>Auch in einer vertikalen Form und als Stehleuchte erh\u00e4ltlich<\/li>\n<\/ul>\n<p>&nbsp;<\/p>\n<p><strong>Ma\u00dfe<\/strong>: 37 x 13 x 29 cm <strong>Material<\/strong>: Metall <strong>Farbe<\/strong>: Schwarz<\/p>\n","protected":false},"featured_media":49803,"comment_status":"open","ping_status":"closed","template":"","meta":[],"product_brand":[],"product_cat":[419,418,429,421,420,398,423,422,396,390],"product_tag":[],"seizoen":[],"bloemensoort":[],"samenstelling":[],"shop-per-kamer":[552,553,549],"indooroutdoor":[555],"vorm":[558,557],"duurzaam":[565],"productafmetingen":[568,567],"stijl":[571,573,572],"merk":[580],"materiaal":[614],"materiaal-schaaltje":[],"geur":[],"product-type":[],"beoordeling":[640,641,642],"uitsparingen":[],"houtsoort":[],"breedte":[],"badplanken-lengte":[],"kleur":[656],"class_list":{"0":"post-49810","1":"product","2":"type-product","3":"status-publish","4":"has-post-thumbnail","6":"product_cat-hotel-chic-schlafzimmer","7":"product_cat-hotel-chic-wohnzimmer","8":"product_cat-lampen-de","9":"product_cat-modernes-schlafzimmer","10":"product_cat-modernes-wohnzimmer","11":"product_cat-schlafzimmer","12":"product_cat-skandinavisches-schlafzimmer","13":"product_cat-skandinavisches-wohnzimmer","14":"product_cat-wohnzimmer","15":"product_cat-zuruck-zu-schwarz","16":"shop-per-kamer-hal-de","17":"shop-per-kamer-slaapkamer-de","18":"shop-per-kamer-woonkamer-de","19":"indooroutdoor-indoor-de","20":"vorm-ovaal-de","21":"vorm-rond-de","22":"duurzaam-ja-de","23":"productafmetingen-m-de","24":"productafmetingen-s-de","25":"stijl-hotel-chique-de","26":"stijl-modern-de","27":"stijl-scandinavisch-de","28":"merk-lightliving-de","29":"materiaal-metaal-de","30":"beoordeling-three-star-de","31":"beoordeling-four-star-de","32":"beoordeling-five-star-de","33":"kleur-zwart-de","35":"first","36":"instock","37":"taxable","38":"shipping-taxable","39":"purchasable","40":"product-type-simple"},"supplier_id":null,"supplier_sku":"","barcode":null,"atum_controlled":false,"out_stock_date":null,"out_stock_threshold":null,"inheritable":false,"inbound_stock":null,"stock_on_hold":0,"sold_today":0,"sales_last_days":0,"reserved_stock":null,"customer_returns":null,"warehouse_damage":null,"lost_in_post":null,"other_logs":null,"out_stock_days":0,"lost_sales":0,"has_location":false,"update_date":"2026-03-10T01:35:42","atum_locations":[],"atum_stock_status":"instock","restock_status":false,"low_stock_amount":"","sales_update_date":"2026-03-10T01:35:42","calc_backorders":null,"_links":{"self":[{"href":"https:\/\/www.industrialwood.nl\/de\/wp-json\/wp\/v2\/product\/49810","targetHints":{"allow":["GET"]}}],"collection":[{"href":"https:\/\/www.industrialwood.nl\/de\/wp-json\/wp\/v2\/product"}],"about":[{"href":"https:\/\/www.industrialwood.nl\/de\/wp-json\/wp\/v2\/types\/product"}],"replies":[{"embeddable":true,"href":"https:\/\/www.industrialwood.nl\/de\/wp-json\/wp\/v2\/comments?post=49810"}],"wp:featuredmedia":[{"embeddable":true,"href":"https:\/\/www.industrialwood.nl\/de\/wp-json\/wp\/v2\/media\/49803"}],"wp:attachment":[{"href":"https:\/\/www.industrialwood.nl\/de\/wp-json\/wp\/v2\/media?parent=49810"}],"wp:term":[{"taxonomy":"product_brand","embeddable":true,"href":"https:\/\/www.industrialwood.nl\/de\/wp-json\/wp\/v2\/product_brand?post=49810"},{"taxonomy":"product_cat","embeddable":true,"href":"https:\/\/www.industrialwood.nl\/de\/wp-json\/wp\/v2\/product_cat?post=49810"},{"taxonomy":"product_tag","embeddable":true,"href":"https:\/\/www.industrialwood.nl\/de\/wp-json\/wp\/v2\/product_tag?post=49810"},{"taxonomy":"seizoen","embeddable":true,"href":"https:\/\/www.industrialwood.nl\/de\/wp-json\/wp\/v2\/seizoen?post=49810"},{"taxonomy":"bloemensoort","embeddable":true,"href":"https:\/\/www.industrialwood.nl\/de\/wp-json\/wp\/v2\/bloemensoort?post=49810"},{"taxonomy":"samenstelling","embeddable":true,"href":"https:\/\/www.industrialwood.nl\/de\/wp-json\/wp\/v2\/samenstelling?post=49810"},{"taxonomy":"shop-per-kamer","embeddable":true,"href":"https:\/\/www.industrialwood.nl\/de\/wp-json\/wp\/v2\/shop-per-kamer?post=49810"},{"taxonomy":"indooroutdoor","embeddable":true,"href":"https:\/\/www.industrialwood.nl\/de\/wp-json\/wp\/v2\/indooroutdoor?post=49810"},{"taxonomy":"vorm","embeddable":true,"href":"https:\/\/www.industrialwood.nl\/de\/wp-json\/wp\/v2\/vorm?post=49810"},{"taxonomy":"duurzaam","embeddable":true,"href":"https:\/\/www.industrialwood.nl\/de\/wp-json\/wp\/v2\/duurzaam?post=49810"},{"taxonomy":"productafmetingen","embeddable":true,"href":"https:\/\/www.industrialwood.nl\/de\/wp-json\/wp\/v2\/productafmetingen?post=49810"},{"taxonomy":"stijl","embeddable":true,"href":"https:\/\/www.industrialwood.nl\/de\/wp-json\/wp\/v2\/stijl?post=49810"},{"taxonomy":"merk","embeddable":true,"href":"https:\/\/www.industrialwood.nl\/de\/wp-json\/wp\/v2\/merk?post=49810"},{"taxonomy":"materiaal","embeddable":true,"href":"https:\/\/www.industrialwood.nl\/de\/wp-json\/wp\/v2\/materiaal?post=49810"},{"taxonomy":"materiaal-schaaltje","embeddable":true,"href":"https:\/\/www.industrialwood.nl\/de\/wp-json\/wp\/v2\/materiaal-schaaltje?post=49810"},{"taxonomy":"geur","embeddable":true,"href":"https:\/\/www.industrialwood.nl\/de\/wp-json\/wp\/v2\/geur?post=49810"},{"taxonomy":"product-type","embeddable":true,"href":"https:\/\/www.industrialwood.nl\/de\/wp-json\/wp\/v2\/product-type?post=49810"},{"taxonomy":"beoordeling","embeddable":true,"href":"https:\/\/www.industrialwood.nl\/de\/wp-json\/wp\/v2\/beoordeling?post=49810"},{"taxonomy":"uitsparingen","embeddable":true,"href":"https:\/\/www.industrialwood.nl\/de\/wp-json\/wp\/v2\/uitsparingen?post=49810"},{"taxonomy":"houtsoort","embeddable":true,"href":"https:\/\/www.industrialwood.nl\/de\/wp-json\/wp\/v2\/houtsoort?post=49810"},{"taxonomy":"breedte","embeddable":true,"href":"https:\/\/www.industrialwood.nl\/de\/wp-json\/wp\/v2\/breedte?post=49810"},{"taxonomy":"badplanken-lengte","embeddable":true,"href":"https:\/\/www.industrialwood.nl\/de\/wp-json\/wp\/v2\/badplanken-lengte?post=49810"},{"taxonomy":"kleur","embeddable":true,"href":"https:\/\/www.industrialwood.nl\/de\/wp-json\/wp\/v2\/kleur?post=49810"}],"curies":[{"name":"wp","href":"https:\/\/api.w.org\/{rel}","templated":true}]}}