{"id":49534,"date":"2023-09-13T18:58:00","date_gmt":"2023-09-13T16:58:00","guid":{"rendered":"https:\/\/www.industrialwood.nl\/?post_type=product&#038;p=49534"},"modified":"2026-01-13T11:21:17","modified_gmt":"2026-01-13T10:21:17","slug":"2x-led-dinner-candle-deluxe-homeart-indoor-elfenbein-s-kopie","status":"publish","type":"product","link":"https:\/\/www.industrialwood.nl\/de\/2x-led-dinner-candle-deluxe-homeart-indoor-elfenbein-s-kopie\/","title":{"rendered":"2x LED Dinner Candle | Deluxe Homeart | Indoor | Wei\u00df | S"},"content":{"rendered":"","protected":false},"excerpt":{"rendered":"<p>Suchen Sie nach stilvollen Kerzen, die die Atmosph\u00e4re von echtem Kerzenlicht vermitteln, ohne die Nachteile zu haben? Dieses <strong>Set mit 2 LED-Tischkerzen<\/strong> der d\u00e4nischen Marke Deluxe Homeart ist genau das, wonach Sie suchen! Sie sind aus echtem Wachs gefertigt und sehen dank der dezenten Harzbeschichtung auf der Oberseite wie lebensechte Kerzen aus. Die flackernde, echte Flamme erzeugt eine warme, realistische Kerzenlichtatmosph\u00e4re, die mit Batterien stundenlang anh\u00e4lt.<\/p>\n<p>Diese Kerzen sind nicht nur gem\u00fctlich und langlebig, sondern auch ideal f\u00fcr Familien mit Kindern oder Haustieren, da sie v\u00f6llig sicher sind. Mit der praktischen Fernbedienung (nicht im Lieferumfang enthalten) k\u00f6nnen Sie die Helligkeit der Flamme einstellen, und dank der Timerfunktion gehen die Kerzen jeden Tag zur gleichen Zeit an und aus. Keine Fernbedienung zur Hand? Kein Problem, Sie schalten sie einfach \u00fcber die Schaltfl\u00e4che am unteren Rand ein. Sie werden mit 2x AAA-Batterien betrieben (nicht im Lieferumfang enthalten) und werden in einem 2er-Set geliefert.<\/p>\n<ul>\n<li>Echte Flamme f\u00fcr eine authentische Atmosph\u00e4re<\/li>\n<li>Hergestellt aus echtem Wachs mit Harzbeschichtung<\/li>\n<li>Timer- und Dimmerfunktion (\u00fcber <a href=\"https:\/\/www.industrialwood.nl\/afstandsbediening-deluxe-homeart\/\">Fernbedienung<\/a>, separat erh\u00e4ltlich)<\/li>\n<\/ul>\n<p>&nbsp;<\/p>\n<p><strong>Abmessungen<\/strong>: 2,2 x 15 cm<br \/>\n<strong>Material<\/strong>: Wachs<br \/>\n<strong>Farbe<\/strong>: Wei\u00df<\/p>\n","protected":false},"featured_media":49536,"comment_status":"open","ping_status":"closed","template":"","meta":[],"product_brand":[],"product_cat":[400,418,402,413,424,744,420,395,740,422,414,396],"product_tag":[],"seizoen":[543,545,544,546],"bloemensoort":[],"samenstelling":[],"shop-per-kamer":[551,552,550,553,549],"indooroutdoor":[555],"vorm":[557,559],"duurzaam":[565],"productafmetingen":[567],"stijl":[574,571,575,573,572],"merk":[582],"materiaal":[615],"materiaal-schaaltje":[],"geur":[],"product-type":[],"beoordeling":[640,641,642],"uitsparingen":[],"houtsoort":[],"breedte":[],"badplanken-lengte":[],"kleur":[659],"class_list":{"0":"post-49534","1":"product","2":"type-product","3":"status-publish","4":"has-post-thumbnail","6":"product_cat-boheme-wohnzimmer","7":"product_cat-hotel-chic-wohnzimmer","8":"product_cat-japandi-wohnzimmer","9":"product_cat-kerzenstander-kerzenleuchter","10":"product_cat-landwohnzimmer","11":"product_cat-led-kerzen","12":"product_cat-modernes-wohnzimmer","13":"product_cat-naturliche-tone","14":"product_cat-schwarzer-freitag-2","15":"product_cat-skandinavisches-wohnzimmer","16":"product_cat-teelichthalter","17":"product_cat-wohnzimmer","18":"seizoen-lente-de","19":"seizoen-herfst-de","20":"seizoen-zomer-de","21":"seizoen-winter-de","22":"shop-per-kamer-badkamer-de","23":"shop-per-kamer-hal-de","24":"shop-per-kamer-keuken-de","25":"shop-per-kamer-slaapkamer-de","26":"shop-per-kamer-woonkamer-de","27":"indooroutdoor-indoor-de","28":"vorm-rond-de","29":"vorm-cilinder-de","30":"duurzaam-ja-de","31":"productafmetingen-s-de","32":"stijl-bohemian-de","33":"stijl-hotel-chique-de","34":"stijl-japandi-de","35":"stijl-modern-de","36":"stijl-scandinavisch-de","37":"merk-deluxe-homeart-de","38":"materiaal-wax-de","39":"beoordeling-three-star-de","40":"beoordeling-four-star-de","41":"beoordeling-five-star-de","42":"kleur-wit-de","44":"first","45":"instock","46":"taxable","47":"shipping-taxable","48":"purchasable","49":"product-type-simple"},"supplier_id":null,"supplier_sku":"","barcode":null,"atum_controlled":true,"out_stock_date":null,"out_stock_threshold":null,"inheritable":false,"inbound_stock":0,"stock_on_hold":0,"sold_today":0,"sales_last_days":1,"reserved_stock":0,"customer_returns":0,"warehouse_damage":0,"lost_in_post":0,"other_logs":0,"out_stock_days":0,"lost_sales":0,"has_location":false,"update_date":"2026-04-18T15:34:39","atum_locations":[],"atum_stock_status":"instock","restock_status":false,"low_stock_amount":"","sales_update_date":"2026-04-18T15:34:39","calc_backorders":null,"_links":{"self":[{"href":"https:\/\/www.industrialwood.nl\/de\/wp-json\/wp\/v2\/product\/49534","targetHints":{"allow":["GET"]}}],"collection":[{"href":"https:\/\/www.industrialwood.nl\/de\/wp-json\/wp\/v2\/product"}],"about":[{"href":"https:\/\/www.industrialwood.nl\/de\/wp-json\/wp\/v2\/types\/product"}],"replies":[{"embeddable":true,"href":"https:\/\/www.industrialwood.nl\/de\/wp-json\/wp\/v2\/comments?post=49534"}],"wp:featuredmedia":[{"embeddable":true,"href":"https:\/\/www.industrialwood.nl\/de\/wp-json\/wp\/v2\/media\/49536"}],"wp:attachment":[{"href":"https:\/\/www.industrialwood.nl\/de\/wp-json\/wp\/v2\/media?parent=49534"}],"wp:term":[{"taxonomy":"product_brand","embeddable":true,"href":"https:\/\/www.industrialwood.nl\/de\/wp-json\/wp\/v2\/product_brand?post=49534"},{"taxonomy":"product_cat","embeddable":true,"href":"https:\/\/www.industrialwood.nl\/de\/wp-json\/wp\/v2\/product_cat?post=49534"},{"taxonomy":"product_tag","embeddable":true,"href":"https:\/\/www.industrialwood.nl\/de\/wp-json\/wp\/v2\/product_tag?post=49534"},{"taxonomy":"seizoen","embeddable":true,"href":"https:\/\/www.industrialwood.nl\/de\/wp-json\/wp\/v2\/seizoen?post=49534"},{"taxonomy":"bloemensoort","embeddable":true,"href":"https:\/\/www.industrialwood.nl\/de\/wp-json\/wp\/v2\/bloemensoort?post=49534"},{"taxonomy":"samenstelling","embeddable":true,"href":"https:\/\/www.industrialwood.nl\/de\/wp-json\/wp\/v2\/samenstelling?post=49534"},{"taxonomy":"shop-per-kamer","embeddable":true,"href":"https:\/\/www.industrialwood.nl\/de\/wp-json\/wp\/v2\/shop-per-kamer?post=49534"},{"taxonomy":"indooroutdoor","embeddable":true,"href":"https:\/\/www.industrialwood.nl\/de\/wp-json\/wp\/v2\/indooroutdoor?post=49534"},{"taxonomy":"vorm","embeddable":true,"href":"https:\/\/www.industrialwood.nl\/de\/wp-json\/wp\/v2\/vorm?post=49534"},{"taxonomy":"duurzaam","embeddable":true,"href":"https:\/\/www.industrialwood.nl\/de\/wp-json\/wp\/v2\/duurzaam?post=49534"},{"taxonomy":"productafmetingen","embeddable":true,"href":"https:\/\/www.industrialwood.nl\/de\/wp-json\/wp\/v2\/productafmetingen?post=49534"},{"taxonomy":"stijl","embeddable":true,"href":"https:\/\/www.industrialwood.nl\/de\/wp-json\/wp\/v2\/stijl?post=49534"},{"taxonomy":"merk","embeddable":true,"href":"https:\/\/www.industrialwood.nl\/de\/wp-json\/wp\/v2\/merk?post=49534"},{"taxonomy":"materiaal","embeddable":true,"href":"https:\/\/www.industrialwood.nl\/de\/wp-json\/wp\/v2\/materiaal?post=49534"},{"taxonomy":"materiaal-schaaltje","embeddable":true,"href":"https:\/\/www.industrialwood.nl\/de\/wp-json\/wp\/v2\/materiaal-schaaltje?post=49534"},{"taxonomy":"geur","embeddable":true,"href":"https:\/\/www.industrialwood.nl\/de\/wp-json\/wp\/v2\/geur?post=49534"},{"taxonomy":"product-type","embeddable":true,"href":"https:\/\/www.industrialwood.nl\/de\/wp-json\/wp\/v2\/product-type?post=49534"},{"taxonomy":"beoordeling","embeddable":true,"href":"https:\/\/www.industrialwood.nl\/de\/wp-json\/wp\/v2\/beoordeling?post=49534"},{"taxonomy":"uitsparingen","embeddable":true,"href":"https:\/\/www.industrialwood.nl\/de\/wp-json\/wp\/v2\/uitsparingen?post=49534"},{"taxonomy":"houtsoort","embeddable":true,"href":"https:\/\/www.industrialwood.nl\/de\/wp-json\/wp\/v2\/houtsoort?post=49534"},{"taxonomy":"breedte","embeddable":true,"href":"https:\/\/www.industrialwood.nl\/de\/wp-json\/wp\/v2\/breedte?post=49534"},{"taxonomy":"badplanken-lengte","embeddable":true,"href":"https:\/\/www.industrialwood.nl\/de\/wp-json\/wp\/v2\/badplanken-lengte?post=49534"},{"taxonomy":"kleur","embeddable":true,"href":"https:\/\/www.industrialwood.nl\/de\/wp-json\/wp\/v2\/kleur?post=49534"}],"curies":[{"name":"wp","href":"https:\/\/api.w.org\/{rel}","templated":true}]}}