{"id":49376,"date":"2024-08-16T11:16:26","date_gmt":"2024-08-16T09:16:26","guid":{"rendered":"https:\/\/www.industrialwood.nl\/?post_type=product&#038;p=49376"},"modified":"2026-01-12T09:15:52","modified_gmt":"2026-01-12T08:15:52","slug":"kerzenleuchter-louis-gluhbirnen-schwarz-l-kopie","status":"publish","type":"product","link":"https:\/\/www.industrialwood.nl\/de\/kerzenleuchter-louis-gluhbirnen-schwarz-l-kopie\/","title":{"rendered":"Kerzenleuchter | Louis | Kugeln | Schwarz | M"},"content":{"rendered":"","protected":false},"excerpt":{"rendered":"<p>Bringen Sie einen Hauch von Stil in Ihr Interieur mit diesem eleganten <strong>schwarzen Kerzenhalter<\/strong>, der eine verspielte Kugelstruktur aufweist. Dieser Kerzenst\u00e4nder ist ein subtiler Blickfang, der m\u00fchelos f\u00fcr Atmosph\u00e4re sorgt, egal ob Sie einen entspannten Abend planen oder Ihr Zuhause versch\u00f6nern m\u00f6chten.<\/p>\n<p>Der Kerzenhalter ist in drei Gr\u00f6\u00dfen erh\u00e4ltlich: S, M und L. Kombinieren Sie die verschiedenen Gr\u00f6\u00dfen f\u00fcr einen dynamischen und spielerischen Effekt. Stellen Sie sie auf Ihr Sideboard, Ihren Couchtisch oder Ihre Fensterbank und verleihen Sie Ihrer Einrichtung einen raffinierten Look.<\/p>\n<p><strong>Merkmale:<\/strong><\/p>\n<ul>\n<li>Kerzenst\u00e4nder mit verspielten Kugeln in elegantem Schwarz<\/li>\n<li>Auch in der passenden <a href=\"https:\/\/www.industrialwood.nl\/kandelaar-louis-bollen-zwart-s\/\">S-<\/a> und <a href=\"https:\/\/www.industrialwood.nl\/kandelaar-louis-bollen-zwart-l\/\">L-Variante<\/a> erh\u00e4ltlich!<\/li>\n<li>Auch in <a href=\"https:\/\/www.industrialwood.nl\/kandelaar-louis-bollen-goud-m\/\">Gold<\/a> erh\u00e4ltlich<\/li>\n<\/ul>\n<p>&nbsp;<\/p>\n<p><strong>Abmessungen<\/strong>: 4,5 x 20 cm<br \/>\n<strong>Material<\/strong>: Metall<br \/>\n<strong>Farbe<\/strong>: Schwarz<\/p>\n","protected":false},"featured_media":49372,"comment_status":"open","ping_status":"closed","template":"","meta":[],"product_brand":[],"product_cat":[399,400,419,418,403,402,413,425,424,421,420,740,423,422,396,390],"product_tag":[],"seizoen":[543,545,544,546],"bloemensoort":[],"samenstelling":[],"shop-per-kamer":[551,552,550,553,549],"indooroutdoor":[555],"vorm":[563,557],"duurzaam":[565],"productafmetingen":[568],"stijl":[574,571,575,573,572],"merk":[580],"materiaal":[614],"materiaal-schaaltje":[],"geur":[],"product-type":[],"beoordeling":[640,641,642],"uitsparingen":[],"houtsoort":[],"breedte":[],"badplanken-lengte":[],"kleur":[656],"class_list":{"0":"post-49376","1":"product","2":"type-product","3":"status-publish","4":"has-post-thumbnail","6":"product_cat-boheme-schlafzimmer","7":"product_cat-boheme-wohnzimmer","8":"product_cat-hotel-chic-schlafzimmer","9":"product_cat-hotel-chic-wohnzimmer","10":"product_cat-japandi-schlafzimmer","11":"product_cat-japandi-wohnzimmer","12":"product_cat-kerzenstander-kerzenleuchter","13":"product_cat-land-schlafzimmer","14":"product_cat-landwohnzimmer","15":"product_cat-modernes-schlafzimmer","16":"product_cat-modernes-wohnzimmer","17":"product_cat-schwarzer-freitag-2","18":"product_cat-skandinavisches-schlafzimmer","19":"product_cat-skandinavisches-wohnzimmer","20":"product_cat-wohnzimmer","21":"product_cat-zuruck-zu-schwarz","22":"seizoen-lente-de","23":"seizoen-herfst-de","24":"seizoen-zomer-de","25":"seizoen-winter-de","26":"shop-per-kamer-badkamer-de","27":"shop-per-kamer-hal-de","28":"shop-per-kamer-keuken-de","29":"shop-per-kamer-slaapkamer-de","30":"shop-per-kamer-woonkamer-de","31":"indooroutdoor-indoor-de","32":"vorm-organisch-de","33":"vorm-rond-de","34":"duurzaam-ja-de","35":"productafmetingen-m-de","36":"stijl-bohemian-de","37":"stijl-hotel-chique-de","38":"stijl-japandi-de","39":"stijl-modern-de","40":"stijl-scandinavisch-de","41":"merk-lightliving-de","42":"materiaal-metaal-de","43":"beoordeling-three-star-de","44":"beoordeling-four-star-de","45":"beoordeling-five-star-de","46":"kleur-zwart-de","48":"first","49":"instock","50":"taxable","51":"shipping-taxable","52":"purchasable","53":"product-type-simple"},"supplier_id":null,"supplier_sku":"","barcode":null,"atum_controlled":true,"out_stock_date":null,"out_stock_threshold":null,"inheritable":false,"inbound_stock":0,"stock_on_hold":0,"sold_today":0,"sales_last_days":0,"reserved_stock":0,"customer_returns":0,"warehouse_damage":0,"lost_in_post":0,"other_logs":0,"out_stock_days":0,"lost_sales":0,"has_location":false,"update_date":"2026-04-14T19:52:51","atum_locations":[],"atum_stock_status":"instock","restock_status":false,"low_stock_amount":"","sales_update_date":"2026-04-14T19:52:51","calc_backorders":null,"_links":{"self":[{"href":"https:\/\/www.industrialwood.nl\/de\/wp-json\/wp\/v2\/product\/49376","targetHints":{"allow":["GET"]}}],"collection":[{"href":"https:\/\/www.industrialwood.nl\/de\/wp-json\/wp\/v2\/product"}],"about":[{"href":"https:\/\/www.industrialwood.nl\/de\/wp-json\/wp\/v2\/types\/product"}],"replies":[{"embeddable":true,"href":"https:\/\/www.industrialwood.nl\/de\/wp-json\/wp\/v2\/comments?post=49376"}],"wp:featuredmedia":[{"embeddable":true,"href":"https:\/\/www.industrialwood.nl\/de\/wp-json\/wp\/v2\/media\/49372"}],"wp:attachment":[{"href":"https:\/\/www.industrialwood.nl\/de\/wp-json\/wp\/v2\/media?parent=49376"}],"wp:term":[{"taxonomy":"product_brand","embeddable":true,"href":"https:\/\/www.industrialwood.nl\/de\/wp-json\/wp\/v2\/product_brand?post=49376"},{"taxonomy":"product_cat","embeddable":true,"href":"https:\/\/www.industrialwood.nl\/de\/wp-json\/wp\/v2\/product_cat?post=49376"},{"taxonomy":"product_tag","embeddable":true,"href":"https:\/\/www.industrialwood.nl\/de\/wp-json\/wp\/v2\/product_tag?post=49376"},{"taxonomy":"seizoen","embeddable":true,"href":"https:\/\/www.industrialwood.nl\/de\/wp-json\/wp\/v2\/seizoen?post=49376"},{"taxonomy":"bloemensoort","embeddable":true,"href":"https:\/\/www.industrialwood.nl\/de\/wp-json\/wp\/v2\/bloemensoort?post=49376"},{"taxonomy":"samenstelling","embeddable":true,"href":"https:\/\/www.industrialwood.nl\/de\/wp-json\/wp\/v2\/samenstelling?post=49376"},{"taxonomy":"shop-per-kamer","embeddable":true,"href":"https:\/\/www.industrialwood.nl\/de\/wp-json\/wp\/v2\/shop-per-kamer?post=49376"},{"taxonomy":"indooroutdoor","embeddable":true,"href":"https:\/\/www.industrialwood.nl\/de\/wp-json\/wp\/v2\/indooroutdoor?post=49376"},{"taxonomy":"vorm","embeddable":true,"href":"https:\/\/www.industrialwood.nl\/de\/wp-json\/wp\/v2\/vorm?post=49376"},{"taxonomy":"duurzaam","embeddable":true,"href":"https:\/\/www.industrialwood.nl\/de\/wp-json\/wp\/v2\/duurzaam?post=49376"},{"taxonomy":"productafmetingen","embeddable":true,"href":"https:\/\/www.industrialwood.nl\/de\/wp-json\/wp\/v2\/productafmetingen?post=49376"},{"taxonomy":"stijl","embeddable":true,"href":"https:\/\/www.industrialwood.nl\/de\/wp-json\/wp\/v2\/stijl?post=49376"},{"taxonomy":"merk","embeddable":true,"href":"https:\/\/www.industrialwood.nl\/de\/wp-json\/wp\/v2\/merk?post=49376"},{"taxonomy":"materiaal","embeddable":true,"href":"https:\/\/www.industrialwood.nl\/de\/wp-json\/wp\/v2\/materiaal?post=49376"},{"taxonomy":"materiaal-schaaltje","embeddable":true,"href":"https:\/\/www.industrialwood.nl\/de\/wp-json\/wp\/v2\/materiaal-schaaltje?post=49376"},{"taxonomy":"geur","embeddable":true,"href":"https:\/\/www.industrialwood.nl\/de\/wp-json\/wp\/v2\/geur?post=49376"},{"taxonomy":"product-type","embeddable":true,"href":"https:\/\/www.industrialwood.nl\/de\/wp-json\/wp\/v2\/product-type?post=49376"},{"taxonomy":"beoordeling","embeddable":true,"href":"https:\/\/www.industrialwood.nl\/de\/wp-json\/wp\/v2\/beoordeling?post=49376"},{"taxonomy":"uitsparingen","embeddable":true,"href":"https:\/\/www.industrialwood.nl\/de\/wp-json\/wp\/v2\/uitsparingen?post=49376"},{"taxonomy":"houtsoort","embeddable":true,"href":"https:\/\/www.industrialwood.nl\/de\/wp-json\/wp\/v2\/houtsoort?post=49376"},{"taxonomy":"breedte","embeddable":true,"href":"https:\/\/www.industrialwood.nl\/de\/wp-json\/wp\/v2\/breedte?post=49376"},{"taxonomy":"badplanken-lengte","embeddable":true,"href":"https:\/\/www.industrialwood.nl\/de\/wp-json\/wp\/v2\/badplanken-lengte?post=49376"},{"taxonomy":"kleur","embeddable":true,"href":"https:\/\/www.industrialwood.nl\/de\/wp-json\/wp\/v2\/kleur?post=49376"}],"curies":[{"name":"wp","href":"https:\/\/api.w.org\/{rel}","templated":true}]}}