{"id":48020,"date":"2024-06-29T13:36:32","date_gmt":"2024-06-29T11:36:32","guid":{"rendered":"https:\/\/www.industrialwood.nl\/kuechenwerkzeug-halter-telefon\/"},"modified":"2025-06-18T09:38:53","modified_gmt":"2025-06-18T07:38:53","slug":"kuechenwerkzeug-halter-telefon","status":"publish","type":"product","link":"https:\/\/www.industrialwood.nl\/de\/kuechenwerkzeug-halter-telefon\/","title":{"rendered":"K\u00fcchenwerkzeug | Halter | Telefon"},"content":{"rendered":"","protected":false},"excerpt":{"rendered":"<p>H\u00f6ren Sie einfach auf zu suchen! Denn mit diesem sch\u00f6nen Aufbewahrungsbeh\u00e4lter f\u00fcr <strong>K\u00fcchenutensilien<\/strong> von <strong>Gusta<\/strong> haben Sie alles zur Hand. In der Halterung k\u00f6nnen Sie alle h\u00e4ufig verwendeten K\u00fcchenutensilien aufbewahren und die Vorderseite bietet Platz f\u00fcr Ihr Handy. Ideal, wenn Sie z.B. w\u00e4hrend des Kochens Rezepte lesen oder eine Serie ansehen m\u00f6chten. Der Halter hat ein sch\u00f6nes Design und passt zu jedem K\u00fcchenstil. Ideal auch f\u00fcr das Badezimmer, eine stilvolle Aufbewahrung f\u00fcr Ihre Zahnb\u00fcrsten und Zahnpasta. Der Halter hat eine Gr\u00f6\u00dfe von \u00f8 15 x 15 cm. Er besteht aus Dolomit und ist ein starker Kalkstein. Es kann einfach in den Geschirrsp\u00fcler gestellt werden.<\/p>\n<ul>\n<li>Multifunktionaler K\u00fcchenger\u00e4tehalter<\/li>\n<li>F\u00fcr K\u00fcche und Bad<\/li>\n<li>Sp\u00fclmaschinenfest<\/li>\n<li>Hergestellt aus hochwertigem Dolomit<\/li>\n<\/ul>\n<p><strong>Ma\u00dfe<\/strong>: 15 x 15 cm<br \/>\n<strong>Material<\/strong>: Stein (Dolomit)<br \/>\n<strong>Farbe<\/strong>: Beige<br \/>\n<strong>Sp\u00fclmaschinenfest<\/strong>: ja<\/p>\n","protected":false},"featured_media":48015,"comment_status":"open","ping_status":"closed","template":"","meta":[],"product_brand":[],"product_cat":[392,412,686,480,502,540,505,395,507],"product_tag":[],"seizoen":[543,545,544,546],"bloemensoort":[],"samenstelling":[],"shop-per-kamer":[550],"indooroutdoor":[555],"vorm":[563,557],"duurzaam":[565],"productafmetingen":[569,568,567],"stijl":[574,571,575,573,572],"merk":[601],"materiaal":[618],"materiaal-schaaltje":[],"geur":[],"product-type":[],"beoordeling":[640,641,642],"uitsparingen":[],"houtsoort":[],"breedte":[],"badplanken-lengte":[],"kleur":[657,659],"class_list":{"0":"post-48020","1":"product","2":"type-product","3":"status-publish","4":"has-post-thumbnail","6":"product_cat-andere","7":"product_cat-boheme-kuche","8":"product_cat-geschenk","9":"product_cat-hotel-chic-kuche","10":"product_cat-japandische-kuche","11":"product_cat-landhauskuche","12":"product_cat-moderne-kuche","13":"product_cat-naturliche-tone","14":"product_cat-skandinavische-kuche","15":"seizoen-lente-de","16":"seizoen-herfst-de","17":"seizoen-zomer-de","18":"seizoen-winter-de","19":"shop-per-kamer-keuken-de","20":"indooroutdoor-indoor-de","21":"vorm-organisch-de","22":"vorm-rond-de","23":"duurzaam-ja-de","24":"productafmetingen-l-de","25":"productafmetingen-m-de","26":"productafmetingen-s-de","27":"stijl-bohemian-de","28":"stijl-hotel-chique-de","29":"stijl-japandi-de","30":"stijl-modern-de","31":"stijl-scandinavisch-de","32":"merk-gusta-de","33":"materiaal-steen-de","34":"beoordeling-three-star-de","35":"beoordeling-four-star-de","36":"beoordeling-five-star-de","37":"kleur-beige-de","38":"kleur-wit-de","40":"first","41":"outofstock","42":"taxable","43":"shipping-taxable","44":"purchasable","45":"product-type-simple"},"supplier_id":null,"supplier_sku":"","barcode":null,"atum_controlled":true,"out_stock_date":"2025-12-10 11:21:39","out_stock_threshold":null,"inheritable":false,"inbound_stock":0,"stock_on_hold":0,"sold_today":0,"sales_last_days":0,"reserved_stock":0,"customer_returns":0,"warehouse_damage":0,"lost_in_post":0,"other_logs":0,"out_stock_days":89,"lost_sales":0,"has_location":false,"update_date":"2026-03-10T01:36:11","atum_locations":[],"atum_stock_status":"outofstock","restock_status":false,"low_stock_amount":"","sales_update_date":"2026-03-10T01:36:11","calc_backorders":null,"_links":{"self":[{"href":"https:\/\/www.industrialwood.nl\/de\/wp-json\/wp\/v2\/product\/48020","targetHints":{"allow":["GET"]}}],"collection":[{"href":"https:\/\/www.industrialwood.nl\/de\/wp-json\/wp\/v2\/product"}],"about":[{"href":"https:\/\/www.industrialwood.nl\/de\/wp-json\/wp\/v2\/types\/product"}],"replies":[{"embeddable":true,"href":"https:\/\/www.industrialwood.nl\/de\/wp-json\/wp\/v2\/comments?post=48020"}],"wp:featuredmedia":[{"embeddable":true,"href":"https:\/\/www.industrialwood.nl\/de\/wp-json\/wp\/v2\/media\/48015"}],"wp:attachment":[{"href":"https:\/\/www.industrialwood.nl\/de\/wp-json\/wp\/v2\/media?parent=48020"}],"wp:term":[{"taxonomy":"product_brand","embeddable":true,"href":"https:\/\/www.industrialwood.nl\/de\/wp-json\/wp\/v2\/product_brand?post=48020"},{"taxonomy":"product_cat","embeddable":true,"href":"https:\/\/www.industrialwood.nl\/de\/wp-json\/wp\/v2\/product_cat?post=48020"},{"taxonomy":"product_tag","embeddable":true,"href":"https:\/\/www.industrialwood.nl\/de\/wp-json\/wp\/v2\/product_tag?post=48020"},{"taxonomy":"seizoen","embeddable":true,"href":"https:\/\/www.industrialwood.nl\/de\/wp-json\/wp\/v2\/seizoen?post=48020"},{"taxonomy":"bloemensoort","embeddable":true,"href":"https:\/\/www.industrialwood.nl\/de\/wp-json\/wp\/v2\/bloemensoort?post=48020"},{"taxonomy":"samenstelling","embeddable":true,"href":"https:\/\/www.industrialwood.nl\/de\/wp-json\/wp\/v2\/samenstelling?post=48020"},{"taxonomy":"shop-per-kamer","embeddable":true,"href":"https:\/\/www.industrialwood.nl\/de\/wp-json\/wp\/v2\/shop-per-kamer?post=48020"},{"taxonomy":"indooroutdoor","embeddable":true,"href":"https:\/\/www.industrialwood.nl\/de\/wp-json\/wp\/v2\/indooroutdoor?post=48020"},{"taxonomy":"vorm","embeddable":true,"href":"https:\/\/www.industrialwood.nl\/de\/wp-json\/wp\/v2\/vorm?post=48020"},{"taxonomy":"duurzaam","embeddable":true,"href":"https:\/\/www.industrialwood.nl\/de\/wp-json\/wp\/v2\/duurzaam?post=48020"},{"taxonomy":"productafmetingen","embeddable":true,"href":"https:\/\/www.industrialwood.nl\/de\/wp-json\/wp\/v2\/productafmetingen?post=48020"},{"taxonomy":"stijl","embeddable":true,"href":"https:\/\/www.industrialwood.nl\/de\/wp-json\/wp\/v2\/stijl?post=48020"},{"taxonomy":"merk","embeddable":true,"href":"https:\/\/www.industrialwood.nl\/de\/wp-json\/wp\/v2\/merk?post=48020"},{"taxonomy":"materiaal","embeddable":true,"href":"https:\/\/www.industrialwood.nl\/de\/wp-json\/wp\/v2\/materiaal?post=48020"},{"taxonomy":"materiaal-schaaltje","embeddable":true,"href":"https:\/\/www.industrialwood.nl\/de\/wp-json\/wp\/v2\/materiaal-schaaltje?post=48020"},{"taxonomy":"geur","embeddable":true,"href":"https:\/\/www.industrialwood.nl\/de\/wp-json\/wp\/v2\/geur?post=48020"},{"taxonomy":"product-type","embeddable":true,"href":"https:\/\/www.industrialwood.nl\/de\/wp-json\/wp\/v2\/product-type?post=48020"},{"taxonomy":"beoordeling","embeddable":true,"href":"https:\/\/www.industrialwood.nl\/de\/wp-json\/wp\/v2\/beoordeling?post=48020"},{"taxonomy":"uitsparingen","embeddable":true,"href":"https:\/\/www.industrialwood.nl\/de\/wp-json\/wp\/v2\/uitsparingen?post=48020"},{"taxonomy":"houtsoort","embeddable":true,"href":"https:\/\/www.industrialwood.nl\/de\/wp-json\/wp\/v2\/houtsoort?post=48020"},{"taxonomy":"breedte","embeddable":true,"href":"https:\/\/www.industrialwood.nl\/de\/wp-json\/wp\/v2\/breedte?post=48020"},{"taxonomy":"badplanken-lengte","embeddable":true,"href":"https:\/\/www.industrialwood.nl\/de\/wp-json\/wp\/v2\/badplanken-lengte?post=48020"},{"taxonomy":"kleur","embeddable":true,"href":"https:\/\/www.industrialwood.nl\/de\/wp-json\/wp\/v2\/kleur?post=48020"}],"curies":[{"name":"wp","href":"https:\/\/api.w.org\/{rel}","templated":true}]}}