{"id":46487,"date":"2024-05-09T08:53:14","date_gmt":"2024-05-09T06:53:14","guid":{"rendered":"https:\/\/www.industrialwood.nl\/vase-tugela-elfenbein-s\/"},"modified":"2026-04-18T17:40:18","modified_gmt":"2026-04-18T15:40:18","slug":"vase-tugela-elfenbein-s","status":"publish","type":"product","link":"https:\/\/www.industrialwood.nl\/de\/vase-tugela-elfenbein-s\/","title":{"rendered":"Vase | Tugela | Elfenbein | S"},"content":{"rendered":"","protected":false},"excerpt":{"rendered":"<p>Versch\u00f6nern Sie jeden Raum mit dieser wundersch\u00f6nen elfenbeinfarbenen <strong>Vase<\/strong>, die perfekt ist, um einen stilvollen Akzent in Ihrer Einrichtung zu setzen. Mit ihrer glatten Oberfl\u00e4che und ihrem subtilen Glanz f\u00e4ngt diese Vase das nat\u00fcrliche Licht ein und schafft eine warme, einladende Atmosph\u00e4re in Ihrem Wohnzimmer, Arbeitszimmer oder \u00fcberall im Haus. Seine elegante, geometrische Form verleiht ihm einen modernen Look, der sowohl mit traditionellen als auch mit zeitgen\u00f6ssischen Einrichtungsstilen wunderbar harmoniert. Legen Sie einen sch\u00f6nen<a href=\"https:\/\/www.industrialwood.nl\/?s=zijden%20bloemen&amp;jet_ajax_search_settings=%7B%22search_source%22%3A%22product%22%7D&amp;post_type=product?s=zijden%20bloemen&amp;jet_ajax_search_settings=%7B%22search_source%22%3A%22product%22%7D&amp;post_type=product\"> Seidenstrau\u00df<\/a> oder h\u00fcbsche Zweige hinein!<\/p>\n<p><em>Pflegetipps<\/em>: Halten Sie Ihre Vase in Topform, indem Sie sie mit einem weichen, trockenen Tuch abwischen. Um Flecken zu entfernen, verwenden Sie leicht feuchte T\u00fccher und vermeiden Sie Scheuermittel. Diese Vase ist nicht f\u00fcr die Sp\u00fclmaschine geeignet.<\/p>\n<p><em>Auch in <a href=\"https:\/\/www.industrialwood.nl\/?s=tugela&amp;jet_ajax_search_settings=%7B%22search_source%22%3A%22product%22%7D&amp;post_type=product?s=tugela&amp;jet_ajax_search_settings=%7B%22search_source%22%3A%22product%22%7D&amp;post_type=product\">anderen Farben<\/a> und in einer gr\u00f6\u00dferen <a href=\"https:\/\/www.industrialwood.nl\/vaas-tugela-ivory-m\/\">M-Variante<\/a> erh\u00e4ltlich!<\/em><\/p>\n<p><strong>Ma\u00dfe<\/strong>: 24,5 x 29 cm<br \/>\n<strong>Material<\/strong>: Glas<br \/>\n<strong>Farbe<\/strong>: Elfenbein<\/p>\n","protected":false},"featured_media":44366,"comment_status":"open","ping_status":"closed","template":"","meta":[],"product_brand":[],"product_cat":[399,400,419,418,403,402,425,424,421,420,395,423,422,387,396],"product_tag":[],"seizoen":[543,545,544,546],"bloemensoort":[],"samenstelling":[],"shop-per-kamer":[551,552,550,553,549],"indooroutdoor":[555],"vorm":[557],"duurzaam":[565],"productafmetingen":[567],"stijl":[574,571,575,573,572],"merk":[588],"materiaal":[608],"materiaal-schaaltje":[],"geur":[],"product-type":[],"beoordeling":[640,641,642],"uitsparingen":[],"houtsoort":[],"breedte":[],"badplanken-lengte":[],"kleur":[657,659],"class_list":{"0":"post-46487","1":"product","2":"type-product","3":"status-publish","4":"has-post-thumbnail","6":"product_cat-boheme-schlafzimmer","7":"product_cat-boheme-wohnzimmer","8":"product_cat-hotel-chic-schlafzimmer","9":"product_cat-hotel-chic-wohnzimmer","10":"product_cat-japandi-schlafzimmer","11":"product_cat-japandi-wohnzimmer","12":"product_cat-land-schlafzimmer","13":"product_cat-landwohnzimmer","14":"product_cat-modernes-schlafzimmer","15":"product_cat-modernes-wohnzimmer","16":"product_cat-naturliche-tone","17":"product_cat-skandinavisches-schlafzimmer","18":"product_cat-skandinavisches-wohnzimmer","19":"product_cat-vasen-topfe","20":"product_cat-wohnzimmer","21":"seizoen-lente-de","22":"seizoen-herfst-de","23":"seizoen-zomer-de","24":"seizoen-winter-de","25":"shop-per-kamer-badkamer-de","26":"shop-per-kamer-hal-de","27":"shop-per-kamer-keuken-de","28":"shop-per-kamer-slaapkamer-de","29":"shop-per-kamer-woonkamer-de","30":"indooroutdoor-indoor-de","31":"vorm-rond-de","32":"duurzaam-ja-de","33":"productafmetingen-s-de","34":"stijl-bohemian-de","35":"stijl-hotel-chique-de","36":"stijl-japandi-de","37":"stijl-modern-de","38":"stijl-scandinavisch-de","39":"merk-vase-the-world-de","40":"materiaal-glas-de","41":"beoordeling-three-star-de","42":"beoordeling-four-star-de","43":"beoordeling-five-star-de","44":"kleur-beige-de","45":"kleur-wit-de","47":"first","48":"outofstock","49":"taxable","50":"shipping-taxable","51":"purchasable","52":"product-type-simple"},"supplier_id":null,"supplier_sku":"","barcode":null,"atum_controlled":true,"out_stock_date":"2026-04-18 17:40:01","out_stock_threshold":null,"inheritable":false,"inbound_stock":0,"stock_on_hold":0,"sold_today":0,"sales_last_days":0,"reserved_stock":0,"customer_returns":0,"warehouse_damage":0,"lost_in_post":0,"other_logs":0,"out_stock_days":3,"lost_sales":0,"has_location":false,"update_date":"2026-04-21T20:09:16","atum_locations":[],"atum_stock_status":"outofstock","restock_status":false,"low_stock_amount":"","sales_update_date":"2026-04-21T20:09:16","calc_backorders":null,"_links":{"self":[{"href":"https:\/\/www.industrialwood.nl\/de\/wp-json\/wp\/v2\/product\/46487","targetHints":{"allow":["GET"]}}],"collection":[{"href":"https:\/\/www.industrialwood.nl\/de\/wp-json\/wp\/v2\/product"}],"about":[{"href":"https:\/\/www.industrialwood.nl\/de\/wp-json\/wp\/v2\/types\/product"}],"replies":[{"embeddable":true,"href":"https:\/\/www.industrialwood.nl\/de\/wp-json\/wp\/v2\/comments?post=46487"}],"wp:featuredmedia":[{"embeddable":true,"href":"https:\/\/www.industrialwood.nl\/de\/wp-json\/wp\/v2\/media\/44366"}],"wp:attachment":[{"href":"https:\/\/www.industrialwood.nl\/de\/wp-json\/wp\/v2\/media?parent=46487"}],"wp:term":[{"taxonomy":"product_brand","embeddable":true,"href":"https:\/\/www.industrialwood.nl\/de\/wp-json\/wp\/v2\/product_brand?post=46487"},{"taxonomy":"product_cat","embeddable":true,"href":"https:\/\/www.industrialwood.nl\/de\/wp-json\/wp\/v2\/product_cat?post=46487"},{"taxonomy":"product_tag","embeddable":true,"href":"https:\/\/www.industrialwood.nl\/de\/wp-json\/wp\/v2\/product_tag?post=46487"},{"taxonomy":"seizoen","embeddable":true,"href":"https:\/\/www.industrialwood.nl\/de\/wp-json\/wp\/v2\/seizoen?post=46487"},{"taxonomy":"bloemensoort","embeddable":true,"href":"https:\/\/www.industrialwood.nl\/de\/wp-json\/wp\/v2\/bloemensoort?post=46487"},{"taxonomy":"samenstelling","embeddable":true,"href":"https:\/\/www.industrialwood.nl\/de\/wp-json\/wp\/v2\/samenstelling?post=46487"},{"taxonomy":"shop-per-kamer","embeddable":true,"href":"https:\/\/www.industrialwood.nl\/de\/wp-json\/wp\/v2\/shop-per-kamer?post=46487"},{"taxonomy":"indooroutdoor","embeddable":true,"href":"https:\/\/www.industrialwood.nl\/de\/wp-json\/wp\/v2\/indooroutdoor?post=46487"},{"taxonomy":"vorm","embeddable":true,"href":"https:\/\/www.industrialwood.nl\/de\/wp-json\/wp\/v2\/vorm?post=46487"},{"taxonomy":"duurzaam","embeddable":true,"href":"https:\/\/www.industrialwood.nl\/de\/wp-json\/wp\/v2\/duurzaam?post=46487"},{"taxonomy":"productafmetingen","embeddable":true,"href":"https:\/\/www.industrialwood.nl\/de\/wp-json\/wp\/v2\/productafmetingen?post=46487"},{"taxonomy":"stijl","embeddable":true,"href":"https:\/\/www.industrialwood.nl\/de\/wp-json\/wp\/v2\/stijl?post=46487"},{"taxonomy":"merk","embeddable":true,"href":"https:\/\/www.industrialwood.nl\/de\/wp-json\/wp\/v2\/merk?post=46487"},{"taxonomy":"materiaal","embeddable":true,"href":"https:\/\/www.industrialwood.nl\/de\/wp-json\/wp\/v2\/materiaal?post=46487"},{"taxonomy":"materiaal-schaaltje","embeddable":true,"href":"https:\/\/www.industrialwood.nl\/de\/wp-json\/wp\/v2\/materiaal-schaaltje?post=46487"},{"taxonomy":"geur","embeddable":true,"href":"https:\/\/www.industrialwood.nl\/de\/wp-json\/wp\/v2\/geur?post=46487"},{"taxonomy":"product-type","embeddable":true,"href":"https:\/\/www.industrialwood.nl\/de\/wp-json\/wp\/v2\/product-type?post=46487"},{"taxonomy":"beoordeling","embeddable":true,"href":"https:\/\/www.industrialwood.nl\/de\/wp-json\/wp\/v2\/beoordeling?post=46487"},{"taxonomy":"uitsparingen","embeddable":true,"href":"https:\/\/www.industrialwood.nl\/de\/wp-json\/wp\/v2\/uitsparingen?post=46487"},{"taxonomy":"houtsoort","embeddable":true,"href":"https:\/\/www.industrialwood.nl\/de\/wp-json\/wp\/v2\/houtsoort?post=46487"},{"taxonomy":"breedte","embeddable":true,"href":"https:\/\/www.industrialwood.nl\/de\/wp-json\/wp\/v2\/breedte?post=46487"},{"taxonomy":"badplanken-lengte","embeddable":true,"href":"https:\/\/www.industrialwood.nl\/de\/wp-json\/wp\/v2\/badplanken-lengte?post=46487"},{"taxonomy":"kleur","embeddable":true,"href":"https:\/\/www.industrialwood.nl\/de\/wp-json\/wp\/v2\/kleur?post=46487"}],"curies":[{"name":"wp","href":"https:\/\/api.w.org\/{rel}","templated":true}]}}