{"id":46478,"date":"2024-05-08T12:29:44","date_gmt":"2024-05-08T10:29:44","guid":{"rendered":"https:\/\/www.industrialwood.nl\/vase-artisch-pastellrosa-m\/"},"modified":"2026-01-09T16:02:01","modified_gmt":"2026-01-09T15:02:01","slug":"vase-artisch-pastellrosa-m","status":"publish","type":"product","link":"https:\/\/www.industrialwood.nl\/de\/vase-artisch-pastellrosa-m\/","title":{"rendered":"Vase | Artisch | Pastellrosa | M"},"content":{"rendered":"","protected":false},"excerpt":{"rendered":"<p>Versch\u00f6nern Sie Ihr Zuhause mit dieser eleganten <strong>Vase in Pastellrosa<\/strong>. Der weiche, pudrige Farbton und die glatte Oberfl\u00e4che der Vase sorgen daf\u00fcr, dass sie das Licht m\u00fchelos einf\u00e4ngt und Ihrem Raum eine subtile W\u00e4rme verleiht. Ideal, um jedem Raum einen frischen und femininen Touch zu verleihen, vom Wohnzimmer bis zum Schlafzimmer. Diese Vase aus hochwertigem Glas hat eine klassische, zeitlose Form, die sowohl in moderne als auch in traditionellere Interieurs perfekt passt. Egal, ob Sie sie f\u00fcr Ihre <a href=\"https:\/\/www.industrialwood.nl\/?s=zijden%20bloemen&amp;jet_ajax_search_settings=%7B%22search_source%22%3A%22product%22%7D&amp;post_type=product?s=zijden%20bloemen&amp;jet_ajax_search_settings=%7B%22search_source%22%3A%22product%22%7D&amp;post_type=product\">Lieblingsseidenblumen<\/a> oder als alleinstehendes Dekorationsst\u00fcck verwenden, diese Vase ist eine stilvolle Erg\u00e4nzung f\u00fcr Ihr Zuhause.<\/p>\n<p>Pflege: Wischen Sie Ihre Vase mit einem weichen, trockenen Tuch ab, damit sie immer sch\u00f6n gl\u00e4nzt. F\u00fcr eine gr\u00fcndlichere Reinigung verwenden Sie ein leicht feuchtes Tuch. Vermeiden Sie die Verwendung der Sp\u00fclmaschine, um die Qualit\u00e4t zu erhalten.<\/p>\n<p><em>Auch in <a href=\"https:\/\/www.industrialwood.nl\/?s=artic&amp;jet_ajax_search_settings=%7B%22search_source%22%3A%22product%22%7D&amp;post_type=product?s=artic&amp;jet_ajax_search_settings=%7B%22search_source%22%3A%22product%22%7D&amp;post_type=product\">anderen Farben<\/a> und in einer kleineren <a href=\"https:\/\/www.industrialwood.nl\/vaas-artic-pastel-pink-s\/\">S-Variante<\/a> erh\u00e4ltlich!<\/em><\/p>\n<p><strong>Abmessungen<\/strong>: 25 x 35 m<br \/>\n<strong>Material<\/strong>: Glas<br \/>\n<strong>Farbe<\/strong>: Pastellrosa<\/p>\n","protected":false},"featured_media":44373,"comment_status":"open","ping_status":"closed","template":"","meta":[],"product_brand":[],"product_cat":[399,400,419,418,403,402,425,424,421,420,395,423,422,387,396],"product_tag":[],"seizoen":[543,545,544,546],"bloemensoort":[],"samenstelling":[],"shop-per-kamer":[551,552,550,553,549],"indooroutdoor":[555],"vorm":[557],"duurzaam":[565],"productafmetingen":[568],"stijl":[574,571,575,573,572],"merk":[588],"materiaal":[608],"materiaal-schaaltje":[],"geur":[],"product-type":[],"beoordeling":[640,641,642],"uitsparingen":[],"houtsoort":[],"breedte":[],"badplanken-lengte":[],"kleur":[668],"class_list":{"0":"post-46478","1":"product","2":"type-product","3":"status-publish","4":"has-post-thumbnail","6":"product_cat-boheme-schlafzimmer","7":"product_cat-boheme-wohnzimmer","8":"product_cat-hotel-chic-schlafzimmer","9":"product_cat-hotel-chic-wohnzimmer","10":"product_cat-japandi-schlafzimmer","11":"product_cat-japandi-wohnzimmer","12":"product_cat-land-schlafzimmer","13":"product_cat-landwohnzimmer","14":"product_cat-modernes-schlafzimmer","15":"product_cat-modernes-wohnzimmer","16":"product_cat-naturliche-tone","17":"product_cat-skandinavisches-schlafzimmer","18":"product_cat-skandinavisches-wohnzimmer","19":"product_cat-vasen-topfe","20":"product_cat-wohnzimmer","21":"seizoen-lente-de","22":"seizoen-herfst-de","23":"seizoen-zomer-de","24":"seizoen-winter-de","25":"shop-per-kamer-badkamer-de","26":"shop-per-kamer-hal-de","27":"shop-per-kamer-keuken-de","28":"shop-per-kamer-slaapkamer-de","29":"shop-per-kamer-woonkamer-de","30":"indooroutdoor-indoor-de","31":"vorm-rond-de","32":"duurzaam-ja-de","33":"productafmetingen-m-de","34":"stijl-bohemian-de","35":"stijl-hotel-chique-de","36":"stijl-japandi-de","37":"stijl-modern-de","38":"stijl-scandinavisch-de","39":"merk-vase-the-world-de","40":"materiaal-glas-de","41":"beoordeling-three-star-de","42":"beoordeling-four-star-de","43":"beoordeling-five-star-de","44":"kleur-roze-de","46":"first","47":"instock","48":"taxable","49":"shipping-taxable","50":"purchasable","51":"product-type-simple"},"supplier_id":null,"supplier_sku":"","barcode":null,"atum_controlled":true,"out_stock_date":null,"out_stock_threshold":null,"inheritable":false,"inbound_stock":0,"stock_on_hold":0,"sold_today":0,"sales_last_days":0,"reserved_stock":0,"customer_returns":0,"warehouse_damage":0,"lost_in_post":0,"other_logs":0,"out_stock_days":0,"lost_sales":0,"has_location":false,"update_date":"2026-04-18T15:36:07","atum_locations":[],"atum_stock_status":"instock","restock_status":false,"low_stock_amount":"","sales_update_date":"2026-04-18T15:34:38","calc_backorders":null,"_links":{"self":[{"href":"https:\/\/www.industrialwood.nl\/de\/wp-json\/wp\/v2\/product\/46478","targetHints":{"allow":["GET"]}}],"collection":[{"href":"https:\/\/www.industrialwood.nl\/de\/wp-json\/wp\/v2\/product"}],"about":[{"href":"https:\/\/www.industrialwood.nl\/de\/wp-json\/wp\/v2\/types\/product"}],"replies":[{"embeddable":true,"href":"https:\/\/www.industrialwood.nl\/de\/wp-json\/wp\/v2\/comments?post=46478"}],"wp:featuredmedia":[{"embeddable":true,"href":"https:\/\/www.industrialwood.nl\/de\/wp-json\/wp\/v2\/media\/44373"}],"wp:attachment":[{"href":"https:\/\/www.industrialwood.nl\/de\/wp-json\/wp\/v2\/media?parent=46478"}],"wp:term":[{"taxonomy":"product_brand","embeddable":true,"href":"https:\/\/www.industrialwood.nl\/de\/wp-json\/wp\/v2\/product_brand?post=46478"},{"taxonomy":"product_cat","embeddable":true,"href":"https:\/\/www.industrialwood.nl\/de\/wp-json\/wp\/v2\/product_cat?post=46478"},{"taxonomy":"product_tag","embeddable":true,"href":"https:\/\/www.industrialwood.nl\/de\/wp-json\/wp\/v2\/product_tag?post=46478"},{"taxonomy":"seizoen","embeddable":true,"href":"https:\/\/www.industrialwood.nl\/de\/wp-json\/wp\/v2\/seizoen?post=46478"},{"taxonomy":"bloemensoort","embeddable":true,"href":"https:\/\/www.industrialwood.nl\/de\/wp-json\/wp\/v2\/bloemensoort?post=46478"},{"taxonomy":"samenstelling","embeddable":true,"href":"https:\/\/www.industrialwood.nl\/de\/wp-json\/wp\/v2\/samenstelling?post=46478"},{"taxonomy":"shop-per-kamer","embeddable":true,"href":"https:\/\/www.industrialwood.nl\/de\/wp-json\/wp\/v2\/shop-per-kamer?post=46478"},{"taxonomy":"indooroutdoor","embeddable":true,"href":"https:\/\/www.industrialwood.nl\/de\/wp-json\/wp\/v2\/indooroutdoor?post=46478"},{"taxonomy":"vorm","embeddable":true,"href":"https:\/\/www.industrialwood.nl\/de\/wp-json\/wp\/v2\/vorm?post=46478"},{"taxonomy":"duurzaam","embeddable":true,"href":"https:\/\/www.industrialwood.nl\/de\/wp-json\/wp\/v2\/duurzaam?post=46478"},{"taxonomy":"productafmetingen","embeddable":true,"href":"https:\/\/www.industrialwood.nl\/de\/wp-json\/wp\/v2\/productafmetingen?post=46478"},{"taxonomy":"stijl","embeddable":true,"href":"https:\/\/www.industrialwood.nl\/de\/wp-json\/wp\/v2\/stijl?post=46478"},{"taxonomy":"merk","embeddable":true,"href":"https:\/\/www.industrialwood.nl\/de\/wp-json\/wp\/v2\/merk?post=46478"},{"taxonomy":"materiaal","embeddable":true,"href":"https:\/\/www.industrialwood.nl\/de\/wp-json\/wp\/v2\/materiaal?post=46478"},{"taxonomy":"materiaal-schaaltje","embeddable":true,"href":"https:\/\/www.industrialwood.nl\/de\/wp-json\/wp\/v2\/materiaal-schaaltje?post=46478"},{"taxonomy":"geur","embeddable":true,"href":"https:\/\/www.industrialwood.nl\/de\/wp-json\/wp\/v2\/geur?post=46478"},{"taxonomy":"product-type","embeddable":true,"href":"https:\/\/www.industrialwood.nl\/de\/wp-json\/wp\/v2\/product-type?post=46478"},{"taxonomy":"beoordeling","embeddable":true,"href":"https:\/\/www.industrialwood.nl\/de\/wp-json\/wp\/v2\/beoordeling?post=46478"},{"taxonomy":"uitsparingen","embeddable":true,"href":"https:\/\/www.industrialwood.nl\/de\/wp-json\/wp\/v2\/uitsparingen?post=46478"},{"taxonomy":"houtsoort","embeddable":true,"href":"https:\/\/www.industrialwood.nl\/de\/wp-json\/wp\/v2\/houtsoort?post=46478"},{"taxonomy":"breedte","embeddable":true,"href":"https:\/\/www.industrialwood.nl\/de\/wp-json\/wp\/v2\/breedte?post=46478"},{"taxonomy":"badplanken-lengte","embeddable":true,"href":"https:\/\/www.industrialwood.nl\/de\/wp-json\/wp\/v2\/badplanken-lengte?post=46478"},{"taxonomy":"kleur","embeddable":true,"href":"https:\/\/www.industrialwood.nl\/de\/wp-json\/wp\/v2\/kleur?post=46478"}],"curies":[{"name":"wp","href":"https:\/\/api.w.org\/{rel}","templated":true}]}}