{"id":46444,"date":"2023-06-15T00:50:01","date_gmt":"2023-06-14T23:50:01","guid":{"rendered":"https:\/\/www.industrialwood.nl\/set-aus-6-untersetzern-marmor-j-line-braun\/"},"modified":"2026-03-12T11:41:54","modified_gmt":"2026-03-12T10:41:54","slug":"set-aus-6-untersetzern-marmor-j-line-braun","status":"publish","type":"product","link":"https:\/\/www.industrialwood.nl\/de\/set-aus-6-untersetzern-marmor-j-line-braun\/","title":{"rendered":"Set aus 6 Untersetzern | Marmor | J-Line | Braun"},"content":{"rendered":"","protected":false},"excerpt":{"rendered":"<p>Verleihen Sie Ihrem Tisch einen Hauch von Eleganz mit diesem <strong>Set aus 6 Untersetzern aus Marmor<\/strong> in einer sch\u00f6nen braunen und wei\u00dfen Farbe! Jeder dieser Untersetzer von <strong>J-Line<\/strong> wurde sorgf\u00e4ltig aus hochwertigem Marmor gefertigt, was sie langlebig und stilvoll macht. Die Kombination aus Braun- und Wei\u00dft\u00f6nen schafft einen zeitlosen und raffinierten Look, der perfekt zu jeder Einrichtung passt. Sch\u00fctzen Sie Ihre Tischplatte vor Flecken und Ringen mit diesen luxuri\u00f6sen Untersetzern. Ob Sie G\u00e4ste empfangen oder einfach nur Ihre t\u00e4glichen Mahlzeiten genie\u00dfen, diese Marmoruntersetzer verleihen jedem Anlass einen Hauch von Klasse. Auch in Schwarz erh\u00e4ltlich!<\/p>\n<p><strong>Ma\u00dfe<\/strong>: 10 x 10 x 1,5 cm<br \/>\n<strong>Material<\/strong>: Marmor<br \/>\n<strong>Farbe<\/strong>: Wei\u00df\/Braun<\/p>\n","protected":false},"featured_media":41723,"comment_status":"closed","ping_status":"closed","template":"","meta":[],"product_brand":[],"product_cat":[392,412,400,480,418,402,502,540,424,505,420,395,507,422,396],"product_tag":[],"seizoen":[543,545,544,546],"bloemensoort":[],"samenstelling":[],"shop-per-kamer":[550,549],"indooroutdoor":[555],"vorm":[557],"duurzaam":[565],"productafmetingen":[567,566],"stijl":[574,571,575,573,572],"merk":[576],"materiaal":[610,618],"materiaal-schaaltje":[],"geur":[],"product-type":[],"beoordeling":[640,641,642],"uitsparingen":[],"houtsoort":[],"breedte":[],"badplanken-lengte":[],"kleur":[663,659],"class_list":{"0":"post-46444","1":"product","2":"type-product","3":"status-publish","4":"has-post-thumbnail","6":"product_cat-andere","7":"product_cat-boheme-kuche","8":"product_cat-boheme-wohnzimmer","9":"product_cat-hotel-chic-kuche","10":"product_cat-hotel-chic-wohnzimmer","11":"product_cat-japandi-wohnzimmer","12":"product_cat-japandische-kuche","13":"product_cat-landhauskuche","14":"product_cat-landwohnzimmer","15":"product_cat-moderne-kuche","16":"product_cat-modernes-wohnzimmer","17":"product_cat-naturliche-tone","18":"product_cat-skandinavische-kuche","19":"product_cat-skandinavisches-wohnzimmer","20":"product_cat-wohnzimmer","21":"product_shipping_class-keine","22":"seizoen-lente-de","23":"seizoen-herfst-de","24":"seizoen-zomer-de","25":"seizoen-winter-de","26":"shop-per-kamer-keuken-de","27":"shop-per-kamer-woonkamer-de","28":"indooroutdoor-indoor-de","29":"vorm-rond-de","30":"duurzaam-ja-de","31":"productafmetingen-s-de","32":"productafmetingen-xs-de","33":"stijl-bohemian-de","34":"stijl-hotel-chique-de","35":"stijl-japandi-de","36":"stijl-modern-de","37":"stijl-scandinavisch-de","38":"merk-industrialwood-de","39":"materiaal-marmer-de","40":"materiaal-steen-de","41":"beoordeling-three-star-de","42":"beoordeling-four-star-de","43":"beoordeling-five-star-de","44":"kleur-bruin-de","45":"kleur-wit-de","47":"first","48":"outofstock","49":"taxable","50":"shipping-taxable","51":"purchasable","52":"product-type-simple"},"supplier_id":null,"supplier_sku":"34192","barcode":null,"atum_controlled":true,"out_stock_date":"2026-01-16 15:47:55","out_stock_threshold":null,"inheritable":false,"inbound_stock":0,"stock_on_hold":0,"sold_today":0,"sales_last_days":0,"reserved_stock":0,"customer_returns":0,"warehouse_damage":0,"lost_in_post":0,"other_logs":0,"out_stock_days":52,"lost_sales":0,"has_location":false,"update_date":"2026-03-10T01:36:16","atum_locations":[],"atum_stock_status":"outofstock","restock_status":false,"low_stock_amount":"","sales_update_date":"2026-03-10T01:36:16","calc_backorders":null,"_links":{"self":[{"href":"https:\/\/www.industrialwood.nl\/de\/wp-json\/wp\/v2\/product\/46444","targetHints":{"allow":["GET"]}}],"collection":[{"href":"https:\/\/www.industrialwood.nl\/de\/wp-json\/wp\/v2\/product"}],"about":[{"href":"https:\/\/www.industrialwood.nl\/de\/wp-json\/wp\/v2\/types\/product"}],"replies":[{"embeddable":true,"href":"https:\/\/www.industrialwood.nl\/de\/wp-json\/wp\/v2\/comments?post=46444"}],"wp:featuredmedia":[{"embeddable":true,"href":"https:\/\/www.industrialwood.nl\/de\/wp-json\/wp\/v2\/media\/41723"}],"wp:attachment":[{"href":"https:\/\/www.industrialwood.nl\/de\/wp-json\/wp\/v2\/media?parent=46444"}],"wp:term":[{"taxonomy":"product_brand","embeddable":true,"href":"https:\/\/www.industrialwood.nl\/de\/wp-json\/wp\/v2\/product_brand?post=46444"},{"taxonomy":"product_cat","embeddable":true,"href":"https:\/\/www.industrialwood.nl\/de\/wp-json\/wp\/v2\/product_cat?post=46444"},{"taxonomy":"product_tag","embeddable":true,"href":"https:\/\/www.industrialwood.nl\/de\/wp-json\/wp\/v2\/product_tag?post=46444"},{"taxonomy":"seizoen","embeddable":true,"href":"https:\/\/www.industrialwood.nl\/de\/wp-json\/wp\/v2\/seizoen?post=46444"},{"taxonomy":"bloemensoort","embeddable":true,"href":"https:\/\/www.industrialwood.nl\/de\/wp-json\/wp\/v2\/bloemensoort?post=46444"},{"taxonomy":"samenstelling","embeddable":true,"href":"https:\/\/www.industrialwood.nl\/de\/wp-json\/wp\/v2\/samenstelling?post=46444"},{"taxonomy":"shop-per-kamer","embeddable":true,"href":"https:\/\/www.industrialwood.nl\/de\/wp-json\/wp\/v2\/shop-per-kamer?post=46444"},{"taxonomy":"indooroutdoor","embeddable":true,"href":"https:\/\/www.industrialwood.nl\/de\/wp-json\/wp\/v2\/indooroutdoor?post=46444"},{"taxonomy":"vorm","embeddable":true,"href":"https:\/\/www.industrialwood.nl\/de\/wp-json\/wp\/v2\/vorm?post=46444"},{"taxonomy":"duurzaam","embeddable":true,"href":"https:\/\/www.industrialwood.nl\/de\/wp-json\/wp\/v2\/duurzaam?post=46444"},{"taxonomy":"productafmetingen","embeddable":true,"href":"https:\/\/www.industrialwood.nl\/de\/wp-json\/wp\/v2\/productafmetingen?post=46444"},{"taxonomy":"stijl","embeddable":true,"href":"https:\/\/www.industrialwood.nl\/de\/wp-json\/wp\/v2\/stijl?post=46444"},{"taxonomy":"merk","embeddable":true,"href":"https:\/\/www.industrialwood.nl\/de\/wp-json\/wp\/v2\/merk?post=46444"},{"taxonomy":"materiaal","embeddable":true,"href":"https:\/\/www.industrialwood.nl\/de\/wp-json\/wp\/v2\/materiaal?post=46444"},{"taxonomy":"materiaal-schaaltje","embeddable":true,"href":"https:\/\/www.industrialwood.nl\/de\/wp-json\/wp\/v2\/materiaal-schaaltje?post=46444"},{"taxonomy":"geur","embeddable":true,"href":"https:\/\/www.industrialwood.nl\/de\/wp-json\/wp\/v2\/geur?post=46444"},{"taxonomy":"product-type","embeddable":true,"href":"https:\/\/www.industrialwood.nl\/de\/wp-json\/wp\/v2\/product-type?post=46444"},{"taxonomy":"beoordeling","embeddable":true,"href":"https:\/\/www.industrialwood.nl\/de\/wp-json\/wp\/v2\/beoordeling?post=46444"},{"taxonomy":"uitsparingen","embeddable":true,"href":"https:\/\/www.industrialwood.nl\/de\/wp-json\/wp\/v2\/uitsparingen?post=46444"},{"taxonomy":"houtsoort","embeddable":true,"href":"https:\/\/www.industrialwood.nl\/de\/wp-json\/wp\/v2\/houtsoort?post=46444"},{"taxonomy":"breedte","embeddable":true,"href":"https:\/\/www.industrialwood.nl\/de\/wp-json\/wp\/v2\/breedte?post=46444"},{"taxonomy":"badplanken-lengte","embeddable":true,"href":"https:\/\/www.industrialwood.nl\/de\/wp-json\/wp\/v2\/badplanken-lengte?post=46444"},{"taxonomy":"kleur","embeddable":true,"href":"https:\/\/www.industrialwood.nl\/de\/wp-json\/wp\/v2\/kleur?post=46444"}],"curies":[{"name":"wp","href":"https:\/\/api.w.org\/{rel}","templated":true}]}}