{"id":46406,"date":"2023-06-15T08:58:23","date_gmt":"2023-06-15T06:58:23","guid":{"rendered":"https:\/\/www.industrialwood.nl\/badekissen-badesofa-grau-m\/"},"modified":"2024-11-21T13:49:32","modified_gmt":"2024-11-21T12:49:32","slug":"badekissen-badesofa-grau-m","status":"publish","type":"product","link":"https:\/\/www.industrialwood.nl\/de\/badekissen-badesofa-grau-m\/","title":{"rendered":"Badekissen | Badesofa | Grau | M"},"content":{"rendered":"","protected":false},"excerpt":{"rendered":"<div class=\"Rte\">\n<p>Ich glaube, wir haben alle schon einmal diese harte, kantige und kalte Badkante kennengelernt. Das war&#8217;s also mit Ihrem Wellness-Moment! Es gibt Badelatschen, herzf\u00f6rmige Schaumstoffkissen und Sie k\u00f6nnen sich immer ein Handtuch um den Hals legen, um sich abzust\u00fctzen. Aber in ein echtes <strong>Badekissen<\/strong> zu sinken, ist unschlagbar, wenn Sie in der Wanne liegen. <strong>BADESOFA\u00ae<\/strong> ist das erste Badekissen, das den Kopf und den gesamten R\u00fccken st\u00fctzt. Es ist einfach zu benutzen und extrem leicht zu reinigen.<\/p>\n<\/div>\n<p>Diese Badekissen verrutschen nicht, werden nicht nass (also nicht kalt im Nacken) und lassen den harten Baderand verschwinden wie Schnee in der Sonne. Die Unterst\u00fctzung des flexiblen und feuchtigkeitsresistenten Badekissens, das f\u00fcr jede Badewanne geeignet ist, erm\u00f6glicht es Ihrem K\u00f6rper und Ihrem Geist, sich w\u00e4hrend eines langen Bades noch mehr zu entspannen.<\/p>\n<ul>\n<li>Gew\u00f6hnliche Badezus\u00e4tze, Salze und \u00d6le haften nicht am Gewebe<\/li>\n<li>100% wasserdicht und UV-best\u00e4ndig<\/li>\n<li>H\u00e4lt die perfekte Position in der Badewanne und im Pool &#8211; kein Auftrieb<\/li>\n<li>Magische Trocknungsfunktion &#8211; das Kissen trocknet schnell, ohne dass Wasser eindringt<\/li>\n<li>Bezug und Innenkissen sind separat waschbar<\/li>\n<li>Resistent gegen Schimmelflecken dank innovativer Oberfl\u00e4che<\/li>\n<li>Hergestellt in Europa<\/li>\n<\/ul>\n<p><em><strong>Tipp<\/strong>: Entspannen Sie sich vollkommen mit diesem Kissen in Kombination mit einem unserer ma\u00dfgefertigten <a href=\"https:\/\/www.industrialwood.nl\/badplank\/\"><br \/>\n  <strong>Badebretter<\/strong><br \/>\n<\/a>!  <\/em><\/p>\n<p><strong>Abmessungen<\/strong>: 60 x 60 x 20 cm<br \/>\n<strong>Material<\/strong>: <em>Kissenbezug<\/em>: 72% Polyvinylchlorid, 20% Polyester, 8% synthetisches Material. Faser<br \/>\n<em>Innenkissen<\/em>: 100% Polyester<br \/>\n<strong>Sandgewicht: <\/strong>10-fach gereinigter Quarzsand, 100% Neopren<br \/>\n<strong>Farbe<\/strong>: Grau<\/p>\n","protected":false},"featured_media":39553,"comment_status":"open","ping_status":"closed","template":"","meta":[],"product_brand":[],"product_cat":[393,401,479,404,481,395,483,482],"product_tag":[],"seizoen":[543,545,544,546],"bloemensoort":[],"samenstelling":[],"shop-per-kamer":[551],"indooroutdoor":[555],"vorm":[560,561],"duurzaam":[565],"productafmetingen":[568],"stijl":[574,571,575,573,572],"merk":[585],"materiaal":[617],"materiaal-schaaltje":[],"geur":[],"product-type":[],"beoordeling":[640,641,642],"uitsparingen":[],"houtsoort":[],"breedte":[],"badplanken-lengte":[],"kleur":[660],"class_list":{"0":"post-46406","1":"product","2":"type-product","3":"status-publish","4":"has-post-thumbnail","6":"product_cat-badezimmer","7":"product_cat-bohmisches-badezimmer","8":"product_cat-hotel-chic-badezimmer","9":"product_cat-japandi-badezimmer","10":"product_cat-modernes-badezimmer","11":"product_cat-naturliche-tone","12":"product_cat-rustikales-badezimmer","13":"product_cat-skandinavisches-badezimmer","14":"seizoen-lente-de","15":"seizoen-herfst-de","16":"seizoen-zomer-de","17":"seizoen-winter-de","18":"shop-per-kamer-badkamer-de","19":"indooroutdoor-indoor-de","20":"vorm-vierkant-de","21":"vorm-rechthoek-de","22":"duurzaam-ja-de","23":"productafmetingen-m-de","24":"stijl-bohemian-de","25":"stijl-hotel-chique-de","26":"stijl-japandi-de","27":"stijl-modern-de","28":"stijl-scandinavisch-de","29":"merk-badesofa-de","30":"materiaal-kunststof-de","31":"beoordeling-three-star-de","32":"beoordeling-four-star-de","33":"beoordeling-five-star-de","34":"kleur-grijs-de","36":"first","37":"outofstock","38":"taxable","39":"shipping-taxable","40":"purchasable","41":"product-type-simple"},"supplier_id":null,"supplier_sku":"","barcode":null,"atum_controlled":true,"out_stock_date":null,"out_stock_threshold":null,"inheritable":false,"inbound_stock":0,"stock_on_hold":0,"sold_today":0,"sales_last_days":0,"reserved_stock":0,"customer_returns":0,"warehouse_damage":0,"lost_in_post":0,"other_logs":0,"out_stock_days":0,"lost_sales":0,"has_location":false,"update_date":"2026-03-10T01:35:40","atum_locations":[],"atum_stock_status":"outofstock","restock_status":false,"low_stock_amount":"","sales_update_date":"2026-03-10T01:35:40","calc_backorders":null,"_links":{"self":[{"href":"https:\/\/www.industrialwood.nl\/de\/wp-json\/wp\/v2\/product\/46406","targetHints":{"allow":["GET"]}}],"collection":[{"href":"https:\/\/www.industrialwood.nl\/de\/wp-json\/wp\/v2\/product"}],"about":[{"href":"https:\/\/www.industrialwood.nl\/de\/wp-json\/wp\/v2\/types\/product"}],"replies":[{"embeddable":true,"href":"https:\/\/www.industrialwood.nl\/de\/wp-json\/wp\/v2\/comments?post=46406"}],"wp:featuredmedia":[{"embeddable":true,"href":"https:\/\/www.industrialwood.nl\/de\/wp-json\/wp\/v2\/media\/39553"}],"wp:attachment":[{"href":"https:\/\/www.industrialwood.nl\/de\/wp-json\/wp\/v2\/media?parent=46406"}],"wp:term":[{"taxonomy":"product_brand","embeddable":true,"href":"https:\/\/www.industrialwood.nl\/de\/wp-json\/wp\/v2\/product_brand?post=46406"},{"taxonomy":"product_cat","embeddable":true,"href":"https:\/\/www.industrialwood.nl\/de\/wp-json\/wp\/v2\/product_cat?post=46406"},{"taxonomy":"product_tag","embeddable":true,"href":"https:\/\/www.industrialwood.nl\/de\/wp-json\/wp\/v2\/product_tag?post=46406"},{"taxonomy":"seizoen","embeddable":true,"href":"https:\/\/www.industrialwood.nl\/de\/wp-json\/wp\/v2\/seizoen?post=46406"},{"taxonomy":"bloemensoort","embeddable":true,"href":"https:\/\/www.industrialwood.nl\/de\/wp-json\/wp\/v2\/bloemensoort?post=46406"},{"taxonomy":"samenstelling","embeddable":true,"href":"https:\/\/www.industrialwood.nl\/de\/wp-json\/wp\/v2\/samenstelling?post=46406"},{"taxonomy":"shop-per-kamer","embeddable":true,"href":"https:\/\/www.industrialwood.nl\/de\/wp-json\/wp\/v2\/shop-per-kamer?post=46406"},{"taxonomy":"indooroutdoor","embeddable":true,"href":"https:\/\/www.industrialwood.nl\/de\/wp-json\/wp\/v2\/indooroutdoor?post=46406"},{"taxonomy":"vorm","embeddable":true,"href":"https:\/\/www.industrialwood.nl\/de\/wp-json\/wp\/v2\/vorm?post=46406"},{"taxonomy":"duurzaam","embeddable":true,"href":"https:\/\/www.industrialwood.nl\/de\/wp-json\/wp\/v2\/duurzaam?post=46406"},{"taxonomy":"productafmetingen","embeddable":true,"href":"https:\/\/www.industrialwood.nl\/de\/wp-json\/wp\/v2\/productafmetingen?post=46406"},{"taxonomy":"stijl","embeddable":true,"href":"https:\/\/www.industrialwood.nl\/de\/wp-json\/wp\/v2\/stijl?post=46406"},{"taxonomy":"merk","embeddable":true,"href":"https:\/\/www.industrialwood.nl\/de\/wp-json\/wp\/v2\/merk?post=46406"},{"taxonomy":"materiaal","embeddable":true,"href":"https:\/\/www.industrialwood.nl\/de\/wp-json\/wp\/v2\/materiaal?post=46406"},{"taxonomy":"materiaal-schaaltje","embeddable":true,"href":"https:\/\/www.industrialwood.nl\/de\/wp-json\/wp\/v2\/materiaal-schaaltje?post=46406"},{"taxonomy":"geur","embeddable":true,"href":"https:\/\/www.industrialwood.nl\/de\/wp-json\/wp\/v2\/geur?post=46406"},{"taxonomy":"product-type","embeddable":true,"href":"https:\/\/www.industrialwood.nl\/de\/wp-json\/wp\/v2\/product-type?post=46406"},{"taxonomy":"beoordeling","embeddable":true,"href":"https:\/\/www.industrialwood.nl\/de\/wp-json\/wp\/v2\/beoordeling?post=46406"},{"taxonomy":"uitsparingen","embeddable":true,"href":"https:\/\/www.industrialwood.nl\/de\/wp-json\/wp\/v2\/uitsparingen?post=46406"},{"taxonomy":"houtsoort","embeddable":true,"href":"https:\/\/www.industrialwood.nl\/de\/wp-json\/wp\/v2\/houtsoort?post=46406"},{"taxonomy":"breedte","embeddable":true,"href":"https:\/\/www.industrialwood.nl\/de\/wp-json\/wp\/v2\/breedte?post=46406"},{"taxonomy":"badplanken-lengte","embeddable":true,"href":"https:\/\/www.industrialwood.nl\/de\/wp-json\/wp\/v2\/badplanken-lengte?post=46406"},{"taxonomy":"kleur","embeddable":true,"href":"https:\/\/www.industrialwood.nl\/de\/wp-json\/wp\/v2\/kleur?post=46406"}],"curies":[{"name":"wp","href":"https:\/\/api.w.org\/{rel}","templated":true}]}}