{"id":46304,"date":"2024-10-10T19:01:13","date_gmt":"2024-10-10T17:01:13","guid":{"rendered":"https:\/\/www.industrialwood.nl\/seidenstrauss-aymee\/"},"modified":"2026-01-05T21:50:57","modified_gmt":"2026-01-05T20:50:57","slug":"seidenstrauss-aymee","status":"publish","type":"product","link":"https:\/\/www.industrialwood.nl\/de\/seidenstrauss-aymee\/","title":{"rendered":"Seidenstrau\u00df | Aym\u00e9e"},"content":{"rendered":"","protected":false},"excerpt":{"rendered":"<p>Bringen Sie Farbe und Lebendigkeit in Ihr Zuhause mit diesem wundersch\u00f6nen <strong>Seidenstrau\u00df von Aym\u00e9e<\/strong>! Dieser meistverkaufte Strau\u00df ist vollgepackt mit hochwertigen Seidenblumen in leuchtenden Pink-, Orange- und Fuchsiat\u00f6nen. Die auff\u00e4llige Pfingstrose symbolisiert Liebe und Wohlstand, die farbenfrohe Ranunkel strahlt Freude und Energie aus und der elegante Hibiskus verleiht mit seinem Sinn f\u00fcr zarte Sch\u00f6nheit einen exotischen Touch. Die verspielte Lathyrus bringt einen Hauch von Gl\u00fcck und Eleganz in Ihr Interieur. Der Strau\u00df ist aus hochwertigster Seide handgefertigt, so dass er jahrelang sch\u00f6n bleibt, ohne dass Sie sich um ihn k\u00fcmmern m\u00fcssen. Stellen Sie ihn in einer stilvollen Vase an einem sch\u00f6nen Platz in Ihrer Wohnung auf und Sie werden im Handumdrehen einen echten Blickfang haben. Ob im Wohnzimmer, auf dem Esstisch oder in der Diele &#8211; dieser Strau\u00df zieht garantiert alle Blicke auf sich! Versch\u00f6nern Sie Ihr Interieur mit diesem Bestseller-Strau\u00df und genie\u00dfen Sie die fr\u00f6hliche Ausstrahlung von Blumen, die nicht jeden Tag verwelken! \ud83c\udf3c\ud83c\udf3f  <\/p>\n<p>Einige Vorteile auf einen Blick:<\/p>\n<ul>\n<li>Der Strau\u00df ist <strong>fertig gebunden<\/strong>. Sie m\u00fcssen sie also nur noch in die Vase stellen und sich an ihnen erfreuen!<\/li>\n<li>Die Seidenblumen bleiben <strong>\u00fcber Jahre hinweg sch\u00f6n<\/strong>. Mit unseren Str\u00e4u\u00dfen <strong>sparen Sie im<\/strong> Vergleich zu frischen Blumen <strong>Hunderte von Euro pro Jahr<\/strong>.<\/li>\n<li>Der Eisendraht in den Stielen der Seidenblumen dient dazu, die Blume <strong>in eine sch\u00f6ne Form<\/strong> <strong>zu biegen, so <\/strong>dass Sie sie immer wieder in verschiedenen Vasengr\u00f6\u00dfen verwenden k\u00f6nnen.<\/li>\n<\/ul>\n<p><em>In diesem Strau\u00df wurden die <a href=\"https:\/\/www.industrialwood.nl\/vaas-artic-goud\/\">Vase artic gold M<\/a> und die Vase Tutor schwarz verwendet. Bitte beachten Sie, dass der Strau\u00df keine Vase enth\u00e4lt.<\/em><\/p>\n","protected":false},"featured_media":53619,"comment_status":"open","ping_status":"closed","template":"","meta":[],"product_brand":[],"product_cat":[400,686,418,402,424,420,395,428,422,396],"product_tag":[],"seizoen":[543,545,544,546],"bloemensoort":[],"samenstelling":[675],"shop-per-kamer":[552,549],"indooroutdoor":[555],"vorm":[],"duurzaam":[565],"productafmetingen":[569,568,570],"stijl":[574,571,575,573,572],"merk":[],"materiaal":[],"materiaal-schaaltje":[],"geur":[],"product-type":[],"beoordeling":[640,641,642],"uitsparingen":[],"houtsoort":[],"breedte":[],"badplanken-lengte":[],"kleur":[673,667,668],"class_list":{"0":"post-46304","1":"product","2":"type-product","3":"status-publish","4":"has-post-thumbnail","6":"product_cat-boheme-wohnzimmer","7":"product_cat-geschenk","8":"product_cat-hotel-chic-wohnzimmer","9":"product_cat-japandi-wohnzimmer","10":"product_cat-landwohnzimmer","11":"product_cat-modernes-wohnzimmer","12":"product_cat-naturliche-tone","13":"product_cat-seidenblumen","14":"product_cat-skandinavisches-wohnzimmer","15":"product_cat-wohnzimmer","16":"seizoen-lente-de","17":"seizoen-herfst-de","18":"seizoen-zomer-de","19":"seizoen-winter-de","20":"samenstelling-blumenstraus","21":"shop-per-kamer-hal-de","22":"shop-per-kamer-woonkamer-de","23":"indooroutdoor-indoor-de","24":"duurzaam-ja-de","25":"productafmetingen-l-de","26":"productafmetingen-m-de","27":"productafmetingen-xl-de","28":"stijl-bohemian-de","29":"stijl-hotel-chique-de","30":"stijl-japandi-de","31":"stijl-modern-de","32":"stijl-scandinavisch-de","33":"beoordeling-three-star-de","34":"beoordeling-four-star-de","35":"beoordeling-five-star-de","36":"kleur-meerkleurig-de","37":"kleur-oranje-de","38":"kleur-roze-de","40":"first","41":"outofstock","42":"sale","43":"taxable","44":"shipping-taxable","45":"purchasable","46":"product-type-simple"},"supplier_id":null,"supplier_sku":"","barcode":null,"atum_controlled":true,"out_stock_date":"2026-01-05 21:50:57","out_stock_threshold":null,"inheritable":false,"inbound_stock":0,"stock_on_hold":0,"sold_today":0,"sales_last_days":0,"reserved_stock":0,"customer_returns":0,"warehouse_damage":0,"lost_in_post":0,"other_logs":0,"out_stock_days":63,"lost_sales":0,"has_location":false,"update_date":"2026-03-10T01:36:14","atum_locations":[],"atum_stock_status":"outofstock","restock_status":false,"low_stock_amount":"","sales_update_date":"2026-03-10T01:36:14","calc_backorders":null,"_links":{"self":[{"href":"https:\/\/www.industrialwood.nl\/de\/wp-json\/wp\/v2\/product\/46304","targetHints":{"allow":["GET"]}}],"collection":[{"href":"https:\/\/www.industrialwood.nl\/de\/wp-json\/wp\/v2\/product"}],"about":[{"href":"https:\/\/www.industrialwood.nl\/de\/wp-json\/wp\/v2\/types\/product"}],"replies":[{"embeddable":true,"href":"https:\/\/www.industrialwood.nl\/de\/wp-json\/wp\/v2\/comments?post=46304"}],"wp:featuredmedia":[{"embeddable":true,"href":"https:\/\/www.industrialwood.nl\/de\/wp-json\/wp\/v2\/media\/53619"}],"wp:attachment":[{"href":"https:\/\/www.industrialwood.nl\/de\/wp-json\/wp\/v2\/media?parent=46304"}],"wp:term":[{"taxonomy":"product_brand","embeddable":true,"href":"https:\/\/www.industrialwood.nl\/de\/wp-json\/wp\/v2\/product_brand?post=46304"},{"taxonomy":"product_cat","embeddable":true,"href":"https:\/\/www.industrialwood.nl\/de\/wp-json\/wp\/v2\/product_cat?post=46304"},{"taxonomy":"product_tag","embeddable":true,"href":"https:\/\/www.industrialwood.nl\/de\/wp-json\/wp\/v2\/product_tag?post=46304"},{"taxonomy":"seizoen","embeddable":true,"href":"https:\/\/www.industrialwood.nl\/de\/wp-json\/wp\/v2\/seizoen?post=46304"},{"taxonomy":"bloemensoort","embeddable":true,"href":"https:\/\/www.industrialwood.nl\/de\/wp-json\/wp\/v2\/bloemensoort?post=46304"},{"taxonomy":"samenstelling","embeddable":true,"href":"https:\/\/www.industrialwood.nl\/de\/wp-json\/wp\/v2\/samenstelling?post=46304"},{"taxonomy":"shop-per-kamer","embeddable":true,"href":"https:\/\/www.industrialwood.nl\/de\/wp-json\/wp\/v2\/shop-per-kamer?post=46304"},{"taxonomy":"indooroutdoor","embeddable":true,"href":"https:\/\/www.industrialwood.nl\/de\/wp-json\/wp\/v2\/indooroutdoor?post=46304"},{"taxonomy":"vorm","embeddable":true,"href":"https:\/\/www.industrialwood.nl\/de\/wp-json\/wp\/v2\/vorm?post=46304"},{"taxonomy":"duurzaam","embeddable":true,"href":"https:\/\/www.industrialwood.nl\/de\/wp-json\/wp\/v2\/duurzaam?post=46304"},{"taxonomy":"productafmetingen","embeddable":true,"href":"https:\/\/www.industrialwood.nl\/de\/wp-json\/wp\/v2\/productafmetingen?post=46304"},{"taxonomy":"stijl","embeddable":true,"href":"https:\/\/www.industrialwood.nl\/de\/wp-json\/wp\/v2\/stijl?post=46304"},{"taxonomy":"merk","embeddable":true,"href":"https:\/\/www.industrialwood.nl\/de\/wp-json\/wp\/v2\/merk?post=46304"},{"taxonomy":"materiaal","embeddable":true,"href":"https:\/\/www.industrialwood.nl\/de\/wp-json\/wp\/v2\/materiaal?post=46304"},{"taxonomy":"materiaal-schaaltje","embeddable":true,"href":"https:\/\/www.industrialwood.nl\/de\/wp-json\/wp\/v2\/materiaal-schaaltje?post=46304"},{"taxonomy":"geur","embeddable":true,"href":"https:\/\/www.industrialwood.nl\/de\/wp-json\/wp\/v2\/geur?post=46304"},{"taxonomy":"product-type","embeddable":true,"href":"https:\/\/www.industrialwood.nl\/de\/wp-json\/wp\/v2\/product-type?post=46304"},{"taxonomy":"beoordeling","embeddable":true,"href":"https:\/\/www.industrialwood.nl\/de\/wp-json\/wp\/v2\/beoordeling?post=46304"},{"taxonomy":"uitsparingen","embeddable":true,"href":"https:\/\/www.industrialwood.nl\/de\/wp-json\/wp\/v2\/uitsparingen?post=46304"},{"taxonomy":"houtsoort","embeddable":true,"href":"https:\/\/www.industrialwood.nl\/de\/wp-json\/wp\/v2\/houtsoort?post=46304"},{"taxonomy":"breedte","embeddable":true,"href":"https:\/\/www.industrialwood.nl\/de\/wp-json\/wp\/v2\/breedte?post=46304"},{"taxonomy":"badplanken-lengte","embeddable":true,"href":"https:\/\/www.industrialwood.nl\/de\/wp-json\/wp\/v2\/badplanken-lengte?post=46304"},{"taxonomy":"kleur","embeddable":true,"href":"https:\/\/www.industrialwood.nl\/de\/wp-json\/wp\/v2\/kleur?post=46304"}],"curies":[{"name":"wp","href":"https:\/\/api.w.org\/{rel}","templated":true}]}}