{"id":46295,"date":"2023-10-09T21:34:30","date_gmt":"2023-10-09T20:34:30","guid":{"rendered":"https:\/\/www.industrialwood.nl\/waxlight-transparente-tasse-5-stueck-weiss-l\/"},"modified":"2026-01-13T11:21:23","modified_gmt":"2026-01-13T10:21:23","slug":"waxlight-transparente-tasse-5-stueck-weiss-l","status":"publish","type":"product","link":"https:\/\/www.industrialwood.nl\/de\/waxlight-transparente-tasse-5-stueck-weiss-l\/","title":{"rendered":"Waxlight transparente Tasse | 5 St\u00fcck | Wei\u00df | L"},"content":{"rendered":"","protected":false},"excerpt":{"rendered":"<p>Verleihen Sie Ihrer Einrichtung ein elegantes Upgrade mit unseren <strong>gro\u00dfen wei\u00dfen Teelichtern<\/strong> in <strong>transparenten Tassen<\/strong>. Mit ihrem gro\u00dfen Durchmesser bieten sie eine l\u00e4ngere Brenndauer, ideal f\u00fcr gem\u00fctliche lange Abende. Die transparente Tasse unterstreicht einen luxuri\u00f6sen Look, perfekt f\u00fcr eine stilvolle Einrichtung. Wenn Sie auf der Suche nach einem lang anhaltenden Ambiente sind, ist diese gr\u00f6\u00dfere Variante genau das Richtige f\u00fcr Sie. Auch in <a href=\"https:\/\/www.industrialwood.nl\/de\/waxlight-transparente-tasse-5-stueck-schwarz-l\/\">Schwarz<\/a> und <a href=\"https:\/\/www.industrialwood.nl\/de\/waxlight-transparente-tasse-5-stueck-beige-l\/\">Beige<\/a> und in einer <a href=\"https:\/\/www.industrialwood.nl\/de\/waxlight-transparente-tasse-10-stueck-weiss-s\/\">kleineren 4 cm Version<\/a> erh\u00e4ltlich. <em>Jedes Set enth\u00e4lt 5 dieser luxuri\u00f6sen schwarzen Teelichter. <\/em> <\/p>\n<p><strong>Gr\u00f6\u00dfe<\/strong>: 6 cm<br \/>\n<strong>Farbe<\/strong>: Wei\u00df<br \/>\n<strong>Brennende Stunden<\/strong>: 7<\/p>\n","protected":false},"featured_media":41969,"comment_status":"open","ping_status":"closed","template":"","meta":[],"product_brand":[],"product_cat":[413,395,740],"product_tag":[],"seizoen":[543,545,544,546],"bloemensoort":[],"samenstelling":[],"shop-per-kamer":[551,554,552,550,553,549],"indooroutdoor":[556,555],"vorm":[557],"duurzaam":[565],"productafmetingen":[567,566],"stijl":[574,571,575,573,572],"merk":[576],"materiaal":[615],"materiaal-schaaltje":[],"geur":[],"product-type":[],"beoordeling":[640,641,642],"uitsparingen":[],"houtsoort":[],"breedte":[],"badplanken-lengte":[],"kleur":[656],"class_list":{"0":"post-46295","1":"product","2":"type-product","3":"status-publish","4":"has-post-thumbnail","6":"product_cat-kerzenstander-kerzenleuchter","7":"product_cat-naturliche-tone","8":"product_cat-schwarzer-freitag-2","9":"seizoen-lente-de","10":"seizoen-herfst-de","11":"seizoen-zomer-de","12":"seizoen-winter-de","13":"shop-per-kamer-badkamer-de","14":"shop-per-kamer-tuin-de","15":"shop-per-kamer-hal-de","16":"shop-per-kamer-keuken-de","17":"shop-per-kamer-slaapkamer-de","18":"shop-per-kamer-woonkamer-de","19":"indooroutdoor-outdoor-de","20":"indooroutdoor-indoor-de","21":"vorm-rond-de","22":"duurzaam-ja-de","23":"productafmetingen-s-de","24":"productafmetingen-xs-de","25":"stijl-bohemian-de","26":"stijl-hotel-chique-de","27":"stijl-japandi-de","28":"stijl-modern-de","29":"stijl-scandinavisch-de","30":"merk-industrialwood-de","31":"materiaal-wax-de","32":"beoordeling-three-star-de","33":"beoordeling-four-star-de","34":"beoordeling-five-star-de","35":"kleur-zwart-de","37":"first","38":"instock","39":"taxable","40":"shipping-taxable","41":"purchasable","42":"product-type-simple"},"supplier_id":null,"supplier_sku":"","barcode":null,"atum_controlled":true,"out_stock_date":null,"out_stock_threshold":null,"inheritable":false,"inbound_stock":0,"stock_on_hold":0,"sold_today":0,"sales_last_days":0,"reserved_stock":0,"customer_returns":0,"warehouse_damage":0,"lost_in_post":0,"other_logs":0,"out_stock_days":0,"lost_sales":0,"has_location":false,"update_date":"2026-04-18T15:34:39","atum_locations":[],"atum_stock_status":"instock","restock_status":false,"low_stock_amount":"","sales_update_date":"2026-04-18T15:34:39","calc_backorders":null,"_links":{"self":[{"href":"https:\/\/www.industrialwood.nl\/de\/wp-json\/wp\/v2\/product\/46295","targetHints":{"allow":["GET"]}}],"collection":[{"href":"https:\/\/www.industrialwood.nl\/de\/wp-json\/wp\/v2\/product"}],"about":[{"href":"https:\/\/www.industrialwood.nl\/de\/wp-json\/wp\/v2\/types\/product"}],"replies":[{"embeddable":true,"href":"https:\/\/www.industrialwood.nl\/de\/wp-json\/wp\/v2\/comments?post=46295"}],"wp:featuredmedia":[{"embeddable":true,"href":"https:\/\/www.industrialwood.nl\/de\/wp-json\/wp\/v2\/media\/41969"}],"wp:attachment":[{"href":"https:\/\/www.industrialwood.nl\/de\/wp-json\/wp\/v2\/media?parent=46295"}],"wp:term":[{"taxonomy":"product_brand","embeddable":true,"href":"https:\/\/www.industrialwood.nl\/de\/wp-json\/wp\/v2\/product_brand?post=46295"},{"taxonomy":"product_cat","embeddable":true,"href":"https:\/\/www.industrialwood.nl\/de\/wp-json\/wp\/v2\/product_cat?post=46295"},{"taxonomy":"product_tag","embeddable":true,"href":"https:\/\/www.industrialwood.nl\/de\/wp-json\/wp\/v2\/product_tag?post=46295"},{"taxonomy":"seizoen","embeddable":true,"href":"https:\/\/www.industrialwood.nl\/de\/wp-json\/wp\/v2\/seizoen?post=46295"},{"taxonomy":"bloemensoort","embeddable":true,"href":"https:\/\/www.industrialwood.nl\/de\/wp-json\/wp\/v2\/bloemensoort?post=46295"},{"taxonomy":"samenstelling","embeddable":true,"href":"https:\/\/www.industrialwood.nl\/de\/wp-json\/wp\/v2\/samenstelling?post=46295"},{"taxonomy":"shop-per-kamer","embeddable":true,"href":"https:\/\/www.industrialwood.nl\/de\/wp-json\/wp\/v2\/shop-per-kamer?post=46295"},{"taxonomy":"indooroutdoor","embeddable":true,"href":"https:\/\/www.industrialwood.nl\/de\/wp-json\/wp\/v2\/indooroutdoor?post=46295"},{"taxonomy":"vorm","embeddable":true,"href":"https:\/\/www.industrialwood.nl\/de\/wp-json\/wp\/v2\/vorm?post=46295"},{"taxonomy":"duurzaam","embeddable":true,"href":"https:\/\/www.industrialwood.nl\/de\/wp-json\/wp\/v2\/duurzaam?post=46295"},{"taxonomy":"productafmetingen","embeddable":true,"href":"https:\/\/www.industrialwood.nl\/de\/wp-json\/wp\/v2\/productafmetingen?post=46295"},{"taxonomy":"stijl","embeddable":true,"href":"https:\/\/www.industrialwood.nl\/de\/wp-json\/wp\/v2\/stijl?post=46295"},{"taxonomy":"merk","embeddable":true,"href":"https:\/\/www.industrialwood.nl\/de\/wp-json\/wp\/v2\/merk?post=46295"},{"taxonomy":"materiaal","embeddable":true,"href":"https:\/\/www.industrialwood.nl\/de\/wp-json\/wp\/v2\/materiaal?post=46295"},{"taxonomy":"materiaal-schaaltje","embeddable":true,"href":"https:\/\/www.industrialwood.nl\/de\/wp-json\/wp\/v2\/materiaal-schaaltje?post=46295"},{"taxonomy":"geur","embeddable":true,"href":"https:\/\/www.industrialwood.nl\/de\/wp-json\/wp\/v2\/geur?post=46295"},{"taxonomy":"product-type","embeddable":true,"href":"https:\/\/www.industrialwood.nl\/de\/wp-json\/wp\/v2\/product-type?post=46295"},{"taxonomy":"beoordeling","embeddable":true,"href":"https:\/\/www.industrialwood.nl\/de\/wp-json\/wp\/v2\/beoordeling?post=46295"},{"taxonomy":"uitsparingen","embeddable":true,"href":"https:\/\/www.industrialwood.nl\/de\/wp-json\/wp\/v2\/uitsparingen?post=46295"},{"taxonomy":"houtsoort","embeddable":true,"href":"https:\/\/www.industrialwood.nl\/de\/wp-json\/wp\/v2\/houtsoort?post=46295"},{"taxonomy":"breedte","embeddable":true,"href":"https:\/\/www.industrialwood.nl\/de\/wp-json\/wp\/v2\/breedte?post=46295"},{"taxonomy":"badplanken-lengte","embeddable":true,"href":"https:\/\/www.industrialwood.nl\/de\/wp-json\/wp\/v2\/badplanken-lengte?post=46295"},{"taxonomy":"kleur","embeddable":true,"href":"https:\/\/www.industrialwood.nl\/de\/wp-json\/wp\/v2\/kleur?post=46295"}],"curies":[{"name":"wp","href":"https:\/\/api.w.org\/{rel}","templated":true}]}}