{"id":46262,"date":"2023-11-12T12:38:37","date_gmt":"2023-11-12T11:38:37","guid":{"rendered":"https:\/\/www.industrialwood.nl\/led-wandleuchte-wuerfel-weiss-sensor-kabellos\/"},"modified":"2025-10-10T15:56:29","modified_gmt":"2025-10-10T13:56:29","slug":"led-wandleuchte-wuerfel-weiss-sensor-kabellos","status":"publish","type":"product","link":"https:\/\/www.industrialwood.nl\/de\/led-wandleuchte-wuerfel-weiss-sensor-kabellos\/","title":{"rendered":"LED-Wandleuchte | W\u00fcrfel | Wei\u00df | Sensor | Kabellos"},"content":{"rendered":"","protected":false},"excerpt":{"rendered":"<p>Diese <strong>Wandleuchte<\/strong> ist <strong>kabellos<\/strong> und <strong>wiederaufladbar<\/strong>, so dass Sie sie in jedem Raum des Hauses aufstellen k\u00f6nnen, ohne auf Kabel und Steckdosen angewiesen zu sein. Diese Lampe bietet nicht nur helles und stimmungsvolles <strong>3000K warmes Licht<\/strong>, sondern auch eine m\u00fchelose Installation. Dank des kabellosen und magnetischen Designs kann die Lampe ohne Bohren sicher an jeder Wand befestigt werden. Der eingebaute Bewegungssensor sorgt daf\u00fcr, dass sich die Lampe bei Bewegung automatisch einschaltet, so dass Ihr Zimmer immer perfekt beleuchtet ist. Die Lampe ist innerhalb von 5 Stunden vollst\u00e4ndig aufgeladen und kann<strong> bis zu 60 Tage lang <\/strong>leuchten (je nach Nutzung).<\/p>\n<p><strong>Montage<\/strong>: Sie m\u00fcssen nur die Montageplatte mit Kleber, Schrauben oder N\u00e4geln an der Wand befestigen und die Lampe darauf klicken (magnetisch). Das Aufh\u00e4ngen der Lampe dauert nur ein paar Minuten. Mit Ihrer Bestellung erhalten Sie alle notwendigen Materialien, um die Wandleuchte anzuschlie\u00dfen.<\/p>\n<ul>\n<li><strong>USB-aufladbar: <\/strong>Sie k\u00f6nnen die Lampe \u00fcber den USB-Anschluss in der Lampe aufladen. Bei voller Aufladung h\u00e4lt die Lampe bis zu 60 Tage!<\/li>\n<li><strong>Einfach zu montieren:<\/strong> Da kein Stromanschluss erforderlich ist, haben Sie Ihre Lampe innerhalb weniger Minuten angeschlossen. Mit dem Magneten k\u00f6nnen Sie die Lampe m\u00fchelos ein- und ausschalten. Ohne Bohren!<\/li>\n<li><strong>Verf\u00fcgt \u00fcber 3 Modi: <\/strong>Sensormodus, d.h. er schaltet sich automatisch ein, sobald er eine Bewegung erkennt, und der normale Ein- und Ausschaltmodus.<\/li>\n<li><strong>Atmosph\u00e4risches Licht: <\/strong>Mit ihrer warmen 3000K-Farbe ist die Wandlampe ein Stimmungsaufheller in jedem Raum.<\/li>\n<li><strong>Wird montagefertig geliefert:<\/strong> Inkl. Schrauben, D\u00fcbel, Unterlegscheiben, Kleber und ein USB-Ladekabel.<\/li>\n<\/ul>\n<p><strong>Ma\u00dfe<\/strong>: 10 x 10 x 8 cm<br \/>\n<strong>Material<\/strong>: Aluminium<br \/>\n<strong>Farbe<\/strong>: Wei\u00df<\/p>\n","protected":false},"featured_media":42259,"comment_status":"open","ping_status":"closed","template":"","meta":[],"product_brand":[],"product_cat":[392,395],"product_tag":[],"seizoen":[543,545,544,546],"bloemensoort":[],"samenstelling":[],"shop-per-kamer":[551,552,550,553,549],"indooroutdoor":[555],"vorm":[560],"duurzaam":[565],"productafmetingen":[569,568,567,566],"stijl":[574,571,575,573,572],"merk":[576],"materiaal":[614],"materiaal-schaaltje":[],"geur":[],"product-type":[],"beoordeling":[640,641,642],"uitsparingen":[],"houtsoort":[],"breedte":[],"badplanken-lengte":[],"kleur":[656],"class_list":{"0":"post-46262","1":"product","2":"type-product","3":"status-publish","4":"has-post-thumbnail","6":"product_cat-andere","7":"product_cat-naturliche-tone","8":"seizoen-lente-de","9":"seizoen-herfst-de","10":"seizoen-zomer-de","11":"seizoen-winter-de","12":"shop-per-kamer-badkamer-de","13":"shop-per-kamer-hal-de","14":"shop-per-kamer-keuken-de","15":"shop-per-kamer-slaapkamer-de","16":"shop-per-kamer-woonkamer-de","17":"indooroutdoor-indoor-de","18":"vorm-vierkant-de","19":"duurzaam-ja-de","20":"productafmetingen-l-de","21":"productafmetingen-m-de","22":"productafmetingen-s-de","23":"productafmetingen-xs-de","24":"stijl-bohemian-de","25":"stijl-hotel-chique-de","26":"stijl-japandi-de","27":"stijl-modern-de","28":"stijl-scandinavisch-de","29":"merk-industrialwood-de","30":"materiaal-metaal-de","31":"beoordeling-three-star-de","32":"beoordeling-four-star-de","33":"beoordeling-five-star-de","34":"kleur-zwart-de","36":"first","37":"outofstock","38":"taxable","39":"shipping-taxable","40":"purchasable","41":"product-type-simple"},"supplier_id":null,"supplier_sku":"","barcode":null,"atum_controlled":true,"out_stock_date":"2025-12-19 12:40:04","out_stock_threshold":null,"inheritable":false,"inbound_stock":0,"stock_on_hold":0,"sold_today":0,"sales_last_days":0,"reserved_stock":0,"customer_returns":0,"warehouse_damage":0,"lost_in_post":0,"other_logs":0,"out_stock_days":80,"lost_sales":0,"has_location":false,"update_date":"2026-03-10T01:36:13","atum_locations":[],"atum_stock_status":"outofstock","restock_status":false,"low_stock_amount":"","sales_update_date":"2026-03-10T01:36:13","calc_backorders":null,"_links":{"self":[{"href":"https:\/\/www.industrialwood.nl\/de\/wp-json\/wp\/v2\/product\/46262","targetHints":{"allow":["GET"]}}],"collection":[{"href":"https:\/\/www.industrialwood.nl\/de\/wp-json\/wp\/v2\/product"}],"about":[{"href":"https:\/\/www.industrialwood.nl\/de\/wp-json\/wp\/v2\/types\/product"}],"replies":[{"embeddable":true,"href":"https:\/\/www.industrialwood.nl\/de\/wp-json\/wp\/v2\/comments?post=46262"}],"wp:featuredmedia":[{"embeddable":true,"href":"https:\/\/www.industrialwood.nl\/de\/wp-json\/wp\/v2\/media\/42259"}],"wp:attachment":[{"href":"https:\/\/www.industrialwood.nl\/de\/wp-json\/wp\/v2\/media?parent=46262"}],"wp:term":[{"taxonomy":"product_brand","embeddable":true,"href":"https:\/\/www.industrialwood.nl\/de\/wp-json\/wp\/v2\/product_brand?post=46262"},{"taxonomy":"product_cat","embeddable":true,"href":"https:\/\/www.industrialwood.nl\/de\/wp-json\/wp\/v2\/product_cat?post=46262"},{"taxonomy":"product_tag","embeddable":true,"href":"https:\/\/www.industrialwood.nl\/de\/wp-json\/wp\/v2\/product_tag?post=46262"},{"taxonomy":"seizoen","embeddable":true,"href":"https:\/\/www.industrialwood.nl\/de\/wp-json\/wp\/v2\/seizoen?post=46262"},{"taxonomy":"bloemensoort","embeddable":true,"href":"https:\/\/www.industrialwood.nl\/de\/wp-json\/wp\/v2\/bloemensoort?post=46262"},{"taxonomy":"samenstelling","embeddable":true,"href":"https:\/\/www.industrialwood.nl\/de\/wp-json\/wp\/v2\/samenstelling?post=46262"},{"taxonomy":"shop-per-kamer","embeddable":true,"href":"https:\/\/www.industrialwood.nl\/de\/wp-json\/wp\/v2\/shop-per-kamer?post=46262"},{"taxonomy":"indooroutdoor","embeddable":true,"href":"https:\/\/www.industrialwood.nl\/de\/wp-json\/wp\/v2\/indooroutdoor?post=46262"},{"taxonomy":"vorm","embeddable":true,"href":"https:\/\/www.industrialwood.nl\/de\/wp-json\/wp\/v2\/vorm?post=46262"},{"taxonomy":"duurzaam","embeddable":true,"href":"https:\/\/www.industrialwood.nl\/de\/wp-json\/wp\/v2\/duurzaam?post=46262"},{"taxonomy":"productafmetingen","embeddable":true,"href":"https:\/\/www.industrialwood.nl\/de\/wp-json\/wp\/v2\/productafmetingen?post=46262"},{"taxonomy":"stijl","embeddable":true,"href":"https:\/\/www.industrialwood.nl\/de\/wp-json\/wp\/v2\/stijl?post=46262"},{"taxonomy":"merk","embeddable":true,"href":"https:\/\/www.industrialwood.nl\/de\/wp-json\/wp\/v2\/merk?post=46262"},{"taxonomy":"materiaal","embeddable":true,"href":"https:\/\/www.industrialwood.nl\/de\/wp-json\/wp\/v2\/materiaal?post=46262"},{"taxonomy":"materiaal-schaaltje","embeddable":true,"href":"https:\/\/www.industrialwood.nl\/de\/wp-json\/wp\/v2\/materiaal-schaaltje?post=46262"},{"taxonomy":"geur","embeddable":true,"href":"https:\/\/www.industrialwood.nl\/de\/wp-json\/wp\/v2\/geur?post=46262"},{"taxonomy":"product-type","embeddable":true,"href":"https:\/\/www.industrialwood.nl\/de\/wp-json\/wp\/v2\/product-type?post=46262"},{"taxonomy":"beoordeling","embeddable":true,"href":"https:\/\/www.industrialwood.nl\/de\/wp-json\/wp\/v2\/beoordeling?post=46262"},{"taxonomy":"uitsparingen","embeddable":true,"href":"https:\/\/www.industrialwood.nl\/de\/wp-json\/wp\/v2\/uitsparingen?post=46262"},{"taxonomy":"houtsoort","embeddable":true,"href":"https:\/\/www.industrialwood.nl\/de\/wp-json\/wp\/v2\/houtsoort?post=46262"},{"taxonomy":"breedte","embeddable":true,"href":"https:\/\/www.industrialwood.nl\/de\/wp-json\/wp\/v2\/breedte?post=46262"},{"taxonomy":"badplanken-lengte","embeddable":true,"href":"https:\/\/www.industrialwood.nl\/de\/wp-json\/wp\/v2\/badplanken-lengte?post=46262"},{"taxonomy":"kleur","embeddable":true,"href":"https:\/\/www.industrialwood.nl\/de\/wp-json\/wp\/v2\/kleur?post=46262"}],"curies":[{"name":"wp","href":"https:\/\/api.w.org\/{rel}","templated":true}]}}