{"id":46151,"date":"2024-10-10T18:45:39","date_gmt":"2024-10-10T16:45:39","guid":{"rendered":"https:\/\/www.industrialwood.nl\/seidenstrauss-fuer-immer-rosa\/"},"modified":"2025-05-14T07:40:10","modified_gmt":"2025-05-14T05:40:10","slug":"seidenstrauss-fuer-immer-rosa","status":"publish","type":"product","link":"https:\/\/www.industrialwood.nl\/de\/seidenstrauss-fuer-immer-rosa\/","title":{"rendered":"Seidenstrau\u00df | F\u00fcr immer Rosa"},"content":{"rendered":"","protected":false},"excerpt":{"rendered":"<p>Lernen Sie den <strong>Forever Pink Seidenstrau\u00df<\/strong> kennen &#8211; ein Muss f\u00fcr jeden, der sanfte T\u00f6ne und einen Hauch von Romantik in seinem Zuhause liebt! \ud83d\udc96 Dieser Bestseller ist vollgepackt mit wundersch\u00f6nen Seidenblumen in Rosa- und Wei\u00dft\u00f6nen, die Ihrer Einrichtung im Handumdrehen einen eleganten und frischen Look verleihen werden. Von zarten rosa Pfingstrosen bis zu luftigen Chrysanthemen erz\u00e4hlt jede Blume eine Geschichte von Liebe und Sch\u00f6nheit. Die Pfingstrose symbolisiert Gl\u00fcck und Wohlstand, w\u00e4hrend die zarten Nelken Harmonie ausstrahlen. Der Strau\u00df l\u00e4sst sich perfekt mit einer hellen Vase kombinieren und verwandelt jede Ecke Ihres Zuhauses in einen stilvollen Ort.     Und das Beste daran? Die Seidenblumen werden ewig bl\u00fchen, ohne dass Sie sich um die Pflege k\u00fcmmern m\u00fcssen! Verw\u00f6hnen Sie sich selbst oder \u00fcberraschen Sie einen geliebten Menschen &#8211; mit dem Blumenstrau\u00df &#8220;Forever Pink&#8221; werden Sie Ihrer Einrichtung immer einen Hauch von Luxus verleihen! \ud83c\udf1f\ud83d\udc90  <\/p>\n<p>Einige Vorteile auf einen Blick:<\/p>\n<ul>\n<li>Der Strau\u00df ist <strong>fertig gebunden<\/strong>. Sie m\u00fcssen sie also nur noch in die Vase stellen und sich an ihnen erfreuen!<\/li>\n<li>Die Seidenblumen bleiben <strong>\u00fcber Jahre hinweg sch\u00f6n<\/strong>. Mit unseren Str\u00e4u\u00dfen <strong>sparen Sie im<\/strong> Vergleich zu frischen Blumen <strong>Hunderte von Euro pro Jahr<\/strong>.<\/li>\n<li>Der Eisendraht in den Stielen der Seidenblumen dient dazu, die Blume <strong>in eine sch\u00f6ne Form<\/strong> <strong>zu biegen, so <\/strong>dass Sie sie immer wieder in verschiedenen Vasengr\u00f6\u00dfen verwenden k\u00f6nnen.<\/li>\n<\/ul>\n<p><em>Bitte beachten Sie, dass der Strau\u00df keine Vase enth\u00e4lt.<\/em><\/p>\n","protected":false},"featured_media":53627,"comment_status":"open","ping_status":"closed","template":"","meta":[],"product_brand":[],"product_cat":[400,686,418,402,424,420,428,422,396],"product_tag":[],"seizoen":[543,545,544,546],"bloemensoort":[],"samenstelling":[675],"shop-per-kamer":[552,549],"indooroutdoor":[555],"vorm":[],"duurzaam":[565],"productafmetingen":[569,568,570],"stijl":[574,571,575,573,572],"merk":[],"materiaal":[],"materiaal-schaaltje":[],"geur":[],"product-type":[],"beoordeling":[640,641,642],"uitsparingen":[],"houtsoort":[],"breedte":[],"badplanken-lengte":[],"kleur":[668],"class_list":{"0":"post-46151","1":"product","2":"type-product","3":"status-publish","4":"has-post-thumbnail","6":"product_cat-boheme-wohnzimmer","7":"product_cat-geschenk","8":"product_cat-hotel-chic-wohnzimmer","9":"product_cat-japandi-wohnzimmer","10":"product_cat-landwohnzimmer","11":"product_cat-modernes-wohnzimmer","12":"product_cat-seidenblumen","13":"product_cat-skandinavisches-wohnzimmer","14":"product_cat-wohnzimmer","15":"seizoen-lente-de","16":"seizoen-herfst-de","17":"seizoen-zomer-de","18":"seizoen-winter-de","19":"samenstelling-blumenstraus","20":"shop-per-kamer-hal-de","21":"shop-per-kamer-woonkamer-de","22":"indooroutdoor-indoor-de","23":"duurzaam-ja-de","24":"productafmetingen-l-de","25":"productafmetingen-m-de","26":"productafmetingen-xl-de","27":"stijl-bohemian-de","28":"stijl-hotel-chique-de","29":"stijl-japandi-de","30":"stijl-modern-de","31":"stijl-scandinavisch-de","32":"beoordeling-three-star-de","33":"beoordeling-four-star-de","34":"beoordeling-five-star-de","35":"kleur-roze-de","37":"first","38":"outofstock","39":"sale","40":"taxable","41":"shipping-taxable","42":"purchasable","43":"product-type-simple"},"supplier_id":null,"supplier_sku":"","barcode":null,"atum_controlled":true,"out_stock_date":"2025-07-28 22:10:53","out_stock_threshold":null,"inheritable":false,"inbound_stock":0,"stock_on_hold":0,"sold_today":0,"sales_last_days":0,"reserved_stock":0,"customer_returns":0,"warehouse_damage":0,"lost_in_post":0,"other_logs":0,"out_stock_days":224,"lost_sales":0,"has_location":false,"update_date":"2026-03-31T12:36:33","atum_locations":[],"atum_stock_status":"outofstock","restock_status":false,"low_stock_amount":"","sales_update_date":"2026-03-10T01:35:45","calc_backorders":null,"_links":{"self":[{"href":"https:\/\/www.industrialwood.nl\/de\/wp-json\/wp\/v2\/product\/46151","targetHints":{"allow":["GET"]}}],"collection":[{"href":"https:\/\/www.industrialwood.nl\/de\/wp-json\/wp\/v2\/product"}],"about":[{"href":"https:\/\/www.industrialwood.nl\/de\/wp-json\/wp\/v2\/types\/product"}],"replies":[{"embeddable":true,"href":"https:\/\/www.industrialwood.nl\/de\/wp-json\/wp\/v2\/comments?post=46151"}],"wp:featuredmedia":[{"embeddable":true,"href":"https:\/\/www.industrialwood.nl\/de\/wp-json\/wp\/v2\/media\/53627"}],"wp:attachment":[{"href":"https:\/\/www.industrialwood.nl\/de\/wp-json\/wp\/v2\/media?parent=46151"}],"wp:term":[{"taxonomy":"product_brand","embeddable":true,"href":"https:\/\/www.industrialwood.nl\/de\/wp-json\/wp\/v2\/product_brand?post=46151"},{"taxonomy":"product_cat","embeddable":true,"href":"https:\/\/www.industrialwood.nl\/de\/wp-json\/wp\/v2\/product_cat?post=46151"},{"taxonomy":"product_tag","embeddable":true,"href":"https:\/\/www.industrialwood.nl\/de\/wp-json\/wp\/v2\/product_tag?post=46151"},{"taxonomy":"seizoen","embeddable":true,"href":"https:\/\/www.industrialwood.nl\/de\/wp-json\/wp\/v2\/seizoen?post=46151"},{"taxonomy":"bloemensoort","embeddable":true,"href":"https:\/\/www.industrialwood.nl\/de\/wp-json\/wp\/v2\/bloemensoort?post=46151"},{"taxonomy":"samenstelling","embeddable":true,"href":"https:\/\/www.industrialwood.nl\/de\/wp-json\/wp\/v2\/samenstelling?post=46151"},{"taxonomy":"shop-per-kamer","embeddable":true,"href":"https:\/\/www.industrialwood.nl\/de\/wp-json\/wp\/v2\/shop-per-kamer?post=46151"},{"taxonomy":"indooroutdoor","embeddable":true,"href":"https:\/\/www.industrialwood.nl\/de\/wp-json\/wp\/v2\/indooroutdoor?post=46151"},{"taxonomy":"vorm","embeddable":true,"href":"https:\/\/www.industrialwood.nl\/de\/wp-json\/wp\/v2\/vorm?post=46151"},{"taxonomy":"duurzaam","embeddable":true,"href":"https:\/\/www.industrialwood.nl\/de\/wp-json\/wp\/v2\/duurzaam?post=46151"},{"taxonomy":"productafmetingen","embeddable":true,"href":"https:\/\/www.industrialwood.nl\/de\/wp-json\/wp\/v2\/productafmetingen?post=46151"},{"taxonomy":"stijl","embeddable":true,"href":"https:\/\/www.industrialwood.nl\/de\/wp-json\/wp\/v2\/stijl?post=46151"},{"taxonomy":"merk","embeddable":true,"href":"https:\/\/www.industrialwood.nl\/de\/wp-json\/wp\/v2\/merk?post=46151"},{"taxonomy":"materiaal","embeddable":true,"href":"https:\/\/www.industrialwood.nl\/de\/wp-json\/wp\/v2\/materiaal?post=46151"},{"taxonomy":"materiaal-schaaltje","embeddable":true,"href":"https:\/\/www.industrialwood.nl\/de\/wp-json\/wp\/v2\/materiaal-schaaltje?post=46151"},{"taxonomy":"geur","embeddable":true,"href":"https:\/\/www.industrialwood.nl\/de\/wp-json\/wp\/v2\/geur?post=46151"},{"taxonomy":"product-type","embeddable":true,"href":"https:\/\/www.industrialwood.nl\/de\/wp-json\/wp\/v2\/product-type?post=46151"},{"taxonomy":"beoordeling","embeddable":true,"href":"https:\/\/www.industrialwood.nl\/de\/wp-json\/wp\/v2\/beoordeling?post=46151"},{"taxonomy":"uitsparingen","embeddable":true,"href":"https:\/\/www.industrialwood.nl\/de\/wp-json\/wp\/v2\/uitsparingen?post=46151"},{"taxonomy":"houtsoort","embeddable":true,"href":"https:\/\/www.industrialwood.nl\/de\/wp-json\/wp\/v2\/houtsoort?post=46151"},{"taxonomy":"breedte","embeddable":true,"href":"https:\/\/www.industrialwood.nl\/de\/wp-json\/wp\/v2\/breedte?post=46151"},{"taxonomy":"badplanken-lengte","embeddable":true,"href":"https:\/\/www.industrialwood.nl\/de\/wp-json\/wp\/v2\/badplanken-lengte?post=46151"},{"taxonomy":"kleur","embeddable":true,"href":"https:\/\/www.industrialwood.nl\/de\/wp-json\/wp\/v2\/kleur?post=46151"}],"curies":[{"name":"wp","href":"https:\/\/api.w.org\/{rel}","templated":true}]}}