{"id":46029,"date":"2024-04-02T07:00:41","date_gmt":"2024-04-02T05:00:41","guid":{"rendered":"https:\/\/www.industrialwood.nl\/korb-raffia-m\/"},"modified":"2026-03-12T11:40:14","modified_gmt":"2026-03-12T10:40:14","slug":"korb-raffia-m","status":"publish","type":"product","link":"https:\/\/www.industrialwood.nl\/de\/korb-raffia-m\/","title":{"rendered":"Korb | Raffia | M"},"content":{"rendered":"","protected":false},"excerpt":{"rendered":"<p>Holen Sie sich die Natur in Ihr Zuhause mit diesem charmanten <strong>Korb<\/strong>, der aus Bananenbl\u00e4ttern und Raffiabast geflochten ist. Entscheiden Sie sich f\u00fcr diesen Korb und leben Sie einen umweltfreundlichen und gleichzeitig trendigen Lebensstil. Ob Sie nun eine gem\u00fctliche Ecke mit b\u00f6hmischem Flair einrichten wollen oder einen praktischen Platz f\u00fcr Ihre Leckereien suchen, dieser Korb passt zu jeder Gelegenheit. Mit seinen l\u00e4ssigen Fransen und dem erdigen Look bringt er ein bisschen Fr\u00f6hlichkeit und weltliches Flair in Ihr Zimmer. Dies ist nicht nur ein weiterer Aufbewahrungsschrank, sondern ein Statement f\u00fcr nachhaltige Mode f\u00fcr Ihr Zuhause. W\u00e4hlen Sie aus zwei praktischen Gr\u00f6\u00dfen die f\u00fcr Sie passende aus!<\/p>\n<p><em>Auch in einer gr\u00f6\u00dferen L-Variante erh\u00e4ltlich!  <\/em><\/p>\n<p><strong>Ma\u00dfe<\/strong>: 33 x 33 x 27 cm<br \/>\n<strong>Material<\/strong>: Raffia \/ Bananenblatt<br \/>\n<strong>Farbe<\/strong>: Nat\u00fcrlich<\/p>\n","protected":false},"featured_media":43927,"comment_status":"open","ping_status":"closed","template":"","meta":[],"product_brand":[],"product_cat":[412,399,400,401,404,403,402,502,395],"product_tag":[],"seizoen":[543,545,544,546],"bloemensoort":[],"samenstelling":[],"shop-per-kamer":[551,554,552,550,553,549],"indooroutdoor":[555],"vorm":[563,557],"duurzaam":[565],"productafmetingen":[568],"stijl":[574,575],"merk":[606],"materiaal":[623],"materiaal-schaaltje":[],"geur":[],"product-type":[],"beoordeling":[640,641,642],"uitsparingen":[],"houtsoort":[],"breedte":[],"badplanken-lengte":[],"kleur":[655],"class_list":{"0":"post-46029","1":"product","2":"type-product","3":"status-publish","4":"has-post-thumbnail","6":"product_cat-boheme-kuche","7":"product_cat-boheme-schlafzimmer","8":"product_cat-boheme-wohnzimmer","9":"product_cat-bohmisches-badezimmer","10":"product_cat-japandi-badezimmer","11":"product_cat-japandi-schlafzimmer","12":"product_cat-japandi-wohnzimmer","13":"product_cat-japandische-kuche","14":"product_cat-naturliche-tone","15":"seizoen-lente-de","16":"seizoen-herfst-de","17":"seizoen-zomer-de","18":"seizoen-winter-de","19":"shop-per-kamer-badkamer-de","20":"shop-per-kamer-tuin-de","21":"shop-per-kamer-hal-de","22":"shop-per-kamer-keuken-de","23":"shop-per-kamer-slaapkamer-de","24":"shop-per-kamer-woonkamer-de","25":"indooroutdoor-indoor-de","26":"vorm-organisch-de","27":"vorm-rond-de","28":"duurzaam-ja-de","29":"productafmetingen-m-de","30":"stijl-bohemian-de","31":"stijl-japandi-de","32":"merk-bazar-bizar-de","33":"materiaal-raffia-de","34":"beoordeling-three-star-de","35":"beoordeling-four-star-de","36":"beoordeling-five-star-de","37":"kleur-natuurlijk-de","39":"first","40":"instock","41":"taxable","42":"shipping-taxable","43":"purchasable","44":"product-type-simple"},"supplier_id":null,"supplier_sku":"","barcode":null,"atum_controlled":false,"out_stock_date":"2024-04-24 09:12:46","out_stock_threshold":null,"inheritable":false,"inbound_stock":null,"stock_on_hold":0,"sold_today":0,"sales_last_days":0,"reserved_stock":null,"customer_returns":null,"warehouse_damage":null,"lost_in_post":null,"other_logs":null,"out_stock_days":684,"lost_sales":0,"has_location":false,"update_date":"2026-04-21T11:53:49","atum_locations":[],"atum_stock_status":"instock","restock_status":false,"low_stock_amount":"","sales_update_date":"2026-03-10T01:36:22","calc_backorders":null,"_links":{"self":[{"href":"https:\/\/www.industrialwood.nl\/de\/wp-json\/wp\/v2\/product\/46029","targetHints":{"allow":["GET"]}}],"collection":[{"href":"https:\/\/www.industrialwood.nl\/de\/wp-json\/wp\/v2\/product"}],"about":[{"href":"https:\/\/www.industrialwood.nl\/de\/wp-json\/wp\/v2\/types\/product"}],"replies":[{"embeddable":true,"href":"https:\/\/www.industrialwood.nl\/de\/wp-json\/wp\/v2\/comments?post=46029"}],"wp:featuredmedia":[{"embeddable":true,"href":"https:\/\/www.industrialwood.nl\/de\/wp-json\/wp\/v2\/media\/43927"}],"wp:attachment":[{"href":"https:\/\/www.industrialwood.nl\/de\/wp-json\/wp\/v2\/media?parent=46029"}],"wp:term":[{"taxonomy":"product_brand","embeddable":true,"href":"https:\/\/www.industrialwood.nl\/de\/wp-json\/wp\/v2\/product_brand?post=46029"},{"taxonomy":"product_cat","embeddable":true,"href":"https:\/\/www.industrialwood.nl\/de\/wp-json\/wp\/v2\/product_cat?post=46029"},{"taxonomy":"product_tag","embeddable":true,"href":"https:\/\/www.industrialwood.nl\/de\/wp-json\/wp\/v2\/product_tag?post=46029"},{"taxonomy":"seizoen","embeddable":true,"href":"https:\/\/www.industrialwood.nl\/de\/wp-json\/wp\/v2\/seizoen?post=46029"},{"taxonomy":"bloemensoort","embeddable":true,"href":"https:\/\/www.industrialwood.nl\/de\/wp-json\/wp\/v2\/bloemensoort?post=46029"},{"taxonomy":"samenstelling","embeddable":true,"href":"https:\/\/www.industrialwood.nl\/de\/wp-json\/wp\/v2\/samenstelling?post=46029"},{"taxonomy":"shop-per-kamer","embeddable":true,"href":"https:\/\/www.industrialwood.nl\/de\/wp-json\/wp\/v2\/shop-per-kamer?post=46029"},{"taxonomy":"indooroutdoor","embeddable":true,"href":"https:\/\/www.industrialwood.nl\/de\/wp-json\/wp\/v2\/indooroutdoor?post=46029"},{"taxonomy":"vorm","embeddable":true,"href":"https:\/\/www.industrialwood.nl\/de\/wp-json\/wp\/v2\/vorm?post=46029"},{"taxonomy":"duurzaam","embeddable":true,"href":"https:\/\/www.industrialwood.nl\/de\/wp-json\/wp\/v2\/duurzaam?post=46029"},{"taxonomy":"productafmetingen","embeddable":true,"href":"https:\/\/www.industrialwood.nl\/de\/wp-json\/wp\/v2\/productafmetingen?post=46029"},{"taxonomy":"stijl","embeddable":true,"href":"https:\/\/www.industrialwood.nl\/de\/wp-json\/wp\/v2\/stijl?post=46029"},{"taxonomy":"merk","embeddable":true,"href":"https:\/\/www.industrialwood.nl\/de\/wp-json\/wp\/v2\/merk?post=46029"},{"taxonomy":"materiaal","embeddable":true,"href":"https:\/\/www.industrialwood.nl\/de\/wp-json\/wp\/v2\/materiaal?post=46029"},{"taxonomy":"materiaal-schaaltje","embeddable":true,"href":"https:\/\/www.industrialwood.nl\/de\/wp-json\/wp\/v2\/materiaal-schaaltje?post=46029"},{"taxonomy":"geur","embeddable":true,"href":"https:\/\/www.industrialwood.nl\/de\/wp-json\/wp\/v2\/geur?post=46029"},{"taxonomy":"product-type","embeddable":true,"href":"https:\/\/www.industrialwood.nl\/de\/wp-json\/wp\/v2\/product-type?post=46029"},{"taxonomy":"beoordeling","embeddable":true,"href":"https:\/\/www.industrialwood.nl\/de\/wp-json\/wp\/v2\/beoordeling?post=46029"},{"taxonomy":"uitsparingen","embeddable":true,"href":"https:\/\/www.industrialwood.nl\/de\/wp-json\/wp\/v2\/uitsparingen?post=46029"},{"taxonomy":"houtsoort","embeddable":true,"href":"https:\/\/www.industrialwood.nl\/de\/wp-json\/wp\/v2\/houtsoort?post=46029"},{"taxonomy":"breedte","embeddable":true,"href":"https:\/\/www.industrialwood.nl\/de\/wp-json\/wp\/v2\/breedte?post=46029"},{"taxonomy":"badplanken-lengte","embeddable":true,"href":"https:\/\/www.industrialwood.nl\/de\/wp-json\/wp\/v2\/badplanken-lengte?post=46029"},{"taxonomy":"kleur","embeddable":true,"href":"https:\/\/www.industrialwood.nl\/de\/wp-json\/wp\/v2\/kleur?post=46029"}],"curies":[{"name":"wp","href":"https:\/\/api.w.org\/{rel}","templated":true}]}}