{"id":46003,"date":"2024-03-02T10:28:16","date_gmt":"2024-03-02T09:28:16","guid":{"rendered":"https:\/\/www.industrialwood.nl\/kerzenleuchter-kristall-glanz-m\/"},"modified":"2026-03-12T11:40:07","modified_gmt":"2026-03-12T10:40:07","slug":"kerzenleuchter-kristall-glanz-m","status":"publish","type":"product","link":"https:\/\/www.industrialwood.nl\/de\/kerzenleuchter-kristall-glanz-m\/","title":{"rendered":"Kerzenleuchter | Kristall | Glanz | M"},"content":{"rendered":"","protected":false},"excerpt":{"rendered":"<p>Versch\u00f6nern Sie Ihr Interieur mit zeitloser Eleganz dank unseres atemberaubenden <strong>Kristallleuchters <\/strong>von <strong>Diga Colmore<\/strong>. Dieser luxuri\u00f6se Blickfang verleiht jedem Raum einen Hauch von Glamour und verleiht Ihrer Einrichtung ein luxuri\u00f6ses Flair. Ob f\u00fcr ein romantisches Abendessen oder einen festlichen Anlass, dieser Kandelaber ist der perfekte Blickfang. Perfekt zu kombinieren mit LED-Dinner-Kerzen. Die hochwertigen Materialien und die Handwerkskunst garantieren Langlebigkeit und dauerhafte Pracht! Es passt sowohl ein Teelicht als auch ein normales Teelicht<a href=\"https:\/\/www.industrialwood.nl\/waxinelicht-doorzichtige-cup-10-stuks-wit\/\">(S<\/a> und <a href=\"https:\/\/www.industrialwood.nl\/waxinelicht-doorzichtige-cup-5-stuks-wit-l\/\">M<\/a>) hinein. <em><strong>Tipp<\/strong>: Auch in der passenden L-Variante erh\u00e4ltlich!<\/em><strong>Ma\u00dfe<\/strong>: 12 x 12 x 30 cm <strong>Material<\/strong>: Kristall <strong>Farbe<\/strong>: Transparentes Gold<\/p>\n","protected":false},"featured_media":42764,"comment_status":"open","ping_status":"closed","template":"","meta":[],"product_brand":[],"product_cat":[411,413],"product_tag":[],"seizoen":[543,545,544,546],"bloemensoort":[],"samenstelling":[],"shop-per-kamer":[551,552,550,553,549],"indooroutdoor":[555],"vorm":[563,562],"duurzaam":[565],"productafmetingen":[568],"stijl":[571,573],"merk":[584],"materiaal":[608],"materiaal-schaaltje":[],"geur":[],"product-type":[],"beoordeling":[640,641,642],"uitsparingen":[],"houtsoort":[],"breedte":[],"badplanken-lengte":[],"kleur":[658,670],"class_list":{"0":"post-46003","1":"product","2":"type-product","3":"status-publish","4":"has-post-thumbnail","6":"product_cat-goldene-stunde","7":"product_cat-kerzenstander-kerzenleuchter","8":"seizoen-lente-de","9":"seizoen-herfst-de","10":"seizoen-zomer-de","11":"seizoen-winter-de","12":"shop-per-kamer-badkamer-de","13":"shop-per-kamer-hal-de","14":"shop-per-kamer-keuken-de","15":"shop-per-kamer-slaapkamer-de","16":"shop-per-kamer-woonkamer-de","17":"indooroutdoor-indoor-de","18":"vorm-organisch-de","19":"vorm-recht-de","20":"duurzaam-ja-de","21":"productafmetingen-m-de","22":"stijl-hotel-chique-de","23":"stijl-modern-de","24":"merk-diga-colmore-de","25":"materiaal-glas-de","26":"beoordeling-three-star-de","27":"beoordeling-four-star-de","28":"beoordeling-five-star-de","29":"kleur-goud-de","30":"kleur-transparant-de","32":"first","33":"outofstock","34":"taxable","35":"shipping-taxable","36":"purchasable","37":"product-type-simple"},"supplier_id":null,"supplier_sku":"","barcode":null,"atum_controlled":true,"out_stock_date":"2025-07-28 22:24:33","out_stock_threshold":null,"inheritable":false,"inbound_stock":0,"stock_on_hold":0,"sold_today":0,"sales_last_days":0,"reserved_stock":0,"customer_returns":0,"warehouse_damage":0,"lost_in_post":0,"other_logs":0,"out_stock_days":224,"lost_sales":0,"has_location":false,"update_date":"2026-03-10T01:35:44","atum_locations":[],"atum_stock_status":"outofstock","restock_status":false,"low_stock_amount":"","sales_update_date":"2026-03-10T01:35:44","calc_backorders":null,"_links":{"self":[{"href":"https:\/\/www.industrialwood.nl\/de\/wp-json\/wp\/v2\/product\/46003","targetHints":{"allow":["GET"]}}],"collection":[{"href":"https:\/\/www.industrialwood.nl\/de\/wp-json\/wp\/v2\/product"}],"about":[{"href":"https:\/\/www.industrialwood.nl\/de\/wp-json\/wp\/v2\/types\/product"}],"replies":[{"embeddable":true,"href":"https:\/\/www.industrialwood.nl\/de\/wp-json\/wp\/v2\/comments?post=46003"}],"wp:featuredmedia":[{"embeddable":true,"href":"https:\/\/www.industrialwood.nl\/de\/wp-json\/wp\/v2\/media\/42764"}],"wp:attachment":[{"href":"https:\/\/www.industrialwood.nl\/de\/wp-json\/wp\/v2\/media?parent=46003"}],"wp:term":[{"taxonomy":"product_brand","embeddable":true,"href":"https:\/\/www.industrialwood.nl\/de\/wp-json\/wp\/v2\/product_brand?post=46003"},{"taxonomy":"product_cat","embeddable":true,"href":"https:\/\/www.industrialwood.nl\/de\/wp-json\/wp\/v2\/product_cat?post=46003"},{"taxonomy":"product_tag","embeddable":true,"href":"https:\/\/www.industrialwood.nl\/de\/wp-json\/wp\/v2\/product_tag?post=46003"},{"taxonomy":"seizoen","embeddable":true,"href":"https:\/\/www.industrialwood.nl\/de\/wp-json\/wp\/v2\/seizoen?post=46003"},{"taxonomy":"bloemensoort","embeddable":true,"href":"https:\/\/www.industrialwood.nl\/de\/wp-json\/wp\/v2\/bloemensoort?post=46003"},{"taxonomy":"samenstelling","embeddable":true,"href":"https:\/\/www.industrialwood.nl\/de\/wp-json\/wp\/v2\/samenstelling?post=46003"},{"taxonomy":"shop-per-kamer","embeddable":true,"href":"https:\/\/www.industrialwood.nl\/de\/wp-json\/wp\/v2\/shop-per-kamer?post=46003"},{"taxonomy":"indooroutdoor","embeddable":true,"href":"https:\/\/www.industrialwood.nl\/de\/wp-json\/wp\/v2\/indooroutdoor?post=46003"},{"taxonomy":"vorm","embeddable":true,"href":"https:\/\/www.industrialwood.nl\/de\/wp-json\/wp\/v2\/vorm?post=46003"},{"taxonomy":"duurzaam","embeddable":true,"href":"https:\/\/www.industrialwood.nl\/de\/wp-json\/wp\/v2\/duurzaam?post=46003"},{"taxonomy":"productafmetingen","embeddable":true,"href":"https:\/\/www.industrialwood.nl\/de\/wp-json\/wp\/v2\/productafmetingen?post=46003"},{"taxonomy":"stijl","embeddable":true,"href":"https:\/\/www.industrialwood.nl\/de\/wp-json\/wp\/v2\/stijl?post=46003"},{"taxonomy":"merk","embeddable":true,"href":"https:\/\/www.industrialwood.nl\/de\/wp-json\/wp\/v2\/merk?post=46003"},{"taxonomy":"materiaal","embeddable":true,"href":"https:\/\/www.industrialwood.nl\/de\/wp-json\/wp\/v2\/materiaal?post=46003"},{"taxonomy":"materiaal-schaaltje","embeddable":true,"href":"https:\/\/www.industrialwood.nl\/de\/wp-json\/wp\/v2\/materiaal-schaaltje?post=46003"},{"taxonomy":"geur","embeddable":true,"href":"https:\/\/www.industrialwood.nl\/de\/wp-json\/wp\/v2\/geur?post=46003"},{"taxonomy":"product-type","embeddable":true,"href":"https:\/\/www.industrialwood.nl\/de\/wp-json\/wp\/v2\/product-type?post=46003"},{"taxonomy":"beoordeling","embeddable":true,"href":"https:\/\/www.industrialwood.nl\/de\/wp-json\/wp\/v2\/beoordeling?post=46003"},{"taxonomy":"uitsparingen","embeddable":true,"href":"https:\/\/www.industrialwood.nl\/de\/wp-json\/wp\/v2\/uitsparingen?post=46003"},{"taxonomy":"houtsoort","embeddable":true,"href":"https:\/\/www.industrialwood.nl\/de\/wp-json\/wp\/v2\/houtsoort?post=46003"},{"taxonomy":"breedte","embeddable":true,"href":"https:\/\/www.industrialwood.nl\/de\/wp-json\/wp\/v2\/breedte?post=46003"},{"taxonomy":"badplanken-lengte","embeddable":true,"href":"https:\/\/www.industrialwood.nl\/de\/wp-json\/wp\/v2\/badplanken-lengte?post=46003"},{"taxonomy":"kleur","embeddable":true,"href":"https:\/\/www.industrialwood.nl\/de\/wp-json\/wp\/v2\/kleur?post=46003"}],"curies":[{"name":"wp","href":"https:\/\/api.w.org\/{rel}","templated":true}]}}