{"id":45979,"date":"2023-06-15T08:44:44","date_gmt":"2023-06-15T07:44:44","guid":{"rendered":"https:\/\/www.industrialwood.nl\/salz-und-pfefferset-z-kollektion-schwarz\/"},"modified":"2025-10-10T16:04:36","modified_gmt":"2025-10-10T14:04:36","slug":"salz-und-pfefferset-z-kollektion-schwarz","status":"publish","type":"product","link":"https:\/\/www.industrialwood.nl\/de\/salz-und-pfefferset-z-kollektion-schwarz\/","title":{"rendered":"Salz- und Pfefferset | Z-Kollektion | Schwarz"},"content":{"rendered":"","protected":false},"excerpt":{"rendered":"<p><span data-sheets-value=\"{\"1\":2,\"2\":\"Salt och peppar set p\u00e5 tr\u00e4bricka. Guldiga skedar i metall, marmor i svart och beige. M\u00e4ssingsdekoration med texten The ZC collection.\"}\" data-sheets-userformat=\"{\"2\":14845,\"3\":{\"1\":1},\"5\":{\"1\":[{\"1\":2,\"2\":0,\"5\":{\"1\":2,\"2\":0}},{\"1\":0,\"2\":0,\"3\":3},{\"1\":1,\"2\":0,\"4\":1}]},\"6\":{\"1\":[{\"1\":2,\"2\":0,\"5\":{\"1\":2,\"2\":0}},{\"1\":0,\"2\":0,\"3\":3},{\"1\":1,\"2\":0,\"4\":1}]},\"7\":{\"1\":[{\"1\":2,\"2\":0,\"5\":{\"1\":2,\"2\":0}},{\"1\":0,\"2\":0,\"3\":3},{\"1\":1,\"2\":0,\"4\":1}]},\"8\":{\"1\":[{\"1\":2,\"2\":0,\"5\":{\"1\":2,\"2\":0}},{\"1\":0,\"2\":0,\"3\":3},{\"1\":1,\"2\":0,\"4\":1}]},\"9\":1,\"10\":1,\"11\":4,\"14\":{\"1\":2,\"2\":0},\"15\":\"Century Gothic\",\"16\":10}\">Salz- und Pfefferset auf einem schwarzen, luxuri\u00f6sen Holztablett mit einer goldfarbenen Messingplatte, die f\u00fcr einen luxuri\u00f6sen Look sorgt! Die Marmortassen in schwarzer und beiger Farbe werden mit goldfarbenen Metalll\u00f6ffeln geliefert.  <\/span><\/p>\n<p><em>Tipp: Kombinieren Sie andere Accessoires aus der Z-Collection!<\/em><\/p>\n<p><strong>Abmessungen<\/strong>: Marmortassen: 7 x 5 cm | Holztablett: 18 x 10 x 2 cm<br \/>\n<strong>Material: <\/strong>Holz | Marmor | Metall<strong><br \/>\nFarbe<\/strong>: Schwarz | Gold<\/p>\n","protected":false},"featured_media":38861,"comment_status":"open","ping_status":"closed","template":"","meta":[],"product_brand":[],"product_cat":[390],"product_tag":[],"seizoen":[543,545,544,546],"bloemensoort":[],"samenstelling":[],"shop-per-kamer":[550],"indooroutdoor":[555],"vorm":[561,559],"duurzaam":[565],"productafmetingen":[569,568,567],"stijl":[574,571,575,573,572],"merk":[586],"materiaal":[609,610],"materiaal-schaaltje":[],"geur":[],"product-type":[],"beoordeling":[640,641,642],"uitsparingen":[],"houtsoort":[],"breedte":[],"badplanken-lengte":[],"kleur":[656,659],"class_list":{"0":"post-45979","1":"product","2":"type-product","3":"status-publish","4":"has-post-thumbnail","6":"product_cat-zuruck-zu-schwarz","7":"seizoen-lente-de","8":"seizoen-herfst-de","9":"seizoen-zomer-de","10":"seizoen-winter-de","11":"shop-per-kamer-keuken-de","12":"indooroutdoor-indoor-de","13":"vorm-rechthoek-de","14":"vorm-cilinder-de","15":"duurzaam-ja-de","16":"productafmetingen-l-de","17":"productafmetingen-m-de","18":"productafmetingen-s-de","19":"stijl-bohemian-de","20":"stijl-hotel-chique-de","21":"stijl-japandi-de","22":"stijl-modern-de","23":"stijl-scandinavisch-de","24":"merk-z-collection-de","25":"materiaal-hout-de","26":"materiaal-marmer-de","27":"beoordeling-three-star-de","28":"beoordeling-four-star-de","29":"beoordeling-five-star-de","30":"kleur-zwart-de","31":"kleur-wit-de","33":"first","34":"outofstock","35":"taxable","36":"shipping-taxable","37":"purchasable","38":"product-type-simple"},"supplier_id":null,"supplier_sku":"","barcode":null,"atum_controlled":true,"out_stock_date":"2024-07-27 15:28:23","out_stock_threshold":null,"inheritable":false,"inbound_stock":0,"stock_on_hold":0,"sold_today":0,"sales_last_days":0,"reserved_stock":0,"customer_returns":0,"warehouse_damage":0,"lost_in_post":0,"other_logs":0,"out_stock_days":590,"lost_sales":0,"has_location":false,"update_date":"2026-03-10T01:35:55","atum_locations":[],"atum_stock_status":"outofstock","restock_status":false,"low_stock_amount":"","sales_update_date":"2026-03-10T01:35:55","calc_backorders":null,"_links":{"self":[{"href":"https:\/\/www.industrialwood.nl\/de\/wp-json\/wp\/v2\/product\/45979","targetHints":{"allow":["GET"]}}],"collection":[{"href":"https:\/\/www.industrialwood.nl\/de\/wp-json\/wp\/v2\/product"}],"about":[{"href":"https:\/\/www.industrialwood.nl\/de\/wp-json\/wp\/v2\/types\/product"}],"replies":[{"embeddable":true,"href":"https:\/\/www.industrialwood.nl\/de\/wp-json\/wp\/v2\/comments?post=45979"}],"wp:featuredmedia":[{"embeddable":true,"href":"https:\/\/www.industrialwood.nl\/de\/wp-json\/wp\/v2\/media\/38861"}],"wp:attachment":[{"href":"https:\/\/www.industrialwood.nl\/de\/wp-json\/wp\/v2\/media?parent=45979"}],"wp:term":[{"taxonomy":"product_brand","embeddable":true,"href":"https:\/\/www.industrialwood.nl\/de\/wp-json\/wp\/v2\/product_brand?post=45979"},{"taxonomy":"product_cat","embeddable":true,"href":"https:\/\/www.industrialwood.nl\/de\/wp-json\/wp\/v2\/product_cat?post=45979"},{"taxonomy":"product_tag","embeddable":true,"href":"https:\/\/www.industrialwood.nl\/de\/wp-json\/wp\/v2\/product_tag?post=45979"},{"taxonomy":"seizoen","embeddable":true,"href":"https:\/\/www.industrialwood.nl\/de\/wp-json\/wp\/v2\/seizoen?post=45979"},{"taxonomy":"bloemensoort","embeddable":true,"href":"https:\/\/www.industrialwood.nl\/de\/wp-json\/wp\/v2\/bloemensoort?post=45979"},{"taxonomy":"samenstelling","embeddable":true,"href":"https:\/\/www.industrialwood.nl\/de\/wp-json\/wp\/v2\/samenstelling?post=45979"},{"taxonomy":"shop-per-kamer","embeddable":true,"href":"https:\/\/www.industrialwood.nl\/de\/wp-json\/wp\/v2\/shop-per-kamer?post=45979"},{"taxonomy":"indooroutdoor","embeddable":true,"href":"https:\/\/www.industrialwood.nl\/de\/wp-json\/wp\/v2\/indooroutdoor?post=45979"},{"taxonomy":"vorm","embeddable":true,"href":"https:\/\/www.industrialwood.nl\/de\/wp-json\/wp\/v2\/vorm?post=45979"},{"taxonomy":"duurzaam","embeddable":true,"href":"https:\/\/www.industrialwood.nl\/de\/wp-json\/wp\/v2\/duurzaam?post=45979"},{"taxonomy":"productafmetingen","embeddable":true,"href":"https:\/\/www.industrialwood.nl\/de\/wp-json\/wp\/v2\/productafmetingen?post=45979"},{"taxonomy":"stijl","embeddable":true,"href":"https:\/\/www.industrialwood.nl\/de\/wp-json\/wp\/v2\/stijl?post=45979"},{"taxonomy":"merk","embeddable":true,"href":"https:\/\/www.industrialwood.nl\/de\/wp-json\/wp\/v2\/merk?post=45979"},{"taxonomy":"materiaal","embeddable":true,"href":"https:\/\/www.industrialwood.nl\/de\/wp-json\/wp\/v2\/materiaal?post=45979"},{"taxonomy":"materiaal-schaaltje","embeddable":true,"href":"https:\/\/www.industrialwood.nl\/de\/wp-json\/wp\/v2\/materiaal-schaaltje?post=45979"},{"taxonomy":"geur","embeddable":true,"href":"https:\/\/www.industrialwood.nl\/de\/wp-json\/wp\/v2\/geur?post=45979"},{"taxonomy":"product-type","embeddable":true,"href":"https:\/\/www.industrialwood.nl\/de\/wp-json\/wp\/v2\/product-type?post=45979"},{"taxonomy":"beoordeling","embeddable":true,"href":"https:\/\/www.industrialwood.nl\/de\/wp-json\/wp\/v2\/beoordeling?post=45979"},{"taxonomy":"uitsparingen","embeddable":true,"href":"https:\/\/www.industrialwood.nl\/de\/wp-json\/wp\/v2\/uitsparingen?post=45979"},{"taxonomy":"houtsoort","embeddable":true,"href":"https:\/\/www.industrialwood.nl\/de\/wp-json\/wp\/v2\/houtsoort?post=45979"},{"taxonomy":"breedte","embeddable":true,"href":"https:\/\/www.industrialwood.nl\/de\/wp-json\/wp\/v2\/breedte?post=45979"},{"taxonomy":"badplanken-lengte","embeddable":true,"href":"https:\/\/www.industrialwood.nl\/de\/wp-json\/wp\/v2\/badplanken-lengte?post=45979"},{"taxonomy":"kleur","embeddable":true,"href":"https:\/\/www.industrialwood.nl\/de\/wp-json\/wp\/v2\/kleur?post=45979"}],"curies":[{"name":"wp","href":"https:\/\/api.w.org\/{rel}","templated":true}]}}