{"id":45927,"date":"2023-06-15T08:49:19","date_gmt":"2023-06-15T06:49:19","guid":{"rendered":"https:\/\/www.industrialwood.nl\/schale-kapiz-oval-weiss\/"},"modified":"2024-12-10T12:55:41","modified_gmt":"2024-12-10T11:55:41","slug":"schale-kapiz-oval-weiss","status":"publish","type":"product","link":"https:\/\/www.industrialwood.nl\/de\/schale-kapiz-oval-weiss\/","title":{"rendered":"Schale | Kapiz | Oval | Wei\u00df"},"content":{"rendered":"","protected":false},"excerpt":{"rendered":"<p>Eine Muschelschale, die nicht als solche vorkommt, sondern in unseren Produkten enthalten ist. Diese wei\u00dfe Schale ist aus einer Capiz-Muschel handgefertigt und stammt aus Bali. Sie ist ideal, um Ihre Bernsteinw\u00fcrfel darauf zu legen. Die Schalen sind auch in runder und blattf\u00f6rmiger Form erh\u00e4ltlich. Jede Schale hat ihre eigenen Charaktereigenschaften. Das macht sie nicht nur einzigartig, sondern auch sehr sch\u00f6n und praktisch!<\/p>\n<div>\n<p>M<strong>a\u00dfe<\/strong>: 10 x 5 x 2 cm<strong>Farbe: <\/strong>Wei\u00df <strong><br \/>\n<\/strong><strong>Material<\/strong>: Capiz Muschel<\/p>\n<\/div>\n","protected":false},"featured_media":39079,"comment_status":"open","ping_status":"closed","template":"","meta":[],"product_brand":[],"product_cat":[412,399,400,401,686,395],"product_tag":[409,406,533,465],"seizoen":[543,545,544,546],"bloemensoort":[],"samenstelling":[],"shop-per-kamer":[551,552,550,553,549],"indooroutdoor":[555],"vorm":[563,557],"duurzaam":[565],"productafmetingen":[],"stijl":[574,571,575,573,572],"merk":[576],"materiaal":[],"materiaal-schaaltje":[628],"geur":[],"product-type":[636],"beoordeling":[640,641,642],"uitsparingen":[],"houtsoort":[],"breedte":[],"badplanken-lengte":[],"kleur":[659],"class_list":{"0":"post-45927","1":"product","2":"type-product","3":"status-publish","4":"has-post-thumbnail","6":"product_cat-boheme-kuche","7":"product_cat-boheme-schlafzimmer","8":"product_cat-boheme-wohnzimmer","9":"product_cat-bohmisches-badezimmer","10":"product_cat-geschenk","11":"product_cat-naturliche-tone","12":"product_tag-capiz-gericht","13":"product_tag-rabatt","14":"product_tag-tablett-fur-bernsteinwurfel-de","15":"product_tag-weis","16":"seizoen-lente-de","17":"seizoen-herfst-de","18":"seizoen-zomer-de","19":"seizoen-winter-de","20":"shop-per-kamer-badkamer-de","21":"shop-per-kamer-hal-de","22":"shop-per-kamer-keuken-de","23":"shop-per-kamer-slaapkamer-de","24":"shop-per-kamer-woonkamer-de","25":"indooroutdoor-indoor-de","26":"vorm-organisch-de","27":"vorm-rond-de","28":"duurzaam-ja-de","29":"stijl-bohemian-de","30":"stijl-hotel-chique-de","31":"stijl-japandi-de","32":"stijl-modern-de","33":"stijl-scandinavisch-de","34":"merk-industrialwood-de","35":"materiaal-schaaltje-schelp-de","36":"product-type-schaaltje-de","37":"beoordeling-three-star-de","38":"beoordeling-four-star-de","39":"beoordeling-five-star-de","40":"kleur-wit-de","42":"first","43":"outofstock","44":"sale","45":"taxable","46":"shipping-taxable","47":"purchasable","48":"product-type-simple"},"supplier_id":null,"supplier_sku":"","barcode":null,"atum_controlled":true,"out_stock_date":"2024-12-10 12:55:01","out_stock_threshold":null,"inheritable":false,"inbound_stock":0,"stock_on_hold":0,"sold_today":0,"sales_last_days":0,"reserved_stock":0,"customer_returns":0,"warehouse_damage":0,"lost_in_post":0,"other_logs":0,"out_stock_days":454,"lost_sales":0,"has_location":false,"update_date":"2026-03-10T01:35:54","atum_locations":[],"atum_stock_status":"outofstock","restock_status":false,"low_stock_amount":"","sales_update_date":"2026-03-10T01:35:54","calc_backorders":null,"_links":{"self":[{"href":"https:\/\/www.industrialwood.nl\/de\/wp-json\/wp\/v2\/product\/45927","targetHints":{"allow":["GET"]}}],"collection":[{"href":"https:\/\/www.industrialwood.nl\/de\/wp-json\/wp\/v2\/product"}],"about":[{"href":"https:\/\/www.industrialwood.nl\/de\/wp-json\/wp\/v2\/types\/product"}],"replies":[{"embeddable":true,"href":"https:\/\/www.industrialwood.nl\/de\/wp-json\/wp\/v2\/comments?post=45927"}],"wp:featuredmedia":[{"embeddable":true,"href":"https:\/\/www.industrialwood.nl\/de\/wp-json\/wp\/v2\/media\/39079"}],"wp:attachment":[{"href":"https:\/\/www.industrialwood.nl\/de\/wp-json\/wp\/v2\/media?parent=45927"}],"wp:term":[{"taxonomy":"product_brand","embeddable":true,"href":"https:\/\/www.industrialwood.nl\/de\/wp-json\/wp\/v2\/product_brand?post=45927"},{"taxonomy":"product_cat","embeddable":true,"href":"https:\/\/www.industrialwood.nl\/de\/wp-json\/wp\/v2\/product_cat?post=45927"},{"taxonomy":"product_tag","embeddable":true,"href":"https:\/\/www.industrialwood.nl\/de\/wp-json\/wp\/v2\/product_tag?post=45927"},{"taxonomy":"seizoen","embeddable":true,"href":"https:\/\/www.industrialwood.nl\/de\/wp-json\/wp\/v2\/seizoen?post=45927"},{"taxonomy":"bloemensoort","embeddable":true,"href":"https:\/\/www.industrialwood.nl\/de\/wp-json\/wp\/v2\/bloemensoort?post=45927"},{"taxonomy":"samenstelling","embeddable":true,"href":"https:\/\/www.industrialwood.nl\/de\/wp-json\/wp\/v2\/samenstelling?post=45927"},{"taxonomy":"shop-per-kamer","embeddable":true,"href":"https:\/\/www.industrialwood.nl\/de\/wp-json\/wp\/v2\/shop-per-kamer?post=45927"},{"taxonomy":"indooroutdoor","embeddable":true,"href":"https:\/\/www.industrialwood.nl\/de\/wp-json\/wp\/v2\/indooroutdoor?post=45927"},{"taxonomy":"vorm","embeddable":true,"href":"https:\/\/www.industrialwood.nl\/de\/wp-json\/wp\/v2\/vorm?post=45927"},{"taxonomy":"duurzaam","embeddable":true,"href":"https:\/\/www.industrialwood.nl\/de\/wp-json\/wp\/v2\/duurzaam?post=45927"},{"taxonomy":"productafmetingen","embeddable":true,"href":"https:\/\/www.industrialwood.nl\/de\/wp-json\/wp\/v2\/productafmetingen?post=45927"},{"taxonomy":"stijl","embeddable":true,"href":"https:\/\/www.industrialwood.nl\/de\/wp-json\/wp\/v2\/stijl?post=45927"},{"taxonomy":"merk","embeddable":true,"href":"https:\/\/www.industrialwood.nl\/de\/wp-json\/wp\/v2\/merk?post=45927"},{"taxonomy":"materiaal","embeddable":true,"href":"https:\/\/www.industrialwood.nl\/de\/wp-json\/wp\/v2\/materiaal?post=45927"},{"taxonomy":"materiaal-schaaltje","embeddable":true,"href":"https:\/\/www.industrialwood.nl\/de\/wp-json\/wp\/v2\/materiaal-schaaltje?post=45927"},{"taxonomy":"geur","embeddable":true,"href":"https:\/\/www.industrialwood.nl\/de\/wp-json\/wp\/v2\/geur?post=45927"},{"taxonomy":"product-type","embeddable":true,"href":"https:\/\/www.industrialwood.nl\/de\/wp-json\/wp\/v2\/product-type?post=45927"},{"taxonomy":"beoordeling","embeddable":true,"href":"https:\/\/www.industrialwood.nl\/de\/wp-json\/wp\/v2\/beoordeling?post=45927"},{"taxonomy":"uitsparingen","embeddable":true,"href":"https:\/\/www.industrialwood.nl\/de\/wp-json\/wp\/v2\/uitsparingen?post=45927"},{"taxonomy":"houtsoort","embeddable":true,"href":"https:\/\/www.industrialwood.nl\/de\/wp-json\/wp\/v2\/houtsoort?post=45927"},{"taxonomy":"breedte","embeddable":true,"href":"https:\/\/www.industrialwood.nl\/de\/wp-json\/wp\/v2\/breedte?post=45927"},{"taxonomy":"badplanken-lengte","embeddable":true,"href":"https:\/\/www.industrialwood.nl\/de\/wp-json\/wp\/v2\/badplanken-lengte?post=45927"},{"taxonomy":"kleur","embeddable":true,"href":"https:\/\/www.industrialwood.nl\/de\/wp-json\/wp\/v2\/kleur?post=45927"}],"curies":[{"name":"wp","href":"https:\/\/api.w.org\/{rel}","templated":true}]}}