{"id":45917,"date":"2023-06-15T08:51:10","date_gmt":"2023-06-15T07:51:10","guid":{"rendered":"https:\/\/www.industrialwood.nl\/kerzenleuchter-kerze-taupe\/"},"modified":"2025-10-10T16:03:37","modified_gmt":"2025-10-10T14:03:37","slug":"kerzenleuchter-kerze-taupe","status":"publish","type":"product","link":"https:\/\/www.industrialwood.nl\/de\/kerzenleuchter-kerze-taupe\/","title":{"rendered":"Kerzenleuchter | Kerze | Taupe"},"content":{"rendered":"","protected":false},"excerpt":{"rendered":"<p>Wir sehen sie immer h\u00e4ufiger: Kerzen in Form von Gegenst\u00e4nden. Herzhaft trendy! Diese sch\u00f6ne taupefarbene Kerze eignet sich hervorragend als Kerzenst\u00e4nder\/Ornament. Diese Kerze in Form eines Kandelabers ist fast eine S\u00fcnde, um sie anzuz\u00fcnden. Kombinieren Sie die Kerze mit anderen sch\u00f6nen Accessoires!<\/p>\n<p><strong>Ma\u00dfe<\/strong>: 7 x 7 x 20 cm<br \/>\n<strong>Material<\/strong>: Wachs<br \/>\n<strong>Farbe<\/strong>: Taupe<\/p>\n","protected":false},"featured_media":39191,"comment_status":"open","ping_status":"closed","template":"","meta":[],"product_brand":[],"product_cat":[393,400,418,402,413,424,420,395,391,422,405,396],"product_tag":[],"seizoen":[543,545,544,546],"bloemensoort":[],"samenstelling":[],"shop-per-kamer":[551,552,550,553,549],"indooroutdoor":[555],"vorm":[563,558],"duurzaam":[565],"productafmetingen":[568,567],"stijl":[574,571,575,573,572],"merk":[576],"materiaal":[615],"materiaal-schaaltje":[],"geur":[],"product-type":[],"beoordeling":[640,641,642],"uitsparingen":[],"houtsoort":[],"breedte":[],"badplanken-lengte":[],"kleur":[666],"class_list":{"0":"post-45917","1":"product","2":"type-product","3":"status-publish","4":"has-post-thumbnail","6":"product_cat-badezimmer","7":"product_cat-boheme-wohnzimmer","8":"product_cat-hotel-chic-wohnzimmer","9":"product_cat-japandi-wohnzimmer","10":"product_cat-kerzenstander-kerzenleuchter","11":"product_cat-landwohnzimmer","12":"product_cat-modernes-wohnzimmer","13":"product_cat-naturliche-tone","14":"product_cat-ornamente","15":"product_cat-skandinavisches-wohnzimmer","16":"product_cat-verkauf","17":"product_cat-wohnzimmer","18":"seizoen-lente-de","19":"seizoen-herfst-de","20":"seizoen-zomer-de","21":"seizoen-winter-de","22":"shop-per-kamer-badkamer-de","23":"shop-per-kamer-hal-de","24":"shop-per-kamer-keuken-de","25":"shop-per-kamer-slaapkamer-de","26":"shop-per-kamer-woonkamer-de","27":"indooroutdoor-indoor-de","28":"vorm-organisch-de","29":"vorm-ovaal-de","30":"duurzaam-ja-de","31":"productafmetingen-m-de","32":"productafmetingen-s-de","33":"stijl-bohemian-de","34":"stijl-hotel-chique-de","35":"stijl-japandi-de","36":"stijl-modern-de","37":"stijl-scandinavisch-de","38":"merk-industrialwood-de","39":"materiaal-wax-de","40":"beoordeling-three-star-de","41":"beoordeling-four-star-de","42":"beoordeling-five-star-de","43":"kleur-taupe-de","45":"first","46":"outofstock","47":"sale","48":"taxable","49":"shipping-taxable","50":"purchasable","51":"product-type-simple"},"supplier_id":null,"supplier_sku":"","barcode":null,"atum_controlled":true,"out_stock_date":"2024-10-24 07:46:28","out_stock_threshold":null,"inheritable":false,"inbound_stock":0,"stock_on_hold":0,"sold_today":0,"sales_last_days":0,"reserved_stock":0,"customer_returns":0,"warehouse_damage":0,"lost_in_post":0,"other_logs":0,"out_stock_days":501,"lost_sales":0,"has_location":false,"update_date":"2026-03-10T01:35:35","atum_locations":[],"atum_stock_status":"outofstock","restock_status":false,"low_stock_amount":"","sales_update_date":"2026-03-10T01:35:35","calc_backorders":null,"_links":{"self":[{"href":"https:\/\/www.industrialwood.nl\/de\/wp-json\/wp\/v2\/product\/45917","targetHints":{"allow":["GET"]}}],"collection":[{"href":"https:\/\/www.industrialwood.nl\/de\/wp-json\/wp\/v2\/product"}],"about":[{"href":"https:\/\/www.industrialwood.nl\/de\/wp-json\/wp\/v2\/types\/product"}],"replies":[{"embeddable":true,"href":"https:\/\/www.industrialwood.nl\/de\/wp-json\/wp\/v2\/comments?post=45917"}],"wp:featuredmedia":[{"embeddable":true,"href":"https:\/\/www.industrialwood.nl\/de\/wp-json\/wp\/v2\/media\/39191"}],"wp:attachment":[{"href":"https:\/\/www.industrialwood.nl\/de\/wp-json\/wp\/v2\/media?parent=45917"}],"wp:term":[{"taxonomy":"product_brand","embeddable":true,"href":"https:\/\/www.industrialwood.nl\/de\/wp-json\/wp\/v2\/product_brand?post=45917"},{"taxonomy":"product_cat","embeddable":true,"href":"https:\/\/www.industrialwood.nl\/de\/wp-json\/wp\/v2\/product_cat?post=45917"},{"taxonomy":"product_tag","embeddable":true,"href":"https:\/\/www.industrialwood.nl\/de\/wp-json\/wp\/v2\/product_tag?post=45917"},{"taxonomy":"seizoen","embeddable":true,"href":"https:\/\/www.industrialwood.nl\/de\/wp-json\/wp\/v2\/seizoen?post=45917"},{"taxonomy":"bloemensoort","embeddable":true,"href":"https:\/\/www.industrialwood.nl\/de\/wp-json\/wp\/v2\/bloemensoort?post=45917"},{"taxonomy":"samenstelling","embeddable":true,"href":"https:\/\/www.industrialwood.nl\/de\/wp-json\/wp\/v2\/samenstelling?post=45917"},{"taxonomy":"shop-per-kamer","embeddable":true,"href":"https:\/\/www.industrialwood.nl\/de\/wp-json\/wp\/v2\/shop-per-kamer?post=45917"},{"taxonomy":"indooroutdoor","embeddable":true,"href":"https:\/\/www.industrialwood.nl\/de\/wp-json\/wp\/v2\/indooroutdoor?post=45917"},{"taxonomy":"vorm","embeddable":true,"href":"https:\/\/www.industrialwood.nl\/de\/wp-json\/wp\/v2\/vorm?post=45917"},{"taxonomy":"duurzaam","embeddable":true,"href":"https:\/\/www.industrialwood.nl\/de\/wp-json\/wp\/v2\/duurzaam?post=45917"},{"taxonomy":"productafmetingen","embeddable":true,"href":"https:\/\/www.industrialwood.nl\/de\/wp-json\/wp\/v2\/productafmetingen?post=45917"},{"taxonomy":"stijl","embeddable":true,"href":"https:\/\/www.industrialwood.nl\/de\/wp-json\/wp\/v2\/stijl?post=45917"},{"taxonomy":"merk","embeddable":true,"href":"https:\/\/www.industrialwood.nl\/de\/wp-json\/wp\/v2\/merk?post=45917"},{"taxonomy":"materiaal","embeddable":true,"href":"https:\/\/www.industrialwood.nl\/de\/wp-json\/wp\/v2\/materiaal?post=45917"},{"taxonomy":"materiaal-schaaltje","embeddable":true,"href":"https:\/\/www.industrialwood.nl\/de\/wp-json\/wp\/v2\/materiaal-schaaltje?post=45917"},{"taxonomy":"geur","embeddable":true,"href":"https:\/\/www.industrialwood.nl\/de\/wp-json\/wp\/v2\/geur?post=45917"},{"taxonomy":"product-type","embeddable":true,"href":"https:\/\/www.industrialwood.nl\/de\/wp-json\/wp\/v2\/product-type?post=45917"},{"taxonomy":"beoordeling","embeddable":true,"href":"https:\/\/www.industrialwood.nl\/de\/wp-json\/wp\/v2\/beoordeling?post=45917"},{"taxonomy":"uitsparingen","embeddable":true,"href":"https:\/\/www.industrialwood.nl\/de\/wp-json\/wp\/v2\/uitsparingen?post=45917"},{"taxonomy":"houtsoort","embeddable":true,"href":"https:\/\/www.industrialwood.nl\/de\/wp-json\/wp\/v2\/houtsoort?post=45917"},{"taxonomy":"breedte","embeddable":true,"href":"https:\/\/www.industrialwood.nl\/de\/wp-json\/wp\/v2\/breedte?post=45917"},{"taxonomy":"badplanken-lengte","embeddable":true,"href":"https:\/\/www.industrialwood.nl\/de\/wp-json\/wp\/v2\/badplanken-lengte?post=45917"},{"taxonomy":"kleur","embeddable":true,"href":"https:\/\/www.industrialwood.nl\/de\/wp-json\/wp\/v2\/kleur?post=45917"}],"curies":[{"name":"wp","href":"https:\/\/api.w.org\/{rel}","templated":true}]}}