{"id":45862,"date":"2023-06-15T09:04:14","date_gmt":"2023-06-15T08:04:14","guid":{"rendered":"https:\/\/www.industrialwood.nl\/waxlight-transparente-tasse-10-stueck-beige-s\/"},"modified":"2026-01-09T16:12:52","modified_gmt":"2026-01-09T15:12:52","slug":"waxlight-transparente-tasse-10-stueck-beige-s","status":"publish","type":"product","link":"https:\/\/www.industrialwood.nl\/de\/waxlight-transparente-tasse-10-stueck-beige-s\/","title":{"rendered":"Waxlight transparente Tasse | 10 St\u00fcck | Beige | S"},"content":{"rendered":"","protected":false},"excerpt":{"rendered":"<p>Lassen Sie Ihr Interieur mit diesen<strong> beigefarbenen Teelichtern<\/strong> erstrahlen, die elegant in <strong>transparenten Tassen<\/strong> verpackt sind und einen Hauch von Klasse verleihen. Mit ihrem Durchmesser von 4 Zentimetern und einer Brenndauer von 4 Stunden sind sie ideal f\u00fcr stimmungsvolle Abende. Der durchsichtige Becher akzentuiert den dezenten beigen Farbton, so dass sie leicht in eine Vielzahl von Halterungen passen. Neben diesem neutralen Beige sind die Teelichter auch in <a href=\"https:\/\/www.industrialwood.nl\/de\/waxlight-transparente-tasse-10-stueck-schwarz-s\/\">Schwarz<\/a> und <a href=\"https:\/\/www.industrialwood.nl\/de\/waxlight-transparente-tasse-10-stueck-weiss-s\/\">Wei\u00df<\/a> erh\u00e4ltlich. Auch in einer <a href=\"https:\/\/www.industrialwood.nl\/de\/waxlight-transparente-tasse-5-stueck-beige-l\/\">gr\u00f6\u00dferen<\/a> Gr\u00f6\u00dfe erh\u00e4ltlich, die einen Durchmesser von 6 cm hat und daher l\u00e4nger brennt! <em>Die Teelichter sind in einem Set zu 10 St\u00fcck verpackt.<\/em><\/p>\n<p><strong>Gr\u00f6\u00dfe<\/strong>: 4 cm<br \/>\n<strong>Farbe<\/strong>: Beige<br \/>\n<strong>Brennende Stunden<\/strong>: 4<\/p>\n","protected":false},"featured_media":41972,"comment_status":"open","ping_status":"closed","template":"","meta":[],"product_brand":[],"product_cat":[413,395,740,396],"product_tag":[],"seizoen":[543,545,544,546],"bloemensoort":[],"samenstelling":[],"shop-per-kamer":[551,554,552,550,553,549],"indooroutdoor":[556,555],"vorm":[557,559],"duurzaam":[565],"productafmetingen":[567,566],"stijl":[574,571,575,573,572],"merk":[576],"materiaal":[615],"materiaal-schaaltje":[],"geur":[],"product-type":[],"beoordeling":[640,641,642],"uitsparingen":[],"houtsoort":[],"breedte":[],"badplanken-lengte":[],"kleur":[657],"class_list":{"0":"post-45862","1":"product","2":"type-product","3":"status-publish","4":"has-post-thumbnail","6":"product_cat-kerzenstander-kerzenleuchter","7":"product_cat-naturliche-tone","8":"product_cat-schwarzer-freitag-2","9":"product_cat-wohnzimmer","10":"seizoen-lente-de","11":"seizoen-herfst-de","12":"seizoen-zomer-de","13":"seizoen-winter-de","14":"shop-per-kamer-badkamer-de","15":"shop-per-kamer-tuin-de","16":"shop-per-kamer-hal-de","17":"shop-per-kamer-keuken-de","18":"shop-per-kamer-slaapkamer-de","19":"shop-per-kamer-woonkamer-de","20":"indooroutdoor-outdoor-de","21":"indooroutdoor-indoor-de","22":"vorm-rond-de","23":"vorm-cilinder-de","24":"duurzaam-ja-de","25":"productafmetingen-s-de","26":"productafmetingen-xs-de","27":"stijl-bohemian-de","28":"stijl-hotel-chique-de","29":"stijl-japandi-de","30":"stijl-modern-de","31":"stijl-scandinavisch-de","32":"merk-industrialwood-de","33":"materiaal-wax-de","34":"beoordeling-three-star-de","35":"beoordeling-four-star-de","36":"beoordeling-five-star-de","37":"kleur-beige-de","39":"first","40":"instock","41":"taxable","42":"shipping-taxable","43":"purchasable","44":"product-type-simple"},"supplier_id":null,"supplier_sku":"","barcode":null,"atum_controlled":true,"out_stock_date":null,"out_stock_threshold":null,"inheritable":false,"inbound_stock":0,"stock_on_hold":3,"sold_today":0,"sales_last_days":4,"reserved_stock":0,"customer_returns":0,"warehouse_damage":0,"lost_in_post":0,"other_logs":0,"out_stock_days":0,"lost_sales":0,"has_location":false,"update_date":"2026-04-18T15:34:42","atum_locations":[],"atum_stock_status":"instock","restock_status":false,"low_stock_amount":"","sales_update_date":"2026-04-18T15:34:42","calc_backorders":null,"_links":{"self":[{"href":"https:\/\/www.industrialwood.nl\/de\/wp-json\/wp\/v2\/product\/45862","targetHints":{"allow":["GET"]}}],"collection":[{"href":"https:\/\/www.industrialwood.nl\/de\/wp-json\/wp\/v2\/product"}],"about":[{"href":"https:\/\/www.industrialwood.nl\/de\/wp-json\/wp\/v2\/types\/product"}],"replies":[{"embeddable":true,"href":"https:\/\/www.industrialwood.nl\/de\/wp-json\/wp\/v2\/comments?post=45862"}],"wp:featuredmedia":[{"embeddable":true,"href":"https:\/\/www.industrialwood.nl\/de\/wp-json\/wp\/v2\/media\/41972"}],"wp:attachment":[{"href":"https:\/\/www.industrialwood.nl\/de\/wp-json\/wp\/v2\/media?parent=45862"}],"wp:term":[{"taxonomy":"product_brand","embeddable":true,"href":"https:\/\/www.industrialwood.nl\/de\/wp-json\/wp\/v2\/product_brand?post=45862"},{"taxonomy":"product_cat","embeddable":true,"href":"https:\/\/www.industrialwood.nl\/de\/wp-json\/wp\/v2\/product_cat?post=45862"},{"taxonomy":"product_tag","embeddable":true,"href":"https:\/\/www.industrialwood.nl\/de\/wp-json\/wp\/v2\/product_tag?post=45862"},{"taxonomy":"seizoen","embeddable":true,"href":"https:\/\/www.industrialwood.nl\/de\/wp-json\/wp\/v2\/seizoen?post=45862"},{"taxonomy":"bloemensoort","embeddable":true,"href":"https:\/\/www.industrialwood.nl\/de\/wp-json\/wp\/v2\/bloemensoort?post=45862"},{"taxonomy":"samenstelling","embeddable":true,"href":"https:\/\/www.industrialwood.nl\/de\/wp-json\/wp\/v2\/samenstelling?post=45862"},{"taxonomy":"shop-per-kamer","embeddable":true,"href":"https:\/\/www.industrialwood.nl\/de\/wp-json\/wp\/v2\/shop-per-kamer?post=45862"},{"taxonomy":"indooroutdoor","embeddable":true,"href":"https:\/\/www.industrialwood.nl\/de\/wp-json\/wp\/v2\/indooroutdoor?post=45862"},{"taxonomy":"vorm","embeddable":true,"href":"https:\/\/www.industrialwood.nl\/de\/wp-json\/wp\/v2\/vorm?post=45862"},{"taxonomy":"duurzaam","embeddable":true,"href":"https:\/\/www.industrialwood.nl\/de\/wp-json\/wp\/v2\/duurzaam?post=45862"},{"taxonomy":"productafmetingen","embeddable":true,"href":"https:\/\/www.industrialwood.nl\/de\/wp-json\/wp\/v2\/productafmetingen?post=45862"},{"taxonomy":"stijl","embeddable":true,"href":"https:\/\/www.industrialwood.nl\/de\/wp-json\/wp\/v2\/stijl?post=45862"},{"taxonomy":"merk","embeddable":true,"href":"https:\/\/www.industrialwood.nl\/de\/wp-json\/wp\/v2\/merk?post=45862"},{"taxonomy":"materiaal","embeddable":true,"href":"https:\/\/www.industrialwood.nl\/de\/wp-json\/wp\/v2\/materiaal?post=45862"},{"taxonomy":"materiaal-schaaltje","embeddable":true,"href":"https:\/\/www.industrialwood.nl\/de\/wp-json\/wp\/v2\/materiaal-schaaltje?post=45862"},{"taxonomy":"geur","embeddable":true,"href":"https:\/\/www.industrialwood.nl\/de\/wp-json\/wp\/v2\/geur?post=45862"},{"taxonomy":"product-type","embeddable":true,"href":"https:\/\/www.industrialwood.nl\/de\/wp-json\/wp\/v2\/product-type?post=45862"},{"taxonomy":"beoordeling","embeddable":true,"href":"https:\/\/www.industrialwood.nl\/de\/wp-json\/wp\/v2\/beoordeling?post=45862"},{"taxonomy":"uitsparingen","embeddable":true,"href":"https:\/\/www.industrialwood.nl\/de\/wp-json\/wp\/v2\/uitsparingen?post=45862"},{"taxonomy":"houtsoort","embeddable":true,"href":"https:\/\/www.industrialwood.nl\/de\/wp-json\/wp\/v2\/houtsoort?post=45862"},{"taxonomy":"breedte","embeddable":true,"href":"https:\/\/www.industrialwood.nl\/de\/wp-json\/wp\/v2\/breedte?post=45862"},{"taxonomy":"badplanken-lengte","embeddable":true,"href":"https:\/\/www.industrialwood.nl\/de\/wp-json\/wp\/v2\/badplanken-lengte?post=45862"},{"taxonomy":"kleur","embeddable":true,"href":"https:\/\/www.industrialwood.nl\/de\/wp-json\/wp\/v2\/kleur?post=45862"}],"curies":[{"name":"wp","href":"https:\/\/api.w.org\/{rel}","templated":true}]}}