{"id":45851,"date":"2023-06-15T09:05:21","date_gmt":"2023-06-15T08:05:21","guid":{"rendered":"https:\/\/www.industrialwood.nl\/zylinder-keltisch-smokey-taupe-m\/"},"modified":"2026-03-12T11:38:49","modified_gmt":"2026-03-12T10:38:49","slug":"zylinder-keltisch-smokey-taupe-m","status":"publish","type":"product","link":"https:\/\/www.industrialwood.nl\/de\/zylinder-keltisch-smokey-taupe-m\/","title":{"rendered":"Zylinder | Keltisch | Smokey Taupe | M"},"content":{"rendered":"","protected":false},"excerpt":{"rendered":"<p>Smokey Taupe ist im Moment der letzte Schrei! Geben Sie Ihrem Zuhause etwas Besonderes mit dieser sch\u00f6nen <strong>rauchfarbenen taupefarbenen Zylindervase<\/strong>. Er ist aus hochwertigem recyceltem Glas gefertigt und macht sich in jedem Raum gut.<\/p>\n<p>Jede Vase ist mundgeblasen und somit einzigartig. Da die Vase handgefertigt ist, kann das Glas eine Blase oder einen Schlieren aufweisen. Diese kleinen Unvollkommenheiten unterstreichen die Handwerkskunst! Und die abgerundete Kante an der Oberseite dieses Teelichthalters verleiht ihm einen weichen, vollendeten Touch. Vergessen Sie nicht, h\u00fcbsche (LED) Votivkerzen oder Teelichter f\u00fcr den letzten Schliff hinzuzuf\u00fcgen!<\/p>\n<p><em><strong>Tipp<\/strong>: Auch im Set erh\u00e4ltlich!<\/em><\/p>\n<p><strong>Abmessungen: <\/strong>25 x 20 cm<br \/>\n<strong>Farbe:<\/strong> Smokey Taupe<br \/>\n<strong>Material:<\/strong> Glas<\/p>\n","protected":false},"featured_media":42219,"comment_status":"open","ping_status":"closed","template":"","meta":[],"product_brand":[],"product_cat":[431,414,387],"product_tag":[],"seizoen":[543,545,544,546],"bloemensoort":[],"samenstelling":[],"shop-per-kamer":[551,552,550,553,549],"indooroutdoor":[555],"vorm":[559],"duurzaam":[565],"productafmetingen":[568],"stijl":[574,571,575,573,572],"merk":[576],"materiaal":[608],"materiaal-schaaltje":[],"geur":[],"product-type":[],"beoordeling":[640,641,642],"uitsparingen":[],"houtsoort":[],"breedte":[],"badplanken-lengte":[],"kleur":[666],"class_list":{"0":"post-45851","1":"product","2":"type-product","3":"status-publish","4":"has-post-thumbnail","6":"product_cat-smokey-taupe-de","7":"product_cat-teelichthalter","8":"product_cat-vasen-topfe","9":"seizoen-lente-de","10":"seizoen-herfst-de","11":"seizoen-zomer-de","12":"seizoen-winter-de","13":"shop-per-kamer-badkamer-de","14":"shop-per-kamer-hal-de","15":"shop-per-kamer-keuken-de","16":"shop-per-kamer-slaapkamer-de","17":"shop-per-kamer-woonkamer-de","18":"indooroutdoor-indoor-de","19":"vorm-cilinder-de","20":"duurzaam-ja-de","21":"productafmetingen-m-de","22":"stijl-bohemian-de","23":"stijl-hotel-chique-de","24":"stijl-japandi-de","25":"stijl-modern-de","26":"stijl-scandinavisch-de","27":"merk-industrialwood-de","28":"materiaal-glas-de","29":"beoordeling-three-star-de","30":"beoordeling-four-star-de","31":"beoordeling-five-star-de","32":"kleur-taupe-de","34":"first","35":"outofstock","36":"taxable","37":"shipping-taxable","38":"purchasable","39":"product-type-simple"},"supplier_id":null,"supplier_sku":"","barcode":null,"atum_controlled":true,"out_stock_date":"2024-08-14 22:26:02","out_stock_threshold":null,"inheritable":false,"inbound_stock":0,"stock_on_hold":0,"sold_today":0,"sales_last_days":0,"reserved_stock":0,"customer_returns":0,"warehouse_damage":0,"lost_in_post":0,"other_logs":0,"out_stock_days":572,"lost_sales":0,"has_location":false,"update_date":"2026-03-10T01:35:52","atum_locations":[],"atum_stock_status":"outofstock","restock_status":false,"low_stock_amount":"","sales_update_date":"2026-03-10T01:35:52","calc_backorders":null,"_links":{"self":[{"href":"https:\/\/www.industrialwood.nl\/de\/wp-json\/wp\/v2\/product\/45851","targetHints":{"allow":["GET"]}}],"collection":[{"href":"https:\/\/www.industrialwood.nl\/de\/wp-json\/wp\/v2\/product"}],"about":[{"href":"https:\/\/www.industrialwood.nl\/de\/wp-json\/wp\/v2\/types\/product"}],"replies":[{"embeddable":true,"href":"https:\/\/www.industrialwood.nl\/de\/wp-json\/wp\/v2\/comments?post=45851"}],"wp:featuredmedia":[{"embeddable":true,"href":"https:\/\/www.industrialwood.nl\/de\/wp-json\/wp\/v2\/media\/42219"}],"wp:attachment":[{"href":"https:\/\/www.industrialwood.nl\/de\/wp-json\/wp\/v2\/media?parent=45851"}],"wp:term":[{"taxonomy":"product_brand","embeddable":true,"href":"https:\/\/www.industrialwood.nl\/de\/wp-json\/wp\/v2\/product_brand?post=45851"},{"taxonomy":"product_cat","embeddable":true,"href":"https:\/\/www.industrialwood.nl\/de\/wp-json\/wp\/v2\/product_cat?post=45851"},{"taxonomy":"product_tag","embeddable":true,"href":"https:\/\/www.industrialwood.nl\/de\/wp-json\/wp\/v2\/product_tag?post=45851"},{"taxonomy":"seizoen","embeddable":true,"href":"https:\/\/www.industrialwood.nl\/de\/wp-json\/wp\/v2\/seizoen?post=45851"},{"taxonomy":"bloemensoort","embeddable":true,"href":"https:\/\/www.industrialwood.nl\/de\/wp-json\/wp\/v2\/bloemensoort?post=45851"},{"taxonomy":"samenstelling","embeddable":true,"href":"https:\/\/www.industrialwood.nl\/de\/wp-json\/wp\/v2\/samenstelling?post=45851"},{"taxonomy":"shop-per-kamer","embeddable":true,"href":"https:\/\/www.industrialwood.nl\/de\/wp-json\/wp\/v2\/shop-per-kamer?post=45851"},{"taxonomy":"indooroutdoor","embeddable":true,"href":"https:\/\/www.industrialwood.nl\/de\/wp-json\/wp\/v2\/indooroutdoor?post=45851"},{"taxonomy":"vorm","embeddable":true,"href":"https:\/\/www.industrialwood.nl\/de\/wp-json\/wp\/v2\/vorm?post=45851"},{"taxonomy":"duurzaam","embeddable":true,"href":"https:\/\/www.industrialwood.nl\/de\/wp-json\/wp\/v2\/duurzaam?post=45851"},{"taxonomy":"productafmetingen","embeddable":true,"href":"https:\/\/www.industrialwood.nl\/de\/wp-json\/wp\/v2\/productafmetingen?post=45851"},{"taxonomy":"stijl","embeddable":true,"href":"https:\/\/www.industrialwood.nl\/de\/wp-json\/wp\/v2\/stijl?post=45851"},{"taxonomy":"merk","embeddable":true,"href":"https:\/\/www.industrialwood.nl\/de\/wp-json\/wp\/v2\/merk?post=45851"},{"taxonomy":"materiaal","embeddable":true,"href":"https:\/\/www.industrialwood.nl\/de\/wp-json\/wp\/v2\/materiaal?post=45851"},{"taxonomy":"materiaal-schaaltje","embeddable":true,"href":"https:\/\/www.industrialwood.nl\/de\/wp-json\/wp\/v2\/materiaal-schaaltje?post=45851"},{"taxonomy":"geur","embeddable":true,"href":"https:\/\/www.industrialwood.nl\/de\/wp-json\/wp\/v2\/geur?post=45851"},{"taxonomy":"product-type","embeddable":true,"href":"https:\/\/www.industrialwood.nl\/de\/wp-json\/wp\/v2\/product-type?post=45851"},{"taxonomy":"beoordeling","embeddable":true,"href":"https:\/\/www.industrialwood.nl\/de\/wp-json\/wp\/v2\/beoordeling?post=45851"},{"taxonomy":"uitsparingen","embeddable":true,"href":"https:\/\/www.industrialwood.nl\/de\/wp-json\/wp\/v2\/uitsparingen?post=45851"},{"taxonomy":"houtsoort","embeddable":true,"href":"https:\/\/www.industrialwood.nl\/de\/wp-json\/wp\/v2\/houtsoort?post=45851"},{"taxonomy":"breedte","embeddable":true,"href":"https:\/\/www.industrialwood.nl\/de\/wp-json\/wp\/v2\/breedte?post=45851"},{"taxonomy":"badplanken-lengte","embeddable":true,"href":"https:\/\/www.industrialwood.nl\/de\/wp-json\/wp\/v2\/badplanken-lengte?post=45851"},{"taxonomy":"kleur","embeddable":true,"href":"https:\/\/www.industrialwood.nl\/de\/wp-json\/wp\/v2\/kleur?post=45851"}],"curies":[{"name":"wp","href":"https:\/\/api.w.org\/{rel}","templated":true}]}}