{"id":45818,"date":"2023-06-15T09:10:18","date_gmt":"2023-06-15T08:10:18","guid":{"rendered":"https:\/\/www.industrialwood.nl\/kerze-ornament-isabelle-weiss\/"},"modified":"2025-11-21T10:05:43","modified_gmt":"2025-11-21T09:05:43","slug":"kerze-ornament-isabelle-weiss","status":"publish","type":"product","link":"https:\/\/www.industrialwood.nl\/de\/kerze-ornament-isabelle-weiss\/","title":{"rendered":"Kerze | Ornament | Isabelle | Wei\u00df"},"content":{"rendered":"","protected":false},"excerpt":{"rendered":"<p>Lernen Sie den Blickfang f\u00fcr Ihr Interieur kennen: die verspielte isabelle <strong>Kerze<\/strong>! Mit ihrer einzigartigen geschwungenen Form und der schlichten wei\u00dfen Farbe verleiht diese trendige Kerze jedem Raum eine kr\u00e4ftige Dosis Stil. Perfekt f\u00fcr einen Stapel von B\u00fcchern auf dem Couchtisch, Ihren Lieblingsbeistelltisch oder als verspielte Erg\u00e4nzung in einem minimalistischen Ambiente. Z\u00fcnden Sie sie f\u00fcr eine gem\u00fctliche Atmosph\u00e4re an oder stellen Sie sie einfach als Kunstwerk hin &#8211; diese Kerze ist ein Statement f\u00fcr sich.<\/p>\n<p><strong>Merkmale<\/strong>:<\/p>\n<ul>\n<li>Einzigartiges Design, das sofort ins Auge sticht<\/li>\n<li>Perfekt als stilvolle Dekoration oder Stimmungsaufheller<\/li>\n<li>Hipper, moderner Look f\u00fcr jede Einrichtung<\/li>\n<\/ul>\n<p>&nbsp;<\/p>\n<p><strong>Ma\u00dfe<\/strong>: 18 x 26 cm<br \/>\n<strong>Material<\/strong>: Paraffin<br \/>\n<strong>Farbe<\/strong>: Wei\u00df<\/p>\n","protected":false},"featured_media":40121,"comment_status":"open","ping_status":"closed","template":"","meta":[],"product_brand":[],"product_cat":[400,402,413,420,395,740,422,405,396],"product_tag":[],"seizoen":[543,545,544,546],"bloemensoort":[],"samenstelling":[],"shop-per-kamer":[551,552,550,553,549],"indooroutdoor":[555],"vorm":[563],"duurzaam":[565],"productafmetingen":[568,567],"stijl":[574,571,575,573,572],"merk":[576],"materiaal":[615],"materiaal-schaaltje":[],"geur":[],"product-type":[],"beoordeling":[640,641,642],"uitsparingen":[],"houtsoort":[],"breedte":[],"badplanken-lengte":[],"kleur":[659],"class_list":{"0":"post-45818","1":"product","2":"type-product","3":"status-publish","4":"has-post-thumbnail","6":"product_cat-boheme-wohnzimmer","7":"product_cat-japandi-wohnzimmer","8":"product_cat-kerzenstander-kerzenleuchter","9":"product_cat-modernes-wohnzimmer","10":"product_cat-naturliche-tone","11":"product_cat-schwarzer-freitag-2","12":"product_cat-skandinavisches-wohnzimmer","13":"product_cat-verkauf","14":"product_cat-wohnzimmer","15":"seizoen-lente-de","16":"seizoen-herfst-de","17":"seizoen-zomer-de","18":"seizoen-winter-de","19":"shop-per-kamer-badkamer-de","20":"shop-per-kamer-hal-de","21":"shop-per-kamer-keuken-de","22":"shop-per-kamer-slaapkamer-de","23":"shop-per-kamer-woonkamer-de","24":"indooroutdoor-indoor-de","25":"vorm-organisch-de","26":"duurzaam-ja-de","27":"productafmetingen-m-de","28":"productafmetingen-s-de","29":"stijl-bohemian-de","30":"stijl-hotel-chique-de","31":"stijl-japandi-de","32":"stijl-modern-de","33":"stijl-scandinavisch-de","34":"merk-industrialwood-de","35":"materiaal-wax-de","36":"beoordeling-three-star-de","37":"beoordeling-four-star-de","38":"beoordeling-five-star-de","39":"kleur-wit-de","41":"first","42":"outofstock","43":"sale","44":"taxable","45":"shipping-taxable","46":"purchasable","47":"product-type-simple"},"supplier_id":null,"supplier_sku":"","barcode":null,"atum_controlled":true,"out_stock_date":"2026-01-08 23:21:15","out_stock_threshold":null,"inheritable":false,"inbound_stock":0,"stock_on_hold":0,"sold_today":0,"sales_last_days":0,"reserved_stock":0,"customer_returns":0,"warehouse_damage":0,"lost_in_post":0,"other_logs":0,"out_stock_days":60,"lost_sales":0,"has_location":false,"update_date":"2026-03-10T01:36:15","atum_locations":[],"atum_stock_status":"outofstock","restock_status":false,"low_stock_amount":"","sales_update_date":"2026-03-10T01:36:15","calc_backorders":null,"_links":{"self":[{"href":"https:\/\/www.industrialwood.nl\/de\/wp-json\/wp\/v2\/product\/45818","targetHints":{"allow":["GET"]}}],"collection":[{"href":"https:\/\/www.industrialwood.nl\/de\/wp-json\/wp\/v2\/product"}],"about":[{"href":"https:\/\/www.industrialwood.nl\/de\/wp-json\/wp\/v2\/types\/product"}],"replies":[{"embeddable":true,"href":"https:\/\/www.industrialwood.nl\/de\/wp-json\/wp\/v2\/comments?post=45818"}],"wp:featuredmedia":[{"embeddable":true,"href":"https:\/\/www.industrialwood.nl\/de\/wp-json\/wp\/v2\/media\/40121"}],"wp:attachment":[{"href":"https:\/\/www.industrialwood.nl\/de\/wp-json\/wp\/v2\/media?parent=45818"}],"wp:term":[{"taxonomy":"product_brand","embeddable":true,"href":"https:\/\/www.industrialwood.nl\/de\/wp-json\/wp\/v2\/product_brand?post=45818"},{"taxonomy":"product_cat","embeddable":true,"href":"https:\/\/www.industrialwood.nl\/de\/wp-json\/wp\/v2\/product_cat?post=45818"},{"taxonomy":"product_tag","embeddable":true,"href":"https:\/\/www.industrialwood.nl\/de\/wp-json\/wp\/v2\/product_tag?post=45818"},{"taxonomy":"seizoen","embeddable":true,"href":"https:\/\/www.industrialwood.nl\/de\/wp-json\/wp\/v2\/seizoen?post=45818"},{"taxonomy":"bloemensoort","embeddable":true,"href":"https:\/\/www.industrialwood.nl\/de\/wp-json\/wp\/v2\/bloemensoort?post=45818"},{"taxonomy":"samenstelling","embeddable":true,"href":"https:\/\/www.industrialwood.nl\/de\/wp-json\/wp\/v2\/samenstelling?post=45818"},{"taxonomy":"shop-per-kamer","embeddable":true,"href":"https:\/\/www.industrialwood.nl\/de\/wp-json\/wp\/v2\/shop-per-kamer?post=45818"},{"taxonomy":"indooroutdoor","embeddable":true,"href":"https:\/\/www.industrialwood.nl\/de\/wp-json\/wp\/v2\/indooroutdoor?post=45818"},{"taxonomy":"vorm","embeddable":true,"href":"https:\/\/www.industrialwood.nl\/de\/wp-json\/wp\/v2\/vorm?post=45818"},{"taxonomy":"duurzaam","embeddable":true,"href":"https:\/\/www.industrialwood.nl\/de\/wp-json\/wp\/v2\/duurzaam?post=45818"},{"taxonomy":"productafmetingen","embeddable":true,"href":"https:\/\/www.industrialwood.nl\/de\/wp-json\/wp\/v2\/productafmetingen?post=45818"},{"taxonomy":"stijl","embeddable":true,"href":"https:\/\/www.industrialwood.nl\/de\/wp-json\/wp\/v2\/stijl?post=45818"},{"taxonomy":"merk","embeddable":true,"href":"https:\/\/www.industrialwood.nl\/de\/wp-json\/wp\/v2\/merk?post=45818"},{"taxonomy":"materiaal","embeddable":true,"href":"https:\/\/www.industrialwood.nl\/de\/wp-json\/wp\/v2\/materiaal?post=45818"},{"taxonomy":"materiaal-schaaltje","embeddable":true,"href":"https:\/\/www.industrialwood.nl\/de\/wp-json\/wp\/v2\/materiaal-schaaltje?post=45818"},{"taxonomy":"geur","embeddable":true,"href":"https:\/\/www.industrialwood.nl\/de\/wp-json\/wp\/v2\/geur?post=45818"},{"taxonomy":"product-type","embeddable":true,"href":"https:\/\/www.industrialwood.nl\/de\/wp-json\/wp\/v2\/product-type?post=45818"},{"taxonomy":"beoordeling","embeddable":true,"href":"https:\/\/www.industrialwood.nl\/de\/wp-json\/wp\/v2\/beoordeling?post=45818"},{"taxonomy":"uitsparingen","embeddable":true,"href":"https:\/\/www.industrialwood.nl\/de\/wp-json\/wp\/v2\/uitsparingen?post=45818"},{"taxonomy":"houtsoort","embeddable":true,"href":"https:\/\/www.industrialwood.nl\/de\/wp-json\/wp\/v2\/houtsoort?post=45818"},{"taxonomy":"breedte","embeddable":true,"href":"https:\/\/www.industrialwood.nl\/de\/wp-json\/wp\/v2\/breedte?post=45818"},{"taxonomy":"badplanken-lengte","embeddable":true,"href":"https:\/\/www.industrialwood.nl\/de\/wp-json\/wp\/v2\/badplanken-lengte?post=45818"},{"taxonomy":"kleur","embeddable":true,"href":"https:\/\/www.industrialwood.nl\/de\/wp-json\/wp\/v2\/kleur?post=45818"}],"curies":[{"name":"wp","href":"https:\/\/api.w.org\/{rel}","templated":true}]}}