{"id":45759,"date":"2023-06-15T09:16:14","date_gmt":"2023-06-15T08:16:14","guid":{"rendered":"https:\/\/www.industrialwood.nl\/2x-led-dinner-candle-deluxe-homeart-innenbereich-schwarz-m\/"},"modified":"2026-03-12T11:38:23","modified_gmt":"2026-03-12T10:38:23","slug":"2x-led-dinner-candle-deluxe-homeart-innenbereich-schwarz-m","status":"publish","type":"product","link":"https:\/\/www.industrialwood.nl\/de\/2x-led-dinner-candle-deluxe-homeart-innenbereich-schwarz-m\/","title":{"rendered":"2x LED Dinner Candle | Deluxe Homeart | Innenbereich | Schwarz | M"},"content":{"rendered":"","protected":false},"excerpt":{"rendered":"<p>Verleihen Sie Ihrem Tisch einen stilvollen Touch mit diesen <strong>LED-Dinnerkerzen<\/strong> der d\u00e4nischen Marke Deluxe Homeart! Hergestellt aus echtem Wachs mit einer dezenten Harzbeschichtung auf der Oberseite, gl\u00e4nzen sie wie lebensechte Kerzen. Die flackernde, echte Flamme schafft eine gem\u00fctliche Atmosph\u00e4re bei Kerzenlicht, ohne dass Sie sich um die Sicherheit sorgen m\u00fcssen. Perfekt f\u00fcr ein Haus mit Kindern und Haustieren! Mit der Fernbedienung k\u00f6nnen Sie die Helligkeit der Flamme ganz einfach einstellen. Eher weicher oder heller? Sie entscheiden! Au\u00dferdem sind die Kerzen mit einer praktischen Timerfunktion ausgestattet, so dass sie jeden Tag zur gleichen Zeit brennen. Sie haben die Fernbedienung eine Zeit lang nicht zur Hand? Kein Problem, Sie schalten die Kerzen einfach \u00fcber die Unterseite ein. Die Kerzen werden mit 2x AAA-Batterien betrieben (nicht im Lieferumfang enthalten) und werden in einem 2er-Set geliefert. Die Fernbedienung ist separat erh\u00e4ltlich. <strong>Hinweis<\/strong>:  <em>Die Fernbedienung funktioniert nicht oder weniger gut bei schwarzen Kerzen, da die Fernbedienung mit Infrarot arbeitet und dieses auf Schwarz reflektiert. <strong>M\u00f6gliche L\u00f6sung:<\/strong> Richten Sie die Fernbedienung auf den Boden der Kerze, w\u00e4hlen Sie z.B. 2 Stunden \u00fcber die Timerfunktion (die Kerze geht dann ganz kurz an und aus). Diese Timerfunktion wird alle 24 Stunden wiederholt. Also einmal einstellen und wiederholen, bis die Batterien leer sind. Lesen Sie vor dem Gebrauch die Anweisungen auf der Verpackung! Stellen Sie &#8216;Indoor&#8217;-Kerzen niemals in die Sonne (Fensterbank) oder in die N\u00e4he einer W\u00e4rmequelle, da die Wachsschicht schmelzen k\u00f6nnte.<\/em><\/p>\n<ul>\n<li>Set mit 2 LED-Dinner-Kerzen mit echter Flamme<\/li>\n<li>Hergestellt aus echtem Wachs f\u00fcr ein realistisches Aussehen<\/li>\n<li>Timerfunktion und einstellbare Flammenintensit\u00e4t<a href=\"https:\/\/www.industrialwood.nl\/afstandsbediening-deluxe-homeart\/\">(Fernbedienung<\/a> separat erh\u00e4ltlich)<\/li>\n<li>Sicher f\u00fcr Kinder und Haustiere, funktioniert mit 2x AAA-Batterien (nicht enthalten)<\/li>\n<li>Auch in einer gr\u00f6\u00dferen Gr\u00f6\u00dfe erh\u00e4ltlich<\/li>\n<\/ul>\n<p>&nbsp;<\/p>\n<p><strong>Ma\u00dfe<\/strong>: 2,2 x 24 cm <strong>Material<\/strong>: Wachs <strong>Farbe<\/strong>: Schwarz<\/p>\n","protected":false},"featured_media":49524,"comment_status":"open","ping_status":"closed","template":"","meta":[],"product_brand":[],"product_cat":[400,418,402,413,424,744,420,422,396,390],"product_tag":[],"seizoen":[543,545,544,546],"bloemensoort":[],"samenstelling":[],"shop-per-kamer":[551,552,550,553,549],"indooroutdoor":[555],"vorm":[563,557,559],"duurzaam":[565],"productafmetingen":[568],"stijl":[574,571,575,573,572],"merk":[582],"materiaal":[615],"materiaal-schaaltje":[],"geur":[],"product-type":[],"beoordeling":[640,641,642],"uitsparingen":[],"houtsoort":[],"breedte":[],"badplanken-lengte":[],"kleur":[656],"class_list":{"0":"post-45759","1":"product","2":"type-product","3":"status-publish","4":"has-post-thumbnail","6":"product_cat-boheme-wohnzimmer","7":"product_cat-hotel-chic-wohnzimmer","8":"product_cat-japandi-wohnzimmer","9":"product_cat-kerzenstander-kerzenleuchter","10":"product_cat-landwohnzimmer","11":"product_cat-led-kerzen","12":"product_cat-modernes-wohnzimmer","13":"product_cat-skandinavisches-wohnzimmer","14":"product_cat-wohnzimmer","15":"product_cat-zuruck-zu-schwarz","16":"seizoen-lente-de","17":"seizoen-herfst-de","18":"seizoen-zomer-de","19":"seizoen-winter-de","20":"shop-per-kamer-badkamer-de","21":"shop-per-kamer-hal-de","22":"shop-per-kamer-keuken-de","23":"shop-per-kamer-slaapkamer-de","24":"shop-per-kamer-woonkamer-de","25":"indooroutdoor-indoor-de","26":"vorm-organisch-de","27":"vorm-rond-de","28":"vorm-cilinder-de","29":"duurzaam-ja-de","30":"productafmetingen-m-de","31":"stijl-bohemian-de","32":"stijl-hotel-chique-de","33":"stijl-japandi-de","34":"stijl-modern-de","35":"stijl-scandinavisch-de","36":"merk-deluxe-homeart-de","37":"materiaal-wax-de","38":"beoordeling-three-star-de","39":"beoordeling-four-star-de","40":"beoordeling-five-star-de","41":"kleur-zwart-de","43":"first","44":"outofstock","45":"taxable","46":"shipping-taxable","47":"purchasable","48":"product-type-simple"},"supplier_id":null,"supplier_sku":"","barcode":null,"atum_controlled":true,"out_stock_date":"2025-12-19 12:13:21","out_stock_threshold":null,"inheritable":false,"inbound_stock":0,"stock_on_hold":0,"sold_today":0,"sales_last_days":0,"reserved_stock":0,"customer_returns":0,"warehouse_damage":0,"lost_in_post":0,"other_logs":0,"out_stock_days":80,"lost_sales":0,"has_location":false,"update_date":"2026-03-10T01:36:12","atum_locations":[],"atum_stock_status":"outofstock","restock_status":false,"low_stock_amount":"","sales_update_date":"2026-03-10T01:36:12","calc_backorders":null,"_links":{"self":[{"href":"https:\/\/www.industrialwood.nl\/de\/wp-json\/wp\/v2\/product\/45759","targetHints":{"allow":["GET"]}}],"collection":[{"href":"https:\/\/www.industrialwood.nl\/de\/wp-json\/wp\/v2\/product"}],"about":[{"href":"https:\/\/www.industrialwood.nl\/de\/wp-json\/wp\/v2\/types\/product"}],"replies":[{"embeddable":true,"href":"https:\/\/www.industrialwood.nl\/de\/wp-json\/wp\/v2\/comments?post=45759"}],"wp:featuredmedia":[{"embeddable":true,"href":"https:\/\/www.industrialwood.nl\/de\/wp-json\/wp\/v2\/media\/49524"}],"wp:attachment":[{"href":"https:\/\/www.industrialwood.nl\/de\/wp-json\/wp\/v2\/media?parent=45759"}],"wp:term":[{"taxonomy":"product_brand","embeddable":true,"href":"https:\/\/www.industrialwood.nl\/de\/wp-json\/wp\/v2\/product_brand?post=45759"},{"taxonomy":"product_cat","embeddable":true,"href":"https:\/\/www.industrialwood.nl\/de\/wp-json\/wp\/v2\/product_cat?post=45759"},{"taxonomy":"product_tag","embeddable":true,"href":"https:\/\/www.industrialwood.nl\/de\/wp-json\/wp\/v2\/product_tag?post=45759"},{"taxonomy":"seizoen","embeddable":true,"href":"https:\/\/www.industrialwood.nl\/de\/wp-json\/wp\/v2\/seizoen?post=45759"},{"taxonomy":"bloemensoort","embeddable":true,"href":"https:\/\/www.industrialwood.nl\/de\/wp-json\/wp\/v2\/bloemensoort?post=45759"},{"taxonomy":"samenstelling","embeddable":true,"href":"https:\/\/www.industrialwood.nl\/de\/wp-json\/wp\/v2\/samenstelling?post=45759"},{"taxonomy":"shop-per-kamer","embeddable":true,"href":"https:\/\/www.industrialwood.nl\/de\/wp-json\/wp\/v2\/shop-per-kamer?post=45759"},{"taxonomy":"indooroutdoor","embeddable":true,"href":"https:\/\/www.industrialwood.nl\/de\/wp-json\/wp\/v2\/indooroutdoor?post=45759"},{"taxonomy":"vorm","embeddable":true,"href":"https:\/\/www.industrialwood.nl\/de\/wp-json\/wp\/v2\/vorm?post=45759"},{"taxonomy":"duurzaam","embeddable":true,"href":"https:\/\/www.industrialwood.nl\/de\/wp-json\/wp\/v2\/duurzaam?post=45759"},{"taxonomy":"productafmetingen","embeddable":true,"href":"https:\/\/www.industrialwood.nl\/de\/wp-json\/wp\/v2\/productafmetingen?post=45759"},{"taxonomy":"stijl","embeddable":true,"href":"https:\/\/www.industrialwood.nl\/de\/wp-json\/wp\/v2\/stijl?post=45759"},{"taxonomy":"merk","embeddable":true,"href":"https:\/\/www.industrialwood.nl\/de\/wp-json\/wp\/v2\/merk?post=45759"},{"taxonomy":"materiaal","embeddable":true,"href":"https:\/\/www.industrialwood.nl\/de\/wp-json\/wp\/v2\/materiaal?post=45759"},{"taxonomy":"materiaal-schaaltje","embeddable":true,"href":"https:\/\/www.industrialwood.nl\/de\/wp-json\/wp\/v2\/materiaal-schaaltje?post=45759"},{"taxonomy":"geur","embeddable":true,"href":"https:\/\/www.industrialwood.nl\/de\/wp-json\/wp\/v2\/geur?post=45759"},{"taxonomy":"product-type","embeddable":true,"href":"https:\/\/www.industrialwood.nl\/de\/wp-json\/wp\/v2\/product-type?post=45759"},{"taxonomy":"beoordeling","embeddable":true,"href":"https:\/\/www.industrialwood.nl\/de\/wp-json\/wp\/v2\/beoordeling?post=45759"},{"taxonomy":"uitsparingen","embeddable":true,"href":"https:\/\/www.industrialwood.nl\/de\/wp-json\/wp\/v2\/uitsparingen?post=45759"},{"taxonomy":"houtsoort","embeddable":true,"href":"https:\/\/www.industrialwood.nl\/de\/wp-json\/wp\/v2\/houtsoort?post=45759"},{"taxonomy":"breedte","embeddable":true,"href":"https:\/\/www.industrialwood.nl\/de\/wp-json\/wp\/v2\/breedte?post=45759"},{"taxonomy":"badplanken-lengte","embeddable":true,"href":"https:\/\/www.industrialwood.nl\/de\/wp-json\/wp\/v2\/badplanken-lengte?post=45759"},{"taxonomy":"kleur","embeddable":true,"href":"https:\/\/www.industrialwood.nl\/de\/wp-json\/wp\/v2\/kleur?post=45759"}],"curies":[{"name":"wp","href":"https:\/\/api.w.org\/{rel}","templated":true}]}}