{"id":45758,"date":"2023-06-15T09:16:14","date_gmt":"2023-06-15T08:16:14","guid":{"rendered":"https:\/\/www.industrialwood.nl\/2x-led-teelicht-deluxe-homeart-indoor-schwarz-s\/"},"modified":"2026-01-13T11:44:10","modified_gmt":"2026-01-13T10:44:10","slug":"2x-led-teelicht-deluxe-homeart-indoor-schwarz-s","status":"publish","type":"product","link":"https:\/\/www.industrialwood.nl\/de\/2x-led-teelicht-deluxe-homeart-indoor-schwarz-s\/","title":{"rendered":"2x LED Teelicht | Deluxe Homeart | Indoor | Schwarz | S"},"content":{"rendered":"","protected":false},"excerpt":{"rendered":"<p>Diese <strong>LED-Teelichter <\/strong>der d\u00e4nischen Marke<strong> Deluxe Homeart<\/strong> sind aus echtem Wachs hergestellt. Die Harzschicht auf der Oberseite l\u00e4sst sie wie lebensechte Kerzen aussehen! Diese innovativen LED-Kerzen haben eine echte Flamme, die sanft flackert. Das verleiht den LED-Kerzen eine realistische &#8216;Kerzenlicht-Atmosph\u00e4re&#8217;. Mit Batterien halten die Kerzen viele Stunden lang, sind gem\u00fctlich, langlebig und vor allem sicher f\u00fcr Kinder und Haustiere.<\/p>\n<p>Mit der <strong>Fernbedienung<\/strong> k\u00f6nnen Sie die Intensit\u00e4t der Flamme einstellen, so dass Sie sie weicher oder heller machen k\u00f6nnen. Die Kerze verf\u00fcgt au\u00dferdem \u00fcber eine Timerfunktion, mit der die Kerzen jeden Tag zur gleichen Zeit an- und ausgehen. Wenn Sie keine Fernbedienung haben, k\u00f6nnen Sie die Kerzen \u00fcber den Schalter an der Unterseite der Kerze einschalten. Die Kerzen werden mit CR2450-Batterien betrieben (im Lieferumfang enthalten). Die Teelichter sind zu je 2 St\u00fcck verpackt. Die Fernbedienung ist nicht im Lieferumfang enthalten und wird separat verkauft.<\/p>\n<p><strong>Anmerkung<\/strong>:  <em>Die Fernbedienung funktioniert nicht oder weniger gut bei schwarzen Kerzen, da die Fernbedienung mit Infrarot arbeitet und dieses auf Schwarz reflektiert. <strong>M\u00f6gliche L\u00f6sung:<\/strong> Richten Sie die Fernbedienung auf den Boden der Kerze, w\u00e4hlen Sie z.B. 2 Stunden \u00fcber die Timerfunktion (die Kerze geht dann ganz kurz an und aus). Diese Timerfunktion wird alle 24 Stunden wiederholt. Also einmal einstellen und wiederholen, bis die Batterien leer sind. Lesen Sie vor dem Gebrauch die Anweisungen auf der Verpackung! Stellen Sie &#8216;Indoor&#8217;-Kerzen niemals in die Sonne (Fensterbank) oder in die N\u00e4he einer W\u00e4rmequelle, da die Wachsschicht schmelzen k\u00f6nnte.<\/em><\/p>\n<ul>\n<li>Hergestellt aus echtem Wachs f\u00fcr ein realistisches Aussehen<\/li>\n<li>Timerfunktion und einstellbare Flammenintensit\u00e4t<a href=\"https:\/\/www.industrialwood.nl\/afstandsbediening-deluxe-homeart\/\">(Fernbedienung<\/a> separat erh\u00e4ltlich)<\/li>\n<li>Sicher f\u00fcr Kinder und Haustiere<\/li>\n<li>Auch in einer <a href=\"https:\/\/www.industrialwood.nl\/2x-led-theelicht-deluxe-homeart-indoor-zwart-m\/\">gr\u00f6\u00dferen<\/a> Gr\u00f6\u00dfe erh\u00e4ltlich<\/li>\n<\/ul>\n<p><strong>Abmessungen<\/strong>: 2,2 x 24 cm<br \/>\n<strong>Material<\/strong>: Wachs<br \/>\n<strong>Farbe<\/strong>: Schwarz<\/p>\n","protected":false},"featured_media":49518,"comment_status":"open","ping_status":"closed","template":"","meta":[],"product_brand":[],"product_cat":[400,418,402,413,424,744,420,740,422,396,390],"product_tag":[],"seizoen":[543,545,544,546],"bloemensoort":[],"samenstelling":[],"shop-per-kamer":[551,552,550,553,549],"indooroutdoor":[555],"vorm":[557,559],"duurzaam":[565],"productafmetingen":[567],"stijl":[574,571,575,573,572],"merk":[582],"materiaal":[615],"materiaal-schaaltje":[],"geur":[],"product-type":[],"beoordeling":[640,641,642],"uitsparingen":[],"houtsoort":[],"breedte":[],"badplanken-lengte":[],"kleur":[656],"class_list":{"0":"post-45758","1":"product","2":"type-product","3":"status-publish","4":"has-post-thumbnail","6":"product_cat-boheme-wohnzimmer","7":"product_cat-hotel-chic-wohnzimmer","8":"product_cat-japandi-wohnzimmer","9":"product_cat-kerzenstander-kerzenleuchter","10":"product_cat-landwohnzimmer","11":"product_cat-led-kerzen","12":"product_cat-modernes-wohnzimmer","13":"product_cat-schwarzer-freitag-2","14":"product_cat-skandinavisches-wohnzimmer","15":"product_cat-wohnzimmer","16":"product_cat-zuruck-zu-schwarz","17":"seizoen-lente-de","18":"seizoen-herfst-de","19":"seizoen-zomer-de","20":"seizoen-winter-de","21":"shop-per-kamer-badkamer-de","22":"shop-per-kamer-hal-de","23":"shop-per-kamer-keuken-de","24":"shop-per-kamer-slaapkamer-de","25":"shop-per-kamer-woonkamer-de","26":"indooroutdoor-indoor-de","27":"vorm-rond-de","28":"vorm-cilinder-de","29":"duurzaam-ja-de","30":"productafmetingen-s-de","31":"stijl-bohemian-de","32":"stijl-hotel-chique-de","33":"stijl-japandi-de","34":"stijl-modern-de","35":"stijl-scandinavisch-de","36":"merk-deluxe-homeart-de","37":"materiaal-wax-de","38":"beoordeling-three-star-de","39":"beoordeling-four-star-de","40":"beoordeling-five-star-de","41":"kleur-zwart-de","43":"first","44":"instock","45":"taxable","46":"shipping-taxable","47":"purchasable","48":"product-type-simple"},"supplier_id":null,"supplier_sku":"","barcode":null,"atum_controlled":true,"out_stock_date":null,"out_stock_threshold":null,"inheritable":false,"inbound_stock":0,"stock_on_hold":0,"sold_today":0,"sales_last_days":0,"reserved_stock":0,"customer_returns":0,"warehouse_damage":0,"lost_in_post":0,"other_logs":0,"out_stock_days":0,"lost_sales":0,"has_location":false,"update_date":"2026-04-14T19:52:54","atum_locations":[],"atum_stock_status":"instock","restock_status":false,"low_stock_amount":"","sales_update_date":"2026-04-14T19:52:54","calc_backorders":null,"_links":{"self":[{"href":"https:\/\/www.industrialwood.nl\/de\/wp-json\/wp\/v2\/product\/45758","targetHints":{"allow":["GET"]}}],"collection":[{"href":"https:\/\/www.industrialwood.nl\/de\/wp-json\/wp\/v2\/product"}],"about":[{"href":"https:\/\/www.industrialwood.nl\/de\/wp-json\/wp\/v2\/types\/product"}],"replies":[{"embeddable":true,"href":"https:\/\/www.industrialwood.nl\/de\/wp-json\/wp\/v2\/comments?post=45758"}],"wp:featuredmedia":[{"embeddable":true,"href":"https:\/\/www.industrialwood.nl\/de\/wp-json\/wp\/v2\/media\/49518"}],"wp:attachment":[{"href":"https:\/\/www.industrialwood.nl\/de\/wp-json\/wp\/v2\/media?parent=45758"}],"wp:term":[{"taxonomy":"product_brand","embeddable":true,"href":"https:\/\/www.industrialwood.nl\/de\/wp-json\/wp\/v2\/product_brand?post=45758"},{"taxonomy":"product_cat","embeddable":true,"href":"https:\/\/www.industrialwood.nl\/de\/wp-json\/wp\/v2\/product_cat?post=45758"},{"taxonomy":"product_tag","embeddable":true,"href":"https:\/\/www.industrialwood.nl\/de\/wp-json\/wp\/v2\/product_tag?post=45758"},{"taxonomy":"seizoen","embeddable":true,"href":"https:\/\/www.industrialwood.nl\/de\/wp-json\/wp\/v2\/seizoen?post=45758"},{"taxonomy":"bloemensoort","embeddable":true,"href":"https:\/\/www.industrialwood.nl\/de\/wp-json\/wp\/v2\/bloemensoort?post=45758"},{"taxonomy":"samenstelling","embeddable":true,"href":"https:\/\/www.industrialwood.nl\/de\/wp-json\/wp\/v2\/samenstelling?post=45758"},{"taxonomy":"shop-per-kamer","embeddable":true,"href":"https:\/\/www.industrialwood.nl\/de\/wp-json\/wp\/v2\/shop-per-kamer?post=45758"},{"taxonomy":"indooroutdoor","embeddable":true,"href":"https:\/\/www.industrialwood.nl\/de\/wp-json\/wp\/v2\/indooroutdoor?post=45758"},{"taxonomy":"vorm","embeddable":true,"href":"https:\/\/www.industrialwood.nl\/de\/wp-json\/wp\/v2\/vorm?post=45758"},{"taxonomy":"duurzaam","embeddable":true,"href":"https:\/\/www.industrialwood.nl\/de\/wp-json\/wp\/v2\/duurzaam?post=45758"},{"taxonomy":"productafmetingen","embeddable":true,"href":"https:\/\/www.industrialwood.nl\/de\/wp-json\/wp\/v2\/productafmetingen?post=45758"},{"taxonomy":"stijl","embeddable":true,"href":"https:\/\/www.industrialwood.nl\/de\/wp-json\/wp\/v2\/stijl?post=45758"},{"taxonomy":"merk","embeddable":true,"href":"https:\/\/www.industrialwood.nl\/de\/wp-json\/wp\/v2\/merk?post=45758"},{"taxonomy":"materiaal","embeddable":true,"href":"https:\/\/www.industrialwood.nl\/de\/wp-json\/wp\/v2\/materiaal?post=45758"},{"taxonomy":"materiaal-schaaltje","embeddable":true,"href":"https:\/\/www.industrialwood.nl\/de\/wp-json\/wp\/v2\/materiaal-schaaltje?post=45758"},{"taxonomy":"geur","embeddable":true,"href":"https:\/\/www.industrialwood.nl\/de\/wp-json\/wp\/v2\/geur?post=45758"},{"taxonomy":"product-type","embeddable":true,"href":"https:\/\/www.industrialwood.nl\/de\/wp-json\/wp\/v2\/product-type?post=45758"},{"taxonomy":"beoordeling","embeddable":true,"href":"https:\/\/www.industrialwood.nl\/de\/wp-json\/wp\/v2\/beoordeling?post=45758"},{"taxonomy":"uitsparingen","embeddable":true,"href":"https:\/\/www.industrialwood.nl\/de\/wp-json\/wp\/v2\/uitsparingen?post=45758"},{"taxonomy":"houtsoort","embeddable":true,"href":"https:\/\/www.industrialwood.nl\/de\/wp-json\/wp\/v2\/houtsoort?post=45758"},{"taxonomy":"breedte","embeddable":true,"href":"https:\/\/www.industrialwood.nl\/de\/wp-json\/wp\/v2\/breedte?post=45758"},{"taxonomy":"badplanken-lengte","embeddable":true,"href":"https:\/\/www.industrialwood.nl\/de\/wp-json\/wp\/v2\/badplanken-lengte?post=45758"},{"taxonomy":"kleur","embeddable":true,"href":"https:\/\/www.industrialwood.nl\/de\/wp-json\/wp\/v2\/kleur?post=45758"}],"curies":[{"name":"wp","href":"https:\/\/api.w.org\/{rel}","templated":true}]}}