{"id":45756,"date":"2023-06-15T09:15:46","date_gmt":"2023-06-15T08:15:46","guid":{"rendered":"https:\/\/www.industrialwood.nl\/led-kerze-deluxe-homeart-innenbereich-schwarz-m\/"},"modified":"2026-03-12T11:38:20","modified_gmt":"2026-03-12T10:38:20","slug":"led-kerze-deluxe-homeart-innenbereich-schwarz-m","status":"publish","type":"product","link":"https:\/\/www.industrialwood.nl\/de\/led-kerze-deluxe-homeart-innenbereich-schwarz-m\/","title":{"rendered":"LED Kerze | Deluxe Homeart | Innenbereich | Schwarz | M"},"content":{"rendered":"","protected":false},"excerpt":{"rendered":"<p>Bringen Sie eine warme und gem\u00fctliche Atmosph\u00e4re in Ihr Zuhause mit dieser <strong>schwarzen<\/strong> <strong>LED-Kerze<\/strong> der d\u00e4nischen Marke Deluxe Homeart. Diese aus echtem Wachs hergestellte Kerze ist von einer echten Kerze nicht zu unterscheiden. Dank der subtilen Harzbeschichtung auf der Oberseite sieht es aus wie eine echte Kerzenflamme, komplett mit einer sanft flackernden Flamme. Diese LED-Kerze ist nicht nur eine stilvolle Erg\u00e4nzung f\u00fcr Ihr Interieur, sondern auch sicher und langlebig. Ideal f\u00fcr Familien mit Kindern oder Haustieren, da Sie sich keine Sorgen um offene Flammen machen m\u00fcssen. Die Kerze ist batteriebetrieben und h\u00e4lt stundenlang. Mit der Fernbedienung k\u00f6nnen Sie die Helligkeit des Lichts ganz einfach einstellen, und dank der praktischen Timerfunktion schaltet sich die Kerze zu bestimmten Zeiten automatisch ein und aus. Die Kerze wird mit 2x AA-Batterien betrieben (nicht im Lieferumfang enthalten). Die Fernbedienung ist separat erh\u00e4ltlich. <strong>Anmerkung<\/strong>:  <em>Die Fernbedienung funktioniert nicht oder weniger gut bei schwarzen Kerzen, da die Fernbedienung mit Infrarot arbeitet und dieses auf Schwarz reflektiert. <strong>M\u00f6gliche L\u00f6sung:<\/strong> Richten Sie die Fernbedienung auf den Boden der Kerze, w\u00e4hlen Sie z.B. 2 Stunden \u00fcber die Timerfunktion (die Kerze geht dann ganz kurz an und aus). Diese Timerfunktion wird alle 24 Stunden wiederholt. Also einmal einstellen und wiederholen, bis die Batterien leer sind. Lesen Sie vor dem Gebrauch die Anweisungen auf der Verpackung! Stellen Sie &#8216;Indoor&#8217;-Kerzen niemals in die Sonne (Fensterbank) oder in die N\u00e4he einer W\u00e4rmequelle, da die Wachsschicht schmelzen k\u00f6nnte.<\/em><\/p>\n<ul>\n<li>Hergestellt aus echtem Wachs f\u00fcr ein realistisches Aussehen<\/li>\n<li>Timerfunktion und einstellbare Flammenintensit\u00e4t<a href=\"https:\/\/www.industrialwood.nl\/afstandsbediening-deluxe-homeart\/\">(Fernbedienung<\/a> separat erh\u00e4ltlich)<\/li>\n<li>Sicher f\u00fcr Kinder und Haustiere<\/li>\n<li>Auch in <a href=\"https:\/\/www.industrialwood.nl\/?s=deluxe%20homeart%20kaars&amp;jet_ajax_search_settings=%7B%22search_source%22%3A%22product%22%7D&amp;post_type=product&amp;ct_bot_detector_event_token=baf2ac92f5fa0994522b7876981ec7e18743f76d6cd98ff7baf1ae3b3e8843d7\">anderen Farben<\/a> und in den Gr\u00f6\u00dfen S und <a href=\"https:\/\/www.industrialwood.nl\/led-kaars-deluxe-homeart-indoor-zwart-l\/\">L<\/a> erh\u00e4ltlich<\/li>\n<\/ul>\n<p>&nbsp;<\/p>\n<p><strong>Ma\u00dfe<\/strong>: 7,5 x 12,5 cm <strong>Material<\/strong>: Wachs <strong>Farbe<\/strong>: Schwarz<\/p>\n","protected":false},"featured_media":49514,"comment_status":"open","ping_status":"closed","template":"","meta":[],"product_brand":[],"product_cat":[400,418,402,413,424,744,420,422,396,390],"product_tag":[],"seizoen":[543,545,544,546],"bloemensoort":[],"samenstelling":[],"shop-per-kamer":[551,552,550,553,549],"indooroutdoor":[555],"vorm":[559],"duurzaam":[565],"productafmetingen":[568],"stijl":[574,571,575,573,572],"merk":[582],"materiaal":[615],"materiaal-schaaltje":[],"geur":[],"product-type":[],"beoordeling":[640,641,642],"uitsparingen":[],"houtsoort":[],"breedte":[],"badplanken-lengte":[],"kleur":[656],"class_list":{"0":"post-45756","1":"product","2":"type-product","3":"status-publish","4":"has-post-thumbnail","6":"product_cat-boheme-wohnzimmer","7":"product_cat-hotel-chic-wohnzimmer","8":"product_cat-japandi-wohnzimmer","9":"product_cat-kerzenstander-kerzenleuchter","10":"product_cat-landwohnzimmer","11":"product_cat-led-kerzen","12":"product_cat-modernes-wohnzimmer","13":"product_cat-skandinavisches-wohnzimmer","14":"product_cat-wohnzimmer","15":"product_cat-zuruck-zu-schwarz","16":"seizoen-lente-de","17":"seizoen-herfst-de","18":"seizoen-zomer-de","19":"seizoen-winter-de","20":"shop-per-kamer-badkamer-de","21":"shop-per-kamer-hal-de","22":"shop-per-kamer-keuken-de","23":"shop-per-kamer-slaapkamer-de","24":"shop-per-kamer-woonkamer-de","25":"indooroutdoor-indoor-de","26":"vorm-cilinder-de","27":"duurzaam-ja-de","28":"productafmetingen-m-de","29":"stijl-bohemian-de","30":"stijl-hotel-chique-de","31":"stijl-japandi-de","32":"stijl-modern-de","33":"stijl-scandinavisch-de","34":"merk-deluxe-homeart-de","35":"materiaal-wax-de","36":"beoordeling-three-star-de","37":"beoordeling-four-star-de","38":"beoordeling-five-star-de","39":"kleur-zwart-de","41":"first","42":"outofstock","43":"taxable","44":"shipping-taxable","45":"purchasable","46":"product-type-simple"},"supplier_id":null,"supplier_sku":"","barcode":null,"atum_controlled":true,"out_stock_date":"2025-12-19 12:10:39","out_stock_threshold":null,"inheritable":false,"inbound_stock":0,"stock_on_hold":0,"sold_today":0,"sales_last_days":0,"reserved_stock":0,"customer_returns":0,"warehouse_damage":0,"lost_in_post":0,"other_logs":0,"out_stock_days":80,"lost_sales":0,"has_location":false,"update_date":"2026-03-10T01:36:11","atum_locations":[],"atum_stock_status":"outofstock","restock_status":false,"low_stock_amount":"","sales_update_date":"2026-03-10T01:36:11","calc_backorders":null,"_links":{"self":[{"href":"https:\/\/www.industrialwood.nl\/de\/wp-json\/wp\/v2\/product\/45756","targetHints":{"allow":["GET"]}}],"collection":[{"href":"https:\/\/www.industrialwood.nl\/de\/wp-json\/wp\/v2\/product"}],"about":[{"href":"https:\/\/www.industrialwood.nl\/de\/wp-json\/wp\/v2\/types\/product"}],"replies":[{"embeddable":true,"href":"https:\/\/www.industrialwood.nl\/de\/wp-json\/wp\/v2\/comments?post=45756"}],"wp:featuredmedia":[{"embeddable":true,"href":"https:\/\/www.industrialwood.nl\/de\/wp-json\/wp\/v2\/media\/49514"}],"wp:attachment":[{"href":"https:\/\/www.industrialwood.nl\/de\/wp-json\/wp\/v2\/media?parent=45756"}],"wp:term":[{"taxonomy":"product_brand","embeddable":true,"href":"https:\/\/www.industrialwood.nl\/de\/wp-json\/wp\/v2\/product_brand?post=45756"},{"taxonomy":"product_cat","embeddable":true,"href":"https:\/\/www.industrialwood.nl\/de\/wp-json\/wp\/v2\/product_cat?post=45756"},{"taxonomy":"product_tag","embeddable":true,"href":"https:\/\/www.industrialwood.nl\/de\/wp-json\/wp\/v2\/product_tag?post=45756"},{"taxonomy":"seizoen","embeddable":true,"href":"https:\/\/www.industrialwood.nl\/de\/wp-json\/wp\/v2\/seizoen?post=45756"},{"taxonomy":"bloemensoort","embeddable":true,"href":"https:\/\/www.industrialwood.nl\/de\/wp-json\/wp\/v2\/bloemensoort?post=45756"},{"taxonomy":"samenstelling","embeddable":true,"href":"https:\/\/www.industrialwood.nl\/de\/wp-json\/wp\/v2\/samenstelling?post=45756"},{"taxonomy":"shop-per-kamer","embeddable":true,"href":"https:\/\/www.industrialwood.nl\/de\/wp-json\/wp\/v2\/shop-per-kamer?post=45756"},{"taxonomy":"indooroutdoor","embeddable":true,"href":"https:\/\/www.industrialwood.nl\/de\/wp-json\/wp\/v2\/indooroutdoor?post=45756"},{"taxonomy":"vorm","embeddable":true,"href":"https:\/\/www.industrialwood.nl\/de\/wp-json\/wp\/v2\/vorm?post=45756"},{"taxonomy":"duurzaam","embeddable":true,"href":"https:\/\/www.industrialwood.nl\/de\/wp-json\/wp\/v2\/duurzaam?post=45756"},{"taxonomy":"productafmetingen","embeddable":true,"href":"https:\/\/www.industrialwood.nl\/de\/wp-json\/wp\/v2\/productafmetingen?post=45756"},{"taxonomy":"stijl","embeddable":true,"href":"https:\/\/www.industrialwood.nl\/de\/wp-json\/wp\/v2\/stijl?post=45756"},{"taxonomy":"merk","embeddable":true,"href":"https:\/\/www.industrialwood.nl\/de\/wp-json\/wp\/v2\/merk?post=45756"},{"taxonomy":"materiaal","embeddable":true,"href":"https:\/\/www.industrialwood.nl\/de\/wp-json\/wp\/v2\/materiaal?post=45756"},{"taxonomy":"materiaal-schaaltje","embeddable":true,"href":"https:\/\/www.industrialwood.nl\/de\/wp-json\/wp\/v2\/materiaal-schaaltje?post=45756"},{"taxonomy":"geur","embeddable":true,"href":"https:\/\/www.industrialwood.nl\/de\/wp-json\/wp\/v2\/geur?post=45756"},{"taxonomy":"product-type","embeddable":true,"href":"https:\/\/www.industrialwood.nl\/de\/wp-json\/wp\/v2\/product-type?post=45756"},{"taxonomy":"beoordeling","embeddable":true,"href":"https:\/\/www.industrialwood.nl\/de\/wp-json\/wp\/v2\/beoordeling?post=45756"},{"taxonomy":"uitsparingen","embeddable":true,"href":"https:\/\/www.industrialwood.nl\/de\/wp-json\/wp\/v2\/uitsparingen?post=45756"},{"taxonomy":"houtsoort","embeddable":true,"href":"https:\/\/www.industrialwood.nl\/de\/wp-json\/wp\/v2\/houtsoort?post=45756"},{"taxonomy":"breedte","embeddable":true,"href":"https:\/\/www.industrialwood.nl\/de\/wp-json\/wp\/v2\/breedte?post=45756"},{"taxonomy":"badplanken-lengte","embeddable":true,"href":"https:\/\/www.industrialwood.nl\/de\/wp-json\/wp\/v2\/badplanken-lengte?post=45756"},{"taxonomy":"kleur","embeddable":true,"href":"https:\/\/www.industrialwood.nl\/de\/wp-json\/wp\/v2\/kleur?post=45756"}],"curies":[{"name":"wp","href":"https:\/\/api.w.org\/{rel}","templated":true}]}}