{"id":45745,"date":"2023-06-15T09:16:36","date_gmt":"2023-06-15T08:16:36","guid":{"rendered":"https:\/\/www.industrialwood.nl\/led-kerze-deluxe-homeart-aussenbereich-staubsand-l\/"},"modified":"2026-01-13T12:04:10","modified_gmt":"2026-01-13T11:04:10","slug":"led-kerze-deluxe-homeart-aussenbereich-staubsand-l","status":"publish","type":"product","link":"https:\/\/www.industrialwood.nl\/de\/led-kerze-deluxe-homeart-aussenbereich-staubsand-l\/","title":{"rendered":"LED-Kerze | Deluxe Homeart | Au\u00dfenbereich | Staubsand | L"},"content":{"rendered":"","protected":false},"excerpt":{"rendered":"<p>Diese <strong>LED-Kerze <\/strong>der d\u00e4nischen Marke<strong> Deluxe Homeart<\/strong> sieht genauso aus wie eine echte Kerze! Diese innovative LED-Kerze f\u00fcr den Au\u00dfenbereich verf\u00fcgt \u00fcber eine echte Flamme, die sanft flackert. Dies verleiht der LED-Kerze eine realistische &#8216;Kerzenlicht-Atmosph\u00e4re&#8217;. Mit Batterien h\u00e4lt die Kerze viele Stunden lang, gem\u00fctlich, langlebig und vor allem sicher f\u00fcr Kinder und Haustiere. Die Kerze ist speziell f\u00fcr den Au\u00dfeneinsatz konzipiert (spezieller Schutz f\u00fcr die Batterien und spezielles Material gegen Sonne und Regen). Dank des wasserfesten Designs ist die LED-Kerze f\u00fcr den Innen- und Au\u00dfenbereich geeignet.<\/p>\n<p>Mit der <strong>Fernbedienung<\/strong> k\u00f6nnen Sie die Intensit\u00e4t der Flamme einstellen, so dass Sie sie weicher oder heller machen k\u00f6nnen. Die Kerze verf\u00fcgt au\u00dferdem \u00fcber eine Timerfunktion, mit der die Kerzen jeden Tag zur gleichen Zeit an- und ausgehen. Wenn Sie keine Fernbedienung haben, k\u00f6nnen Sie die Kerzen \u00fcber den Schalter an der Unterseite der Kerze einschalten. Die Kerze wird mit 2x C-Batterien betrieben (nicht im Lieferumfang enthalten). Die Fernbedienung ist nicht im Lieferumfang enthalten und wird separat verkauft.<\/p>\n<p><strong>Abmessungen<\/strong>: 10 x 20 cm<br \/>\n<strong>Farbe<\/strong>: Dust Sand<\/p>\n","protected":false},"featured_media":40414,"comment_status":"open","ping_status":"closed","template":"","meta":[],"product_brand":[],"product_cat":[400,418,402,413,424,744,420,395,740,422,405,396],"product_tag":[],"seizoen":[543,545,544,546],"bloemensoort":[],"samenstelling":[],"shop-per-kamer":[551,554,552,550,553,549],"indooroutdoor":[556,555],"vorm":[559],"duurzaam":[565],"productafmetingen":[569],"stijl":[574,571,575,573,572],"merk":[582],"materiaal":[617],"materiaal-schaaltje":[],"geur":[],"product-type":[],"beoordeling":[640,641,642],"uitsparingen":[],"houtsoort":[],"breedte":[],"badplanken-lengte":[],"kleur":[657],"class_list":{"0":"post-45745","1":"product","2":"type-product","3":"status-publish","4":"has-post-thumbnail","6":"product_cat-boheme-wohnzimmer","7":"product_cat-hotel-chic-wohnzimmer","8":"product_cat-japandi-wohnzimmer","9":"product_cat-kerzenstander-kerzenleuchter","10":"product_cat-landwohnzimmer","11":"product_cat-led-kerzen","12":"product_cat-modernes-wohnzimmer","13":"product_cat-naturliche-tone","14":"product_cat-schwarzer-freitag-2","15":"product_cat-skandinavisches-wohnzimmer","16":"product_cat-verkauf","17":"product_cat-wohnzimmer","18":"seizoen-lente-de","19":"seizoen-herfst-de","20":"seizoen-zomer-de","21":"seizoen-winter-de","22":"shop-per-kamer-badkamer-de","23":"shop-per-kamer-tuin-de","24":"shop-per-kamer-hal-de","25":"shop-per-kamer-keuken-de","26":"shop-per-kamer-slaapkamer-de","27":"shop-per-kamer-woonkamer-de","28":"indooroutdoor-outdoor-de","29":"indooroutdoor-indoor-de","30":"vorm-cilinder-de","31":"duurzaam-ja-de","32":"productafmetingen-l-de","33":"stijl-bohemian-de","34":"stijl-hotel-chique-de","35":"stijl-japandi-de","36":"stijl-modern-de","37":"stijl-scandinavisch-de","38":"merk-deluxe-homeart-de","39":"materiaal-kunststof-de","40":"beoordeling-three-star-de","41":"beoordeling-four-star-de","42":"beoordeling-five-star-de","43":"kleur-beige-de","45":"first","46":"instock","47":"sale","48":"taxable","49":"shipping-taxable","50":"purchasable","51":"product-type-simple"},"supplier_id":null,"supplier_sku":"","barcode":null,"atum_controlled":true,"out_stock_date":null,"out_stock_threshold":null,"inheritable":false,"inbound_stock":0,"stock_on_hold":0,"sold_today":0,"sales_last_days":2,"reserved_stock":0,"customer_returns":0,"warehouse_damage":0,"lost_in_post":0,"other_logs":0,"out_stock_days":0,"lost_sales":0,"has_location":false,"update_date":"2026-04-14T19:52:54","atum_locations":[],"atum_stock_status":"instock","restock_status":false,"low_stock_amount":"","sales_update_date":"2026-04-14T19:52:54","calc_backorders":null,"_links":{"self":[{"href":"https:\/\/www.industrialwood.nl\/de\/wp-json\/wp\/v2\/product\/45745","targetHints":{"allow":["GET"]}}],"collection":[{"href":"https:\/\/www.industrialwood.nl\/de\/wp-json\/wp\/v2\/product"}],"about":[{"href":"https:\/\/www.industrialwood.nl\/de\/wp-json\/wp\/v2\/types\/product"}],"replies":[{"embeddable":true,"href":"https:\/\/www.industrialwood.nl\/de\/wp-json\/wp\/v2\/comments?post=45745"}],"wp:featuredmedia":[{"embeddable":true,"href":"https:\/\/www.industrialwood.nl\/de\/wp-json\/wp\/v2\/media\/40414"}],"wp:attachment":[{"href":"https:\/\/www.industrialwood.nl\/de\/wp-json\/wp\/v2\/media?parent=45745"}],"wp:term":[{"taxonomy":"product_brand","embeddable":true,"href":"https:\/\/www.industrialwood.nl\/de\/wp-json\/wp\/v2\/product_brand?post=45745"},{"taxonomy":"product_cat","embeddable":true,"href":"https:\/\/www.industrialwood.nl\/de\/wp-json\/wp\/v2\/product_cat?post=45745"},{"taxonomy":"product_tag","embeddable":true,"href":"https:\/\/www.industrialwood.nl\/de\/wp-json\/wp\/v2\/product_tag?post=45745"},{"taxonomy":"seizoen","embeddable":true,"href":"https:\/\/www.industrialwood.nl\/de\/wp-json\/wp\/v2\/seizoen?post=45745"},{"taxonomy":"bloemensoort","embeddable":true,"href":"https:\/\/www.industrialwood.nl\/de\/wp-json\/wp\/v2\/bloemensoort?post=45745"},{"taxonomy":"samenstelling","embeddable":true,"href":"https:\/\/www.industrialwood.nl\/de\/wp-json\/wp\/v2\/samenstelling?post=45745"},{"taxonomy":"shop-per-kamer","embeddable":true,"href":"https:\/\/www.industrialwood.nl\/de\/wp-json\/wp\/v2\/shop-per-kamer?post=45745"},{"taxonomy":"indooroutdoor","embeddable":true,"href":"https:\/\/www.industrialwood.nl\/de\/wp-json\/wp\/v2\/indooroutdoor?post=45745"},{"taxonomy":"vorm","embeddable":true,"href":"https:\/\/www.industrialwood.nl\/de\/wp-json\/wp\/v2\/vorm?post=45745"},{"taxonomy":"duurzaam","embeddable":true,"href":"https:\/\/www.industrialwood.nl\/de\/wp-json\/wp\/v2\/duurzaam?post=45745"},{"taxonomy":"productafmetingen","embeddable":true,"href":"https:\/\/www.industrialwood.nl\/de\/wp-json\/wp\/v2\/productafmetingen?post=45745"},{"taxonomy":"stijl","embeddable":true,"href":"https:\/\/www.industrialwood.nl\/de\/wp-json\/wp\/v2\/stijl?post=45745"},{"taxonomy":"merk","embeddable":true,"href":"https:\/\/www.industrialwood.nl\/de\/wp-json\/wp\/v2\/merk?post=45745"},{"taxonomy":"materiaal","embeddable":true,"href":"https:\/\/www.industrialwood.nl\/de\/wp-json\/wp\/v2\/materiaal?post=45745"},{"taxonomy":"materiaal-schaaltje","embeddable":true,"href":"https:\/\/www.industrialwood.nl\/de\/wp-json\/wp\/v2\/materiaal-schaaltje?post=45745"},{"taxonomy":"geur","embeddable":true,"href":"https:\/\/www.industrialwood.nl\/de\/wp-json\/wp\/v2\/geur?post=45745"},{"taxonomy":"product-type","embeddable":true,"href":"https:\/\/www.industrialwood.nl\/de\/wp-json\/wp\/v2\/product-type?post=45745"},{"taxonomy":"beoordeling","embeddable":true,"href":"https:\/\/www.industrialwood.nl\/de\/wp-json\/wp\/v2\/beoordeling?post=45745"},{"taxonomy":"uitsparingen","embeddable":true,"href":"https:\/\/www.industrialwood.nl\/de\/wp-json\/wp\/v2\/uitsparingen?post=45745"},{"taxonomy":"houtsoort","embeddable":true,"href":"https:\/\/www.industrialwood.nl\/de\/wp-json\/wp\/v2\/houtsoort?post=45745"},{"taxonomy":"breedte","embeddable":true,"href":"https:\/\/www.industrialwood.nl\/de\/wp-json\/wp\/v2\/breedte?post=45745"},{"taxonomy":"badplanken-lengte","embeddable":true,"href":"https:\/\/www.industrialwood.nl\/de\/wp-json\/wp\/v2\/badplanken-lengte?post=45745"},{"taxonomy":"kleur","embeddable":true,"href":"https:\/\/www.industrialwood.nl\/de\/wp-json\/wp\/v2\/kleur?post=45745"}],"curies":[{"name":"wp","href":"https:\/\/api.w.org\/{rel}","templated":true}]}}