{"id":45740,"date":"2023-06-15T09:17:52","date_gmt":"2023-06-15T08:17:52","guid":{"rendered":"https:\/\/www.industrialwood.nl\/vase-zylinder-auf-fuss-smokey-taupe-s\/"},"modified":"2026-01-22T20:35:21","modified_gmt":"2026-01-22T19:35:21","slug":"vase-zylinder-auf-fuss-smokey-taupe-s","status":"publish","type":"product","link":"https:\/\/www.industrialwood.nl\/de\/vase-zylinder-auf-fuss-smokey-taupe-s\/","title":{"rendered":"Vase | Zylinder auf Fu\u00df | Smokey Taupe | S"},"content":{"rendered":"","protected":false},"excerpt":{"rendered":"<p>Wohnaccessoires in der Farbe Smokey Taupe liegen voll im Trend! Verleihen Sie Ihrer Einrichtung einen einzigartigen Touch mit dieser schicken <strong>Smokey taupe Zylindervase auf Fu\u00df<\/strong>. Er ist aus hochwertigem, recyceltem Glas hergestellt. Diese vielseitige Vase kann als sch\u00f6ner Kerzenhalter mit einer Stumpenkerze oder einem Teelicht dienen, oder Sie k\u00f6nnen sie mit Blumen f\u00fcllen. So k\u00f6nnen Sie m\u00fchelos ein stimmungsvolles Ambiente schaffen.<\/p>\n<p>Jede Vase ist mundgeblasen und somit einzigartig. Da die Vase handgefertigt ist, kann das Glas eine Blase oder einen Schlieren aufweisen. Der Rand ist sch\u00f6n abgerundet.<\/p>\n<p><em><strong>Tipp<\/strong>: Gut zu kombinieren mit der <a href=\"https:\/\/www.industrialwood.nl\/de\/vase-zylinder-auf-fuss-smokey-taupe-xl\/\">XL-<\/a> oder <a href=\"https:\/\/www.industrialwood.nl\/de\/vase-zylinder-auf-fuss-smokey-taupe-m\/\">M-Variante<\/a>! Die Bilder zeigen die Varianten S und Xl.<\/em><\/p>\n<p><strong>Ma\u00dfe: <\/strong>13 x 21,5 cm<br \/>\n<strong>Material:<\/strong> Glas<br \/>\n<strong>Farbe:<\/strong> Smokey Taupe<\/p>\n","protected":false},"featured_media":40469,"comment_status":"open","ping_status":"closed","template":"","meta":[],"product_brand":[],"product_cat":[431,414,387,706],"product_tag":[],"seizoen":[543,545,544,546],"bloemensoort":[],"samenstelling":[],"shop-per-kamer":[551,552,550,553,549],"indooroutdoor":[],"vorm":[559],"duurzaam":[565],"productafmetingen":[567],"stijl":[574,571,575,573,572],"merk":[576],"materiaal":[608],"materiaal-schaaltje":[],"geur":[],"product-type":[],"beoordeling":[640,641,642],"uitsparingen":[],"houtsoort":[],"breedte":[],"badplanken-lengte":[],"kleur":[666],"class_list":{"0":"post-45740","1":"product","2":"type-product","3":"status-publish","4":"has-post-thumbnail","6":"product_cat-smokey-taupe-de","7":"product_cat-teelichthalter","8":"product_cat-vasen-topfe","9":"product_cat-verkaufsschlager","10":"seizoen-lente-de","11":"seizoen-herfst-de","12":"seizoen-zomer-de","13":"seizoen-winter-de","14":"shop-per-kamer-badkamer-de","15":"shop-per-kamer-hal-de","16":"shop-per-kamer-keuken-de","17":"shop-per-kamer-slaapkamer-de","18":"shop-per-kamer-woonkamer-de","19":"vorm-cilinder-de","20":"duurzaam-ja-de","21":"productafmetingen-s-de","22":"stijl-bohemian-de","23":"stijl-hotel-chique-de","24":"stijl-japandi-de","25":"stijl-modern-de","26":"stijl-scandinavisch-de","27":"merk-industrialwood-de","28":"materiaal-glas-de","29":"beoordeling-three-star-de","30":"beoordeling-four-star-de","31":"beoordeling-five-star-de","32":"kleur-taupe-de","34":"first","35":"instock","36":"taxable","37":"shipping-taxable","38":"purchasable","39":"product-type-simple"},"supplier_id":null,"supplier_sku":"","barcode":null,"atum_controlled":true,"out_stock_date":null,"out_stock_threshold":null,"inheritable":false,"inbound_stock":0,"stock_on_hold":1,"sold_today":0,"sales_last_days":9,"reserved_stock":0,"customer_returns":0,"warehouse_damage":0,"lost_in_post":0,"other_logs":0,"out_stock_days":0,"lost_sales":0,"has_location":false,"update_date":"2026-04-23T11:58:14","atum_locations":[],"atum_stock_status":"instock","restock_status":false,"low_stock_amount":"","sales_update_date":"2026-04-23T11:58:14","calc_backorders":null,"_links":{"self":[{"href":"https:\/\/www.industrialwood.nl\/de\/wp-json\/wp\/v2\/product\/45740","targetHints":{"allow":["GET"]}}],"collection":[{"href":"https:\/\/www.industrialwood.nl\/de\/wp-json\/wp\/v2\/product"}],"about":[{"href":"https:\/\/www.industrialwood.nl\/de\/wp-json\/wp\/v2\/types\/product"}],"replies":[{"embeddable":true,"href":"https:\/\/www.industrialwood.nl\/de\/wp-json\/wp\/v2\/comments?post=45740"}],"wp:featuredmedia":[{"embeddable":true,"href":"https:\/\/www.industrialwood.nl\/de\/wp-json\/wp\/v2\/media\/40469"}],"wp:attachment":[{"href":"https:\/\/www.industrialwood.nl\/de\/wp-json\/wp\/v2\/media?parent=45740"}],"wp:term":[{"taxonomy":"product_brand","embeddable":true,"href":"https:\/\/www.industrialwood.nl\/de\/wp-json\/wp\/v2\/product_brand?post=45740"},{"taxonomy":"product_cat","embeddable":true,"href":"https:\/\/www.industrialwood.nl\/de\/wp-json\/wp\/v2\/product_cat?post=45740"},{"taxonomy":"product_tag","embeddable":true,"href":"https:\/\/www.industrialwood.nl\/de\/wp-json\/wp\/v2\/product_tag?post=45740"},{"taxonomy":"seizoen","embeddable":true,"href":"https:\/\/www.industrialwood.nl\/de\/wp-json\/wp\/v2\/seizoen?post=45740"},{"taxonomy":"bloemensoort","embeddable":true,"href":"https:\/\/www.industrialwood.nl\/de\/wp-json\/wp\/v2\/bloemensoort?post=45740"},{"taxonomy":"samenstelling","embeddable":true,"href":"https:\/\/www.industrialwood.nl\/de\/wp-json\/wp\/v2\/samenstelling?post=45740"},{"taxonomy":"shop-per-kamer","embeddable":true,"href":"https:\/\/www.industrialwood.nl\/de\/wp-json\/wp\/v2\/shop-per-kamer?post=45740"},{"taxonomy":"indooroutdoor","embeddable":true,"href":"https:\/\/www.industrialwood.nl\/de\/wp-json\/wp\/v2\/indooroutdoor?post=45740"},{"taxonomy":"vorm","embeddable":true,"href":"https:\/\/www.industrialwood.nl\/de\/wp-json\/wp\/v2\/vorm?post=45740"},{"taxonomy":"duurzaam","embeddable":true,"href":"https:\/\/www.industrialwood.nl\/de\/wp-json\/wp\/v2\/duurzaam?post=45740"},{"taxonomy":"productafmetingen","embeddable":true,"href":"https:\/\/www.industrialwood.nl\/de\/wp-json\/wp\/v2\/productafmetingen?post=45740"},{"taxonomy":"stijl","embeddable":true,"href":"https:\/\/www.industrialwood.nl\/de\/wp-json\/wp\/v2\/stijl?post=45740"},{"taxonomy":"merk","embeddable":true,"href":"https:\/\/www.industrialwood.nl\/de\/wp-json\/wp\/v2\/merk?post=45740"},{"taxonomy":"materiaal","embeddable":true,"href":"https:\/\/www.industrialwood.nl\/de\/wp-json\/wp\/v2\/materiaal?post=45740"},{"taxonomy":"materiaal-schaaltje","embeddable":true,"href":"https:\/\/www.industrialwood.nl\/de\/wp-json\/wp\/v2\/materiaal-schaaltje?post=45740"},{"taxonomy":"geur","embeddable":true,"href":"https:\/\/www.industrialwood.nl\/de\/wp-json\/wp\/v2\/geur?post=45740"},{"taxonomy":"product-type","embeddable":true,"href":"https:\/\/www.industrialwood.nl\/de\/wp-json\/wp\/v2\/product-type?post=45740"},{"taxonomy":"beoordeling","embeddable":true,"href":"https:\/\/www.industrialwood.nl\/de\/wp-json\/wp\/v2\/beoordeling?post=45740"},{"taxonomy":"uitsparingen","embeddable":true,"href":"https:\/\/www.industrialwood.nl\/de\/wp-json\/wp\/v2\/uitsparingen?post=45740"},{"taxonomy":"houtsoort","embeddable":true,"href":"https:\/\/www.industrialwood.nl\/de\/wp-json\/wp\/v2\/houtsoort?post=45740"},{"taxonomy":"breedte","embeddable":true,"href":"https:\/\/www.industrialwood.nl\/de\/wp-json\/wp\/v2\/breedte?post=45740"},{"taxonomy":"badplanken-lengte","embeddable":true,"href":"https:\/\/www.industrialwood.nl\/de\/wp-json\/wp\/v2\/badplanken-lengte?post=45740"},{"taxonomy":"kleur","embeddable":true,"href":"https:\/\/www.industrialwood.nl\/de\/wp-json\/wp\/v2\/kleur?post=45740"}],"curies":[{"name":"wp","href":"https:\/\/api.w.org\/{rel}","templated":true}]}}